{"id":2130,"date":"2026-03-24T12:26:37","date_gmt":"2026-03-24T12:26:37","guid":{"rendered":"https:\/\/departamentos.unileon.es\/area-historia-del-arte\/?page_id=2130"},"modified":"2026-03-24T12:31:01","modified_gmt":"2026-03-24T12:31:01","slug":"celis-crespo-adrian","status":"publish","type":"page","link":"https:\/\/departamentos.unileon.es\/area-historia-del-arte\/celis-crespo-adrian\/","title":{"rendered":"Celis Crespo, Adri\u00e1n"},"content":{"rendered":"\n<figure class=\"wp-block-image size-large is-resized\"><img loading=\"lazy\" decoding=\"async\" width=\"768\" height=\"1024\" src=\"https:\/\/departamentos.unileon.es\/area-historia-del-arte\/files\/2026\/03\/Fotografia-Adrian-1-768x1024.jpg\" alt=\"\" class=\"wp-image-2132\" style=\"width:215px;height:auto\" srcset=\"https:\/\/departamentos.unileon.es\/area-historia-del-arte\/files\/2026\/03\/Fotografia-Adrian-1-768x1024.jpg 768w, https:\/\/departamentos.unileon.es\/area-historia-del-arte\/files\/2026\/03\/Fotografia-Adrian-1-225x300.jpg 225w, https:\/\/departamentos.unileon.es\/area-historia-del-arte\/files\/2026\/03\/Fotografia-Adrian-1-1152x1536.jpg 1152w, https:\/\/departamentos.unileon.es\/area-historia-del-arte\/files\/2026\/03\/Fotografia-Adrian-1-1536x2048.jpg 1536w, https:\/\/departamentos.unileon.es\/area-historia-del-arte\/files\/2026\/03\/Fotografia-Adrian-1-scaled.jpg 1920w\" sizes=\"auto, (max-width: 768px) 100vw, 768px\" \/><\/figure>\n\n\n\n<p><strong>Titulaci\u00f3n:<\/strong> Graduado en Historia del Arte y graduado en Historia. M\u00e1ster Universitario en Formaci\u00f3n del Profesorado de Educaci\u00f3n Secundaria Obligatoria y Bachillerato, Formaci\u00f3n Profesional y Ense\u00f1anza de Idiomas (Geograf\u00eda e Historia).<br><strong>Categor\u00eda profesional:<\/strong> Investigador contratado predoctoral ULEl<br><strong>Tel\u00e9fono: <\/strong>987291042<br><strong>e-mail:<\/strong>\u00a0<a href=\"mailto:acelic@unileon.es\" target=\"_blank\" rel=\"noreferrer noopener\">acelic@unileon.es<\/a><br><strong>Despacho:<\/strong> 200 (Dpto. Patrimonio Art\u00edstico y Documental)<\/p>\n\n\n\n<p><strong>L\u00edneas de investigaci\u00f3n:<\/strong> Materialidad e inmaterialidad en la cultura funeraria medieval; estrategias de patronazgo de arquitectura tardog\u00f3tica.<\/p>\n\n\n\n<p><strong>Grupos e institutos de investigaci\u00f3n:<\/strong> <\/p>\n\n\n\n<p>Grupo de investigaci\u00f3n reconocido por la ULE \u201cPatrimonio Art\u00edstico Medieval\u201d<\/p>\n\n\n\n<p>Instituto de Estudios Medievales (IEM)<\/p>\n\n\n<div class=\"wp-block-image\">\n<figure class=\"alignleft is-resized\"><img loading=\"lazy\" decoding=\"async\" width=\"80\" height=\"23\" src=\"http:\/\/departamentos.unileon.es\/area-historia-del-arte\/files\/2017\/01\/dialnet-1-e1485947316953.jpg\" alt=\"\" class=\"wp-image-385\" style=\"width:80px;height:auto\"\/><\/figure><\/div>\n\n<div class=\"wp-block-image\">\n<figure class=\"alignleft is-resized\"><a href=\"https:\/\/orcid.org\/0009-0005-8605-4660\" target=\"_blank\" rel=\"noreferrer noopener\"><img loading=\"lazy\" decoding=\"async\" width=\"120\" height=\"41\" src=\"http:\/\/departamentos.unileon.es\/area-historia-del-arte\/files\/2018\/07\/orcid-e1531134521100.jpg\" alt=\"\" class=\"wp-image-624\" style=\"width:120px;height:auto\"\/><\/a><\/figure><\/div>\n\n<div class=\"wp-block-image\">\n<figure class=\"alignleft\"><a href=\"https:\/\/unileon.academia.edu\/ADRI%C3%81NCELISCRESPO\" target=\"_blank\" rel=\"noreferrer noopener\"><img loading=\"lazy\" decoding=\"async\" width=\"110\" height=\"33\" src=\"http:\/\/departamentos.unileon.es\/area-historia-del-arte\/files\/2017\/01\/academialogo-1-e1485950684797.png\" alt=\"\" class=\"wp-image-429\"\/><\/a><\/figure><\/div>\n\n\n<p><\/p>\n","protected":false},"excerpt":{"rendered":"<p>Titulaci\u00f3n: Graduado en Historia del Arte y graduado en Historia. M\u00e1ster Universitario en Formaci\u00f3n del Profesorado de Educaci\u00f3n Secundaria Obligatoria y Bachillerato, Formaci\u00f3n Profesional y Ense\u00f1anza de Idiomas (Geograf\u00eda e Historia).Categor\u00eda profesional: Investigador contratado predoctoral ULElTel\u00e9fono: 987291042e-mail:\u00a0acelic@unileon.esDespacho: 200 (Dpto. Patrimonio Art\u00edstico y Documental) L\u00edneas de investigaci\u00f3n: Materialidad e inmaterialidad en la cultura funeraria medieval; estrategias [&hellip;]<\/p>\n","protected":false},"author":253,"featured_media":0,"parent":0,"menu_order":0,"comment_status":"closed","ping_status":"closed","template":"","meta":{"ngg_post_thumbnail":0,"footnotes":""},"class_list":["post-2130","page","type-page","status-publish","hentry"],"yoast_head":"<!-- This site is optimized with the Yoast SEO plugin v25.8 - https:\/\/yoast.com\/wordpress\/plugins\/seo\/ -->\n<title>Celis Crespo, Adri\u00e1n - \u00c1rea de Historia del Arte<\/title>\n<meta name=\"robots\" content=\"index, follow, max-snippet:-1, max-image-preview:large, max-video-preview:-1\" \/>\n<link rel=\"canonical\" href=\"https:\/\/departamentos.unileon.es\/area-historia-del-arte\/celis-crespo-adrian\/\" \/>\n<meta property=\"og:locale\" content=\"es_ES\" \/>\n<meta property=\"og:type\" content=\"article\" \/>\n<meta property=\"og:title\" content=\"Celis Crespo, Adri\u00e1n - \u00c1rea de Historia del Arte\" \/>\n<meta property=\"og:description\" content=\"Titulaci\u00f3n: Graduado en Historia del Arte y graduado en Historia. M\u00e1ster Universitario en Formaci\u00f3n del Profesorado de Educaci\u00f3n Secundaria Obligatoria y Bachillerato, Formaci\u00f3n Profesional y Ense\u00f1anza de Idiomas (Geograf\u00eda e Historia).Categor\u00eda profesional: Investigador contratado predoctoral ULElTel\u00e9fono: 987291042e-mail:\u00a0acelic@unileon.esDespacho: 200 (Dpto. Patrimonio Art\u00edstico y Documental) L\u00edneas de investigaci\u00f3n: Materialidad e inmaterialidad en la cultura funeraria medieval; estrategias [&hellip;]\" \/>\n<meta property=\"og:url\" content=\"https:\/\/departamentos.unileon.es\/area-historia-del-arte\/celis-crespo-adrian\/\" \/>\n<meta property=\"og:site_name\" content=\"\u00c1rea de Historia del Arte\" \/>\n<meta property=\"article:modified_time\" content=\"2026-03-24T12:31:01+00:00\" \/>\n<meta property=\"og:image\" content=\"https:\/\/departamentos.unileon.es\/area-historia-del-arte\/files\/2026\/03\/Fotografia-Adrian-1-scaled.jpg\" \/>\n\t<meta property=\"og:image:width\" content=\"1920\" \/>\n\t<meta property=\"og:image:height\" content=\"2560\" \/>\n\t<meta property=\"og:image:type\" content=\"image\/jpeg\" \/>\n<meta name=\"twitter:card\" content=\"summary_large_image\" \/>\n<meta name=\"twitter:label1\" content=\"Tiempo de lectura\" \/>\n\t<meta name=\"twitter:data1\" content=\"2 minutos\" \/>\n<script type=\"application\/ld+json\" class=\"yoast-schema-graph\">{\"@context\":\"https:\/\/schema.org\",\"@graph\":[{\"@type\":\"WebPage\",\"@id\":\"https:\/\/departamentos.unileon.es\/area-historia-del-arte\/celis-crespo-adrian\/\",\"url\":\"https:\/\/departamentos.unileon.es\/area-historia-del-arte\/celis-crespo-adrian\/\",\"name\":\"Celis Crespo, Adri\u00e1n - \u00c1rea de Historia del Arte\",\"isPartOf\":{\"@id\":\"https:\/\/departamentos.unileon.es\/area-historia-del-arte\/#website\"},\"primaryImageOfPage\":{\"@id\":\"https:\/\/departamentos.unileon.es\/area-historia-del-arte\/celis-crespo-adrian\/#primaryimage\"},\"image\":{\"@id\":\"https:\/\/departamentos.unileon.es\/area-historia-del-arte\/celis-crespo-adrian\/#primaryimage\"},\"thumbnailUrl\":\"https:\/\/departamentos.unileon.es\/area-historia-del-arte\/files\/2026\/03\/Fotografia-Adrian-1-768x1024.jpg\",\"datePublished\":\"2026-03-24T12:26:37+00:00\",\"dateModified\":\"2026-03-24T12:31:01+00:00\",\"inLanguage\":\"es\",\"potentialAction\":[{\"@type\":\"ReadAction\",\"target\":[\"https:\/\/departamentos.unileon.es\/area-historia-del-arte\/celis-crespo-adrian\/\"]}]},{\"@type\":\"ImageObject\",\"inLanguage\":\"es\",\"@id\":\"https:\/\/departamentos.unileon.es\/area-historia-del-arte\/celis-crespo-adrian\/#primaryimage\",\"url\":\"https:\/\/departamentos.unileon.es\/area-historia-del-arte\/files\/2026\/03\/Fotografia-Adrian-1-scaled.jpg\",\"contentUrl\":\"https:\/\/departamentos.unileon.es\/area-historia-del-arte\/files\/2026\/03\/Fotografia-Adrian-1-scaled.jpg\",\"width\":1920,\"height\":2560},{\"@type\":\"WebSite\",\"@id\":\"https:\/\/departamentos.unileon.es\/area-historia-del-arte\/#website\",\"url\":\"https:\/\/departamentos.unileon.es\/area-historia-del-arte\/\",\"name\":\"\u00c1rea de Historia del Arte\",\"description\":\"p\u00e1gina de \u00c1rea de la Universidad de Le\u00f3n\",\"potentialAction\":[{\"@type\":\"SearchAction\",\"target\":{\"@type\":\"EntryPoint\",\"urlTemplate\":\"https:\/\/departamentos.unileon.es\/area-historia-del-arte\/?s={search_term_string}\"},\"query-input\":{\"@type\":\"PropertyValueSpecification\",\"valueRequired\":true,\"valueName\":\"search_term_string\"}}],\"inLanguage\":\"es\"}]}<\/script>\n<!-- \/ Yoast SEO plugin. -->","yoast_head_json":{"title":"Celis Crespo, Adri\u00e1n - \u00c1rea de Historia del Arte","robots":{"index":"index","follow":"follow","max-snippet":"max-snippet:-1","max-image-preview":"max-image-preview:large","max-video-preview":"max-video-preview:-1"},"canonical":"https:\/\/departamentos.unileon.es\/area-historia-del-arte\/celis-crespo-adrian\/","og_locale":"es_ES","og_type":"article","og_title":"Celis Crespo, Adri\u00e1n - \u00c1rea de Historia del Arte","og_description":"Titulaci\u00f3n: Graduado en Historia del Arte y graduado en Historia. M\u00e1ster Universitario en Formaci\u00f3n del Profesorado de Educaci\u00f3n Secundaria Obligatoria y Bachillerato, Formaci\u00f3n Profesional y Ense\u00f1anza de Idiomas (Geograf\u00eda e Historia).Categor\u00eda profesional: Investigador contratado predoctoral ULElTel\u00e9fono: 987291042e-mail:\u00a0acelic@unileon.esDespacho: 200 (Dpto. Patrimonio Art\u00edstico y Documental) L\u00edneas de investigaci\u00f3n: Materialidad e inmaterialidad en la cultura funeraria medieval; estrategias [&hellip;]","og_url":"https:\/\/departamentos.unileon.es\/area-historia-del-arte\/celis-crespo-adrian\/","og_site_name":"\u00c1rea de Historia del Arte","article_modified_time":"2026-03-24T12:31:01+00:00","og_image":[{"width":1920,"height":2560,"url":"https:\/\/departamentos.unileon.es\/area-historia-del-arte\/files\/2026\/03\/Fotografia-Adrian-1-scaled.jpg","type":"image\/jpeg"}],"twitter_card":"summary_large_image","twitter_misc":{"Tiempo de lectura":"2 minutos"},"schema":{"@context":"https:\/\/schema.org","@graph":[{"@type":"WebPage","@id":"https:\/\/departamentos.unileon.es\/area-historia-del-arte\/celis-crespo-adrian\/","url":"https:\/\/departamentos.unileon.es\/area-historia-del-arte\/celis-crespo-adrian\/","name":"Celis Crespo, Adri\u00e1n - \u00c1rea de Historia del Arte","isPartOf":{"@id":"https:\/\/departamentos.unileon.es\/area-historia-del-arte\/#website"},"primaryImageOfPage":{"@id":"https:\/\/departamentos.unileon.es\/area-historia-del-arte\/celis-crespo-adrian\/#primaryimage"},"image":{"@id":"https:\/\/departamentos.unileon.es\/area-historia-del-arte\/celis-crespo-adrian\/#primaryimage"},"thumbnailUrl":"https:\/\/departamentos.unileon.es\/area-historia-del-arte\/files\/2026\/03\/Fotografia-Adrian-1-768x1024.jpg","datePublished":"2026-03-24T12:26:37+00:00","dateModified":"2026-03-24T12:31:01+00:00","inLanguage":"es","potentialAction":[{"@type":"ReadAction","target":["https:\/\/departamentos.unileon.es\/area-historia-del-arte\/celis-crespo-adrian\/"]}]},{"@type":"ImageObject","inLanguage":"es","@id":"https:\/\/departamentos.unileon.es\/area-historia-del-arte\/celis-crespo-adrian\/#primaryimage","url":"https:\/\/departamentos.unileon.es\/area-historia-del-arte\/files\/2026\/03\/Fotografia-Adrian-1-scaled.jpg","contentUrl":"https:\/\/departamentos.unileon.es\/area-historia-del-arte\/files\/2026\/03\/Fotografia-Adrian-1-scaled.jpg","width":1920,"height":2560},{"@type":"WebSite","@id":"https:\/\/departamentos.unileon.es\/area-historia-del-arte\/#website","url":"https:\/\/departamentos.unileon.es\/area-historia-del-arte\/","name":"\u00c1rea de Historia del Arte","description":"p\u00e1gina de \u00c1rea de la Universidad de Le\u00f3n","potentialAction":[{"@type":"SearchAction","target":{"@type":"EntryPoint","urlTemplate":"https:\/\/departamentos.unileon.es\/area-historia-del-arte\/?s={search_term_string}"},"query-input":{"@type":"PropertyValueSpecification","valueRequired":true,"valueName":"search_term_string"}}],"inLanguage":"es"}]}},"_links":{"self":[{"href":"https:\/\/departamentos.unileon.es\/area-historia-del-arte\/wp-json\/wp\/v2\/pages\/2130","targetHints":{"allow":["GET"]}}],"collection":[{"href":"https:\/\/departamentos.unileon.es\/area-historia-del-arte\/wp-json\/wp\/v2\/pages"}],"about":[{"href":"https:\/\/departamentos.unileon.es\/area-historia-del-arte\/wp-json\/wp\/v2\/types\/page"}],"author":[{"embeddable":true,"href":"https:\/\/departamentos.unileon.es\/area-historia-del-arte\/wp-json\/wp\/v2\/users\/253"}],"replies":[{"embeddable":true,"href":"https:\/\/departamentos.unileon.es\/area-historia-del-arte\/wp-json\/wp\/v2\/comments?post=2130"}],"version-history":[{"count":1,"href":"https:\/\/departamentos.unileon.es\/area-historia-del-arte\/wp-json\/wp\/v2\/pages\/2130\/revisions"}],"predecessor-version":[{"id":2133,"href":"https:\/\/departamentos.unileon.es\/area-historia-del-arte\/wp-json\/wp\/v2\/pages\/2130\/revisions\/2133"}],"wp:attachment":[{"href":"https:\/\/departamentos.unileon.es\/area-historia-del-arte\/wp-json\/wp\/v2\/media?parent=2130"}],"curies":[{"name":"wp","href":"https:\/\/api.w.org\/{rel}","templated":true}]}}