{"id":2090,"date":"2025-03-18T12:31:25","date_gmt":"2025-03-18T12:31:25","guid":{"rendered":"https:\/\/departamentos.unileon.es\/area-historia-del-arte\/?page_id=2090"},"modified":"2026-03-05T10:39:10","modified_gmt":"2026-03-05T10:39:10","slug":"del-canto-minguez-irene","status":"publish","type":"page","link":"https:\/\/departamentos.unileon.es\/area-historia-del-arte\/del-canto-minguez-irene\/","title":{"rendered":"del Canto M\u00ednguez, Irene"},"content":{"rendered":"\n<figure class=\"wp-block-image size-large is-resized\"><img loading=\"lazy\" decoding=\"async\" width=\"1024\" height=\"655\" src=\"https:\/\/departamentos.unileon.es\/area-historia-del-arte\/files\/2025\/03\/IMG_20241110_205321-1024x655.jpg\" alt=\"\" class=\"wp-image-2091\" style=\"width:283px;height:auto\" srcset=\"https:\/\/departamentos.unileon.es\/area-historia-del-arte\/files\/2025\/03\/IMG_20241110_205321-1024x655.jpg 1024w, https:\/\/departamentos.unileon.es\/area-historia-del-arte\/files\/2025\/03\/IMG_20241110_205321-300x192.jpg 300w, https:\/\/departamentos.unileon.es\/area-historia-del-arte\/files\/2025\/03\/IMG_20241110_205321-768x491.jpg 768w, https:\/\/departamentos.unileon.es\/area-historia-del-arte\/files\/2025\/03\/IMG_20241110_205321.jpg 1080w\" sizes=\"auto, (max-width: 1024px) 100vw, 1024px\" \/><\/figure>\n\n\n\n<p><strong>Titulaci\u00f3n:<\/strong>&nbsp;Graduada en Historia del Arte. M\u00e1ster en Cultura y Pensamiento Europeo. Graduada media de m\u00fasica en especialidad piano.<br><strong>Categor\u00eda profesional:<\/strong>&nbsp;Investigadora contratada predoctoral FPU<br><strong>Tel\u00e9fono:&nbsp;<\/strong>987291042<br><strong>e-mail:<\/strong>&nbsp;<a href=\"mailto:icantm@unileon.es\" target=\"_blank\" rel=\"noreferrer noopener\">icantm@unileon.es<\/a><br><strong>Despacho:<\/strong>&nbsp;200 (Dpto. Patrimonio Art\u00edstico y Documental)<\/p>\n\n\n\n<p><strong>L\u00edneas de investigaci\u00f3n:<\/strong>&nbsp;en su tesis doctoral, aborda dilemas est\u00e9ticos reiterados presentes en la cultura visual, en relaci\u00f3n con la imagen negada, refleja y transmutada. Paralelamente, investiga sobre el an\u00e1lisis psicoanal\u00edtico y m\u00edtico en el cine y el psicoan\u00e1lisis de los cuentos de hadas en el arte y la cultura visual, la reinterpretaci\u00f3n de la vanguardia en la Espa\u00f1a del siglo XX (enfoc\u00e1ndose en la musicolog\u00eda y la pintura) y en la dispersi\u00f3n del c\u00edrculo de Juan de Juni en la provincia de Le\u00f3n.<\/p>\n\n\n\n<p><strong>Grupos e institutos de investigaci\u00f3n a los que pertenece<\/strong>:<\/p>\n\n\n\n<p>Instituto de Humanismo y Tradici\u00f3n Cl\u00e1sica (IHTC)<\/p>\n\n\n\n<p>Grupo de Innovaci\u00f3n Docente Id-ARTE, Universidad de Le\u00f3n<\/p>\n\n\n<div class=\"wp-block-image\">\n<figure class=\"alignleft is-resized\"><a href=\"https:\/\/dialnet.unirioja.es\/servlet\/autor?codigo=6687145\"><img loading=\"lazy\" decoding=\"async\" width=\"80\" height=\"23\" src=\"http:\/\/departamentos.unileon.es\/area-historia-del-arte\/files\/2017\/01\/dialnet-1-e1485947316953.jpg\" alt=\"\" class=\"wp-image-385\" style=\"width:80px;height:auto\"\/><\/a><\/figure><\/div>\n\n<div class=\"wp-block-image\">\n<figure class=\"alignleft is-resized\"><a href=\"https:\/\/orcid.org\/0009-0000-0875-3785\" target=\"_blank\" rel=\"noreferrer noopener\"><img loading=\"lazy\" decoding=\"async\" width=\"120\" height=\"41\" src=\"http:\/\/departamentos.unileon.es\/area-historia-del-arte\/files\/2018\/07\/orcid-e1531134521100.jpg\" alt=\"\" class=\"wp-image-624\" style=\"width:120px;height:auto\"\/><\/a><\/figure><\/div>\n\n<div class=\"wp-block-image\">\n<figure class=\"alignleft\"><a href=\"https:\/\/unileon.academia.edu\/IreneDelCantoM%C3%ADnguez\" target=\"_blank\" rel=\"noreferrer noopener\"><img loading=\"lazy\" decoding=\"async\" width=\"110\" height=\"33\" src=\"http:\/\/departamentos.unileon.es\/area-historia-del-arte\/files\/2017\/01\/academialogo-1-e1485950684797.png\" alt=\"\" class=\"wp-image-429\"\/><\/a><\/figure><\/div>\n\n\n<p><\/p>\n\n\n\n<p><\/p>\n\n\n\n<p><strong>Perfil docente:<\/strong>&nbsp;<\/p>\n\n\n\n<p><\/p>\n","protected":false},"excerpt":{"rendered":"<p>Titulaci\u00f3n:&nbsp;Graduada en Historia del Arte. M\u00e1ster en Cultura y Pensamiento Europeo. Graduada media de m\u00fasica en especialidad piano.Categor\u00eda profesional:&nbsp;Investigadora contratada predoctoral FPUTel\u00e9fono:&nbsp;987291042e-mail:&nbsp;icantm@unileon.esDespacho:&nbsp;200 (Dpto. Patrimonio Art\u00edstico y Documental) L\u00edneas de investigaci\u00f3n:&nbsp;en su tesis doctoral, aborda dilemas est\u00e9ticos reiterados presentes en la cultura visual, en relaci\u00f3n con la imagen negada, refleja y transmutada. Paralelamente, investiga sobre el [&hellip;]<\/p>\n","protected":false},"author":253,"featured_media":0,"parent":0,"menu_order":0,"comment_status":"closed","ping_status":"closed","template":"","meta":{"ngg_post_thumbnail":0,"footnotes":""},"class_list":["post-2090","page","type-page","status-publish","hentry"],"yoast_head":"<!-- This site is optimized with the Yoast SEO plugin v25.8 - https:\/\/yoast.com\/wordpress\/plugins\/seo\/ -->\n<title>del Canto M\u00ednguez, Irene - \u00c1rea de Historia del Arte<\/title>\n<meta name=\"robots\" content=\"index, follow, max-snippet:-1, max-image-preview:large, max-video-preview:-1\" \/>\n<link rel=\"canonical\" href=\"https:\/\/departamentos.unileon.es\/area-historia-del-arte\/del-canto-minguez-irene\/\" \/>\n<meta property=\"og:locale\" content=\"es_ES\" \/>\n<meta property=\"og:type\" content=\"article\" \/>\n<meta property=\"og:title\" content=\"del Canto M\u00ednguez, Irene - \u00c1rea de Historia del Arte\" \/>\n<meta property=\"og:description\" content=\"Titulaci\u00f3n:&nbsp;Graduada en Historia del Arte. M\u00e1ster en Cultura y Pensamiento Europeo. Graduada media de m\u00fasica en especialidad piano.Categor\u00eda profesional:&nbsp;Investigadora contratada predoctoral FPUTel\u00e9fono:&nbsp;987291042e-mail:&nbsp;icantm@unileon.esDespacho:&nbsp;200 (Dpto. Patrimonio Art\u00edstico y Documental) L\u00edneas de investigaci\u00f3n:&nbsp;en su tesis doctoral, aborda dilemas est\u00e9ticos reiterados presentes en la cultura visual, en relaci\u00f3n con la imagen negada, refleja y transmutada. Paralelamente, investiga sobre el [&hellip;]\" \/>\n<meta property=\"og:url\" content=\"https:\/\/departamentos.unileon.es\/area-historia-del-arte\/del-canto-minguez-irene\/\" \/>\n<meta property=\"og:site_name\" content=\"\u00c1rea de Historia del Arte\" \/>\n<meta property=\"article:modified_time\" content=\"2026-03-05T10:39:10+00:00\" \/>\n<meta property=\"og:image\" content=\"https:\/\/departamentos.unileon.es\/area-historia-del-arte\/files\/2025\/03\/IMG_20241110_205321.jpg\" \/>\n\t<meta property=\"og:image:width\" content=\"1080\" \/>\n\t<meta property=\"og:image:height\" content=\"691\" \/>\n\t<meta property=\"og:image:type\" content=\"image\/jpeg\" \/>\n<meta name=\"twitter:card\" content=\"summary_large_image\" \/>\n<meta name=\"twitter:label1\" content=\"Tiempo de lectura\" \/>\n\t<meta name=\"twitter:data1\" content=\"2 minutos\" \/>\n<script type=\"application\/ld+json\" class=\"yoast-schema-graph\">{\"@context\":\"https:\/\/schema.org\",\"@graph\":[{\"@type\":\"WebPage\",\"@id\":\"https:\/\/departamentos.unileon.es\/area-historia-del-arte\/del-canto-minguez-irene\/\",\"url\":\"https:\/\/departamentos.unileon.es\/area-historia-del-arte\/del-canto-minguez-irene\/\",\"name\":\"del Canto M\u00ednguez, Irene - \u00c1rea de Historia del Arte\",\"isPartOf\":{\"@id\":\"https:\/\/departamentos.unileon.es\/area-historia-del-arte\/#website\"},\"primaryImageOfPage\":{\"@id\":\"https:\/\/departamentos.unileon.es\/area-historia-del-arte\/del-canto-minguez-irene\/#primaryimage\"},\"image\":{\"@id\":\"https:\/\/departamentos.unileon.es\/area-historia-del-arte\/del-canto-minguez-irene\/#primaryimage\"},\"thumbnailUrl\":\"https:\/\/departamentos.unileon.es\/area-historia-del-arte\/files\/2025\/03\/IMG_20241110_205321-1024x655.jpg\",\"datePublished\":\"2025-03-18T12:31:25+00:00\",\"dateModified\":\"2026-03-05T10:39:10+00:00\",\"inLanguage\":\"es\",\"potentialAction\":[{\"@type\":\"ReadAction\",\"target\":[\"https:\/\/departamentos.unileon.es\/area-historia-del-arte\/del-canto-minguez-irene\/\"]}]},{\"@type\":\"ImageObject\",\"inLanguage\":\"es\",\"@id\":\"https:\/\/departamentos.unileon.es\/area-historia-del-arte\/del-canto-minguez-irene\/#primaryimage\",\"url\":\"https:\/\/departamentos.unileon.es\/area-historia-del-arte\/files\/2025\/03\/IMG_20241110_205321.jpg\",\"contentUrl\":\"https:\/\/departamentos.unileon.es\/area-historia-del-arte\/files\/2025\/03\/IMG_20241110_205321.jpg\",\"width\":1080,\"height\":691},{\"@type\":\"WebSite\",\"@id\":\"https:\/\/departamentos.unileon.es\/area-historia-del-arte\/#website\",\"url\":\"https:\/\/departamentos.unileon.es\/area-historia-del-arte\/\",\"name\":\"\u00c1rea de Historia del Arte\",\"description\":\"p\u00e1gina de \u00c1rea de la Universidad de Le\u00f3n\",\"potentialAction\":[{\"@type\":\"SearchAction\",\"target\":{\"@type\":\"EntryPoint\",\"urlTemplate\":\"https:\/\/departamentos.unileon.es\/area-historia-del-arte\/?s={search_term_string}\"},\"query-input\":{\"@type\":\"PropertyValueSpecification\",\"valueRequired\":true,\"valueName\":\"search_term_string\"}}],\"inLanguage\":\"es\"}]}<\/script>\n<!-- \/ Yoast SEO plugin. -->","yoast_head_json":{"title":"del Canto M\u00ednguez, Irene - \u00c1rea de Historia del Arte","robots":{"index":"index","follow":"follow","max-snippet":"max-snippet:-1","max-image-preview":"max-image-preview:large","max-video-preview":"max-video-preview:-1"},"canonical":"https:\/\/departamentos.unileon.es\/area-historia-del-arte\/del-canto-minguez-irene\/","og_locale":"es_ES","og_type":"article","og_title":"del Canto M\u00ednguez, Irene - \u00c1rea de Historia del Arte","og_description":"Titulaci\u00f3n:&nbsp;Graduada en Historia del Arte. M\u00e1ster en Cultura y Pensamiento Europeo. Graduada media de m\u00fasica en especialidad piano.Categor\u00eda profesional:&nbsp;Investigadora contratada predoctoral FPUTel\u00e9fono:&nbsp;987291042e-mail:&nbsp;icantm@unileon.esDespacho:&nbsp;200 (Dpto. Patrimonio Art\u00edstico y Documental) L\u00edneas de investigaci\u00f3n:&nbsp;en su tesis doctoral, aborda dilemas est\u00e9ticos reiterados presentes en la cultura visual, en relaci\u00f3n con la imagen negada, refleja y transmutada. Paralelamente, investiga sobre el [&hellip;]","og_url":"https:\/\/departamentos.unileon.es\/area-historia-del-arte\/del-canto-minguez-irene\/","og_site_name":"\u00c1rea de Historia del Arte","article_modified_time":"2026-03-05T10:39:10+00:00","og_image":[{"width":1080,"height":691,"url":"https:\/\/departamentos.unileon.es\/area-historia-del-arte\/files\/2025\/03\/IMG_20241110_205321.jpg","type":"image\/jpeg"}],"twitter_card":"summary_large_image","twitter_misc":{"Tiempo de lectura":"2 minutos"},"schema":{"@context":"https:\/\/schema.org","@graph":[{"@type":"WebPage","@id":"https:\/\/departamentos.unileon.es\/area-historia-del-arte\/del-canto-minguez-irene\/","url":"https:\/\/departamentos.unileon.es\/area-historia-del-arte\/del-canto-minguez-irene\/","name":"del Canto M\u00ednguez, Irene - \u00c1rea de Historia del Arte","isPartOf":{"@id":"https:\/\/departamentos.unileon.es\/area-historia-del-arte\/#website"},"primaryImageOfPage":{"@id":"https:\/\/departamentos.unileon.es\/area-historia-del-arte\/del-canto-minguez-irene\/#primaryimage"},"image":{"@id":"https:\/\/departamentos.unileon.es\/area-historia-del-arte\/del-canto-minguez-irene\/#primaryimage"},"thumbnailUrl":"https:\/\/departamentos.unileon.es\/area-historia-del-arte\/files\/2025\/03\/IMG_20241110_205321-1024x655.jpg","datePublished":"2025-03-18T12:31:25+00:00","dateModified":"2026-03-05T10:39:10+00:00","inLanguage":"es","potentialAction":[{"@type":"ReadAction","target":["https:\/\/departamentos.unileon.es\/area-historia-del-arte\/del-canto-minguez-irene\/"]}]},{"@type":"ImageObject","inLanguage":"es","@id":"https:\/\/departamentos.unileon.es\/area-historia-del-arte\/del-canto-minguez-irene\/#primaryimage","url":"https:\/\/departamentos.unileon.es\/area-historia-del-arte\/files\/2025\/03\/IMG_20241110_205321.jpg","contentUrl":"https:\/\/departamentos.unileon.es\/area-historia-del-arte\/files\/2025\/03\/IMG_20241110_205321.jpg","width":1080,"height":691},{"@type":"WebSite","@id":"https:\/\/departamentos.unileon.es\/area-historia-del-arte\/#website","url":"https:\/\/departamentos.unileon.es\/area-historia-del-arte\/","name":"\u00c1rea de Historia del Arte","description":"p\u00e1gina de \u00c1rea de la Universidad de Le\u00f3n","potentialAction":[{"@type":"SearchAction","target":{"@type":"EntryPoint","urlTemplate":"https:\/\/departamentos.unileon.es\/area-historia-del-arte\/?s={search_term_string}"},"query-input":{"@type":"PropertyValueSpecification","valueRequired":true,"valueName":"search_term_string"}}],"inLanguage":"es"}]}},"_links":{"self":[{"href":"https:\/\/departamentos.unileon.es\/area-historia-del-arte\/wp-json\/wp\/v2\/pages\/2090","targetHints":{"allow":["GET"]}}],"collection":[{"href":"https:\/\/departamentos.unileon.es\/area-historia-del-arte\/wp-json\/wp\/v2\/pages"}],"about":[{"href":"https:\/\/departamentos.unileon.es\/area-historia-del-arte\/wp-json\/wp\/v2\/types\/page"}],"author":[{"embeddable":true,"href":"https:\/\/departamentos.unileon.es\/area-historia-del-arte\/wp-json\/wp\/v2\/users\/253"}],"replies":[{"embeddable":true,"href":"https:\/\/departamentos.unileon.es\/area-historia-del-arte\/wp-json\/wp\/v2\/comments?post=2090"}],"version-history":[{"count":4,"href":"https:\/\/departamentos.unileon.es\/area-historia-del-arte\/wp-json\/wp\/v2\/pages\/2090\/revisions"}],"predecessor-version":[{"id":2120,"href":"https:\/\/departamentos.unileon.es\/area-historia-del-arte\/wp-json\/wp\/v2\/pages\/2090\/revisions\/2120"}],"wp:attachment":[{"href":"https:\/\/departamentos.unileon.es\/area-historia-del-arte\/wp-json\/wp\/v2\/media?parent=2090"}],"curies":[{"name":"wp","href":"https:\/\/api.w.org\/{rel}","templated":true}]}}