{"id":2003,"date":"2024-06-07T08:18:47","date_gmt":"2024-06-07T08:18:47","guid":{"rendered":"https:\/\/departamentos.unileon.es\/area-historia-del-arte\/?page_id=2003"},"modified":"2026-03-05T10:40:53","modified_gmt":"2026-03-05T10:40:53","slug":"munoz-esteban-noelia","status":"publish","type":"page","link":"https:\/\/departamentos.unileon.es\/area-historia-del-arte\/munoz-esteban-noelia\/","title":{"rendered":"Mu\u00f1oz Esteban, Noelia"},"content":{"rendered":"\n<figure class=\"wp-block-image size-large is-resized\"><img loading=\"lazy\" decoding=\"async\" width=\"922\" height=\"1024\" src=\"https:\/\/departamentos.unileon.es\/area-historia-del-arte\/files\/2024\/06\/IMG_20230814_161350-copia-922x1024.jpg\" alt=\"\" class=\"wp-image-2023\" style=\"width:203px;height:auto\" srcset=\"https:\/\/departamentos.unileon.es\/area-historia-del-arte\/files\/2024\/06\/IMG_20230814_161350-copia-922x1024.jpg 922w, https:\/\/departamentos.unileon.es\/area-historia-del-arte\/files\/2024\/06\/IMG_20230814_161350-copia-270x300.jpg 270w, https:\/\/departamentos.unileon.es\/area-historia-del-arte\/files\/2024\/06\/IMG_20230814_161350-copia-768x853.jpg 768w, https:\/\/departamentos.unileon.es\/area-historia-del-arte\/files\/2024\/06\/IMG_20230814_161350-copia-1383x1536.jpg 1383w, https:\/\/departamentos.unileon.es\/area-historia-del-arte\/files\/2024\/06\/IMG_20230814_161350-copia-1843x2048.jpg 1843w\" sizes=\"auto, (max-width: 922px) 100vw, 922px\" \/><\/figure>\n\n\n\n<p><strong>Titulaci\u00f3n:<\/strong>&nbsp;Graduada en Historia del Arte. M\u00e1ster en Estudios Avanzados en Historia del Arte Espa\u00f1ol.<br><strong>Categor\u00eda profesional:<\/strong>&nbsp;Investigadora contratada predoctoral FPI<br><strong>Tel\u00e9fono:&nbsp;<\/strong>987291042<br><strong>e-mail:<\/strong>&nbsp;nmune@unileon.es<br><strong>Despacho:<\/strong>&nbsp;200 (Dpto. Patrimonio Art\u00edstico y Documental)<\/p>\n\n\n\n<p><strong>L\u00edneas de investigaci\u00f3n:<\/strong>&nbsp;Pintura de los siglos XVII y XVIII, iconograf\u00eda, dibujo, estampa.<\/p>\n\n\n\n<p><strong>Grupos e institutos de investigaci\u00f3n a los que pertenece<\/strong>:<\/p>\n\n\n\n<p>Colaboradora en el Grupo de Estudios Literarios y Comparados. Ins\u00f3lito, G\u00e9nero y Humanidades Digitales (GEIGid)<\/p>\n\n\n\n<p>Instituto de Humanismo y Tradici\u00f3n Cl\u00e1sica (IHTC), Universidad de Le\u00f3n<\/p>\n\n\n\n<p>Grupo de Innovaci\u00f3n Docente Id-ARTE, Universidad de Le\u00f3n<\/p>\n\n\n\n<figure class=\"wp-block-image size-full\"><a href=\"https:\/\/dialnet.unirioja.es\/servlet\/autor?codigo=4630872\"><img loading=\"lazy\" decoding=\"async\" width=\"78\" height=\"29\" src=\"https:\/\/departamentos.unileon.es\/area-historia-del-arte\/files\/2024\/06\/image.png\" alt=\"\" class=\"wp-image-2028\"\/><\/a><\/figure>\n\n\n\n<figure class=\"wp-block-image size-full\"><a href=\"https:\/\/orcid.org\/0000-0003-0040-7612\"><img loading=\"lazy\" decoding=\"async\" width=\"121\" height=\"46\" src=\"https:\/\/departamentos.unileon.es\/area-historia-del-arte\/files\/2024\/06\/orcid.jpg\" alt=\"\" class=\"wp-image-1990\"\/><\/a><\/figure>\n\n\n\n<figure class=\"wp-block-image size-full\"><a href=\"https:\/\/unileon.academia.edu\/NoeliaMu%C3%B1ozEsteban\"><img loading=\"lazy\" decoding=\"async\" width=\"109\" height=\"32\" src=\"https:\/\/departamentos.unileon.es\/area-historia-del-arte\/files\/2024\/06\/academia.jpg\" alt=\"\" class=\"wp-image-1991\"\/><\/a><\/figure>\n\n\n\n<p><strong>Perfil docente:<\/strong>&nbsp;Arte y Cultura Visual. Nuevas Tendencias del Turismo Cultural. Conocimiento y Conservaci\u00f3n del Patrimonio Art\u00edstico<\/p>\n","protected":false},"excerpt":{"rendered":"<p>Titulaci\u00f3n:&nbsp;Graduada en Historia del Arte. M\u00e1ster en Estudios Avanzados en Historia del Arte Espa\u00f1ol.Categor\u00eda profesional:&nbsp;Investigadora contratada predoctoral FPITel\u00e9fono:&nbsp;987291042e-mail:&nbsp;nmune@unileon.esDespacho:&nbsp;200 (Dpto. Patrimonio Art\u00edstico y Documental) L\u00edneas de investigaci\u00f3n:&nbsp;Pintura de los siglos XVII y XVIII, iconograf\u00eda, dibujo, estampa. Grupos e institutos de investigaci\u00f3n a los que pertenece: Colaboradora en el Grupo de Estudios Literarios y Comparados. Ins\u00f3lito, G\u00e9nero [&hellip;]<\/p>\n","protected":false},"author":253,"featured_media":0,"parent":0,"menu_order":0,"comment_status":"closed","ping_status":"closed","template":"","meta":{"ngg_post_thumbnail":0,"footnotes":""},"class_list":["post-2003","page","type-page","status-publish","hentry"],"yoast_head":"<!-- This site is optimized with the Yoast SEO plugin v25.8 - https:\/\/yoast.com\/wordpress\/plugins\/seo\/ -->\n<title>Mu\u00f1oz Esteban, Noelia - \u00c1rea de Historia del Arte<\/title>\n<meta name=\"robots\" content=\"index, follow, max-snippet:-1, max-image-preview:large, max-video-preview:-1\" \/>\n<link rel=\"canonical\" href=\"https:\/\/departamentos.unileon.es\/area-historia-del-arte\/munoz-esteban-noelia\/\" \/>\n<meta property=\"og:locale\" content=\"es_ES\" \/>\n<meta property=\"og:type\" content=\"article\" \/>\n<meta property=\"og:title\" content=\"Mu\u00f1oz Esteban, Noelia - \u00c1rea de Historia del Arte\" \/>\n<meta property=\"og:description\" content=\"Titulaci\u00f3n:&nbsp;Graduada en Historia del Arte. M\u00e1ster en Estudios Avanzados en Historia del Arte Espa\u00f1ol.Categor\u00eda profesional:&nbsp;Investigadora contratada predoctoral FPITel\u00e9fono:&nbsp;987291042e-mail:&nbsp;nmune@unileon.esDespacho:&nbsp;200 (Dpto. Patrimonio Art\u00edstico y Documental) L\u00edneas de investigaci\u00f3n:&nbsp;Pintura de los siglos XVII y XVIII, iconograf\u00eda, dibujo, estampa. Grupos e institutos de investigaci\u00f3n a los que pertenece: Colaboradora en el Grupo de Estudios Literarios y Comparados. Ins\u00f3lito, G\u00e9nero [&hellip;]\" \/>\n<meta property=\"og:url\" content=\"https:\/\/departamentos.unileon.es\/area-historia-del-arte\/munoz-esteban-noelia\/\" \/>\n<meta property=\"og:site_name\" content=\"\u00c1rea de Historia del Arte\" \/>\n<meta property=\"article:modified_time\" content=\"2026-03-05T10:40:53+00:00\" \/>\n<meta property=\"og:image\" content=\"https:\/\/departamentos.unileon.es\/area-historia-del-arte\/files\/2024\/06\/IMG_20230814_161350-copia-scaled.jpg\" \/>\n\t<meta property=\"og:image:width\" content=\"2304\" \/>\n\t<meta property=\"og:image:height\" content=\"2560\" \/>\n\t<meta property=\"og:image:type\" content=\"image\/jpeg\" \/>\n<meta name=\"twitter:card\" content=\"summary_large_image\" \/>\n<meta name=\"twitter:label1\" content=\"Tiempo de lectura\" \/>\n\t<meta name=\"twitter:data1\" content=\"2 minutos\" \/>\n<script type=\"application\/ld+json\" class=\"yoast-schema-graph\">{\"@context\":\"https:\/\/schema.org\",\"@graph\":[{\"@type\":\"WebPage\",\"@id\":\"https:\/\/departamentos.unileon.es\/area-historia-del-arte\/munoz-esteban-noelia\/\",\"url\":\"https:\/\/departamentos.unileon.es\/area-historia-del-arte\/munoz-esteban-noelia\/\",\"name\":\"Mu\u00f1oz Esteban, Noelia - \u00c1rea de Historia del Arte\",\"isPartOf\":{\"@id\":\"https:\/\/departamentos.unileon.es\/area-historia-del-arte\/#website\"},\"primaryImageOfPage\":{\"@id\":\"https:\/\/departamentos.unileon.es\/area-historia-del-arte\/munoz-esteban-noelia\/#primaryimage\"},\"image\":{\"@id\":\"https:\/\/departamentos.unileon.es\/area-historia-del-arte\/munoz-esteban-noelia\/#primaryimage\"},\"thumbnailUrl\":\"https:\/\/departamentos.unileon.es\/area-historia-del-arte\/files\/2024\/06\/IMG_20230814_161350-copia-922x1024.jpg\",\"datePublished\":\"2024-06-07T08:18:47+00:00\",\"dateModified\":\"2026-03-05T10:40:53+00:00\",\"inLanguage\":\"es\",\"potentialAction\":[{\"@type\":\"ReadAction\",\"target\":[\"https:\/\/departamentos.unileon.es\/area-historia-del-arte\/munoz-esteban-noelia\/\"]}]},{\"@type\":\"ImageObject\",\"inLanguage\":\"es\",\"@id\":\"https:\/\/departamentos.unileon.es\/area-historia-del-arte\/munoz-esteban-noelia\/#primaryimage\",\"url\":\"https:\/\/departamentos.unileon.es\/area-historia-del-arte\/files\/2024\/06\/IMG_20230814_161350-copia-scaled.jpg\",\"contentUrl\":\"https:\/\/departamentos.unileon.es\/area-historia-del-arte\/files\/2024\/06\/IMG_20230814_161350-copia-scaled.jpg\",\"width\":2304,\"height\":2560},{\"@type\":\"WebSite\",\"@id\":\"https:\/\/departamentos.unileon.es\/area-historia-del-arte\/#website\",\"url\":\"https:\/\/departamentos.unileon.es\/area-historia-del-arte\/\",\"name\":\"\u00c1rea de Historia del Arte\",\"description\":\"p\u00e1gina de \u00c1rea de la Universidad de Le\u00f3n\",\"potentialAction\":[{\"@type\":\"SearchAction\",\"target\":{\"@type\":\"EntryPoint\",\"urlTemplate\":\"https:\/\/departamentos.unileon.es\/area-historia-del-arte\/?s={search_term_string}\"},\"query-input\":{\"@type\":\"PropertyValueSpecification\",\"valueRequired\":true,\"valueName\":\"search_term_string\"}}],\"inLanguage\":\"es\"}]}<\/script>\n<!-- \/ Yoast SEO plugin. -->","yoast_head_json":{"title":"Mu\u00f1oz Esteban, Noelia - \u00c1rea de Historia del Arte","robots":{"index":"index","follow":"follow","max-snippet":"max-snippet:-1","max-image-preview":"max-image-preview:large","max-video-preview":"max-video-preview:-1"},"canonical":"https:\/\/departamentos.unileon.es\/area-historia-del-arte\/munoz-esteban-noelia\/","og_locale":"es_ES","og_type":"article","og_title":"Mu\u00f1oz Esteban, Noelia - \u00c1rea de Historia del Arte","og_description":"Titulaci\u00f3n:&nbsp;Graduada en Historia del Arte. M\u00e1ster en Estudios Avanzados en Historia del Arte Espa\u00f1ol.Categor\u00eda profesional:&nbsp;Investigadora contratada predoctoral FPITel\u00e9fono:&nbsp;987291042e-mail:&nbsp;nmune@unileon.esDespacho:&nbsp;200 (Dpto. Patrimonio Art\u00edstico y Documental) L\u00edneas de investigaci\u00f3n:&nbsp;Pintura de los siglos XVII y XVIII, iconograf\u00eda, dibujo, estampa. Grupos e institutos de investigaci\u00f3n a los que pertenece: Colaboradora en el Grupo de Estudios Literarios y Comparados. Ins\u00f3lito, G\u00e9nero [&hellip;]","og_url":"https:\/\/departamentos.unileon.es\/area-historia-del-arte\/munoz-esteban-noelia\/","og_site_name":"\u00c1rea de Historia del Arte","article_modified_time":"2026-03-05T10:40:53+00:00","og_image":[{"width":2304,"height":2560,"url":"https:\/\/departamentos.unileon.es\/area-historia-del-arte\/files\/2024\/06\/IMG_20230814_161350-copia-scaled.jpg","type":"image\/jpeg"}],"twitter_card":"summary_large_image","twitter_misc":{"Tiempo de lectura":"2 minutos"},"schema":{"@context":"https:\/\/schema.org","@graph":[{"@type":"WebPage","@id":"https:\/\/departamentos.unileon.es\/area-historia-del-arte\/munoz-esteban-noelia\/","url":"https:\/\/departamentos.unileon.es\/area-historia-del-arte\/munoz-esteban-noelia\/","name":"Mu\u00f1oz Esteban, Noelia - \u00c1rea de Historia del Arte","isPartOf":{"@id":"https:\/\/departamentos.unileon.es\/area-historia-del-arte\/#website"},"primaryImageOfPage":{"@id":"https:\/\/departamentos.unileon.es\/area-historia-del-arte\/munoz-esteban-noelia\/#primaryimage"},"image":{"@id":"https:\/\/departamentos.unileon.es\/area-historia-del-arte\/munoz-esteban-noelia\/#primaryimage"},"thumbnailUrl":"https:\/\/departamentos.unileon.es\/area-historia-del-arte\/files\/2024\/06\/IMG_20230814_161350-copia-922x1024.jpg","datePublished":"2024-06-07T08:18:47+00:00","dateModified":"2026-03-05T10:40:53+00:00","inLanguage":"es","potentialAction":[{"@type":"ReadAction","target":["https:\/\/departamentos.unileon.es\/area-historia-del-arte\/munoz-esteban-noelia\/"]}]},{"@type":"ImageObject","inLanguage":"es","@id":"https:\/\/departamentos.unileon.es\/area-historia-del-arte\/munoz-esteban-noelia\/#primaryimage","url":"https:\/\/departamentos.unileon.es\/area-historia-del-arte\/files\/2024\/06\/IMG_20230814_161350-copia-scaled.jpg","contentUrl":"https:\/\/departamentos.unileon.es\/area-historia-del-arte\/files\/2024\/06\/IMG_20230814_161350-copia-scaled.jpg","width":2304,"height":2560},{"@type":"WebSite","@id":"https:\/\/departamentos.unileon.es\/area-historia-del-arte\/#website","url":"https:\/\/departamentos.unileon.es\/area-historia-del-arte\/","name":"\u00c1rea de Historia del Arte","description":"p\u00e1gina de \u00c1rea de la Universidad de Le\u00f3n","potentialAction":[{"@type":"SearchAction","target":{"@type":"EntryPoint","urlTemplate":"https:\/\/departamentos.unileon.es\/area-historia-del-arte\/?s={search_term_string}"},"query-input":{"@type":"PropertyValueSpecification","valueRequired":true,"valueName":"search_term_string"}}],"inLanguage":"es"}]}},"_links":{"self":[{"href":"https:\/\/departamentos.unileon.es\/area-historia-del-arte\/wp-json\/wp\/v2\/pages\/2003","targetHints":{"allow":["GET"]}}],"collection":[{"href":"https:\/\/departamentos.unileon.es\/area-historia-del-arte\/wp-json\/wp\/v2\/pages"}],"about":[{"href":"https:\/\/departamentos.unileon.es\/area-historia-del-arte\/wp-json\/wp\/v2\/types\/page"}],"author":[{"embeddable":true,"href":"https:\/\/departamentos.unileon.es\/area-historia-del-arte\/wp-json\/wp\/v2\/users\/253"}],"replies":[{"embeddable":true,"href":"https:\/\/departamentos.unileon.es\/area-historia-del-arte\/wp-json\/wp\/v2\/comments?post=2003"}],"version-history":[{"count":6,"href":"https:\/\/departamentos.unileon.es\/area-historia-del-arte\/wp-json\/wp\/v2\/pages\/2003\/revisions"}],"predecessor-version":[{"id":2123,"href":"https:\/\/departamentos.unileon.es\/area-historia-del-arte\/wp-json\/wp\/v2\/pages\/2003\/revisions\/2123"}],"wp:attachment":[{"href":"https:\/\/departamentos.unileon.es\/area-historia-del-arte\/wp-json\/wp\/v2\/media?parent=2003"}],"curies":[{"name":"wp","href":"https:\/\/api.w.org\/{rel}","templated":true}]}}