{"id":2001,"date":"2024-06-17T20:02:05","date_gmt":"2024-06-17T20:02:05","guid":{"rendered":"https:\/\/departamentos.unileon.es\/area-historia-del-arte\/?page_id=2001"},"modified":"2026-03-05T10:37:38","modified_gmt":"2026-03-05T10:37:38","slug":"herguedas-vela-miguel","status":"publish","type":"page","link":"https:\/\/departamentos.unileon.es\/area-historia-del-arte\/herguedas-vela-miguel\/","title":{"rendered":"Herguedas Vela, Miguel"},"content":{"rendered":"\n<figure class=\"wp-block-image size-large is-resized\"><img loading=\"lazy\" decoding=\"async\" width=\"1024\" height=\"1024\" src=\"https:\/\/departamentos.unileon.es\/area-historia-del-arte\/files\/2025\/09\/C42A1AF9-366D-453E-B14A-4A4F4D77738D-1024x1024.jpg\" alt=\"\" class=\"wp-image-2104\" style=\"width:191px;height:auto\" srcset=\"https:\/\/departamentos.unileon.es\/area-historia-del-arte\/files\/2025\/09\/C42A1AF9-366D-453E-B14A-4A4F4D77738D-1024x1024.jpg 1024w, https:\/\/departamentos.unileon.es\/area-historia-del-arte\/files\/2025\/09\/C42A1AF9-366D-453E-B14A-4A4F4D77738D-300x300.jpg 300w, https:\/\/departamentos.unileon.es\/area-historia-del-arte\/files\/2025\/09\/C42A1AF9-366D-453E-B14A-4A4F4D77738D-150x150.jpg 150w, https:\/\/departamentos.unileon.es\/area-historia-del-arte\/files\/2025\/09\/C42A1AF9-366D-453E-B14A-4A4F4D77738D-768x768.jpg 768w, https:\/\/departamentos.unileon.es\/area-historia-del-arte\/files\/2025\/09\/C42A1AF9-366D-453E-B14A-4A4F4D77738D-1536x1536.jpg 1536w, https:\/\/departamentos.unileon.es\/area-historia-del-arte\/files\/2025\/09\/C42A1AF9-366D-453E-B14A-4A4F4D77738D-2048x2048.jpg 2048w\" sizes=\"auto, (max-width: 1024px) 100vw, 1024px\" \/><\/figure>\n\n\n\n<p><strong>Titulaci\u00f3n:<\/strong> Doctor en Historia del Arte<br><strong>Categor\u00eda profesional:<\/strong> Profesor Permanente Laboral<br><strong>Tel\u00e9fono: <\/strong>987293766<br><strong>e-mail:<\/strong>&nbsp;<a href=\"mailto:mherv@unileon.es\">mherv@unileon.es<\/a> <br><strong>Despacho:<\/strong> 210bis (Dpto. Patrimonio Art\u00edstico y Documental)<\/p>\n\n\n\n<p><strong>L\u00edneas de investigaci\u00f3n:<\/strong> Promoci\u00f3n art\u00edstica en la Orden de San Jer\u00f3nimo. Estudios sobre documentaci\u00f3n, catalogaci\u00f3n, investigaci\u00f3n, socializaci\u00f3n y protecci\u00f3n del Patrimonio Cultural.  Arquitectura ef\u00edmera religiosa.<\/p>\n\n\n\n<p><strong>Grupos e institutos de investigaci\u00f3n a los que pertenece<\/strong>: <\/p>\n\n\n\n<p>Instituto de Humanismo y Tradici\u00f3n Cl\u00e1sica (ULE)<br>Instituto Universitario de Historia Simancas<br>Unidad de Investigaci\u00f3n Consolidada y Grupo de Innovaci\u00f3n Docente Arte, Poder y Sociedad en la Edad Moderna (Universidad de Valladolid)<br>Grupo de Innovaci\u00f3n Docente Cl\u00edo en el Laberinto (Universidad de Valladolid) y Grupo de Innovaci\u00f3n Docente Id-ARTE (Universidad de Le\u00f3n)<\/p>\n\n\n\n<p><\/p>\n\n\n\n<p><a href=\"https:\/\/dialnet.unirioja.es\/servlet\/autor?codigo=3313710\"><img loading=\"lazy\" decoding=\"async\" width=\"78\" height=\"29\" class=\"wp-image-1989\" style=\"width: 78px;\" src=\"https:\/\/departamentos.unileon.es\/area-historia-del-arte\/files\/2024\/06\/dialnet.jpg\" alt=\"\"><\/a>   <a href=\"https:\/\/orcid.org\/0000-0002-8041-3926\"><img loading=\"lazy\" decoding=\"async\" width=\"121\" height=\"46\" class=\"wp-image-1990\" style=\"width: 121px;\" src=\"https:\/\/departamentos.unileon.es\/area-historia-del-arte\/files\/2024\/06\/orcid.jpg\" alt=\"\"><\/a>  <a href=\"https:\/\/unileon.academia.edu\/MiguelHerguedasVela\"><img loading=\"lazy\" decoding=\"async\" width=\"109\" height=\"32\" class=\"wp-image-1991\" style=\"width: 109px;\" src=\"https:\/\/departamentos.unileon.es\/area-historia-del-arte\/files\/2024\/06\/academia.jpg\" alt=\"\"><\/a><\/p>\n\n\n\n<p><strong>Perfil docente:<\/strong> Patrimonio Cultural como recurso tur\u00edstico, Arte Barroco Espa\u00f1ol, Fuentes e ideas est\u00e9ticas del Arte Moderno.<\/p>\n","protected":false},"excerpt":{"rendered":"<p>Titulaci\u00f3n: Doctor en Historia del ArteCategor\u00eda profesional: Profesor Permanente LaboralTel\u00e9fono: 987293766e-mail:&nbsp;mherv@unileon.es Despacho: 210bis (Dpto. Patrimonio Art\u00edstico y Documental) L\u00edneas de investigaci\u00f3n: Promoci\u00f3n art\u00edstica en la Orden de San Jer\u00f3nimo. Estudios sobre documentaci\u00f3n, catalogaci\u00f3n, investigaci\u00f3n, socializaci\u00f3n y protecci\u00f3n del Patrimonio Cultural. Arquitectura ef\u00edmera religiosa. Grupos e institutos de investigaci\u00f3n a los que pertenece: Instituto de Humanismo [&hellip;]<\/p>\n","protected":false},"author":253,"featured_media":0,"parent":0,"menu_order":0,"comment_status":"closed","ping_status":"closed","template":"","meta":{"ngg_post_thumbnail":0,"footnotes":""},"class_list":["post-2001","page","type-page","status-publish","hentry"],"yoast_head":"<!-- This site is optimized with the Yoast SEO plugin v25.8 - https:\/\/yoast.com\/wordpress\/plugins\/seo\/ -->\n<title>Herguedas Vela, Miguel - \u00c1rea de Historia del Arte<\/title>\n<meta name=\"robots\" content=\"index, follow, max-snippet:-1, max-image-preview:large, max-video-preview:-1\" \/>\n<link rel=\"canonical\" href=\"https:\/\/departamentos.unileon.es\/area-historia-del-arte\/herguedas-vela-miguel\/\" \/>\n<meta property=\"og:locale\" content=\"es_ES\" \/>\n<meta property=\"og:type\" content=\"article\" \/>\n<meta property=\"og:title\" content=\"Herguedas Vela, Miguel - \u00c1rea de Historia del Arte\" \/>\n<meta property=\"og:description\" content=\"Titulaci\u00f3n: Doctor en Historia del ArteCategor\u00eda profesional: Profesor Permanente LaboralTel\u00e9fono: 987293766e-mail:&nbsp;mherv@unileon.es Despacho: 210bis (Dpto. Patrimonio Art\u00edstico y Documental) L\u00edneas de investigaci\u00f3n: Promoci\u00f3n art\u00edstica en la Orden de San Jer\u00f3nimo. Estudios sobre documentaci\u00f3n, catalogaci\u00f3n, investigaci\u00f3n, socializaci\u00f3n y protecci\u00f3n del Patrimonio Cultural. Arquitectura ef\u00edmera religiosa. Grupos e institutos de investigaci\u00f3n a los que pertenece: Instituto de Humanismo [&hellip;]\" \/>\n<meta property=\"og:url\" content=\"https:\/\/departamentos.unileon.es\/area-historia-del-arte\/herguedas-vela-miguel\/\" \/>\n<meta property=\"og:site_name\" content=\"\u00c1rea de Historia del Arte\" \/>\n<meta property=\"article:modified_time\" content=\"2026-03-05T10:37:38+00:00\" \/>\n<meta property=\"og:image\" content=\"https:\/\/departamentos.unileon.es\/area-historia-del-arte\/files\/2025\/09\/C42A1AF9-366D-453E-B14A-4A4F4D77738D-scaled.jpg\" \/>\n\t<meta property=\"og:image:width\" content=\"2560\" \/>\n\t<meta property=\"og:image:height\" content=\"2560\" \/>\n\t<meta property=\"og:image:type\" content=\"image\/jpeg\" \/>\n<meta name=\"twitter:card\" content=\"summary_large_image\" \/>\n<meta name=\"twitter:label1\" content=\"Tiempo de lectura\" \/>\n\t<meta name=\"twitter:data1\" content=\"2 minutos\" \/>\n<script type=\"application\/ld+json\" class=\"yoast-schema-graph\">{\"@context\":\"https:\/\/schema.org\",\"@graph\":[{\"@type\":\"WebPage\",\"@id\":\"https:\/\/departamentos.unileon.es\/area-historia-del-arte\/herguedas-vela-miguel\/\",\"url\":\"https:\/\/departamentos.unileon.es\/area-historia-del-arte\/herguedas-vela-miguel\/\",\"name\":\"Herguedas Vela, Miguel - \u00c1rea de Historia del Arte\",\"isPartOf\":{\"@id\":\"https:\/\/departamentos.unileon.es\/area-historia-del-arte\/#website\"},\"primaryImageOfPage\":{\"@id\":\"https:\/\/departamentos.unileon.es\/area-historia-del-arte\/herguedas-vela-miguel\/#primaryimage\"},\"image\":{\"@id\":\"https:\/\/departamentos.unileon.es\/area-historia-del-arte\/herguedas-vela-miguel\/#primaryimage\"},\"thumbnailUrl\":\"https:\/\/departamentos.unileon.es\/area-historia-del-arte\/files\/2025\/09\/C42A1AF9-366D-453E-B14A-4A4F4D77738D-1024x1024.jpg\",\"datePublished\":\"2024-06-17T20:02:05+00:00\",\"dateModified\":\"2026-03-05T10:37:38+00:00\",\"inLanguage\":\"es\",\"potentialAction\":[{\"@type\":\"ReadAction\",\"target\":[\"https:\/\/departamentos.unileon.es\/area-historia-del-arte\/herguedas-vela-miguel\/\"]}]},{\"@type\":\"ImageObject\",\"inLanguage\":\"es\",\"@id\":\"https:\/\/departamentos.unileon.es\/area-historia-del-arte\/herguedas-vela-miguel\/#primaryimage\",\"url\":\"https:\/\/departamentos.unileon.es\/area-historia-del-arte\/files\/2025\/09\/C42A1AF9-366D-453E-B14A-4A4F4D77738D-scaled.jpg\",\"contentUrl\":\"https:\/\/departamentos.unileon.es\/area-historia-del-arte\/files\/2025\/09\/C42A1AF9-366D-453E-B14A-4A4F4D77738D-scaled.jpg\",\"width\":2560,\"height\":2560},{\"@type\":\"WebSite\",\"@id\":\"https:\/\/departamentos.unileon.es\/area-historia-del-arte\/#website\",\"url\":\"https:\/\/departamentos.unileon.es\/area-historia-del-arte\/\",\"name\":\"\u00c1rea de Historia del Arte\",\"description\":\"p\u00e1gina de \u00c1rea de la Universidad de Le\u00f3n\",\"potentialAction\":[{\"@type\":\"SearchAction\",\"target\":{\"@type\":\"EntryPoint\",\"urlTemplate\":\"https:\/\/departamentos.unileon.es\/area-historia-del-arte\/?s={search_term_string}\"},\"query-input\":{\"@type\":\"PropertyValueSpecification\",\"valueRequired\":true,\"valueName\":\"search_term_string\"}}],\"inLanguage\":\"es\"}]}<\/script>\n<!-- \/ Yoast SEO plugin. -->","yoast_head_json":{"title":"Herguedas Vela, Miguel - \u00c1rea de Historia del Arte","robots":{"index":"index","follow":"follow","max-snippet":"max-snippet:-1","max-image-preview":"max-image-preview:large","max-video-preview":"max-video-preview:-1"},"canonical":"https:\/\/departamentos.unileon.es\/area-historia-del-arte\/herguedas-vela-miguel\/","og_locale":"es_ES","og_type":"article","og_title":"Herguedas Vela, Miguel - \u00c1rea de Historia del Arte","og_description":"Titulaci\u00f3n: Doctor en Historia del ArteCategor\u00eda profesional: Profesor Permanente LaboralTel\u00e9fono: 987293766e-mail:&nbsp;mherv@unileon.es Despacho: 210bis (Dpto. Patrimonio Art\u00edstico y Documental) L\u00edneas de investigaci\u00f3n: Promoci\u00f3n art\u00edstica en la Orden de San Jer\u00f3nimo. Estudios sobre documentaci\u00f3n, catalogaci\u00f3n, investigaci\u00f3n, socializaci\u00f3n y protecci\u00f3n del Patrimonio Cultural. Arquitectura ef\u00edmera religiosa. Grupos e institutos de investigaci\u00f3n a los que pertenece: Instituto de Humanismo [&hellip;]","og_url":"https:\/\/departamentos.unileon.es\/area-historia-del-arte\/herguedas-vela-miguel\/","og_site_name":"\u00c1rea de Historia del Arte","article_modified_time":"2026-03-05T10:37:38+00:00","og_image":[{"width":2560,"height":2560,"url":"https:\/\/departamentos.unileon.es\/area-historia-del-arte\/files\/2025\/09\/C42A1AF9-366D-453E-B14A-4A4F4D77738D-scaled.jpg","type":"image\/jpeg"}],"twitter_card":"summary_large_image","twitter_misc":{"Tiempo de lectura":"2 minutos"},"schema":{"@context":"https:\/\/schema.org","@graph":[{"@type":"WebPage","@id":"https:\/\/departamentos.unileon.es\/area-historia-del-arte\/herguedas-vela-miguel\/","url":"https:\/\/departamentos.unileon.es\/area-historia-del-arte\/herguedas-vela-miguel\/","name":"Herguedas Vela, Miguel - \u00c1rea de Historia del Arte","isPartOf":{"@id":"https:\/\/departamentos.unileon.es\/area-historia-del-arte\/#website"},"primaryImageOfPage":{"@id":"https:\/\/departamentos.unileon.es\/area-historia-del-arte\/herguedas-vela-miguel\/#primaryimage"},"image":{"@id":"https:\/\/departamentos.unileon.es\/area-historia-del-arte\/herguedas-vela-miguel\/#primaryimage"},"thumbnailUrl":"https:\/\/departamentos.unileon.es\/area-historia-del-arte\/files\/2025\/09\/C42A1AF9-366D-453E-B14A-4A4F4D77738D-1024x1024.jpg","datePublished":"2024-06-17T20:02:05+00:00","dateModified":"2026-03-05T10:37:38+00:00","inLanguage":"es","potentialAction":[{"@type":"ReadAction","target":["https:\/\/departamentos.unileon.es\/area-historia-del-arte\/herguedas-vela-miguel\/"]}]},{"@type":"ImageObject","inLanguage":"es","@id":"https:\/\/departamentos.unileon.es\/area-historia-del-arte\/herguedas-vela-miguel\/#primaryimage","url":"https:\/\/departamentos.unileon.es\/area-historia-del-arte\/files\/2025\/09\/C42A1AF9-366D-453E-B14A-4A4F4D77738D-scaled.jpg","contentUrl":"https:\/\/departamentos.unileon.es\/area-historia-del-arte\/files\/2025\/09\/C42A1AF9-366D-453E-B14A-4A4F4D77738D-scaled.jpg","width":2560,"height":2560},{"@type":"WebSite","@id":"https:\/\/departamentos.unileon.es\/area-historia-del-arte\/#website","url":"https:\/\/departamentos.unileon.es\/area-historia-del-arte\/","name":"\u00c1rea de Historia del Arte","description":"p\u00e1gina de \u00c1rea de la Universidad de Le\u00f3n","potentialAction":[{"@type":"SearchAction","target":{"@type":"EntryPoint","urlTemplate":"https:\/\/departamentos.unileon.es\/area-historia-del-arte\/?s={search_term_string}"},"query-input":{"@type":"PropertyValueSpecification","valueRequired":true,"valueName":"search_term_string"}}],"inLanguage":"es"}]}},"_links":{"self":[{"href":"https:\/\/departamentos.unileon.es\/area-historia-del-arte\/wp-json\/wp\/v2\/pages\/2001","targetHints":{"allow":["GET"]}}],"collection":[{"href":"https:\/\/departamentos.unileon.es\/area-historia-del-arte\/wp-json\/wp\/v2\/pages"}],"about":[{"href":"https:\/\/departamentos.unileon.es\/area-historia-del-arte\/wp-json\/wp\/v2\/types\/page"}],"author":[{"embeddable":true,"href":"https:\/\/departamentos.unileon.es\/area-historia-del-arte\/wp-json\/wp\/v2\/users\/253"}],"replies":[{"embeddable":true,"href":"https:\/\/departamentos.unileon.es\/area-historia-del-arte\/wp-json\/wp\/v2\/comments?post=2001"}],"version-history":[{"count":6,"href":"https:\/\/departamentos.unileon.es\/area-historia-del-arte\/wp-json\/wp\/v2\/pages\/2001\/revisions"}],"predecessor-version":[{"id":2117,"href":"https:\/\/departamentos.unileon.es\/area-historia-del-arte\/wp-json\/wp\/v2\/pages\/2001\/revisions\/2117"}],"wp:attachment":[{"href":"https:\/\/departamentos.unileon.es\/area-historia-del-arte\/wp-json\/wp\/v2\/media?parent=2001"}],"curies":[{"name":"wp","href":"https:\/\/api.w.org\/{rel}","templated":true}]}}