{"id":1984,"date":"2024-06-06T11:40:05","date_gmt":"2024-06-06T11:40:05","guid":{"rendered":"https:\/\/departamentos.unileon.es\/area-historia-del-arte\/?page_id=1984"},"modified":"2024-06-07T08:11:53","modified_gmt":"2024-06-07T08:11:53","slug":"fernandez-garcia-noelia","status":"publish","type":"page","link":"https:\/\/departamentos.unileon.es\/area-historia-del-arte\/fernandez-garcia-noelia\/","title":{"rendered":"Fern\u00e1ndez Garc\u00eda, Noelia"},"content":{"rendered":"\n<figure class=\"wp-block-image size-full\"><img loading=\"lazy\" decoding=\"async\" width=\"200\" height=\"200\" src=\"https:\/\/departamentos.unileon.es\/area-historia-del-arte\/files\/2024\/06\/s200_noelia.fernandez_garcia.jpg\" alt=\"\" class=\"wp-image-1986\" srcset=\"https:\/\/departamentos.unileon.es\/area-historia-del-arte\/files\/2024\/06\/s200_noelia.fernandez_garcia.jpg 200w, https:\/\/departamentos.unileon.es\/area-historia-del-arte\/files\/2024\/06\/s200_noelia.fernandez_garcia-150x150.jpg 150w\" sizes=\"auto, (max-width: 200px) 100vw, 200px\" \/><\/figure>\n\n\n\n<p><strong>Titulaci\u00f3n:<\/strong> Doctora en Historia del Arte<br><strong>Categor\u00eda profesional:<\/strong> Profesora Permanente Laboral<br><strong>Tel\u00e9fono: <\/strong>987293680<br><strong>e-mail:<\/strong>&nbsp;<a href=\"mailto:nferg@unileon.es\" target=\"_blank\" rel=\"noreferrer noopener\">nferg@unileon.es<\/a><br><strong>Despacho:<\/strong> 209bis (Dpto. Patrimonio Art\u00edstico y Documental<\/p>\n\n\n\n<p><strong>L\u00edneas de investigaci\u00f3n:<\/strong> Conservaci\u00f3n y restauraci\u00f3n del patrimonio cultural; patrimonio cultural y conflicto armado; pol\u00edtica hidr\u00e1ulica y afectaci\u00f3n patrimonial.<\/p>\n\n\n\n<p><strong>Grupos e institutos de investigaci\u00f3n a los que pertenece<\/strong>: <\/p>\n\n\n\n<p>Instituto de Humanismo y Tradici\u00f3n Cl\u00e1sica, Universidad de Le\u00f3n<br>Grupo de Estudios Literarios y Comparados. Ins\u00f3lito, G\u00e9nero y Humanidades Digitales (GEIGid)<br>Grupo de Innovaci\u00f3n Docente Id-ARTE, Universidad de Le\u00f3n<\/p>\n\n\n\n<p><a href=\"https:\/\/dialnet.unirioja.es\/servlet\/autor?codigo=3816959\"><img loading=\"lazy\" decoding=\"async\" width=\"78\" height=\"29\" class=\"wp-image-1989\" style=\"width: 78px;\" src=\"https:\/\/departamentos.unileon.es\/area-historia-del-arte\/files\/2024\/06\/dialnet.jpg\" alt=\"\"><\/a>   <a href=\"https:\/\/orcid.org\/0000-0001-5675-0642\"><img loading=\"lazy\" decoding=\"async\" width=\"121\" height=\"46\" class=\"wp-image-1990\" style=\"width: 121px;\" src=\"https:\/\/departamentos.unileon.es\/area-historia-del-arte\/files\/2024\/06\/orcid.jpg\" alt=\"\"><\/a>  <a href=\"https:\/\/idl.academia.edu\/NoeliaFernandezGarcia\"><img loading=\"lazy\" decoding=\"async\" width=\"109\" height=\"32\" class=\"wp-image-1991\" style=\"width: 109px;\" src=\"https:\/\/departamentos.unileon.es\/area-historia-del-arte\/files\/2024\/06\/academia.jpg\" alt=\"\"><\/a><\/p>\n\n\n\n<p><strong>Perfil docente:<\/strong>&nbsp;Conservaci\u00f3n de Bienes Culturales. Metodolog\u00edas y Cr\u00edtica de Arte.  Gesti\u00f3n y difusi\u00f3n del patrimonio cultural. Nuevas tendencias del turismo cultural. <\/p>\n","protected":false},"excerpt":{"rendered":"<p>Titulaci\u00f3n: Doctora en Historia del ArteCategor\u00eda profesional: Profesora Permanente LaboralTel\u00e9fono: 987293680e-mail:&nbsp;nferg@unileon.esDespacho: 209bis (Dpto. Patrimonio Art\u00edstico y Documental L\u00edneas de investigaci\u00f3n: Conservaci\u00f3n y restauraci\u00f3n del patrimonio cultural; patrimonio cultural y conflicto armado; pol\u00edtica hidr\u00e1ulica y afectaci\u00f3n patrimonial. Grupos e institutos de investigaci\u00f3n a los que pertenece: Instituto de Humanismo y Tradici\u00f3n Cl\u00e1sica, Universidad de Le\u00f3nGrupo de [&hellip;]<\/p>\n","protected":false},"author":253,"featured_media":0,"parent":0,"menu_order":0,"comment_status":"closed","ping_status":"closed","template":"","meta":{"ngg_post_thumbnail":0,"footnotes":""},"class_list":["post-1984","page","type-page","status-publish","hentry"],"yoast_head":"<!-- This site is optimized with the Yoast SEO plugin v25.8 - https:\/\/yoast.com\/wordpress\/plugins\/seo\/ -->\n<title>Fern\u00e1ndez Garc\u00eda, Noelia - \u00c1rea de Historia del Arte<\/title>\n<meta name=\"robots\" content=\"index, follow, max-snippet:-1, max-image-preview:large, max-video-preview:-1\" \/>\n<link rel=\"canonical\" href=\"https:\/\/departamentos.unileon.es\/area-historia-del-arte\/fernandez-garcia-noelia\/\" \/>\n<meta property=\"og:locale\" content=\"es_ES\" \/>\n<meta property=\"og:type\" content=\"article\" \/>\n<meta property=\"og:title\" content=\"Fern\u00e1ndez Garc\u00eda, Noelia - \u00c1rea de Historia del Arte\" \/>\n<meta property=\"og:description\" content=\"Titulaci\u00f3n: Doctora en Historia del ArteCategor\u00eda profesional: Profesora Permanente LaboralTel\u00e9fono: 987293680e-mail:&nbsp;nferg@unileon.esDespacho: 209bis (Dpto. Patrimonio Art\u00edstico y Documental L\u00edneas de investigaci\u00f3n: Conservaci\u00f3n y restauraci\u00f3n del patrimonio cultural; patrimonio cultural y conflicto armado; pol\u00edtica hidr\u00e1ulica y afectaci\u00f3n patrimonial. Grupos e institutos de investigaci\u00f3n a los que pertenece: Instituto de Humanismo y Tradici\u00f3n Cl\u00e1sica, Universidad de Le\u00f3nGrupo de [&hellip;]\" \/>\n<meta property=\"og:url\" content=\"https:\/\/departamentos.unileon.es\/area-historia-del-arte\/fernandez-garcia-noelia\/\" \/>\n<meta property=\"og:site_name\" content=\"\u00c1rea de Historia del Arte\" \/>\n<meta property=\"article:modified_time\" content=\"2024-06-07T08:11:53+00:00\" \/>\n<meta property=\"og:image\" content=\"https:\/\/departamentos.unileon.es\/area-historia-del-arte\/files\/2024\/06\/s200_noelia.fernandez_garcia.jpg\" \/>\n<meta name=\"twitter:card\" content=\"summary_large_image\" \/>\n<meta name=\"twitter:label1\" content=\"Tiempo de lectura\" \/>\n\t<meta name=\"twitter:data1\" content=\"2 minutos\" \/>\n<script type=\"application\/ld+json\" class=\"yoast-schema-graph\">{\"@context\":\"https:\/\/schema.org\",\"@graph\":[{\"@type\":\"WebPage\",\"@id\":\"https:\/\/departamentos.unileon.es\/area-historia-del-arte\/fernandez-garcia-noelia\/\",\"url\":\"https:\/\/departamentos.unileon.es\/area-historia-del-arte\/fernandez-garcia-noelia\/\",\"name\":\"Fern\u00e1ndez Garc\u00eda, Noelia - \u00c1rea de Historia del Arte\",\"isPartOf\":{\"@id\":\"https:\/\/departamentos.unileon.es\/area-historia-del-arte\/#website\"},\"primaryImageOfPage\":{\"@id\":\"https:\/\/departamentos.unileon.es\/area-historia-del-arte\/fernandez-garcia-noelia\/#primaryimage\"},\"image\":{\"@id\":\"https:\/\/departamentos.unileon.es\/area-historia-del-arte\/fernandez-garcia-noelia\/#primaryimage\"},\"thumbnailUrl\":\"https:\/\/departamentos.unileon.es\/area-historia-del-arte\/files\/2024\/06\/s200_noelia.fernandez_garcia.jpg\",\"datePublished\":\"2024-06-06T11:40:05+00:00\",\"dateModified\":\"2024-06-07T08:11:53+00:00\",\"inLanguage\":\"es\",\"potentialAction\":[{\"@type\":\"ReadAction\",\"target\":[\"https:\/\/departamentos.unileon.es\/area-historia-del-arte\/fernandez-garcia-noelia\/\"]}]},{\"@type\":\"ImageObject\",\"inLanguage\":\"es\",\"@id\":\"https:\/\/departamentos.unileon.es\/area-historia-del-arte\/fernandez-garcia-noelia\/#primaryimage\",\"url\":\"https:\/\/departamentos.unileon.es\/area-historia-del-arte\/files\/2024\/06\/s200_noelia.fernandez_garcia.jpg\",\"contentUrl\":\"https:\/\/departamentos.unileon.es\/area-historia-del-arte\/files\/2024\/06\/s200_noelia.fernandez_garcia.jpg\",\"width\":200,\"height\":200},{\"@type\":\"WebSite\",\"@id\":\"https:\/\/departamentos.unileon.es\/area-historia-del-arte\/#website\",\"url\":\"https:\/\/departamentos.unileon.es\/area-historia-del-arte\/\",\"name\":\"\u00c1rea de Historia del Arte\",\"description\":\"p\u00e1gina de \u00c1rea de la Universidad de Le\u00f3n\",\"potentialAction\":[{\"@type\":\"SearchAction\",\"target\":{\"@type\":\"EntryPoint\",\"urlTemplate\":\"https:\/\/departamentos.unileon.es\/area-historia-del-arte\/?s={search_term_string}\"},\"query-input\":{\"@type\":\"PropertyValueSpecification\",\"valueRequired\":true,\"valueName\":\"search_term_string\"}}],\"inLanguage\":\"es\"}]}<\/script>\n<!-- \/ Yoast SEO plugin. -->","yoast_head_json":{"title":"Fern\u00e1ndez Garc\u00eda, Noelia - \u00c1rea de Historia del Arte","robots":{"index":"index","follow":"follow","max-snippet":"max-snippet:-1","max-image-preview":"max-image-preview:large","max-video-preview":"max-video-preview:-1"},"canonical":"https:\/\/departamentos.unileon.es\/area-historia-del-arte\/fernandez-garcia-noelia\/","og_locale":"es_ES","og_type":"article","og_title":"Fern\u00e1ndez Garc\u00eda, Noelia - \u00c1rea de Historia del Arte","og_description":"Titulaci\u00f3n: Doctora en Historia del ArteCategor\u00eda profesional: Profesora Permanente LaboralTel\u00e9fono: 987293680e-mail:&nbsp;nferg@unileon.esDespacho: 209bis (Dpto. Patrimonio Art\u00edstico y Documental L\u00edneas de investigaci\u00f3n: Conservaci\u00f3n y restauraci\u00f3n del patrimonio cultural; patrimonio cultural y conflicto armado; pol\u00edtica hidr\u00e1ulica y afectaci\u00f3n patrimonial. Grupos e institutos de investigaci\u00f3n a los que pertenece: Instituto de Humanismo y Tradici\u00f3n Cl\u00e1sica, Universidad de Le\u00f3nGrupo de [&hellip;]","og_url":"https:\/\/departamentos.unileon.es\/area-historia-del-arte\/fernandez-garcia-noelia\/","og_site_name":"\u00c1rea de Historia del Arte","article_modified_time":"2024-06-07T08:11:53+00:00","og_image":[{"url":"https:\/\/departamentos.unileon.es\/area-historia-del-arte\/files\/2024\/06\/s200_noelia.fernandez_garcia.jpg","type":"","width":"","height":""}],"twitter_card":"summary_large_image","twitter_misc":{"Tiempo de lectura":"2 minutos"},"schema":{"@context":"https:\/\/schema.org","@graph":[{"@type":"WebPage","@id":"https:\/\/departamentos.unileon.es\/area-historia-del-arte\/fernandez-garcia-noelia\/","url":"https:\/\/departamentos.unileon.es\/area-historia-del-arte\/fernandez-garcia-noelia\/","name":"Fern\u00e1ndez Garc\u00eda, Noelia - \u00c1rea de Historia del Arte","isPartOf":{"@id":"https:\/\/departamentos.unileon.es\/area-historia-del-arte\/#website"},"primaryImageOfPage":{"@id":"https:\/\/departamentos.unileon.es\/area-historia-del-arte\/fernandez-garcia-noelia\/#primaryimage"},"image":{"@id":"https:\/\/departamentos.unileon.es\/area-historia-del-arte\/fernandez-garcia-noelia\/#primaryimage"},"thumbnailUrl":"https:\/\/departamentos.unileon.es\/area-historia-del-arte\/files\/2024\/06\/s200_noelia.fernandez_garcia.jpg","datePublished":"2024-06-06T11:40:05+00:00","dateModified":"2024-06-07T08:11:53+00:00","inLanguage":"es","potentialAction":[{"@type":"ReadAction","target":["https:\/\/departamentos.unileon.es\/area-historia-del-arte\/fernandez-garcia-noelia\/"]}]},{"@type":"ImageObject","inLanguage":"es","@id":"https:\/\/departamentos.unileon.es\/area-historia-del-arte\/fernandez-garcia-noelia\/#primaryimage","url":"https:\/\/departamentos.unileon.es\/area-historia-del-arte\/files\/2024\/06\/s200_noelia.fernandez_garcia.jpg","contentUrl":"https:\/\/departamentos.unileon.es\/area-historia-del-arte\/files\/2024\/06\/s200_noelia.fernandez_garcia.jpg","width":200,"height":200},{"@type":"WebSite","@id":"https:\/\/departamentos.unileon.es\/area-historia-del-arte\/#website","url":"https:\/\/departamentos.unileon.es\/area-historia-del-arte\/","name":"\u00c1rea de Historia del Arte","description":"p\u00e1gina de \u00c1rea de la Universidad de Le\u00f3n","potentialAction":[{"@type":"SearchAction","target":{"@type":"EntryPoint","urlTemplate":"https:\/\/departamentos.unileon.es\/area-historia-del-arte\/?s={search_term_string}"},"query-input":{"@type":"PropertyValueSpecification","valueRequired":true,"valueName":"search_term_string"}}],"inLanguage":"es"}]}},"_links":{"self":[{"href":"https:\/\/departamentos.unileon.es\/area-historia-del-arte\/wp-json\/wp\/v2\/pages\/1984","targetHints":{"allow":["GET"]}}],"collection":[{"href":"https:\/\/departamentos.unileon.es\/area-historia-del-arte\/wp-json\/wp\/v2\/pages"}],"about":[{"href":"https:\/\/departamentos.unileon.es\/area-historia-del-arte\/wp-json\/wp\/v2\/types\/page"}],"author":[{"embeddable":true,"href":"https:\/\/departamentos.unileon.es\/area-historia-del-arte\/wp-json\/wp\/v2\/users\/253"}],"replies":[{"embeddable":true,"href":"https:\/\/departamentos.unileon.es\/area-historia-del-arte\/wp-json\/wp\/v2\/comments?post=1984"}],"version-history":[{"count":3,"href":"https:\/\/departamentos.unileon.es\/area-historia-del-arte\/wp-json\/wp\/v2\/pages\/1984\/revisions"}],"predecessor-version":[{"id":2027,"href":"https:\/\/departamentos.unileon.es\/area-historia-del-arte\/wp-json\/wp\/v2\/pages\/1984\/revisions\/2027"}],"wp:attachment":[{"href":"https:\/\/departamentos.unileon.es\/area-historia-del-arte\/wp-json\/wp\/v2\/media?parent=1984"}],"curies":[{"name":"wp","href":"https:\/\/api.w.org\/{rel}","templated":true}]}}