{"id":1978,"date":"2024-06-08T10:04:55","date_gmt":"2024-06-08T10:04:55","guid":{"rendered":"https:\/\/departamentos.unileon.es\/area-historia-del-arte\/?page_id=1978"},"modified":"2026-03-05T10:41:26","modified_gmt":"2026-03-05T10:41:26","slug":"sanchez-requejo-daniel","status":"publish","type":"page","link":"https:\/\/departamentos.unileon.es\/area-historia-del-arte\/sanchez-requejo-daniel\/","title":{"rendered":"S\u00e1nchez Requejo, Daniel"},"content":{"rendered":"\n<figure class=\"wp-block-image size-full\"><img loading=\"lazy\" decoding=\"async\" width=\"106\" height=\"160\" src=\"https:\/\/departamentos.unileon.es\/area-historia-del-arte\/files\/2024\/06\/Foto.jpg\" alt=\"\" class=\"wp-image-2036\"\/><figcaption class=\"wp-element-caption\"><br><br><strong>Titulaci\u00f3n:<\/strong>&nbsp;Graduado en Historia del Arte. M\u00e1ster en Cultura y Pensamiento Europeo: Tradici\u00f3n y Pervivencia<br><strong>Categor\u00eda profesional:<\/strong>&nbsp;Investigador contratado predoctoral ULE<br><strong>Tel\u00e9fono:&nbsp;<\/strong>987291042<br><strong>e-mail:<\/strong>&nbsp;<a href=\"mailto:dsancr@unileon.es\">dsancr@unileon.es<\/a><br><strong>Despacho:<\/strong> 200 (Departamento de Patrimonio Art\u00edstico y Documental)<br><br><strong>L\u00edneas de investigaci\u00f3n:<\/strong>&nbsp;Filosof\u00eda del arte de los siglos XIX y XX: Kant, idealismo alem\u00e1n, Friedrich Nietzsche, George Santayana, Arthur Danto, Clement Greenberg, Nelson Goodman. Arte de los siglos XIX y XX: romanticismo alem\u00e1n, vanguardias, d\u00e9cada de 1960.<\/figcaption><\/figure>\n\n\n\n<figure class=\"wp-block-image size-full\"><a href=\"https:\/\/orcid.org\/my-orcid?orcid=0009-0008-0958-6622\"><img loading=\"lazy\" decoding=\"async\" width=\"121\" height=\"46\" src=\"https:\/\/departamentos.unileon.es\/area-historia-del-arte\/files\/2024\/06\/orcid.jpg\" alt=\"\" class=\"wp-image-1990\"\/><\/a><\/figure>\n\n\n\n<p><strong>Grupos e institutos de investigaci\u00f3n a los que pertenece<\/strong>:<\/p>\n\n\n\n<p>Instituto de Humanismo y Tradici\u00f3n Cl\u00e1sica (IHTC), Universidad de Le\u00f3n<\/p>\n\n\n\n<p>Grupo de Innovaci\u00f3n Docente Id-ARTE, Universidad de Le\u00f3n<\/p>\n\n\n\n<p><strong>Perfil docente<\/strong>: Historia del Arte Moderno, Historia del Arte Contempor\u00e1neo hasta la II Guerra Mundial<\/p>\n","protected":false},"excerpt":{"rendered":"<p>Grupos e institutos de investigaci\u00f3n a los que pertenece: Instituto de Humanismo y Tradici\u00f3n Cl\u00e1sica (IHTC), Universidad de Le\u00f3n Grupo de Innovaci\u00f3n Docente Id-ARTE, Universidad de Le\u00f3n Perfil docente: Historia del Arte Moderno, Historia del Arte Contempor\u00e1neo hasta la II Guerra Mundial<\/p>\n","protected":false},"author":253,"featured_media":0,"parent":0,"menu_order":0,"comment_status":"closed","ping_status":"closed","template":"","meta":{"ngg_post_thumbnail":0,"footnotes":""},"class_list":["post-1978","page","type-page","status-publish","hentry"],"yoast_head":"<!-- This site is optimized with the Yoast SEO plugin v25.8 - https:\/\/yoast.com\/wordpress\/plugins\/seo\/ -->\n<title>S\u00e1nchez Requejo, Daniel - \u00c1rea de Historia del Arte<\/title>\n<meta name=\"robots\" content=\"index, follow, max-snippet:-1, max-image-preview:large, max-video-preview:-1\" \/>\n<link rel=\"canonical\" href=\"https:\/\/departamentos.unileon.es\/area-historia-del-arte\/sanchez-requejo-daniel\/\" \/>\n<meta property=\"og:locale\" content=\"es_ES\" \/>\n<meta property=\"og:type\" content=\"article\" \/>\n<meta property=\"og:title\" content=\"S\u00e1nchez Requejo, Daniel - \u00c1rea de Historia del Arte\" \/>\n<meta property=\"og:description\" content=\"Grupos e institutos de investigaci\u00f3n a los que pertenece: Instituto de Humanismo y Tradici\u00f3n Cl\u00e1sica (IHTC), Universidad de Le\u00f3n Grupo de Innovaci\u00f3n Docente Id-ARTE, Universidad de Le\u00f3n Perfil docente: Historia del Arte Moderno, Historia del Arte Contempor\u00e1neo hasta la II Guerra Mundial\" \/>\n<meta property=\"og:url\" content=\"https:\/\/departamentos.unileon.es\/area-historia-del-arte\/sanchez-requejo-daniel\/\" \/>\n<meta property=\"og:site_name\" content=\"\u00c1rea de Historia del Arte\" \/>\n<meta property=\"article:modified_time\" content=\"2026-03-05T10:41:26+00:00\" \/>\n<meta property=\"og:image\" content=\"https:\/\/departamentos.unileon.es\/area-historia-del-arte\/files\/2024\/06\/Foto.jpg\" \/>\n\t<meta property=\"og:image:width\" content=\"106\" \/>\n\t<meta property=\"og:image:height\" content=\"160\" \/>\n\t<meta property=\"og:image:type\" content=\"image\/jpeg\" \/>\n<meta name=\"twitter:card\" content=\"summary_large_image\" \/>\n<meta name=\"twitter:label1\" content=\"Tiempo de lectura\" \/>\n\t<meta name=\"twitter:data1\" content=\"1 minuto\" \/>\n<script type=\"application\/ld+json\" class=\"yoast-schema-graph\">{\"@context\":\"https:\/\/schema.org\",\"@graph\":[{\"@type\":\"WebPage\",\"@id\":\"https:\/\/departamentos.unileon.es\/area-historia-del-arte\/sanchez-requejo-daniel\/\",\"url\":\"https:\/\/departamentos.unileon.es\/area-historia-del-arte\/sanchez-requejo-daniel\/\",\"name\":\"S\u00e1nchez Requejo, Daniel - \u00c1rea de Historia del Arte\",\"isPartOf\":{\"@id\":\"https:\/\/departamentos.unileon.es\/area-historia-del-arte\/#website\"},\"primaryImageOfPage\":{\"@id\":\"https:\/\/departamentos.unileon.es\/area-historia-del-arte\/sanchez-requejo-daniel\/#primaryimage\"},\"image\":{\"@id\":\"https:\/\/departamentos.unileon.es\/area-historia-del-arte\/sanchez-requejo-daniel\/#primaryimage\"},\"thumbnailUrl\":\"https:\/\/departamentos.unileon.es\/area-historia-del-arte\/files\/2024\/06\/Foto.jpg\",\"datePublished\":\"2024-06-08T10:04:55+00:00\",\"dateModified\":\"2026-03-05T10:41:26+00:00\",\"inLanguage\":\"es\",\"potentialAction\":[{\"@type\":\"ReadAction\",\"target\":[\"https:\/\/departamentos.unileon.es\/area-historia-del-arte\/sanchez-requejo-daniel\/\"]}]},{\"@type\":\"ImageObject\",\"inLanguage\":\"es\",\"@id\":\"https:\/\/departamentos.unileon.es\/area-historia-del-arte\/sanchez-requejo-daniel\/#primaryimage\",\"url\":\"https:\/\/departamentos.unileon.es\/area-historia-del-arte\/files\/2024\/06\/Foto.jpg\",\"contentUrl\":\"https:\/\/departamentos.unileon.es\/area-historia-del-arte\/files\/2024\/06\/Foto.jpg\",\"width\":106,\"height\":160,\"caption\":\"????????????????????????????????????\"},{\"@type\":\"WebSite\",\"@id\":\"https:\/\/departamentos.unileon.es\/area-historia-del-arte\/#website\",\"url\":\"https:\/\/departamentos.unileon.es\/area-historia-del-arte\/\",\"name\":\"\u00c1rea de Historia del Arte\",\"description\":\"p\u00e1gina de \u00c1rea de la Universidad de Le\u00f3n\",\"potentialAction\":[{\"@type\":\"SearchAction\",\"target\":{\"@type\":\"EntryPoint\",\"urlTemplate\":\"https:\/\/departamentos.unileon.es\/area-historia-del-arte\/?s={search_term_string}\"},\"query-input\":{\"@type\":\"PropertyValueSpecification\",\"valueRequired\":true,\"valueName\":\"search_term_string\"}}],\"inLanguage\":\"es\"}]}<\/script>\n<!-- \/ Yoast SEO plugin. -->","yoast_head_json":{"title":"S\u00e1nchez Requejo, Daniel - \u00c1rea de Historia del Arte","robots":{"index":"index","follow":"follow","max-snippet":"max-snippet:-1","max-image-preview":"max-image-preview:large","max-video-preview":"max-video-preview:-1"},"canonical":"https:\/\/departamentos.unileon.es\/area-historia-del-arte\/sanchez-requejo-daniel\/","og_locale":"es_ES","og_type":"article","og_title":"S\u00e1nchez Requejo, Daniel - \u00c1rea de Historia del Arte","og_description":"Grupos e institutos de investigaci\u00f3n a los que pertenece: Instituto de Humanismo y Tradici\u00f3n Cl\u00e1sica (IHTC), Universidad de Le\u00f3n Grupo de Innovaci\u00f3n Docente Id-ARTE, Universidad de Le\u00f3n Perfil docente: Historia del Arte Moderno, Historia del Arte Contempor\u00e1neo hasta la II Guerra Mundial","og_url":"https:\/\/departamentos.unileon.es\/area-historia-del-arte\/sanchez-requejo-daniel\/","og_site_name":"\u00c1rea de Historia del Arte","article_modified_time":"2026-03-05T10:41:26+00:00","og_image":[{"width":106,"height":160,"url":"https:\/\/departamentos.unileon.es\/area-historia-del-arte\/files\/2024\/06\/Foto.jpg","type":"image\/jpeg"}],"twitter_card":"summary_large_image","twitter_misc":{"Tiempo de lectura":"1 minuto"},"schema":{"@context":"https:\/\/schema.org","@graph":[{"@type":"WebPage","@id":"https:\/\/departamentos.unileon.es\/area-historia-del-arte\/sanchez-requejo-daniel\/","url":"https:\/\/departamentos.unileon.es\/area-historia-del-arte\/sanchez-requejo-daniel\/","name":"S\u00e1nchez Requejo, Daniel - \u00c1rea de Historia del Arte","isPartOf":{"@id":"https:\/\/departamentos.unileon.es\/area-historia-del-arte\/#website"},"primaryImageOfPage":{"@id":"https:\/\/departamentos.unileon.es\/area-historia-del-arte\/sanchez-requejo-daniel\/#primaryimage"},"image":{"@id":"https:\/\/departamentos.unileon.es\/area-historia-del-arte\/sanchez-requejo-daniel\/#primaryimage"},"thumbnailUrl":"https:\/\/departamentos.unileon.es\/area-historia-del-arte\/files\/2024\/06\/Foto.jpg","datePublished":"2024-06-08T10:04:55+00:00","dateModified":"2026-03-05T10:41:26+00:00","inLanguage":"es","potentialAction":[{"@type":"ReadAction","target":["https:\/\/departamentos.unileon.es\/area-historia-del-arte\/sanchez-requejo-daniel\/"]}]},{"@type":"ImageObject","inLanguage":"es","@id":"https:\/\/departamentos.unileon.es\/area-historia-del-arte\/sanchez-requejo-daniel\/#primaryimage","url":"https:\/\/departamentos.unileon.es\/area-historia-del-arte\/files\/2024\/06\/Foto.jpg","contentUrl":"https:\/\/departamentos.unileon.es\/area-historia-del-arte\/files\/2024\/06\/Foto.jpg","width":106,"height":160,"caption":"????????????????????????????????????"},{"@type":"WebSite","@id":"https:\/\/departamentos.unileon.es\/area-historia-del-arte\/#website","url":"https:\/\/departamentos.unileon.es\/area-historia-del-arte\/","name":"\u00c1rea de Historia del Arte","description":"p\u00e1gina de \u00c1rea de la Universidad de Le\u00f3n","potentialAction":[{"@type":"SearchAction","target":{"@type":"EntryPoint","urlTemplate":"https:\/\/departamentos.unileon.es\/area-historia-del-arte\/?s={search_term_string}"},"query-input":{"@type":"PropertyValueSpecification","valueRequired":true,"valueName":"search_term_string"}}],"inLanguage":"es"}]}},"_links":{"self":[{"href":"https:\/\/departamentos.unileon.es\/area-historia-del-arte\/wp-json\/wp\/v2\/pages\/1978","targetHints":{"allow":["GET"]}}],"collection":[{"href":"https:\/\/departamentos.unileon.es\/area-historia-del-arte\/wp-json\/wp\/v2\/pages"}],"about":[{"href":"https:\/\/departamentos.unileon.es\/area-historia-del-arte\/wp-json\/wp\/v2\/types\/page"}],"author":[{"embeddable":true,"href":"https:\/\/departamentos.unileon.es\/area-historia-del-arte\/wp-json\/wp\/v2\/users\/253"}],"replies":[{"embeddable":true,"href":"https:\/\/departamentos.unileon.es\/area-historia-del-arte\/wp-json\/wp\/v2\/comments?post=1978"}],"version-history":[{"count":5,"href":"https:\/\/departamentos.unileon.es\/area-historia-del-arte\/wp-json\/wp\/v2\/pages\/1978\/revisions"}],"predecessor-version":[{"id":2124,"href":"https:\/\/departamentos.unileon.es\/area-historia-del-arte\/wp-json\/wp\/v2\/pages\/1978\/revisions\/2124"}],"wp:attachment":[{"href":"https:\/\/departamentos.unileon.es\/area-historia-del-arte\/wp-json\/wp\/v2\/media?parent=1978"}],"curies":[{"name":"wp","href":"https:\/\/api.w.org\/{rel}","templated":true}]}}