{"id":1887,"date":"2024-01-26T20:13:43","date_gmt":"2024-01-26T20:13:43","guid":{"rendered":"https:\/\/departamentos.unileon.es\/area-historia-del-arte\/?page_id=1887"},"modified":"2024-06-06T12:20:05","modified_gmt":"2024-06-06T12:20:05","slug":"presentacion","status":"publish","type":"page","link":"https:\/\/departamentos.unileon.es\/area-historia-del-arte\/","title":{"rendered":"Presentaci\u00f3n"},"content":{"rendered":"\n<p><\/p>\n\n\n\n<p class=\"has-text-align-left\">El <strong>\u00c1rea de Historia del Arte <\/strong>del Departamento de Patrimonio Art\u00edstico y Documental est\u00e1 formada por tres Catedr\u00e1ticos de Universidad (uno de ellos Em\u00e9rito), cinco Titulares de Universidad, cuatro Contratados doctores, dos Ayudantes doctores, un Colaborador fijo, dos profesoras sustitutas y dos contratados predoctorales (FPI y ULE), cuya labor docente e investigadora se desarrolla en diferentes \u00e1mbitos de la Historia del Arte.<\/p>\n\n\n\n<p><\/p>\n\n\n\n<p><\/p>\n\n\n<p style=\"text-align: center;\">Coordinadora de \u00c1rea: Noelia Fern\u00e1ndez Garc\u00eda<\/p>\n<p>\u00a0<\/p>\n\n<p style=\"text-align: center;\"><strong>LOCALIZACI\u00d3N<\/strong><\/p>\n<p style=\"text-align: center;\">Departamento de Patrimonio Art\u00edstico y Documental<br \/>UNIVERSIDAD DE LE\u00d3N<br \/>Facultad de Filosof\u00eda y Letras<br \/>Campus de Vegazana, s\/n<br \/>24071 LE\u00d3N<\/p>\n<p style=\"text-align: center;\">tel\u00e9fono: 987291064<br \/>fax: 987291863<br \/>dpadadm@unileon.es<\/p>","protected":false},"excerpt":{"rendered":"<p>El \u00c1rea de Historia del Arte del Departamento de Patrimonio Art\u00edstico y Documental est\u00e1 formada por tres Catedr\u00e1ticos de Universidad (uno de ellos Em\u00e9rito), cinco Titulares de Universidad, cuatro Contratados doctores, dos Ayudantes doctores, un Colaborador fijo, dos profesoras sustitutas y dos contratados predoctorales (FPI y ULE), cuya labor docente e investigadora se desarrolla en [&hellip;]<\/p>\n","protected":false},"author":151,"featured_media":95,"parent":0,"menu_order":0,"comment_status":"closed","ping_status":"closed","template":"","meta":{"ngg_post_thumbnail":0,"footnotes":""},"class_list":["post-1887","page","type-page","status-publish","has-post-thumbnail","hentry"],"yoast_head":"<!-- This site is optimized with the Yoast SEO plugin v25.8 - https:\/\/yoast.com\/wordpress\/plugins\/seo\/ -->\n<title>Presentaci\u00f3n - \u00c1rea de Historia del Arte<\/title>\n<meta name=\"robots\" content=\"index, follow, max-snippet:-1, max-image-preview:large, max-video-preview:-1\" \/>\n<link rel=\"canonical\" href=\"https:\/\/departamentos.unileon.es\/area-historia-del-arte\/\" \/>\n<meta property=\"og:locale\" content=\"es_ES\" \/>\n<meta property=\"og:type\" content=\"article\" \/>\n<meta property=\"og:title\" content=\"Presentaci\u00f3n - \u00c1rea de Historia del Arte\" \/>\n<meta property=\"og:description\" content=\"El \u00c1rea de Historia del Arte del Departamento de Patrimonio Art\u00edstico y Documental est\u00e1 formada por tres Catedr\u00e1ticos de Universidad (uno de ellos Em\u00e9rito), cinco Titulares de Universidad, cuatro Contratados doctores, dos Ayudantes doctores, un Colaborador fijo, dos profesoras sustitutas y dos contratados predoctorales (FPI y ULE), cuya labor docente e investigadora se desarrolla en [&hellip;]\" \/>\n<meta property=\"og:url\" content=\"https:\/\/departamentos.unileon.es\/area-historia-del-arte\/\" \/>\n<meta property=\"og:site_name\" content=\"\u00c1rea de Historia del Arte\" \/>\n<meta property=\"article:modified_time\" content=\"2024-06-06T12:20:05+00:00\" \/>\n<meta property=\"og:image\" content=\"https:\/\/departamentos.unileon.es\/area-historia-del-arte\/files\/2017\/01\/Sin-t\u00edtulo-2-e1706702409465.jpg\" \/>\n\t<meta property=\"og:image:width\" content=\"650\" \/>\n\t<meta property=\"og:image:height\" content=\"132\" \/>\n\t<meta property=\"og:image:type\" content=\"image\/jpeg\" \/>\n<meta name=\"twitter:card\" content=\"summary_large_image\" \/>\n<meta name=\"twitter:label1\" content=\"Tiempo de lectura\" \/>\n\t<meta name=\"twitter:data1\" content=\"1 minuto\" \/>\n<script type=\"application\/ld+json\" class=\"yoast-schema-graph\">{\"@context\":\"https:\/\/schema.org\",\"@graph\":[{\"@type\":\"WebPage\",\"@id\":\"https:\/\/departamentos.unileon.es\/area-historia-del-arte\/\",\"url\":\"https:\/\/departamentos.unileon.es\/area-historia-del-arte\/\",\"name\":\"Presentaci\u00f3n - \u00c1rea de Historia del Arte\",\"isPartOf\":{\"@id\":\"https:\/\/departamentos.unileon.es\/area-historia-del-arte\/#website\"},\"primaryImageOfPage\":{\"@id\":\"https:\/\/departamentos.unileon.es\/area-historia-del-arte\/#primaryimage\"},\"image\":{\"@id\":\"https:\/\/departamentos.unileon.es\/area-historia-del-arte\/#primaryimage\"},\"thumbnailUrl\":\"https:\/\/departamentos.unileon.es\/area-historia-del-arte\/files\/2017\/01\/Sin-t\u00edtulo-2-e1706702409465.jpg\",\"datePublished\":\"2024-01-26T20:13:43+00:00\",\"dateModified\":\"2024-06-06T12:20:05+00:00\",\"inLanguage\":\"es\",\"potentialAction\":[{\"@type\":\"ReadAction\",\"target\":[\"https:\/\/departamentos.unileon.es\/area-historia-del-arte\/\"]}]},{\"@type\":\"ImageObject\",\"inLanguage\":\"es\",\"@id\":\"https:\/\/departamentos.unileon.es\/area-historia-del-arte\/#primaryimage\",\"url\":\"https:\/\/departamentos.unileon.es\/area-historia-del-arte\/files\/2017\/01\/Sin-t\u00edtulo-2-e1706702409465.jpg\",\"contentUrl\":\"https:\/\/departamentos.unileon.es\/area-historia-del-arte\/files\/2017\/01\/Sin-t\u00edtulo-2-e1706702409465.jpg\",\"width\":650,\"height\":132},{\"@type\":\"WebSite\",\"@id\":\"https:\/\/departamentos.unileon.es\/area-historia-del-arte\/#website\",\"url\":\"https:\/\/departamentos.unileon.es\/area-historia-del-arte\/\",\"name\":\"\u00c1rea de Historia del Arte\",\"description\":\"p\u00e1gina de \u00c1rea de la Universidad de Le\u00f3n\",\"potentialAction\":[{\"@type\":\"SearchAction\",\"target\":{\"@type\":\"EntryPoint\",\"urlTemplate\":\"https:\/\/departamentos.unileon.es\/area-historia-del-arte\/?s={search_term_string}\"},\"query-input\":{\"@type\":\"PropertyValueSpecification\",\"valueRequired\":true,\"valueName\":\"search_term_string\"}}],\"inLanguage\":\"es\"}]}<\/script>\n<!-- \/ Yoast SEO plugin. -->","yoast_head_json":{"title":"Presentaci\u00f3n - \u00c1rea de Historia del Arte","robots":{"index":"index","follow":"follow","max-snippet":"max-snippet:-1","max-image-preview":"max-image-preview:large","max-video-preview":"max-video-preview:-1"},"canonical":"https:\/\/departamentos.unileon.es\/area-historia-del-arte\/","og_locale":"es_ES","og_type":"article","og_title":"Presentaci\u00f3n - \u00c1rea de Historia del Arte","og_description":"El \u00c1rea de Historia del Arte del Departamento de Patrimonio Art\u00edstico y Documental est\u00e1 formada por tres Catedr\u00e1ticos de Universidad (uno de ellos Em\u00e9rito), cinco Titulares de Universidad, cuatro Contratados doctores, dos Ayudantes doctores, un Colaborador fijo, dos profesoras sustitutas y dos contratados predoctorales (FPI y ULE), cuya labor docente e investigadora se desarrolla en [&hellip;]","og_url":"https:\/\/departamentos.unileon.es\/area-historia-del-arte\/","og_site_name":"\u00c1rea de Historia del Arte","article_modified_time":"2024-06-06T12:20:05+00:00","og_image":[{"width":650,"height":132,"url":"https:\/\/departamentos.unileon.es\/area-historia-del-arte\/files\/2017\/01\/Sin-t\u00edtulo-2-e1706702409465.jpg","type":"image\/jpeg"}],"twitter_card":"summary_large_image","twitter_misc":{"Tiempo de lectura":"1 minuto"},"schema":{"@context":"https:\/\/schema.org","@graph":[{"@type":"WebPage","@id":"https:\/\/departamentos.unileon.es\/area-historia-del-arte\/","url":"https:\/\/departamentos.unileon.es\/area-historia-del-arte\/","name":"Presentaci\u00f3n - \u00c1rea de Historia del Arte","isPartOf":{"@id":"https:\/\/departamentos.unileon.es\/area-historia-del-arte\/#website"},"primaryImageOfPage":{"@id":"https:\/\/departamentos.unileon.es\/area-historia-del-arte\/#primaryimage"},"image":{"@id":"https:\/\/departamentos.unileon.es\/area-historia-del-arte\/#primaryimage"},"thumbnailUrl":"https:\/\/departamentos.unileon.es\/area-historia-del-arte\/files\/2017\/01\/Sin-t\u00edtulo-2-e1706702409465.jpg","datePublished":"2024-01-26T20:13:43+00:00","dateModified":"2024-06-06T12:20:05+00:00","inLanguage":"es","potentialAction":[{"@type":"ReadAction","target":["https:\/\/departamentos.unileon.es\/area-historia-del-arte\/"]}]},{"@type":"ImageObject","inLanguage":"es","@id":"https:\/\/departamentos.unileon.es\/area-historia-del-arte\/#primaryimage","url":"https:\/\/departamentos.unileon.es\/area-historia-del-arte\/files\/2017\/01\/Sin-t\u00edtulo-2-e1706702409465.jpg","contentUrl":"https:\/\/departamentos.unileon.es\/area-historia-del-arte\/files\/2017\/01\/Sin-t\u00edtulo-2-e1706702409465.jpg","width":650,"height":132},{"@type":"WebSite","@id":"https:\/\/departamentos.unileon.es\/area-historia-del-arte\/#website","url":"https:\/\/departamentos.unileon.es\/area-historia-del-arte\/","name":"\u00c1rea de Historia del Arte","description":"p\u00e1gina de \u00c1rea de la Universidad de Le\u00f3n","potentialAction":[{"@type":"SearchAction","target":{"@type":"EntryPoint","urlTemplate":"https:\/\/departamentos.unileon.es\/area-historia-del-arte\/?s={search_term_string}"},"query-input":{"@type":"PropertyValueSpecification","valueRequired":true,"valueName":"search_term_string"}}],"inLanguage":"es"}]}},"_links":{"self":[{"href":"https:\/\/departamentos.unileon.es\/area-historia-del-arte\/wp-json\/wp\/v2\/pages\/1887","targetHints":{"allow":["GET"]}}],"collection":[{"href":"https:\/\/departamentos.unileon.es\/area-historia-del-arte\/wp-json\/wp\/v2\/pages"}],"about":[{"href":"https:\/\/departamentos.unileon.es\/area-historia-del-arte\/wp-json\/wp\/v2\/types\/page"}],"author":[{"embeddable":true,"href":"https:\/\/departamentos.unileon.es\/area-historia-del-arte\/wp-json\/wp\/v2\/users\/151"}],"replies":[{"embeddable":true,"href":"https:\/\/departamentos.unileon.es\/area-historia-del-arte\/wp-json\/wp\/v2\/comments?post=1887"}],"version-history":[{"count":30,"href":"https:\/\/departamentos.unileon.es\/area-historia-del-arte\/wp-json\/wp\/v2\/pages\/1887\/revisions"}],"predecessor-version":[{"id":2017,"href":"https:\/\/departamentos.unileon.es\/area-historia-del-arte\/wp-json\/wp\/v2\/pages\/1887\/revisions\/2017"}],"wp:featuredmedia":[{"embeddable":true,"href":"https:\/\/departamentos.unileon.es\/area-historia-del-arte\/wp-json\/wp\/v2\/media\/95"}],"wp:attachment":[{"href":"https:\/\/departamentos.unileon.es\/area-historia-del-arte\/wp-json\/wp\/v2\/media?parent=1887"}],"curies":[{"name":"wp","href":"https:\/\/api.w.org\/{rel}","templated":true}]}}