{"id":1862,"date":"2024-01-23T17:58:11","date_gmt":"2024-01-23T17:58:11","guid":{"rendered":"https:\/\/departamentos.unileon.es\/area-historia-del-arte\/?page_id=1862"},"modified":"2024-09-26T06:05:27","modified_gmt":"2024-09-26T06:05:27","slug":"congreso-nacional-de-innovacion-docente-en-historia-del-arte","status":"publish","type":"page","link":"https:\/\/departamentos.unileon.es\/area-historia-del-arte\/congreso-nacional-de-innovacion-docente-en-historia-del-arte\/","title":{"rendered":"Congreso Nacional de Innovaci\u00f3n Docente en Historia del Arte"},"content":{"rendered":"\n<p><strong><span style=\"color: #0000ff;\">Sal\u00f3n de Grados, Facultad de Filosof\u00eda y Letras<\/span><\/strong>. <strong><span style=\"color: #ff6600;\">Le\u00f3n, 26 y 27 de septiembre, 2024<\/span><\/strong><\/p>\n\n\n\n\n\n\n\n<figure class=\"wp-block-image size-large\"><img loading=\"lazy\" decoding=\"async\" width=\"724\" height=\"1024\" src=\"https:\/\/departamentos.unileon.es\/area-historia-del-arte\/files\/2024\/09\/cartel-congreso-ID-HA_page-0001-724x1024.jpg\" alt=\"\" class=\"wp-image-2064\" srcset=\"https:\/\/departamentos.unileon.es\/area-historia-del-arte\/files\/2024\/09\/cartel-congreso-ID-HA_page-0001-724x1024.jpg 724w, https:\/\/departamentos.unileon.es\/area-historia-del-arte\/files\/2024\/09\/cartel-congreso-ID-HA_page-0001-212x300.jpg 212w, https:\/\/departamentos.unileon.es\/area-historia-del-arte\/files\/2024\/09\/cartel-congreso-ID-HA_page-0001-768x1086.jpg 768w, https:\/\/departamentos.unileon.es\/area-historia-del-arte\/files\/2024\/09\/cartel-congreso-ID-HA_page-0001-1086x1536.jpg 1086w, https:\/\/departamentos.unileon.es\/area-historia-del-arte\/files\/2024\/09\/cartel-congreso-ID-HA_page-0001.jpg 1240w\" sizes=\"auto, (max-width: 724px) 100vw, 724px\" \/><\/figure>\n\n\n\n<p><strong>Introducci\u00f3n y objetivos<\/strong><\/p>\n\n\n\n<div class=\"wp-block-group\"><div class=\"wp-block-group__inner-container is-layout-constrained wp-block-group-is-layout-constrained\">\n<p>En el pasado mes de septiembre de 2023 el Grupo de Innovaci\u00f3n Docente Id-Arte <a href=\"https:\/\/departamentos.unileon.es\/area-historia-del-arte\/innovacion-docente\/\">(GID ULE 058)<\/a> de la Universidad de Le\u00f3n organiz\u00f3, en colaboraci\u00f3n con el Comit\u00e9 Espa\u00f1ol de Historia del Arte (CEHA), el webinar titulado <a href=\"https:\/\/arteceha.es\/webminar-ceha-ule-experiencias-en-torno-a-la-innovacion-docente-en-historia-del-arte\/\">\u201cExperiencias en torno a la innovaci\u00f3n docente en Historia del Arte\u201d<\/a>, en el que diferentes profesores con una dilatada trayectoria compartieron sus experiencias y resultados en la aplicaci\u00f3n de pedagog\u00edas activas en la ense\u00f1anza universitaria de la Historia del Arte.<\/p>\n\n\n\n<p>A partir de los debates generados en aquel entorno virtual, y tras advertir la necesidad de un marco m\u00e1s amplio como punto de encuentro para profesionales de la disciplina, el pr\u00f3ximo Congreso Nacional de Innovaci\u00f3n Docente en Historia del Arte pretende constituirse como un foro que permita a docentes de distintas instituciones universitarias espa\u00f1olas intercambiar sus metodolog\u00edas y experiencias pedag\u00f3gicas para analizar el camino recorrido en las \u00faltimas d\u00e9cadas, as\u00ed como establecer el punto de partida de cara a retos futuros. En este sentido, se ha previsto abordar cuestiones como:<\/p>\n\n\n\n<ol start=\"1\" class=\"wp-block-list\">\n<li>Nuevos m\u00e9todos de ense\u00f1anza<\/li>\n\n\n\n<li>Profesionalizaci\u00f3n del alumnado<\/li>\n\n\n\n<li>Gamificaci\u00f3n como recurso educativo<\/li>\n\n\n\n<li>Integraci\u00f3n de las Humanidades Digitales y Nuevas Tecnolog\u00edas<\/li>\n\n\n\n<li>Tutorizaci\u00f3n y seguimiento del proceso de aprendizaje<\/li>\n\n\n\n<li>Aplicaci\u00f3n de los Objetivos de Desarrollo Sostenible<\/li>\n\n\n\n<li>Transferencia de la innovaci\u00f3n docente<\/li>\n\n\n\n<li>Desarrollo de competencias transversales<\/li>\n<\/ol>\n\n\n\n<p><a><\/a>A trav\u00e9s de tres ponencias marco, un amplio bloque de comunicaciones, la presentaci\u00f3n de p\u00f3steres y la celebraci\u00f3n de actividades complementarias se tratar\u00e1 de reflexionar sobre la innovaci\u00f3n docente en las aulas universitarias, su desarrollo tras su destacable impulso en el contexto de la implantaci\u00f3n del Proceso de Bolonia y del Espacio Europeo de Educaci\u00f3n Superior en el Sistema Universitario Espa\u00f1ol y sus perspectivas de futuro. As\u00ed, se espera recibir contribuciones sobre los proyectos, las experiencias y las conclusiones alcanzadas por el profesorado universitario de la Historia del Arte para generar un amplio debate sobre las estrategias metodol\u00f3gicas aplicadas y sus resultados a nivel de conocimientos y competencias.<\/p>\n\n\n\n<p><a><\/a><strong>Presentaci\u00f3n de contribuciones<\/strong><\/p>\n\n\n\n<p>El congreso contempla la posibilidad de intervenir bajo dos modalidades: comunicaci\u00f3n y p\u00f3ster. En ambos casos, el comit\u00e9 cient\u00edfico tendr\u00e1 en cuenta la calidad e idoneidad de aquellas contribuciones que aporten informaci\u00f3n relevante sobre la implementaci\u00f3n y desarrollo de la innovaci\u00f3n docente en la docencia universitaria de la disciplina, siguiendo los puntos de inter\u00e9s anteriormente expuestos.<\/p>\n\n\n\n<p>Adicionalmente, tras la finalizaci\u00f3n del congreso, la direcci\u00f3n cient\u00edfica invitar\u00e1 a los autores de aquellas contribuciones de mayor relevancia e inter\u00e9s para el \u00e1mbito de estudio (tanto en la modalidad comunicaci\u00f3n como p\u00f3ster) a participar en la publicaci\u00f3n de su trabajo en una monograf\u00eda colectiva de una editorial de prestigio contemplada en el \u00edndice SPI.<\/p>\n\n\n\n<p>Para el env\u00edo de las propuestas y posterior inscripci\u00f3n deben seguirse las siguientes instrucciones:<\/p>\n\n\n\n<ol start=\"1\" class=\"wp-block-list\">\n<li>Los autores deber\u00e1n enviar un resumen de los trabajos y una breve rese\u00f1a curricular (hasta 2000 caracteres en ambos casos, espacios inclusive) a trav\u00e9s del <a href=\"https:\/\/docs.google.com\/forms\/d\/e\/1FAIpQLSf3GkaI7qB39wgVf8Zez8v6u8fnqOJHcQszbYM1kHm8ESwItQ\/viewform?usp=sf_link\">formulario<\/a> habilitado a tal efecto antes del d\u00eda <strong>31 de mayo de 2024<\/strong>. Tras realizar el env\u00edo recibir\u00e1n un comprobante automatizado a la direcci\u00f3n de correo electr\u00f3nico del autor principal de la propuesta.<\/li>\n\n\n\n<li>A lo largo del mes de junio la coordinaci\u00f3n del congreso comunicar\u00e1 a los autores si su propuesta ha sido aceptada o rechazada, as\u00ed como las posibles sugerencias de mejora que se estimen en caso de que sea considerado.<\/li>\n\n\n\n<li>Los autores cuya propuesta haya sido seleccionada deber\u00e1n realizar la inscripci\u00f3n para finalizar correctamente su admisi\u00f3n en el congreso. En el caso de los trabajos firmados por varios autores, la Universidad de Le\u00f3n solamente certificar\u00e1 a aquellos que hayan completado la inscripci\u00f3n.<\/li>\n<\/ol>\n\n\n\n<p>Al ser un congreso que se celebrar\u00e1 presencialmente en la ciudad de Le\u00f3n, al menos uno de los autores de la contribuci\u00f3n deber\u00e1 personarse para su exposici\u00f3n p\u00fablica, no estando contemplada la participaci\u00f3n virtual.<\/p>\n\n\n\n<p>Aquellos participantes que presenten una propuesta en la modalidad de p\u00f3ster cient\u00edfico, deber\u00e1n tener en cuenta las siguientes indicaciones. El dise\u00f1o del p\u00f3ster es libre, pero deber\u00e1 ser editado obligatoriamente en formato DIN A0 vertical (841 x 1189 mm). Este deber\u00e1 incluir con claridad en su dise\u00f1o el t\u00edtulo del congreso, el logo de la Universidad de Le\u00f3n (<a href=\"https:\/\/www.unileon.es\/ficheros\/informacion_general\/id_visual_corporativa\/logotipos_2023\/png\/logotipo-universidad-de-leon-01.png\">formato PNG<\/a>), el del GID Id-Arte (<a href=\"https:\/\/drive.google.com\/file\/d\/1tq4WZsnlLjqcaLMkLn2hlzkXdhDzjCjz\/view\">formato PNG<\/a>) y el de las instituciones de adscripci\u00f3n del autor. Una vez aceptada la propuesta estos deber\u00e1n ser impresos por sus respectivos autores para posteriormente enviarlos a la secretar\u00eda administrativa del Departamento de Patrimonio Art\u00edstico y Documental (direcci\u00f3n completa en el siguiente apartado) entre el 1 y 15 de septiembre de 2024. Una vez finalizado el congreso, el autor podr\u00e1 retirar su p\u00f3ster si as\u00ed lo desea.<\/p>\n\n\n\n<p><strong>Inscripci\u00f3n<\/strong><\/p>\n\n\n\n<p>Con el fin de fomentar el debate acad\u00e9mico y promover el avance y la especializaci\u00f3n de la disciplina, la direcci\u00f3n cient\u00edfica ha estipulado unas tasas de inscripci\u00f3n accesibles a cualquier profesional interesado. Estas ser\u00e1n las siguientes:<\/p>\n\n\n\n<ul class=\"wp-block-list\">\n<li>Contribuciones (comunicaci\u00f3n o p\u00f3ster): 30\u20ac<\/li>\n\n\n\n<li>Asistencia: 20\u20ac<\/li>\n<\/ul>\n\n\n\n<p>Por otro lado, tanto para modalidad de contribuci\u00f3n como la de asistencia es posible acogerse a una de las siguientes reducciones:<\/p>\n\n\n\n<ul class=\"wp-block-list\">\n<li>Miembros de la ULE: 10\u20ac<\/li>\n\n\n\n<li>Alumnos ULE: 10\u20ac<\/li>\n\n\n\n<li>Desempleados: 10\u20ac<\/li>\n<\/ul>\n\n\n\n<p><strong>Plazos de inscripci\u00f3n<\/strong><\/p>\n\n\n\n<ul class=\"wp-block-list\">\n<li>Comunicantes: 31 de julio de 2024<\/li>\n\n\n\n<li>Asistentes: 23 de septiembre de 2024<\/li>\n<\/ul>\n\n\n\n<p>Inscripciones <a href=\"https:\/\/extensionuniversitaria.unileon.es\/euniversitaria\/curso.aspx?id=2914\">aqu\u00ed<\/a><\/p>\n\n\n\n<p>Por otro lado, se ha solicitado el reconocimiento de 1 cr\u00e9dito ECTS para los alumnos de grado de la Universidad de Le\u00f3n que quieran convalidar el congreso como actividad formativa en su curr\u00edculo acad\u00e9mico. Para su consecuci\u00f3n, adem\u00e1s de exigir la asistencia al menos al 80% de las sesiones presenciales, los alumnos deber\u00e1n realizar un ejercicio sobre las intervenciones para demostrar los resultados del aprendizaje adquiridos (al inicio de la primera jornada se facilitar\u00e1n las instrucciones).<\/p>\n\n\n\n<p><strong>Informaci\u00f3n de inter\u00e9s<\/strong><\/p>\n\n\n\n<p>Fecha del congreso: 26 y 27 de septiembre de 2024<\/p>\n\n\n\n<p>Direcci\u00f3n cient\u00edfica: Javier Casti\u00f1eiras L\u00f3pez, Noelia Fern\u00e1ndez Garc\u00eda y V\u00edctor Rabasco Garc\u00eda (Universidad de Le\u00f3n)<\/p>\n\n\n\n<p>Comit\u00e9 cient\u00edfico: Gerardo Boto Varela (Universitat de Girona), Marta Serrano Coll (Universitat Rovira i Virgili), Mar\u00eda Pilar Garc\u00eda Cuetos (Universidad de Oviedo), Diana Luc\u00eda G\u00f3mez-Chac\u00f3n (Universidad Complutense de Madrid) y Mar\u00eda Dolores Teijeira Pablos (Universidad de Le\u00f3n)<\/p>\n\n\n\n<p>Entidad organizadora: Grupo de Innovaci\u00f3n Docente Id-Arte (GID ULE 058) de la Universidad de Le\u00f3n<\/p>\n\n\n\n<p>En colaboraci\u00f3n con: Departamento de Patrimonio Art\u00edstico y Monumental, Facultad de Filosof\u00eda y Letras, Universidad de Le\u00f3n, Comit\u00e9 Espa\u00f1ol de Historia del Arte (CEHA) y Red Tem\u00e1tica Ars Mediaevalis (RED2022-134758-T)<\/p>\n\n\n\n<p>Sede del congreso: Facultad de Filosof\u00eda y Letras, Universidad de Le\u00f3n, Campus de Vegazana, s\/n. 24071, Le\u00f3n<\/p>\n\n\n\n<p>Contacto: <a href=\"mailto:idarte@unileon.es\">idarte@unileon.es<\/a><\/p>\n\n\n\n<p><strong>Documentos relacionados<\/strong><\/p>\n\n\n\n<p><a href=\"https:\/\/departamentos.unileon.es\/area-historia-del-arte\/files\/2024\/09\/cartel-congreso-ID-HA.pdf\" target=\"_blank\" rel=\"noreferrer noopener\">Cartel del congreso (PDF)<\/a><\/p>\n\n\n\n<p><a href=\"https:\/\/departamentos.unileon.es\/area-historia-del-arte\/files\/2024\/09\/Programa-de-mano-2.pdf\">Programa del congreso<\/a><\/p>\n\n\n\n<p><a href=\"https:\/\/departamentos.unileon.es\/area-historia-del-arte\/files\/2024\/09\/Libro-de-resumenes.pdf\">Libro de res\u00famenes<\/a><\/p>\n<\/div><\/div>\n","protected":false},"excerpt":{"rendered":"<p>Sal\u00f3n de Grados, Facultad de Filosof\u00eda y Letras. Le\u00f3n, 26 y 27 de septiembre, 2024 Introducci\u00f3n y objetivos En el pasado mes de septiembre de 2023 el Grupo de Innovaci\u00f3n Docente Id-Arte (GID ULE 058) de la Universidad de Le\u00f3n organiz\u00f3, en colaboraci\u00f3n con el Comit\u00e9 Espa\u00f1ol de Historia del Arte (CEHA), el webinar titulado [&hellip;]<\/p>\n","protected":false},"author":151,"featured_media":0,"parent":0,"menu_order":0,"comment_status":"closed","ping_status":"closed","template":"","meta":{"ngg_post_thumbnail":0,"footnotes":""},"class_list":["post-1862","page","type-page","status-publish","hentry"],"yoast_head":"<!-- This site is optimized with the Yoast SEO plugin v25.8 - https:\/\/yoast.com\/wordpress\/plugins\/seo\/ -->\n<title>Congreso Nacional de Innovaci\u00f3n Docente en Historia del Arte - \u00c1rea de Historia del Arte<\/title>\n<meta name=\"robots\" content=\"index, follow, max-snippet:-1, max-image-preview:large, max-video-preview:-1\" \/>\n<link rel=\"canonical\" href=\"https:\/\/departamentos.unileon.es\/area-historia-del-arte\/congreso-nacional-de-innovacion-docente-en-historia-del-arte\/\" \/>\n<meta property=\"og:locale\" content=\"es_ES\" \/>\n<meta property=\"og:type\" content=\"article\" \/>\n<meta property=\"og:title\" content=\"Congreso Nacional de Innovaci\u00f3n Docente en Historia del Arte - \u00c1rea de Historia del Arte\" \/>\n<meta property=\"og:description\" content=\"Sal\u00f3n de Grados, Facultad de Filosof\u00eda y Letras. Le\u00f3n, 26 y 27 de septiembre, 2024 Introducci\u00f3n y objetivos En el pasado mes de septiembre de 2023 el Grupo de Innovaci\u00f3n Docente Id-Arte (GID ULE 058) de la Universidad de Le\u00f3n organiz\u00f3, en colaboraci\u00f3n con el Comit\u00e9 Espa\u00f1ol de Historia del Arte (CEHA), el webinar titulado [&hellip;]\" \/>\n<meta property=\"og:url\" content=\"https:\/\/departamentos.unileon.es\/area-historia-del-arte\/congreso-nacional-de-innovacion-docente-en-historia-del-arte\/\" \/>\n<meta property=\"og:site_name\" content=\"\u00c1rea de Historia del Arte\" \/>\n<meta property=\"article:modified_time\" content=\"2024-09-26T06:05:27+00:00\" \/>\n<meta property=\"og:image\" content=\"https:\/\/departamentos.unileon.es\/area-historia-del-arte\/files\/2024\/09\/cartel-congreso-ID-HA_page-0001-724x1024.jpg\" \/>\n<meta name=\"twitter:card\" content=\"summary_large_image\" \/>\n<meta name=\"twitter:label1\" content=\"Tiempo de lectura\" \/>\n\t<meta name=\"twitter:data1\" content=\"6 minutos\" \/>\n<script type=\"application\/ld+json\" class=\"yoast-schema-graph\">{\"@context\":\"https:\/\/schema.org\",\"@graph\":[{\"@type\":\"WebPage\",\"@id\":\"https:\/\/departamentos.unileon.es\/area-historia-del-arte\/congreso-nacional-de-innovacion-docente-en-historia-del-arte\/\",\"url\":\"https:\/\/departamentos.unileon.es\/area-historia-del-arte\/congreso-nacional-de-innovacion-docente-en-historia-del-arte\/\",\"name\":\"Congreso Nacional de Innovaci\u00f3n Docente en Historia del Arte - \u00c1rea de Historia del Arte\",\"isPartOf\":{\"@id\":\"https:\/\/departamentos.unileon.es\/area-historia-del-arte\/#website\"},\"primaryImageOfPage\":{\"@id\":\"https:\/\/departamentos.unileon.es\/area-historia-del-arte\/congreso-nacional-de-innovacion-docente-en-historia-del-arte\/#primaryimage\"},\"image\":{\"@id\":\"https:\/\/departamentos.unileon.es\/area-historia-del-arte\/congreso-nacional-de-innovacion-docente-en-historia-del-arte\/#primaryimage\"},\"thumbnailUrl\":\"https:\/\/departamentos.unileon.es\/area-historia-del-arte\/files\/2024\/09\/cartel-congreso-ID-HA_page-0001-724x1024.jpg\",\"datePublished\":\"2024-01-23T17:58:11+00:00\",\"dateModified\":\"2024-09-26T06:05:27+00:00\",\"inLanguage\":\"es\",\"potentialAction\":[{\"@type\":\"ReadAction\",\"target\":[\"https:\/\/departamentos.unileon.es\/area-historia-del-arte\/congreso-nacional-de-innovacion-docente-en-historia-del-arte\/\"]}]},{\"@type\":\"ImageObject\",\"inLanguage\":\"es\",\"@id\":\"https:\/\/departamentos.unileon.es\/area-historia-del-arte\/congreso-nacional-de-innovacion-docente-en-historia-del-arte\/#primaryimage\",\"url\":\"https:\/\/departamentos.unileon.es\/area-historia-del-arte\/files\/2024\/09\/cartel-congreso-ID-HA_page-0001.jpg\",\"contentUrl\":\"https:\/\/departamentos.unileon.es\/area-historia-del-arte\/files\/2024\/09\/cartel-congreso-ID-HA_page-0001.jpg\",\"width\":1240,\"height\":1754},{\"@type\":\"WebSite\",\"@id\":\"https:\/\/departamentos.unileon.es\/area-historia-del-arte\/#website\",\"url\":\"https:\/\/departamentos.unileon.es\/area-historia-del-arte\/\",\"name\":\"\u00c1rea de Historia del Arte\",\"description\":\"p\u00e1gina de \u00c1rea de la Universidad de Le\u00f3n\",\"potentialAction\":[{\"@type\":\"SearchAction\",\"target\":{\"@type\":\"EntryPoint\",\"urlTemplate\":\"https:\/\/departamentos.unileon.es\/area-historia-del-arte\/?s={search_term_string}\"},\"query-input\":{\"@type\":\"PropertyValueSpecification\",\"valueRequired\":true,\"valueName\":\"search_term_string\"}}],\"inLanguage\":\"es\"}]}<\/script>\n<!-- \/ Yoast SEO plugin. -->","yoast_head_json":{"title":"Congreso Nacional de Innovaci\u00f3n Docente en Historia del Arte - \u00c1rea de Historia del Arte","robots":{"index":"index","follow":"follow","max-snippet":"max-snippet:-1","max-image-preview":"max-image-preview:large","max-video-preview":"max-video-preview:-1"},"canonical":"https:\/\/departamentos.unileon.es\/area-historia-del-arte\/congreso-nacional-de-innovacion-docente-en-historia-del-arte\/","og_locale":"es_ES","og_type":"article","og_title":"Congreso Nacional de Innovaci\u00f3n Docente en Historia del Arte - \u00c1rea de Historia del Arte","og_description":"Sal\u00f3n de Grados, Facultad de Filosof\u00eda y Letras. Le\u00f3n, 26 y 27 de septiembre, 2024 Introducci\u00f3n y objetivos En el pasado mes de septiembre de 2023 el Grupo de Innovaci\u00f3n Docente Id-Arte (GID ULE 058) de la Universidad de Le\u00f3n organiz\u00f3, en colaboraci\u00f3n con el Comit\u00e9 Espa\u00f1ol de Historia del Arte (CEHA), el webinar titulado [&hellip;]","og_url":"https:\/\/departamentos.unileon.es\/area-historia-del-arte\/congreso-nacional-de-innovacion-docente-en-historia-del-arte\/","og_site_name":"\u00c1rea de Historia del Arte","article_modified_time":"2024-09-26T06:05:27+00:00","og_image":[{"url":"https:\/\/departamentos.unileon.es\/area-historia-del-arte\/files\/2024\/09\/cartel-congreso-ID-HA_page-0001-724x1024.jpg","type":"","width":"","height":""}],"twitter_card":"summary_large_image","twitter_misc":{"Tiempo de lectura":"6 minutos"},"schema":{"@context":"https:\/\/schema.org","@graph":[{"@type":"WebPage","@id":"https:\/\/departamentos.unileon.es\/area-historia-del-arte\/congreso-nacional-de-innovacion-docente-en-historia-del-arte\/","url":"https:\/\/departamentos.unileon.es\/area-historia-del-arte\/congreso-nacional-de-innovacion-docente-en-historia-del-arte\/","name":"Congreso Nacional de Innovaci\u00f3n Docente en Historia del Arte - \u00c1rea de Historia del Arte","isPartOf":{"@id":"https:\/\/departamentos.unileon.es\/area-historia-del-arte\/#website"},"primaryImageOfPage":{"@id":"https:\/\/departamentos.unileon.es\/area-historia-del-arte\/congreso-nacional-de-innovacion-docente-en-historia-del-arte\/#primaryimage"},"image":{"@id":"https:\/\/departamentos.unileon.es\/area-historia-del-arte\/congreso-nacional-de-innovacion-docente-en-historia-del-arte\/#primaryimage"},"thumbnailUrl":"https:\/\/departamentos.unileon.es\/area-historia-del-arte\/files\/2024\/09\/cartel-congreso-ID-HA_page-0001-724x1024.jpg","datePublished":"2024-01-23T17:58:11+00:00","dateModified":"2024-09-26T06:05:27+00:00","inLanguage":"es","potentialAction":[{"@type":"ReadAction","target":["https:\/\/departamentos.unileon.es\/area-historia-del-arte\/congreso-nacional-de-innovacion-docente-en-historia-del-arte\/"]}]},{"@type":"ImageObject","inLanguage":"es","@id":"https:\/\/departamentos.unileon.es\/area-historia-del-arte\/congreso-nacional-de-innovacion-docente-en-historia-del-arte\/#primaryimage","url":"https:\/\/departamentos.unileon.es\/area-historia-del-arte\/files\/2024\/09\/cartel-congreso-ID-HA_page-0001.jpg","contentUrl":"https:\/\/departamentos.unileon.es\/area-historia-del-arte\/files\/2024\/09\/cartel-congreso-ID-HA_page-0001.jpg","width":1240,"height":1754},{"@type":"WebSite","@id":"https:\/\/departamentos.unileon.es\/area-historia-del-arte\/#website","url":"https:\/\/departamentos.unileon.es\/area-historia-del-arte\/","name":"\u00c1rea de Historia del Arte","description":"p\u00e1gina de \u00c1rea de la Universidad de Le\u00f3n","potentialAction":[{"@type":"SearchAction","target":{"@type":"EntryPoint","urlTemplate":"https:\/\/departamentos.unileon.es\/area-historia-del-arte\/?s={search_term_string}"},"query-input":{"@type":"PropertyValueSpecification","valueRequired":true,"valueName":"search_term_string"}}],"inLanguage":"es"}]}},"_links":{"self":[{"href":"https:\/\/departamentos.unileon.es\/area-historia-del-arte\/wp-json\/wp\/v2\/pages\/1862","targetHints":{"allow":["GET"]}}],"collection":[{"href":"https:\/\/departamentos.unileon.es\/area-historia-del-arte\/wp-json\/wp\/v2\/pages"}],"about":[{"href":"https:\/\/departamentos.unileon.es\/area-historia-del-arte\/wp-json\/wp\/v2\/types\/page"}],"author":[{"embeddable":true,"href":"https:\/\/departamentos.unileon.es\/area-historia-del-arte\/wp-json\/wp\/v2\/users\/151"}],"replies":[{"embeddable":true,"href":"https:\/\/departamentos.unileon.es\/area-historia-del-arte\/wp-json\/wp\/v2\/comments?post=1862"}],"version-history":[{"count":18,"href":"https:\/\/departamentos.unileon.es\/area-historia-del-arte\/wp-json\/wp\/v2\/pages\/1862\/revisions"}],"predecessor-version":[{"id":2081,"href":"https:\/\/departamentos.unileon.es\/area-historia-del-arte\/wp-json\/wp\/v2\/pages\/1862\/revisions\/2081"}],"wp:attachment":[{"href":"https:\/\/departamentos.unileon.es\/area-historia-del-arte\/wp-json\/wp\/v2\/media?parent=1862"}],"curies":[{"name":"wp","href":"https:\/\/api.w.org\/{rel}","templated":true}]}}