{"id":1826,"date":"2023-05-11T15:27:39","date_gmt":"2023-05-11T15:27:39","guid":{"rendered":"https:\/\/departamentos.unileon.es\/area-historia-del-arte\/?page_id=1826"},"modified":"2023-05-19T18:28:31","modified_gmt":"2023-05-19T18:28:31","slug":"del-aula-al-museo-2023","status":"publish","type":"page","link":"https:\/\/departamentos.unileon.es\/area-historia-del-arte\/del-aula-al-museo-2023\/","title":{"rendered":"Del Aula al Museo (2023)"},"content":{"rendered":"\n<p><a href=\"https:\/\/departamentos.unileon.es\/area-historia-del-arte\/del-aula-al-museo-2023\/cartel-dia-de-los-museos-general-2\/\" rel=\"attachment wp-att-1837\"><img loading=\"lazy\" decoding=\"async\" class=\"alignleft size-large wp-image-1837\" src=\"http:\/\/departamentos.unileon.es\/area-historia-del-arte\/files\/2023\/05\/cartel-dia-de-los-museos-general-e1683819366976-1024x724.jpg\" alt=\"\" width=\"640\" height=\"453\"><\/a><\/p>\n\n\n\n<p>La actividad\u00a0<strong>Del Aula al Museo<\/strong>, desarrollada por el Grupo de Innovaci\u00f3n Docente en el a\u00f1o 2023 en el\u00a0marco del<em>\u00a0Plan de Colaboraci\u00f3n entre la Universidad de Le\u00f3n y los Museos leoneses<\/em>, con ocasi\u00f3n de la celebraci\u00f3n del\u00a0<strong>D\u00eda Internacional de los Museos \u00abMuseos, sostenibilidad y bienestar\u00bb<\/strong>, present\u00f3 una serie de novedades con respecto a las ediciones anteriores.<\/p>\n\n\n\n<p>Los trabajos presentados en esta edici\u00f3n estuvieron vinculados a las pr\u00e1cticas realizadas en las asignaturas<em>\u00a0de Arte del Renacimiento espa\u00f1ol<\/em>\u00a0y\u00a0<em>Arte Contempor\u00e1neo espa\u00f1ol\u00a0<\/em>del Grado en Historia del Arte de la Universidad de Le\u00f3n, y se llevaron a cabo en el marco del Museo de Le\u00f3n (sede del edificio Pallar\u00e9s) y en el escenario urbano de la ciudad de Le\u00f3n, respectivamente.<\/p>\n\n\n\n<p>Para la primera de las actividades, los estudiantes de la asignatura de Renacimiento espa\u00f1ol elaboraron unas fichas catalogr\u00e1ficas siguiendo los campos del Sistema Integrado de Documentaci\u00f3n y Gesti\u00f3n Museogr\u00e1fica\u00a0<em>Domus<\/em> desarrollado por el Ministerio, cuyos resultados se expusieron p\u00fablicamente en el Museo de Le\u00f3n el d\u00eda 18 de mayo con las piezas seleccionadas de <em>La quema de los libros de san Gregorio Magno <\/em>(presentada por Blanca Mar\u00eda Ramos P\u00e9rez) y <em>san Jer\u00f3nimo en el desierto<\/em> (presentada por Berenice Aizcorbe Santisteban).<\/p>\n\n\n\n<p><a href=\"http:\/\/departamentos.unileon.es\/area-historia-del-arte\/files\/2023\/05\/cartel-dia-de-los-museos-3.pdf\" target=\"_blank\" rel=\"noreferrer noopener\">cartel de la actividad<\/a><\/p>\n\n\n\n<p>El d\u00eda 19 de mayo se llev\u00f3 a cabo la segunda de las actividades, un recorrido comentado por las fuentes monumentales construidas para la ciudad en la \u00e9poca de la Ilustraci\u00f3n. Una aproximaci\u00f3n a los principios est\u00e9ticos y urban\u00edsticos de su tiempo presentados a trav\u00e9s de los an\u00e1lisis de la\u00a0<em>Fuente de San Isidoro\u00a0<\/em>(presentada por Gabriela Heras Gonz\u00e1lez), la\u00a0<em>Fuente de San Marcelo<\/em>\u00a0( presentada por \u00c1lvaro Mart\u00ednez Cid), la\u00a0<em>Fuente de la plaza del Grano<\/em>\u00a0(presentada por Daniel Santos Ramos) y la\u00a0<em>Fuente de Neptuno<\/em>\u00a0(presentada por Adri\u00e1n Celis Crespo).<\/p>\n\n\n\n<p><a href=\"http:\/\/departamentos.unileon.es\/area-historia-del-arte\/files\/2023\/05\/cartel-dia-de-los-museos-2.pdf\" target=\"_blank\" rel=\"noreferrer noopener\">cartel de la actividad<\/a><\/p>\n\n\n","protected":false},"excerpt":{"rendered":"<p>La actividad\u00a0Del Aula al Museo, desarrollada por el Grupo de Innovaci\u00f3n Docente en el a\u00f1o 2023 en el\u00a0marco del\u00a0Plan de Colaboraci\u00f3n entre la Universidad de Le\u00f3n y los Museos leoneses, con ocasi\u00f3n de la celebraci\u00f3n del\u00a0D\u00eda Internacional de los Museos \u00abMuseos, sostenibilidad y bienestar\u00bb, present\u00f3 una serie de novedades con respecto a las ediciones anteriores. [&hellip;]<\/p>\n","protected":false},"author":151,"featured_media":0,"parent":0,"menu_order":0,"comment_status":"closed","ping_status":"closed","template":"","meta":{"ngg_post_thumbnail":0,"footnotes":""},"class_list":["post-1826","page","type-page","status-publish","hentry"],"yoast_head":"<!-- This site is optimized with the Yoast SEO plugin v25.8 - https:\/\/yoast.com\/wordpress\/plugins\/seo\/ -->\n<title>Del Aula al Museo (2023) - \u00c1rea de Historia del Arte<\/title>\n<meta name=\"robots\" content=\"index, follow, max-snippet:-1, max-image-preview:large, max-video-preview:-1\" \/>\n<link rel=\"canonical\" href=\"https:\/\/departamentos.unileon.es\/area-historia-del-arte\/del-aula-al-museo-2023\/\" \/>\n<meta property=\"og:locale\" content=\"es_ES\" \/>\n<meta property=\"og:type\" content=\"article\" \/>\n<meta property=\"og:title\" content=\"Del Aula al Museo (2023) - \u00c1rea de Historia del Arte\" \/>\n<meta property=\"og:description\" content=\"La actividad\u00a0Del Aula al Museo, desarrollada por el Grupo de Innovaci\u00f3n Docente en el a\u00f1o 2023 en el\u00a0marco del\u00a0Plan de Colaboraci\u00f3n entre la Universidad de Le\u00f3n y los Museos leoneses, con ocasi\u00f3n de la celebraci\u00f3n del\u00a0D\u00eda Internacional de los Museos \u00abMuseos, sostenibilidad y bienestar\u00bb, present\u00f3 una serie de novedades con respecto a las ediciones anteriores. [&hellip;]\" \/>\n<meta property=\"og:url\" content=\"https:\/\/departamentos.unileon.es\/area-historia-del-arte\/del-aula-al-museo-2023\/\" \/>\n<meta property=\"og:site_name\" content=\"\u00c1rea de Historia del Arte\" \/>\n<meta property=\"article:modified_time\" content=\"2023-05-19T18:28:31+00:00\" \/>\n<meta property=\"og:image\" content=\"http:\/\/departamentos.unileon.es\/area-historia-del-arte\/files\/2023\/05\/cartel-dia-de-los-museos-general-e1683819366976-1024x724.jpg\" \/>\n<meta name=\"twitter:card\" content=\"summary_large_image\" \/>\n<meta name=\"twitter:label1\" content=\"Tiempo de lectura\" \/>\n\t<meta name=\"twitter:data1\" content=\"2 minutos\" \/>\n<script type=\"application\/ld+json\" class=\"yoast-schema-graph\">{\"@context\":\"https:\/\/schema.org\",\"@graph\":[{\"@type\":\"WebPage\",\"@id\":\"https:\/\/departamentos.unileon.es\/area-historia-del-arte\/del-aula-al-museo-2023\/\",\"url\":\"https:\/\/departamentos.unileon.es\/area-historia-del-arte\/del-aula-al-museo-2023\/\",\"name\":\"Del Aula al Museo (2023) - \u00c1rea de Historia del Arte\",\"isPartOf\":{\"@id\":\"https:\/\/departamentos.unileon.es\/area-historia-del-arte\/#website\"},\"primaryImageOfPage\":{\"@id\":\"https:\/\/departamentos.unileon.es\/area-historia-del-arte\/del-aula-al-museo-2023\/#primaryimage\"},\"image\":{\"@id\":\"https:\/\/departamentos.unileon.es\/area-historia-del-arte\/del-aula-al-museo-2023\/#primaryimage\"},\"thumbnailUrl\":\"http:\/\/departamentos.unileon.es\/area-historia-del-arte\/files\/2023\/05\/cartel-dia-de-los-museos-general-e1683819366976-1024x724.jpg\",\"datePublished\":\"2023-05-11T15:27:39+00:00\",\"dateModified\":\"2023-05-19T18:28:31+00:00\",\"inLanguage\":\"es\",\"potentialAction\":[{\"@type\":\"ReadAction\",\"target\":[\"https:\/\/departamentos.unileon.es\/area-historia-del-arte\/del-aula-al-museo-2023\/\"]}]},{\"@type\":\"ImageObject\",\"inLanguage\":\"es\",\"@id\":\"https:\/\/departamentos.unileon.es\/area-historia-del-arte\/del-aula-al-museo-2023\/#primaryimage\",\"url\":\"http:\/\/departamentos.unileon.es\/area-historia-del-arte\/files\/2023\/05\/cartel-dia-de-los-museos-general-e1683819366976-1024x724.jpg\",\"contentUrl\":\"http:\/\/departamentos.unileon.es\/area-historia-del-arte\/files\/2023\/05\/cartel-dia-de-los-museos-general-e1683819366976-1024x724.jpg\"},{\"@type\":\"WebSite\",\"@id\":\"https:\/\/departamentos.unileon.es\/area-historia-del-arte\/#website\",\"url\":\"https:\/\/departamentos.unileon.es\/area-historia-del-arte\/\",\"name\":\"\u00c1rea de Historia del Arte\",\"description\":\"p\u00e1gina de \u00c1rea de la Universidad de Le\u00f3n\",\"potentialAction\":[{\"@type\":\"SearchAction\",\"target\":{\"@type\":\"EntryPoint\",\"urlTemplate\":\"https:\/\/departamentos.unileon.es\/area-historia-del-arte\/?s={search_term_string}\"},\"query-input\":{\"@type\":\"PropertyValueSpecification\",\"valueRequired\":true,\"valueName\":\"search_term_string\"}}],\"inLanguage\":\"es\"}]}<\/script>\n<!-- \/ Yoast SEO plugin. -->","yoast_head_json":{"title":"Del Aula al Museo (2023) - \u00c1rea de Historia del Arte","robots":{"index":"index","follow":"follow","max-snippet":"max-snippet:-1","max-image-preview":"max-image-preview:large","max-video-preview":"max-video-preview:-1"},"canonical":"https:\/\/departamentos.unileon.es\/area-historia-del-arte\/del-aula-al-museo-2023\/","og_locale":"es_ES","og_type":"article","og_title":"Del Aula al Museo (2023) - \u00c1rea de Historia del Arte","og_description":"La actividad\u00a0Del Aula al Museo, desarrollada por el Grupo de Innovaci\u00f3n Docente en el a\u00f1o 2023 en el\u00a0marco del\u00a0Plan de Colaboraci\u00f3n entre la Universidad de Le\u00f3n y los Museos leoneses, con ocasi\u00f3n de la celebraci\u00f3n del\u00a0D\u00eda Internacional de los Museos \u00abMuseos, sostenibilidad y bienestar\u00bb, present\u00f3 una serie de novedades con respecto a las ediciones anteriores. [&hellip;]","og_url":"https:\/\/departamentos.unileon.es\/area-historia-del-arte\/del-aula-al-museo-2023\/","og_site_name":"\u00c1rea de Historia del Arte","article_modified_time":"2023-05-19T18:28:31+00:00","og_image":[{"url":"http:\/\/departamentos.unileon.es\/area-historia-del-arte\/files\/2023\/05\/cartel-dia-de-los-museos-general-e1683819366976-1024x724.jpg","type":"","width":"","height":""}],"twitter_card":"summary_large_image","twitter_misc":{"Tiempo de lectura":"2 minutos"},"schema":{"@context":"https:\/\/schema.org","@graph":[{"@type":"WebPage","@id":"https:\/\/departamentos.unileon.es\/area-historia-del-arte\/del-aula-al-museo-2023\/","url":"https:\/\/departamentos.unileon.es\/area-historia-del-arte\/del-aula-al-museo-2023\/","name":"Del Aula al Museo (2023) - \u00c1rea de Historia del Arte","isPartOf":{"@id":"https:\/\/departamentos.unileon.es\/area-historia-del-arte\/#website"},"primaryImageOfPage":{"@id":"https:\/\/departamentos.unileon.es\/area-historia-del-arte\/del-aula-al-museo-2023\/#primaryimage"},"image":{"@id":"https:\/\/departamentos.unileon.es\/area-historia-del-arte\/del-aula-al-museo-2023\/#primaryimage"},"thumbnailUrl":"http:\/\/departamentos.unileon.es\/area-historia-del-arte\/files\/2023\/05\/cartel-dia-de-los-museos-general-e1683819366976-1024x724.jpg","datePublished":"2023-05-11T15:27:39+00:00","dateModified":"2023-05-19T18:28:31+00:00","inLanguage":"es","potentialAction":[{"@type":"ReadAction","target":["https:\/\/departamentos.unileon.es\/area-historia-del-arte\/del-aula-al-museo-2023\/"]}]},{"@type":"ImageObject","inLanguage":"es","@id":"https:\/\/departamentos.unileon.es\/area-historia-del-arte\/del-aula-al-museo-2023\/#primaryimage","url":"http:\/\/departamentos.unileon.es\/area-historia-del-arte\/files\/2023\/05\/cartel-dia-de-los-museos-general-e1683819366976-1024x724.jpg","contentUrl":"http:\/\/departamentos.unileon.es\/area-historia-del-arte\/files\/2023\/05\/cartel-dia-de-los-museos-general-e1683819366976-1024x724.jpg"},{"@type":"WebSite","@id":"https:\/\/departamentos.unileon.es\/area-historia-del-arte\/#website","url":"https:\/\/departamentos.unileon.es\/area-historia-del-arte\/","name":"\u00c1rea de Historia del Arte","description":"p\u00e1gina de \u00c1rea de la Universidad de Le\u00f3n","potentialAction":[{"@type":"SearchAction","target":{"@type":"EntryPoint","urlTemplate":"https:\/\/departamentos.unileon.es\/area-historia-del-arte\/?s={search_term_string}"},"query-input":{"@type":"PropertyValueSpecification","valueRequired":true,"valueName":"search_term_string"}}],"inLanguage":"es"}]}},"_links":{"self":[{"href":"https:\/\/departamentos.unileon.es\/area-historia-del-arte\/wp-json\/wp\/v2\/pages\/1826","targetHints":{"allow":["GET"]}}],"collection":[{"href":"https:\/\/departamentos.unileon.es\/area-historia-del-arte\/wp-json\/wp\/v2\/pages"}],"about":[{"href":"https:\/\/departamentos.unileon.es\/area-historia-del-arte\/wp-json\/wp\/v2\/types\/page"}],"author":[{"embeddable":true,"href":"https:\/\/departamentos.unileon.es\/area-historia-del-arte\/wp-json\/wp\/v2\/users\/151"}],"replies":[{"embeddable":true,"href":"https:\/\/departamentos.unileon.es\/area-historia-del-arte\/wp-json\/wp\/v2\/comments?post=1826"}],"version-history":[{"count":16,"href":"https:\/\/departamentos.unileon.es\/area-historia-del-arte\/wp-json\/wp\/v2\/pages\/1826\/revisions"}],"predecessor-version":[{"id":1859,"href":"https:\/\/departamentos.unileon.es\/area-historia-del-arte\/wp-json\/wp\/v2\/pages\/1826\/revisions\/1859"}],"wp:attachment":[{"href":"https:\/\/departamentos.unileon.es\/area-historia-del-arte\/wp-json\/wp\/v2\/media?parent=1826"}],"curies":[{"name":"wp","href":"https:\/\/api.w.org\/{rel}","templated":true}]}}