{"id":1806,"date":"2023-03-08T18:29:40","date_gmt":"2023-03-08T18:29:40","guid":{"rendered":"https:\/\/departamentos.unileon.es\/area-historia-del-arte\/?page_id=1806"},"modified":"2026-03-17T09:25:32","modified_gmt":"2026-03-17T09:25:32","slug":"otros-productos-audiovisuales","status":"publish","type":"page","link":"https:\/\/departamentos.unileon.es\/area-historia-del-arte\/otros-productos-audiovisuales\/","title":{"rendered":"otros productos audiovisuales"},"content":{"rendered":"\n<p><\/p>\n\n\n\n<ul style=\"list-style-type: square;\">\n<li>Joaqu\u00edn Garc\u00eda Nistal e Iv\u00e1n Rega Castro, <a href=\"https:\/\/www.youtube.com\/watch?v=f3ZUuMJPQUQ\" target=\"_blank\" rel=\"noopener\"><span style=\"color: #ff9900;\">\u00abABP para potenciar las competencias profesionales en el Grado de Historia del Arte: experiencias en la asignatura de Metodolog\u00edas y Cr\u00edtica de Arte\u00bb<\/span><\/a>, <strong>ponencia online<\/strong> presentada en eI <em>Congreso internacional i-DEA. Investigaci\u00f3n Did\u00e1ctica y Estudios Curriculares Avanzados para la Educaci\u00f3n y la Ciudadan\u00eda<\/em>\u00bb. 6 y 7 de octubre de 2022.<\/li>\n<\/ul>\n","protected":false},"excerpt":{"rendered":"<p>Joaqu\u00edn Garc\u00eda Nistal e Iv\u00e1n Rega Castro, \u00abABP para potenciar las competencias profesionales en el Grado de Historia del Arte: experiencias en la asignatura de Metodolog\u00edas y Cr\u00edtica de Arte\u00bb, ponencia online presentada en eI Congreso internacional i-DEA. Investigaci\u00f3n Did\u00e1ctica y Estudios Curriculares Avanzados para la Educaci\u00f3n y la Ciudadan\u00eda\u00bb. 6 y 7 de octubre [&hellip;]<\/p>\n","protected":false},"author":151,"featured_media":0,"parent":0,"menu_order":0,"comment_status":"closed","ping_status":"closed","template":"","meta":{"ngg_post_thumbnail":0,"footnotes":""},"class_list":["post-1806","page","type-page","status-publish","hentry"],"yoast_head":"<!-- This site is optimized with the Yoast SEO plugin v25.8 - https:\/\/yoast.com\/wordpress\/plugins\/seo\/ -->\n<title>otros productos audiovisuales - \u00c1rea de Historia del Arte<\/title>\n<meta name=\"robots\" content=\"index, follow, max-snippet:-1, max-image-preview:large, max-video-preview:-1\" \/>\n<link rel=\"canonical\" href=\"https:\/\/departamentos.unileon.es\/area-historia-del-arte\/otros-productos-audiovisuales\/\" \/>\n<meta property=\"og:locale\" content=\"es_ES\" \/>\n<meta property=\"og:type\" content=\"article\" \/>\n<meta property=\"og:title\" content=\"otros productos audiovisuales - \u00c1rea de Historia del Arte\" \/>\n<meta property=\"og:description\" content=\"Joaqu\u00edn Garc\u00eda Nistal e Iv\u00e1n Rega Castro, \u00abABP para potenciar las competencias profesionales en el Grado de Historia del Arte: experiencias en la asignatura de Metodolog\u00edas y Cr\u00edtica de Arte\u00bb, ponencia online presentada en eI Congreso internacional i-DEA. Investigaci\u00f3n Did\u00e1ctica y Estudios Curriculares Avanzados para la Educaci\u00f3n y la Ciudadan\u00eda\u00bb. 6 y 7 de octubre [&hellip;]\" \/>\n<meta property=\"og:url\" content=\"https:\/\/departamentos.unileon.es\/area-historia-del-arte\/otros-productos-audiovisuales\/\" \/>\n<meta property=\"og:site_name\" content=\"\u00c1rea de Historia del Arte\" \/>\n<meta property=\"article:modified_time\" content=\"2026-03-17T09:25:32+00:00\" \/>\n<meta name=\"twitter:card\" content=\"summary_large_image\" \/>\n<meta name=\"twitter:label1\" content=\"Tiempo de lectura\" \/>\n\t<meta name=\"twitter:data1\" content=\"1 minuto\" \/>\n<script type=\"application\/ld+json\" class=\"yoast-schema-graph\">{\"@context\":\"https:\/\/schema.org\",\"@graph\":[{\"@type\":\"WebPage\",\"@id\":\"https:\/\/departamentos.unileon.es\/area-historia-del-arte\/otros-productos-audiovisuales\/\",\"url\":\"https:\/\/departamentos.unileon.es\/area-historia-del-arte\/otros-productos-audiovisuales\/\",\"name\":\"otros productos audiovisuales - \u00c1rea de Historia del Arte\",\"isPartOf\":{\"@id\":\"https:\/\/departamentos.unileon.es\/area-historia-del-arte\/#website\"},\"datePublished\":\"2023-03-08T18:29:40+00:00\",\"dateModified\":\"2026-03-17T09:25:32+00:00\",\"inLanguage\":\"es\",\"potentialAction\":[{\"@type\":\"ReadAction\",\"target\":[\"https:\/\/departamentos.unileon.es\/area-historia-del-arte\/otros-productos-audiovisuales\/\"]}]},{\"@type\":\"WebSite\",\"@id\":\"https:\/\/departamentos.unileon.es\/area-historia-del-arte\/#website\",\"url\":\"https:\/\/departamentos.unileon.es\/area-historia-del-arte\/\",\"name\":\"\u00c1rea de Historia del Arte\",\"description\":\"p\u00e1gina de \u00c1rea de la Universidad de Le\u00f3n\",\"potentialAction\":[{\"@type\":\"SearchAction\",\"target\":{\"@type\":\"EntryPoint\",\"urlTemplate\":\"https:\/\/departamentos.unileon.es\/area-historia-del-arte\/?s={search_term_string}\"},\"query-input\":{\"@type\":\"PropertyValueSpecification\",\"valueRequired\":true,\"valueName\":\"search_term_string\"}}],\"inLanguage\":\"es\"}]}<\/script>\n<!-- \/ Yoast SEO plugin. -->","yoast_head_json":{"title":"otros productos audiovisuales - \u00c1rea de Historia del Arte","robots":{"index":"index","follow":"follow","max-snippet":"max-snippet:-1","max-image-preview":"max-image-preview:large","max-video-preview":"max-video-preview:-1"},"canonical":"https:\/\/departamentos.unileon.es\/area-historia-del-arte\/otros-productos-audiovisuales\/","og_locale":"es_ES","og_type":"article","og_title":"otros productos audiovisuales - \u00c1rea de Historia del Arte","og_description":"Joaqu\u00edn Garc\u00eda Nistal e Iv\u00e1n Rega Castro, \u00abABP para potenciar las competencias profesionales en el Grado de Historia del Arte: experiencias en la asignatura de Metodolog\u00edas y Cr\u00edtica de Arte\u00bb, ponencia online presentada en eI Congreso internacional i-DEA. Investigaci\u00f3n Did\u00e1ctica y Estudios Curriculares Avanzados para la Educaci\u00f3n y la Ciudadan\u00eda\u00bb. 6 y 7 de octubre [&hellip;]","og_url":"https:\/\/departamentos.unileon.es\/area-historia-del-arte\/otros-productos-audiovisuales\/","og_site_name":"\u00c1rea de Historia del Arte","article_modified_time":"2026-03-17T09:25:32+00:00","twitter_card":"summary_large_image","twitter_misc":{"Tiempo de lectura":"1 minuto"},"schema":{"@context":"https:\/\/schema.org","@graph":[{"@type":"WebPage","@id":"https:\/\/departamentos.unileon.es\/area-historia-del-arte\/otros-productos-audiovisuales\/","url":"https:\/\/departamentos.unileon.es\/area-historia-del-arte\/otros-productos-audiovisuales\/","name":"otros productos audiovisuales - \u00c1rea de Historia del Arte","isPartOf":{"@id":"https:\/\/departamentos.unileon.es\/area-historia-del-arte\/#website"},"datePublished":"2023-03-08T18:29:40+00:00","dateModified":"2026-03-17T09:25:32+00:00","inLanguage":"es","potentialAction":[{"@type":"ReadAction","target":["https:\/\/departamentos.unileon.es\/area-historia-del-arte\/otros-productos-audiovisuales\/"]}]},{"@type":"WebSite","@id":"https:\/\/departamentos.unileon.es\/area-historia-del-arte\/#website","url":"https:\/\/departamentos.unileon.es\/area-historia-del-arte\/","name":"\u00c1rea de Historia del Arte","description":"p\u00e1gina de \u00c1rea de la Universidad de Le\u00f3n","potentialAction":[{"@type":"SearchAction","target":{"@type":"EntryPoint","urlTemplate":"https:\/\/departamentos.unileon.es\/area-historia-del-arte\/?s={search_term_string}"},"query-input":{"@type":"PropertyValueSpecification","valueRequired":true,"valueName":"search_term_string"}}],"inLanguage":"es"}]}},"_links":{"self":[{"href":"https:\/\/departamentos.unileon.es\/area-historia-del-arte\/wp-json\/wp\/v2\/pages\/1806","targetHints":{"allow":["GET"]}}],"collection":[{"href":"https:\/\/departamentos.unileon.es\/area-historia-del-arte\/wp-json\/wp\/v2\/pages"}],"about":[{"href":"https:\/\/departamentos.unileon.es\/area-historia-del-arte\/wp-json\/wp\/v2\/types\/page"}],"author":[{"embeddable":true,"href":"https:\/\/departamentos.unileon.es\/area-historia-del-arte\/wp-json\/wp\/v2\/users\/151"}],"replies":[{"embeddable":true,"href":"https:\/\/departamentos.unileon.es\/area-historia-del-arte\/wp-json\/wp\/v2\/comments?post=1806"}],"version-history":[{"count":5,"href":"https:\/\/departamentos.unileon.es\/area-historia-del-arte\/wp-json\/wp\/v2\/pages\/1806\/revisions"}],"predecessor-version":[{"id":2127,"href":"https:\/\/departamentos.unileon.es\/area-historia-del-arte\/wp-json\/wp\/v2\/pages\/1806\/revisions\/2127"}],"wp:attachment":[{"href":"https:\/\/departamentos.unileon.es\/area-historia-del-arte\/wp-json\/wp\/v2\/media?parent=1806"}],"curies":[{"name":"wp","href":"https:\/\/api.w.org\/{rel}","templated":true}]}}