{"id":1783,"date":"2023-03-08T17:38:14","date_gmt":"2023-03-08T17:38:14","guid":{"rendered":"https:\/\/departamentos.unileon.es\/area-historia-del-arte\/?page_id=1783"},"modified":"2023-03-08T17:38:15","modified_gmt":"2023-03-08T17:38:15","slug":"seminario-interuniversitario-de-innovacion-docente-para-la-profesionalizacion-del-historiador-del-arte","status":"publish","type":"page","link":"https:\/\/departamentos.unileon.es\/area-historia-del-arte\/seminario-interuniversitario-de-innovacion-docente-para-la-profesionalizacion-del-historiador-del-arte\/","title":{"rendered":"Seminario Interuniversitario de Innovaci\u00f3n Docente para la profesionalizaci\u00f3n del Historiador del Arte"},"content":{"rendered":"\n<p><a href=\"http:\/\/departamentos.unileon.es\/area-historia-del-arte\/files\/2023\/03\/Seminario-Innovacion-Docente-17-de-marzo.pdf\" target=\"_blank\" rel=\"noopener\"><span style=\"color: #ff6600;\">Descubre el futuro profesional de la investigaci\u00f3n<\/span><\/a><\/p>\n<p><a href=\"https:\/\/departamentos.unileon.es\/area-historia-del-arte\/seminario-interuniversitario-de-innovacion-docente-para-la-profesionalizacion-del-historiador-del-arte\/seminario-innovacion-docente-17-de-marzo\/\" rel=\"attachment wp-att-1781\"><img loading=\"lazy\" decoding=\"async\" class=\"size-medium wp-image-1781 alignleft\" src=\"http:\/\/departamentos.unileon.es\/area-historia-del-arte\/files\/2023\/03\/Seminario-Innovacion-Docente-17-de-marzo-300x169.jpg\" alt=\"\" width=\"300\" height=\"169\" srcset=\"https:\/\/departamentos.unileon.es\/area-historia-del-arte\/files\/2023\/03\/Seminario-Innovacion-Docente-17-de-marzo-300x169.jpg 300w, https:\/\/departamentos.unileon.es\/area-historia-del-arte\/files\/2023\/03\/Seminario-Innovacion-Docente-17-de-marzo-1024x576.jpg 1024w, https:\/\/departamentos.unileon.es\/area-historia-del-arte\/files\/2023\/03\/Seminario-Innovacion-Docente-17-de-marzo-768x432.jpg 768w, https:\/\/departamentos.unileon.es\/area-historia-del-arte\/files\/2023\/03\/Seminario-Innovacion-Docente-17-de-marzo-1536x864.jpg 1536w, https:\/\/departamentos.unileon.es\/area-historia-del-arte\/files\/2023\/03\/Seminario-Innovacion-Docente-17-de-marzo.jpg 2000w\" sizes=\"auto, (max-width: 300px) 100vw, 300px\" \/><\/a><\/p>\n<p>&nbsp;<\/p>\n","protected":false},"excerpt":{"rendered":"<p>Descubre el futuro profesional de la investigaci\u00f3n &nbsp;<\/p>\n","protected":false},"author":151,"featured_media":0,"parent":0,"menu_order":0,"comment_status":"closed","ping_status":"closed","template":"","meta":{"ngg_post_thumbnail":0,"footnotes":""},"class_list":["post-1783","page","type-page","status-publish","hentry"],"yoast_head":"<!-- This site is optimized with the Yoast SEO plugin v25.8 - https:\/\/yoast.com\/wordpress\/plugins\/seo\/ -->\n<title>Seminario Interuniversitario de Innovaci\u00f3n Docente para la profesionalizaci\u00f3n del Historiador del Arte - \u00c1rea de Historia del Arte<\/title>\n<meta name=\"robots\" content=\"index, follow, max-snippet:-1, max-image-preview:large, max-video-preview:-1\" \/>\n<link rel=\"canonical\" href=\"https:\/\/departamentos.unileon.es\/area-historia-del-arte\/seminario-interuniversitario-de-innovacion-docente-para-la-profesionalizacion-del-historiador-del-arte\/\" \/>\n<meta property=\"og:locale\" content=\"es_ES\" \/>\n<meta property=\"og:type\" content=\"article\" \/>\n<meta property=\"og:title\" content=\"Seminario Interuniversitario de Innovaci\u00f3n Docente para la profesionalizaci\u00f3n del Historiador del Arte - \u00c1rea de Historia del Arte\" \/>\n<meta property=\"og:description\" content=\"Descubre el futuro profesional de la investigaci\u00f3n &nbsp;\" \/>\n<meta property=\"og:url\" content=\"https:\/\/departamentos.unileon.es\/area-historia-del-arte\/seminario-interuniversitario-de-innovacion-docente-para-la-profesionalizacion-del-historiador-del-arte\/\" \/>\n<meta property=\"og:site_name\" content=\"\u00c1rea de Historia del Arte\" \/>\n<meta property=\"article:modified_time\" content=\"2023-03-08T17:38:15+00:00\" \/>\n<meta property=\"og:image\" content=\"http:\/\/departamentos.unileon.es\/area-historia-del-arte\/files\/2023\/03\/Seminario-Innovacion-Docente-17-de-marzo-300x169.jpg\" \/>\n<meta name=\"twitter:card\" content=\"summary_large_image\" \/>\n<meta name=\"twitter:label1\" content=\"Tiempo de lectura\" \/>\n\t<meta name=\"twitter:data1\" content=\"1 minuto\" \/>\n<script type=\"application\/ld+json\" class=\"yoast-schema-graph\">{\"@context\":\"https:\/\/schema.org\",\"@graph\":[{\"@type\":\"WebPage\",\"@id\":\"https:\/\/departamentos.unileon.es\/area-historia-del-arte\/seminario-interuniversitario-de-innovacion-docente-para-la-profesionalizacion-del-historiador-del-arte\/\",\"url\":\"https:\/\/departamentos.unileon.es\/area-historia-del-arte\/seminario-interuniversitario-de-innovacion-docente-para-la-profesionalizacion-del-historiador-del-arte\/\",\"name\":\"Seminario Interuniversitario de Innovaci\u00f3n Docente para la profesionalizaci\u00f3n del Historiador del Arte - \u00c1rea de Historia del Arte\",\"isPartOf\":{\"@id\":\"https:\/\/departamentos.unileon.es\/area-historia-del-arte\/#website\"},\"primaryImageOfPage\":{\"@id\":\"https:\/\/departamentos.unileon.es\/area-historia-del-arte\/seminario-interuniversitario-de-innovacion-docente-para-la-profesionalizacion-del-historiador-del-arte\/#primaryimage\"},\"image\":{\"@id\":\"https:\/\/departamentos.unileon.es\/area-historia-del-arte\/seminario-interuniversitario-de-innovacion-docente-para-la-profesionalizacion-del-historiador-del-arte\/#primaryimage\"},\"thumbnailUrl\":\"http:\/\/departamentos.unileon.es\/area-historia-del-arte\/files\/2023\/03\/Seminario-Innovacion-Docente-17-de-marzo-300x169.jpg\",\"datePublished\":\"2023-03-08T17:38:14+00:00\",\"dateModified\":\"2023-03-08T17:38:15+00:00\",\"inLanguage\":\"es\",\"potentialAction\":[{\"@type\":\"ReadAction\",\"target\":[\"https:\/\/departamentos.unileon.es\/area-historia-del-arte\/seminario-interuniversitario-de-innovacion-docente-para-la-profesionalizacion-del-historiador-del-arte\/\"]}]},{\"@type\":\"ImageObject\",\"inLanguage\":\"es\",\"@id\":\"https:\/\/departamentos.unileon.es\/area-historia-del-arte\/seminario-interuniversitario-de-innovacion-docente-para-la-profesionalizacion-del-historiador-del-arte\/#primaryimage\",\"url\":\"https:\/\/departamentos.unileon.es\/area-historia-del-arte\/files\/2023\/03\/Seminario-Innovacion-Docente-17-de-marzo.jpg\",\"contentUrl\":\"https:\/\/departamentos.unileon.es\/area-historia-del-arte\/files\/2023\/03\/Seminario-Innovacion-Docente-17-de-marzo.jpg\",\"width\":2000,\"height\":1125},{\"@type\":\"WebSite\",\"@id\":\"https:\/\/departamentos.unileon.es\/area-historia-del-arte\/#website\",\"url\":\"https:\/\/departamentos.unileon.es\/area-historia-del-arte\/\",\"name\":\"\u00c1rea de Historia del Arte\",\"description\":\"p\u00e1gina de \u00c1rea de la Universidad de Le\u00f3n\",\"potentialAction\":[{\"@type\":\"SearchAction\",\"target\":{\"@type\":\"EntryPoint\",\"urlTemplate\":\"https:\/\/departamentos.unileon.es\/area-historia-del-arte\/?s={search_term_string}\"},\"query-input\":{\"@type\":\"PropertyValueSpecification\",\"valueRequired\":true,\"valueName\":\"search_term_string\"}}],\"inLanguage\":\"es\"}]}<\/script>\n<!-- \/ Yoast SEO plugin. -->","yoast_head_json":{"title":"Seminario Interuniversitario de Innovaci\u00f3n Docente para la profesionalizaci\u00f3n del Historiador del Arte - \u00c1rea de Historia del Arte","robots":{"index":"index","follow":"follow","max-snippet":"max-snippet:-1","max-image-preview":"max-image-preview:large","max-video-preview":"max-video-preview:-1"},"canonical":"https:\/\/departamentos.unileon.es\/area-historia-del-arte\/seminario-interuniversitario-de-innovacion-docente-para-la-profesionalizacion-del-historiador-del-arte\/","og_locale":"es_ES","og_type":"article","og_title":"Seminario Interuniversitario de Innovaci\u00f3n Docente para la profesionalizaci\u00f3n del Historiador del Arte - \u00c1rea de Historia del Arte","og_description":"Descubre el futuro profesional de la investigaci\u00f3n &nbsp;","og_url":"https:\/\/departamentos.unileon.es\/area-historia-del-arte\/seminario-interuniversitario-de-innovacion-docente-para-la-profesionalizacion-del-historiador-del-arte\/","og_site_name":"\u00c1rea de Historia del Arte","article_modified_time":"2023-03-08T17:38:15+00:00","og_image":[{"url":"http:\/\/departamentos.unileon.es\/area-historia-del-arte\/files\/2023\/03\/Seminario-Innovacion-Docente-17-de-marzo-300x169.jpg","type":"","width":"","height":""}],"twitter_card":"summary_large_image","twitter_misc":{"Tiempo de lectura":"1 minuto"},"schema":{"@context":"https:\/\/schema.org","@graph":[{"@type":"WebPage","@id":"https:\/\/departamentos.unileon.es\/area-historia-del-arte\/seminario-interuniversitario-de-innovacion-docente-para-la-profesionalizacion-del-historiador-del-arte\/","url":"https:\/\/departamentos.unileon.es\/area-historia-del-arte\/seminario-interuniversitario-de-innovacion-docente-para-la-profesionalizacion-del-historiador-del-arte\/","name":"Seminario Interuniversitario de Innovaci\u00f3n Docente para la profesionalizaci\u00f3n del Historiador del Arte - \u00c1rea de Historia del Arte","isPartOf":{"@id":"https:\/\/departamentos.unileon.es\/area-historia-del-arte\/#website"},"primaryImageOfPage":{"@id":"https:\/\/departamentos.unileon.es\/area-historia-del-arte\/seminario-interuniversitario-de-innovacion-docente-para-la-profesionalizacion-del-historiador-del-arte\/#primaryimage"},"image":{"@id":"https:\/\/departamentos.unileon.es\/area-historia-del-arte\/seminario-interuniversitario-de-innovacion-docente-para-la-profesionalizacion-del-historiador-del-arte\/#primaryimage"},"thumbnailUrl":"http:\/\/departamentos.unileon.es\/area-historia-del-arte\/files\/2023\/03\/Seminario-Innovacion-Docente-17-de-marzo-300x169.jpg","datePublished":"2023-03-08T17:38:14+00:00","dateModified":"2023-03-08T17:38:15+00:00","inLanguage":"es","potentialAction":[{"@type":"ReadAction","target":["https:\/\/departamentos.unileon.es\/area-historia-del-arte\/seminario-interuniversitario-de-innovacion-docente-para-la-profesionalizacion-del-historiador-del-arte\/"]}]},{"@type":"ImageObject","inLanguage":"es","@id":"https:\/\/departamentos.unileon.es\/area-historia-del-arte\/seminario-interuniversitario-de-innovacion-docente-para-la-profesionalizacion-del-historiador-del-arte\/#primaryimage","url":"https:\/\/departamentos.unileon.es\/area-historia-del-arte\/files\/2023\/03\/Seminario-Innovacion-Docente-17-de-marzo.jpg","contentUrl":"https:\/\/departamentos.unileon.es\/area-historia-del-arte\/files\/2023\/03\/Seminario-Innovacion-Docente-17-de-marzo.jpg","width":2000,"height":1125},{"@type":"WebSite","@id":"https:\/\/departamentos.unileon.es\/area-historia-del-arte\/#website","url":"https:\/\/departamentos.unileon.es\/area-historia-del-arte\/","name":"\u00c1rea de Historia del Arte","description":"p\u00e1gina de \u00c1rea de la Universidad de Le\u00f3n","potentialAction":[{"@type":"SearchAction","target":{"@type":"EntryPoint","urlTemplate":"https:\/\/departamentos.unileon.es\/area-historia-del-arte\/?s={search_term_string}"},"query-input":{"@type":"PropertyValueSpecification","valueRequired":true,"valueName":"search_term_string"}}],"inLanguage":"es"}]}},"_links":{"self":[{"href":"https:\/\/departamentos.unileon.es\/area-historia-del-arte\/wp-json\/wp\/v2\/pages\/1783","targetHints":{"allow":["GET"]}}],"collection":[{"href":"https:\/\/departamentos.unileon.es\/area-historia-del-arte\/wp-json\/wp\/v2\/pages"}],"about":[{"href":"https:\/\/departamentos.unileon.es\/area-historia-del-arte\/wp-json\/wp\/v2\/types\/page"}],"author":[{"embeddable":true,"href":"https:\/\/departamentos.unileon.es\/area-historia-del-arte\/wp-json\/wp\/v2\/users\/151"}],"replies":[{"embeddable":true,"href":"https:\/\/departamentos.unileon.es\/area-historia-del-arte\/wp-json\/wp\/v2\/comments?post=1783"}],"version-history":[{"count":3,"href":"https:\/\/departamentos.unileon.es\/area-historia-del-arte\/wp-json\/wp\/v2\/pages\/1783\/revisions"}],"predecessor-version":[{"id":1787,"href":"https:\/\/departamentos.unileon.es\/area-historia-del-arte\/wp-json\/wp\/v2\/pages\/1783\/revisions\/1787"}],"wp:attachment":[{"href":"https:\/\/departamentos.unileon.es\/area-historia-del-arte\/wp-json\/wp\/v2\/media?parent=1783"}],"curies":[{"name":"wp","href":"https:\/\/api.w.org\/{rel}","templated":true}]}}