{"id":1726,"date":"2022-11-04T19:04:35","date_gmt":"2022-11-04T19:04:35","guid":{"rendered":"https:\/\/departamentos.unileon.es\/area-historia-del-arte\/?page_id=1726"},"modified":"2022-11-14T10:49:46","modified_gmt":"2022-11-14T10:49:46","slug":"1726-2","status":"publish","type":"page","link":"https:\/\/departamentos.unileon.es\/area-historia-del-arte\/1726-2\/","title":{"rendered":"Seminario de Innovaci\u00f3n Docente \u00abc\u00f3mo hacer un buen trabajo acad\u00e9mico. Herramientas b\u00e1sicas para el Historiador del Arte II\u00bb"},"content":{"rendered":"\n<p><span style=\"background-color: #ffffff; color: #0000ff;\">4 de noviembre de 2022 (Aula 20. Facultad Filosof\u00eda y Letras. Universidad de Le\u00f3n)<\/span><\/p>\n<p><span style=\"color: #ff6600;\">Seminario dirigido por la profesora M\u00aa Dolores Teijeira Pablos coin la colaboraci\u00f3n de alumnos del Grado en Historia del Arte<\/span><\/p>\n\n\n\n<p><a href=\"https:\/\/departamentos.unileon.es\/area-historia-del-arte\/cartel-seminario-herramientas-basicas-ii-2022-2\/\"><img loading=\"lazy\" decoding=\"async\" class=\"aligncenter  wp-image-1725\" src=\"http:\/\/departamentos.unileon.es\/area-historia-del-arte\/files\/2022\/11\/Cartel-Seminario-Herramientas-ba\u0301sicas-II-2022.jpg\" alt=\"\" width=\"735\" height=\"414\"><\/a><\/p>\n<p><a href=\"http:\/\/departamentos.unileon.es\/area-historia-del-arte\/files\/2022\/11\/Cartel-Seminario-Herramientas-basicas-II-2022.pdf\" target=\"_blank\" rel=\"noopener\"><span style=\"color: #0000ff;\">an\u00e1lisis de obras de arte y arquitectura elaborados por los estudiantes<\/span><\/a><\/p>\n<p><span style=\"color: #993366;\"><a style=\"color: #993366;\" href=\"http:\/\/departamentos.unileon.es\/area-historia-del-arte\/files\/2022\/11\/Presentacion-seminario.pdf\" target=\"_blank\" rel=\"noopener\">presentaci\u00f3n de im\u00e1genes elaborada por los estudiantes<\/a><\/span><\/p>\n<p style=\"text-align: center;\"><a href=\"https:\/\/departamentos.unileon.es\/area-historia-del-arte\/20221104_125838\/\"><img loading=\"lazy\" decoding=\"async\" class=\"aligncenter  wp-image-1719\" src=\"http:\/\/departamentos.unileon.es\/area-historia-del-arte\/files\/2022\/11\/20221104_125838.jpg\" alt=\"\" width=\"616\" height=\"462\"><em><span style=\"color: #000000;\">imagen de los estudiantes que colaboraron en el seminario en el aula 20 de la Facultad de Filosof\u00eda y Letras<\/span><\/em><\/a><\/p>\n","protected":false},"excerpt":{"rendered":"<p>4 de noviembre de 2022 (Aula 20. Facultad Filosof\u00eda y Letras. Universidad de Le\u00f3n) Seminario dirigido por la profesora M\u00aa Dolores Teijeira Pablos coin la colaboraci\u00f3n de alumnos del Grado en Historia del Arte an\u00e1lisis de obras de arte y arquitectura elaborados por los estudiantes presentaci\u00f3n de im\u00e1genes elaborada por los estudiantes imagen de los [&hellip;]<\/p>\n","protected":false},"author":151,"featured_media":0,"parent":0,"menu_order":0,"comment_status":"closed","ping_status":"closed","template":"","meta":{"ngg_post_thumbnail":0,"footnotes":""},"class_list":["post-1726","page","type-page","status-publish","hentry"],"yoast_head":"<!-- This site is optimized with the Yoast SEO plugin v25.8 - https:\/\/yoast.com\/wordpress\/plugins\/seo\/ -->\n<title>Seminario de Innovaci\u00f3n Docente \u00abc\u00f3mo hacer un buen trabajo acad\u00e9mico. Herramientas b\u00e1sicas para el Historiador del Arte II\u00bb - \u00c1rea de Historia del Arte<\/title>\n<meta name=\"robots\" content=\"index, follow, max-snippet:-1, max-image-preview:large, max-video-preview:-1\" \/>\n<link rel=\"canonical\" href=\"https:\/\/departamentos.unileon.es\/area-historia-del-arte\/1726-2\/\" \/>\n<meta property=\"og:locale\" content=\"es_ES\" \/>\n<meta property=\"og:type\" content=\"article\" \/>\n<meta property=\"og:title\" content=\"Seminario de Innovaci\u00f3n Docente \u00abc\u00f3mo hacer un buen trabajo acad\u00e9mico. Herramientas b\u00e1sicas para el Historiador del Arte II\u00bb - \u00c1rea de Historia del Arte\" \/>\n<meta property=\"og:description\" content=\"4 de noviembre de 2022 (Aula 20. Facultad Filosof\u00eda y Letras. Universidad de Le\u00f3n) Seminario dirigido por la profesora M\u00aa Dolores Teijeira Pablos coin la colaboraci\u00f3n de alumnos del Grado en Historia del Arte an\u00e1lisis de obras de arte y arquitectura elaborados por los estudiantes presentaci\u00f3n de im\u00e1genes elaborada por los estudiantes imagen de los [&hellip;]\" \/>\n<meta property=\"og:url\" content=\"https:\/\/departamentos.unileon.es\/area-historia-del-arte\/1726-2\/\" \/>\n<meta property=\"og:site_name\" content=\"\u00c1rea de Historia del Arte\" \/>\n<meta property=\"article:modified_time\" content=\"2022-11-14T10:49:46+00:00\" \/>\n<meta property=\"og:image\" content=\"http:\/\/departamentos.unileon.es\/area-historia-del-arte\/files\/2022\/11\/20221104_125838.jpg\" \/>\n<meta name=\"twitter:card\" content=\"summary_large_image\" \/>\n<script type=\"application\/ld+json\" class=\"yoast-schema-graph\">{\"@context\":\"https:\/\/schema.org\",\"@graph\":[{\"@type\":\"WebPage\",\"@id\":\"https:\/\/departamentos.unileon.es\/area-historia-del-arte\/1726-2\/\",\"url\":\"https:\/\/departamentos.unileon.es\/area-historia-del-arte\/1726-2\/\",\"name\":\"Seminario de Innovaci\u00f3n Docente \u00abc\u00f3mo hacer un buen trabajo acad\u00e9mico. Herramientas b\u00e1sicas para el Historiador del Arte II\u00bb - \u00c1rea de Historia del Arte\",\"isPartOf\":{\"@id\":\"https:\/\/departamentos.unileon.es\/area-historia-del-arte\/#website\"},\"primaryImageOfPage\":{\"@id\":\"https:\/\/departamentos.unileon.es\/area-historia-del-arte\/1726-2\/#primaryimage\"},\"image\":{\"@id\":\"https:\/\/departamentos.unileon.es\/area-historia-del-arte\/1726-2\/#primaryimage\"},\"thumbnailUrl\":\"http:\/\/departamentos.unileon.es\/area-historia-del-arte\/files\/2022\/11\/20221104_125838.jpg\",\"datePublished\":\"2022-11-04T19:04:35+00:00\",\"dateModified\":\"2022-11-14T10:49:46+00:00\",\"inLanguage\":\"es\",\"potentialAction\":[{\"@type\":\"ReadAction\",\"target\":[\"https:\/\/departamentos.unileon.es\/area-historia-del-arte\/1726-2\/\"]}]},{\"@type\":\"ImageObject\",\"inLanguage\":\"es\",\"@id\":\"https:\/\/departamentos.unileon.es\/area-historia-del-arte\/1726-2\/#primaryimage\",\"url\":\"https:\/\/departamentos.unileon.es\/area-historia-del-arte\/files\/2022\/11\/20221104_125838.jpg\",\"contentUrl\":\"https:\/\/departamentos.unileon.es\/area-historia-del-arte\/files\/2022\/11\/20221104_125838.jpg\",\"width\":4624,\"height\":3468},{\"@type\":\"WebSite\",\"@id\":\"https:\/\/departamentos.unileon.es\/area-historia-del-arte\/#website\",\"url\":\"https:\/\/departamentos.unileon.es\/area-historia-del-arte\/\",\"name\":\"\u00c1rea de Historia del Arte\",\"description\":\"p\u00e1gina de \u00c1rea de la Universidad de Le\u00f3n\",\"potentialAction\":[{\"@type\":\"SearchAction\",\"target\":{\"@type\":\"EntryPoint\",\"urlTemplate\":\"https:\/\/departamentos.unileon.es\/area-historia-del-arte\/?s={search_term_string}\"},\"query-input\":{\"@type\":\"PropertyValueSpecification\",\"valueRequired\":true,\"valueName\":\"search_term_string\"}}],\"inLanguage\":\"es\"}]}<\/script>\n<!-- \/ Yoast SEO plugin. -->","yoast_head_json":{"title":"Seminario de Innovaci\u00f3n Docente \u00abc\u00f3mo hacer un buen trabajo acad\u00e9mico. Herramientas b\u00e1sicas para el Historiador del Arte II\u00bb - \u00c1rea de Historia del Arte","robots":{"index":"index","follow":"follow","max-snippet":"max-snippet:-1","max-image-preview":"max-image-preview:large","max-video-preview":"max-video-preview:-1"},"canonical":"https:\/\/departamentos.unileon.es\/area-historia-del-arte\/1726-2\/","og_locale":"es_ES","og_type":"article","og_title":"Seminario de Innovaci\u00f3n Docente \u00abc\u00f3mo hacer un buen trabajo acad\u00e9mico. Herramientas b\u00e1sicas para el Historiador del Arte II\u00bb - \u00c1rea de Historia del Arte","og_description":"4 de noviembre de 2022 (Aula 20. Facultad Filosof\u00eda y Letras. Universidad de Le\u00f3n) Seminario dirigido por la profesora M\u00aa Dolores Teijeira Pablos coin la colaboraci\u00f3n de alumnos del Grado en Historia del Arte an\u00e1lisis de obras de arte y arquitectura elaborados por los estudiantes presentaci\u00f3n de im\u00e1genes elaborada por los estudiantes imagen de los [&hellip;]","og_url":"https:\/\/departamentos.unileon.es\/area-historia-del-arte\/1726-2\/","og_site_name":"\u00c1rea de Historia del Arte","article_modified_time":"2022-11-14T10:49:46+00:00","og_image":[{"url":"http:\/\/departamentos.unileon.es\/area-historia-del-arte\/files\/2022\/11\/20221104_125838.jpg","type":"","width":"","height":""}],"twitter_card":"summary_large_image","schema":{"@context":"https:\/\/schema.org","@graph":[{"@type":"WebPage","@id":"https:\/\/departamentos.unileon.es\/area-historia-del-arte\/1726-2\/","url":"https:\/\/departamentos.unileon.es\/area-historia-del-arte\/1726-2\/","name":"Seminario de Innovaci\u00f3n Docente \u00abc\u00f3mo hacer un buen trabajo acad\u00e9mico. Herramientas b\u00e1sicas para el Historiador del Arte II\u00bb - \u00c1rea de Historia del Arte","isPartOf":{"@id":"https:\/\/departamentos.unileon.es\/area-historia-del-arte\/#website"},"primaryImageOfPage":{"@id":"https:\/\/departamentos.unileon.es\/area-historia-del-arte\/1726-2\/#primaryimage"},"image":{"@id":"https:\/\/departamentos.unileon.es\/area-historia-del-arte\/1726-2\/#primaryimage"},"thumbnailUrl":"http:\/\/departamentos.unileon.es\/area-historia-del-arte\/files\/2022\/11\/20221104_125838.jpg","datePublished":"2022-11-04T19:04:35+00:00","dateModified":"2022-11-14T10:49:46+00:00","inLanguage":"es","potentialAction":[{"@type":"ReadAction","target":["https:\/\/departamentos.unileon.es\/area-historia-del-arte\/1726-2\/"]}]},{"@type":"ImageObject","inLanguage":"es","@id":"https:\/\/departamentos.unileon.es\/area-historia-del-arte\/1726-2\/#primaryimage","url":"https:\/\/departamentos.unileon.es\/area-historia-del-arte\/files\/2022\/11\/20221104_125838.jpg","contentUrl":"https:\/\/departamentos.unileon.es\/area-historia-del-arte\/files\/2022\/11\/20221104_125838.jpg","width":4624,"height":3468},{"@type":"WebSite","@id":"https:\/\/departamentos.unileon.es\/area-historia-del-arte\/#website","url":"https:\/\/departamentos.unileon.es\/area-historia-del-arte\/","name":"\u00c1rea de Historia del Arte","description":"p\u00e1gina de \u00c1rea de la Universidad de Le\u00f3n","potentialAction":[{"@type":"SearchAction","target":{"@type":"EntryPoint","urlTemplate":"https:\/\/departamentos.unileon.es\/area-historia-del-arte\/?s={search_term_string}"},"query-input":{"@type":"PropertyValueSpecification","valueRequired":true,"valueName":"search_term_string"}}],"inLanguage":"es"}]}},"_links":{"self":[{"href":"https:\/\/departamentos.unileon.es\/area-historia-del-arte\/wp-json\/wp\/v2\/pages\/1726","targetHints":{"allow":["GET"]}}],"collection":[{"href":"https:\/\/departamentos.unileon.es\/area-historia-del-arte\/wp-json\/wp\/v2\/pages"}],"about":[{"href":"https:\/\/departamentos.unileon.es\/area-historia-del-arte\/wp-json\/wp\/v2\/types\/page"}],"author":[{"embeddable":true,"href":"https:\/\/departamentos.unileon.es\/area-historia-del-arte\/wp-json\/wp\/v2\/users\/151"}],"replies":[{"embeddable":true,"href":"https:\/\/departamentos.unileon.es\/area-historia-del-arte\/wp-json\/wp\/v2\/comments?post=1726"}],"version-history":[{"count":7,"href":"https:\/\/departamentos.unileon.es\/area-historia-del-arte\/wp-json\/wp\/v2\/pages\/1726\/revisions"}],"predecessor-version":[{"id":1749,"href":"https:\/\/departamentos.unileon.es\/area-historia-del-arte\/wp-json\/wp\/v2\/pages\/1726\/revisions\/1749"}],"wp:attachment":[{"href":"https:\/\/departamentos.unileon.es\/area-historia-del-arte\/wp-json\/wp\/v2\/media?parent=1726"}],"curies":[{"name":"wp","href":"https:\/\/api.w.org\/{rel}","templated":true}]}}