{"id":1627,"date":"2022-05-13T18:05:39","date_gmt":"2022-05-13T18:05:39","guid":{"rendered":"https:\/\/departamentos.unileon.es\/area-historia-del-arte\/?page_id=1627"},"modified":"2022-06-10T20:02:17","modified_gmt":"2022-06-10T20:02:17","slug":"del-aula-al-museo-2022","status":"publish","type":"page","link":"https:\/\/departamentos.unileon.es\/area-historia-del-arte\/del-aula-al-museo-2022\/","title":{"rendered":"Del Aula al Museo (2022)"},"content":{"rendered":"\n<p><\/p>\n\n\n\n<p style=\"text-align: justify;\">La actividad <strong>Del Aula al Museo <\/strong>del a\u00f1o 2022 desarrollada por el Grupo de Innovaci\u00f3n Docente en el&nbsp;marco del<em> Plan de Colaboraci\u00f3n entre la Universidad de Le\u00f3n y los Museos leoneses<\/em>, pudo retomar, despu\u00e9s de las restricciones derivadas del COVID-19 de los dos a\u00f1os anteriores, la presentaci\u00f3n de piezas de las colecciones de los Museos de Le\u00f3n dentro de sus espacios, con ocasi\u00f3n de la celebraci\u00f3n del <strong>D\u00eda Internacional de los Museos \u00abEl poder de los Museos\u00bb.<\/strong><\/p>\n<p style=\"text-align: justify;\">Los trabajos presentados en esta edici\u00f3n estuvieron vinculados a las actividades aplicadas de las asignaturas<em> de Arte Barroco espa\u00f1ol<\/em> y <em>Arte Contempor\u00e1neo espa\u00f1ol <\/em>del Grado en Historia del Arte de la Universidad de Le\u00f3n, y se desarrollaron en el marco del Museo de Le\u00f3n (sede de san Marcos) y del Museo Casa Botines durante el martes 17 de mayo de 2022 (18.00 horas) y el viernes 20 de mayo de 2022 (19:00 horas), respectivamente.<\/p>\n<p>&nbsp;Adem\u00e1s de las hojas de sala generadas en esta actividad y la presentaci\u00f3n p\u00fablica de las piezas en el D\u00eda Internacional de los Museos, algunos de los trabajos seleccionados fueron&nbsp; grabados en v\u00eddeo para la divulgaci\u00f3n de los mismos.<\/p>\n<p>&nbsp;<\/p>\n\n\n\n<p><a href=\"https:\/\/departamentos.unileon.es\/area-historia-del-arte\/del-aula-al-museo-2022\/\"><img loading=\"lazy\" decoding=\"async\" class=\"wp-image-1626 alignleft\" src=\"http:\/\/departamentos.unileon.es\/area-historia-del-arte\/files\/2022\/05\/Del-Aula-al-Museo-2022.jpg\" alt=\"\" width=\"609\" height=\"343\"><\/a><\/p>\n\n\n\n<pre class=\"wp-block-preformatted\"><strong><span style=\"color:#0693e3\" class=\"tadv-color\">Programa<\/span><\/strong>\n<\/pre>\n\n\n\n<p><strong>Museo de Le\u00f3n <\/strong><\/p>\n\n\n\n<ul>\n<li>Javier Vega y Gonzalo Fern\u00e1ndez-Valladares, <em>Abraham encarga a Eliezer que buque una esposa a Isaac. <\/em>(Taller de Pedro de Orrente)<\/li>\n<\/ul>\n\n\n\n<p><a href=\"http:\/\/departamentos.unileon.es\/area-historia-del-arte\/files\/2022\/05\/Abraham-encarga-a-Eliezer-que-busque-una-esposa-a-Isaac.-Hoja-de-Sala.pdf\" data-type=\"URL\" data-id=\"http:\/\/departamentos.unileon.es\/area-historia-del-arte\/files\/2022\/05\/Abraham-encarga-a-Eliezer-que-busque-una-esposa-a-Isaac.-Hoja-de-Sala.pdf\" target=\"_blank\" rel=\"noreferrer noopener\">hoja de sala<\/a>                                    <\/p>\n\n\n\n<p><a rel=\"noreferrer noopener\" href=\"https:\/\/videos.unileon.es\/video\/628b3c038f42088b7e8b4568\" data-type=\"URL\" data-id=\"https:\/\/videos.unileon.es\/video\/628b3c038f42088b7e8b4568\" target=\"_blank\">enlace a v\u00eddeo de la presentaci\u00f3n de la obra<\/a><\/p>\n\n\n\n<p><a href=\"https:\/\/departamentos.unileon.es\/area-historia-del-arte\/20220517_180653\/\"><img loading=\"lazy\" decoding=\"async\" class=\"alignleft wp-image-1633\" src=\"http:\/\/departamentos.unileon.es\/area-historia-del-arte\/files\/2022\/05\/20220517_180653.jpg\" alt=\"\" width=\"312\" height=\"234\"><\/a><\/p>\n\n\n\n<p><\/p>\n\n\n\n<p><a href=\"https:\/\/departamentos.unileon.es\/area-historia-del-arte\/20220517_180841\/\"><img loading=\"lazy\" decoding=\"async\" class=\"wp-image-1634 alignnone\" src=\"http:\/\/departamentos.unileon.es\/area-historia-del-arte\/files\/2022\/05\/20220517_180841.jpg\" alt=\"\" width=\"314\" height=\"235\"><\/a><\/p>\n\n\n\n<p><\/p>\n\n\n\n<p><strong>Museo Casa Botines<\/strong><\/p>\n\n\n\n<ul class=\"wp-block-list\"><li>Jos\u00e9 Luis de los Heras, <em>Rinc\u00f3n de Vizcaya <\/em>(Joaqu\u00edn Sorolla)<ul><li><a rel=\"noreferrer noopener\" href=\"http:\/\/departamentos.unileon.es\/area-historia-del-arte\/files\/2022\/05\/Hoja-de-Sala.-Jose-Luis-de-las-Heras.pdf\" data-type=\"URL\" data-id=\"http:\/\/departamentos.unileon.es\/area-historia-del-arte\/files\/2022\/05\/Hoja-de-Sala.-Jose-Luis-de-las-Heras.pdf\" target=\"_blank\">hoja de sala<\/a><\/li><li><a rel=\"noreferrer noopener\" href=\"https:\/\/videos.unileon.es\/video\/62975a208f4208f27b8b456b?track_id=62975cdd8f42082f7c8b4567\" data-type=\"URL\" data-id=\"https:\/\/videos.unileon.es\/video\/62975a208f4208f27b8b456b?track_id=62975cdd8f42082f7c8b4567\" target=\"_blank\">v\u00eddeo de la presentaci\u00f3n<\/a><\/li><\/ul><\/li><li>Gonzalo Fern\u00e1ndez-Valladares, <em>La aparici\u00f3n de Dite<\/em>(Salvador Dal\u00ed)<ul><li><a rel=\"noreferrer noopener\" href=\"http:\/\/departamentos.unileon.es\/area-historia-del-arte\/files\/2022\/05\/Hoja-de-Sala.-Gonzalo-Fernandez.pdf\" data-type=\"URL\" data-id=\"http:\/\/departamentos.unileon.es\/area-historia-del-arte\/files\/2022\/05\/Hoja-de-Sala.-Gonzalo-Fernandez.pdf\" target=\"_blank\">hoja de sala<\/a><\/li><li><a href=\"https:\/\/videos.unileon.es\/video\/629757958f4208537b8b457b?track_id=62975b658f4208127c8b4567\" data-type=\"URL\" data-id=\"https:\/\/videos.unileon.es\/video\/629757958f4208537b8b457b?track_id=62975b658f4208127c8b4567\" target=\"_blank\" rel=\"noreferrer noopener\">v\u00eddeo de la presentaci\u00f3n<\/a><\/li><\/ul><\/li><li>Laura Cuesta, <em>Ba\u00f1istas<\/em> (Cecilio Pla)<ul><li><a rel=\"noreferrer noopener\" href=\"http:\/\/departamentos.unileon.es\/area-historia-del-arte\/files\/2022\/05\/Hoja-de-Sala.-Laura-Cuesta.pdf\" data-type=\"URL\" data-id=\"http:\/\/departamentos.unileon.es\/area-historia-del-arte\/files\/2022\/05\/Hoja-de-Sala.-Laura-Cuesta.pdf\" target=\"_blank\">hoja de sala<\/a><\/li><li><a rel=\"noreferrer noopener\" href=\"https:\/\/videos.unileon.es\/video\/62975c698f4208547b8b458b?track_id=62975fe48f4208957c8b4567\" data-type=\"URL\" data-id=\"https:\/\/videos.unileon.es\/video\/62975c698f4208547b8b458b?track_id=62975fe48f4208957c8b4567\" target=\"_blank\">v\u00eddeo de la presentaci\u00f3n<\/a><\/li><\/ul><\/li><\/ul>\n\n\n\n\n\n<p><a href=\"https:\/\/departamentos.unileon.es\/area-historia-del-arte\/img-20220521-wa0001\/\"><img loading=\"lazy\" decoding=\"async\" class=\"wp-image-1660 alignleft\" src=\"http:\/\/departamentos.unileon.es\/area-historia-del-arte\/files\/2022\/05\/IMG-20220521-WA0001.jpg\" alt=\"\" width=\"198\" height=\"264\"><\/a> <a href=\"https:\/\/departamentos.unileon.es\/area-historia-del-arte\/img-20220521-wa0000\/\"><img loading=\"lazy\" decoding=\"async\" class=\"wp-image-1659 alignleft\" src=\"http:\/\/departamentos.unileon.es\/area-historia-del-arte\/files\/2022\/05\/IMG-20220521-WA0000.jpg\" alt=\"\" width=\"197\" height=\"262\"><\/a> <a href=\"https:\/\/departamentos.unileon.es\/area-historia-del-arte\/img-20220521-wa0002\/\"><img loading=\"lazy\" decoding=\"async\" class=\"wp-image-1658 alignleft\" src=\"http:\/\/departamentos.unileon.es\/area-historia-del-arte\/files\/2022\/05\/IMG-20220521-WA0002.jpg\" alt=\"\" width=\"197\" height=\"262\"><\/a><\/p>\n","protected":false},"excerpt":{"rendered":"<p>La actividad Del Aula al Museo del a\u00f1o 2022 desarrollada por el Grupo de Innovaci\u00f3n Docente en el&nbsp;marco del Plan de Colaboraci\u00f3n entre la Universidad de Le\u00f3n y los Museos leoneses, pudo retomar, despu\u00e9s de las restricciones derivadas del COVID-19 de los dos a\u00f1os anteriores, la presentaci\u00f3n de piezas de las colecciones de los Museos [&hellip;]<\/p>\n","protected":false},"author":151,"featured_media":0,"parent":0,"menu_order":0,"comment_status":"closed","ping_status":"closed","template":"","meta":{"ngg_post_thumbnail":0,"footnotes":""},"class_list":["post-1627","page","type-page","status-publish","hentry"],"yoast_head":"<!-- This site is optimized with the Yoast SEO plugin v25.8 - https:\/\/yoast.com\/wordpress\/plugins\/seo\/ -->\n<title>Del Aula al Museo (2022) - \u00c1rea de Historia del Arte<\/title>\n<meta name=\"robots\" content=\"index, follow, max-snippet:-1, max-image-preview:large, max-video-preview:-1\" \/>\n<link rel=\"canonical\" href=\"https:\/\/departamentos.unileon.es\/area-historia-del-arte\/del-aula-al-museo-2022\/\" \/>\n<meta property=\"og:locale\" content=\"es_ES\" \/>\n<meta property=\"og:type\" content=\"article\" \/>\n<meta property=\"og:title\" content=\"Del Aula al Museo (2022) - \u00c1rea de Historia del Arte\" \/>\n<meta property=\"og:description\" content=\"La actividad Del Aula al Museo del a\u00f1o 2022 desarrollada por el Grupo de Innovaci\u00f3n Docente en el&nbsp;marco del Plan de Colaboraci\u00f3n entre la Universidad de Le\u00f3n y los Museos leoneses, pudo retomar, despu\u00e9s de las restricciones derivadas del COVID-19 de los dos a\u00f1os anteriores, la presentaci\u00f3n de piezas de las colecciones de los Museos [&hellip;]\" \/>\n<meta property=\"og:url\" content=\"https:\/\/departamentos.unileon.es\/area-historia-del-arte\/del-aula-al-museo-2022\/\" \/>\n<meta property=\"og:site_name\" content=\"\u00c1rea de Historia del Arte\" \/>\n<meta property=\"article:modified_time\" content=\"2022-06-10T20:02:17+00:00\" \/>\n<meta property=\"og:image\" content=\"https:\/\/departamentos.unileon.es\/area-historia-del-arte\/files\/2022\/05\/Del-Aula-al-Museo-2022.jpg\" \/>\n\t<meta property=\"og:image:width\" content=\"2000\" \/>\n\t<meta property=\"og:image:height\" content=\"1125\" \/>\n\t<meta property=\"og:image:type\" content=\"image\/jpeg\" \/>\n<meta name=\"twitter:card\" content=\"summary_large_image\" \/>\n<meta name=\"twitter:label1\" content=\"Tiempo de lectura\" \/>\n\t<meta name=\"twitter:data1\" content=\"2 minutos\" \/>\n<script type=\"application\/ld+json\" class=\"yoast-schema-graph\">{\"@context\":\"https:\/\/schema.org\",\"@graph\":[{\"@type\":\"WebPage\",\"@id\":\"https:\/\/departamentos.unileon.es\/area-historia-del-arte\/del-aula-al-museo-2022\/\",\"url\":\"https:\/\/departamentos.unileon.es\/area-historia-del-arte\/del-aula-al-museo-2022\/\",\"name\":\"Del Aula al Museo (2022) - \u00c1rea de Historia del Arte\",\"isPartOf\":{\"@id\":\"https:\/\/departamentos.unileon.es\/area-historia-del-arte\/#website\"},\"primaryImageOfPage\":{\"@id\":\"https:\/\/departamentos.unileon.es\/area-historia-del-arte\/del-aula-al-museo-2022\/#primaryimage\"},\"image\":{\"@id\":\"https:\/\/departamentos.unileon.es\/area-historia-del-arte\/del-aula-al-museo-2022\/#primaryimage\"},\"thumbnailUrl\":\"http:\/\/departamentos.unileon.es\/area-historia-del-arte\/files\/2022\/05\/Del-Aula-al-Museo-2022.jpg\",\"datePublished\":\"2022-05-13T18:05:39+00:00\",\"dateModified\":\"2022-06-10T20:02:17+00:00\",\"inLanguage\":\"es\",\"potentialAction\":[{\"@type\":\"ReadAction\",\"target\":[\"https:\/\/departamentos.unileon.es\/area-historia-del-arte\/del-aula-al-museo-2022\/\"]}]},{\"@type\":\"ImageObject\",\"inLanguage\":\"es\",\"@id\":\"https:\/\/departamentos.unileon.es\/area-historia-del-arte\/del-aula-al-museo-2022\/#primaryimage\",\"url\":\"https:\/\/departamentos.unileon.es\/area-historia-del-arte\/files\/2022\/05\/Del-Aula-al-Museo-2022.jpg\",\"contentUrl\":\"https:\/\/departamentos.unileon.es\/area-historia-del-arte\/files\/2022\/05\/Del-Aula-al-Museo-2022.jpg\",\"width\":2000,\"height\":1125},{\"@type\":\"WebSite\",\"@id\":\"https:\/\/departamentos.unileon.es\/area-historia-del-arte\/#website\",\"url\":\"https:\/\/departamentos.unileon.es\/area-historia-del-arte\/\",\"name\":\"\u00c1rea de Historia del Arte\",\"description\":\"p\u00e1gina de \u00c1rea de la Universidad de Le\u00f3n\",\"potentialAction\":[{\"@type\":\"SearchAction\",\"target\":{\"@type\":\"EntryPoint\",\"urlTemplate\":\"https:\/\/departamentos.unileon.es\/area-historia-del-arte\/?s={search_term_string}\"},\"query-input\":{\"@type\":\"PropertyValueSpecification\",\"valueRequired\":true,\"valueName\":\"search_term_string\"}}],\"inLanguage\":\"es\"}]}<\/script>\n<!-- \/ Yoast SEO plugin. -->","yoast_head_json":{"title":"Del Aula al Museo (2022) - \u00c1rea de Historia del Arte","robots":{"index":"index","follow":"follow","max-snippet":"max-snippet:-1","max-image-preview":"max-image-preview:large","max-video-preview":"max-video-preview:-1"},"canonical":"https:\/\/departamentos.unileon.es\/area-historia-del-arte\/del-aula-al-museo-2022\/","og_locale":"es_ES","og_type":"article","og_title":"Del Aula al Museo (2022) - \u00c1rea de Historia del Arte","og_description":"La actividad Del Aula al Museo del a\u00f1o 2022 desarrollada por el Grupo de Innovaci\u00f3n Docente en el&nbsp;marco del Plan de Colaboraci\u00f3n entre la Universidad de Le\u00f3n y los Museos leoneses, pudo retomar, despu\u00e9s de las restricciones derivadas del COVID-19 de los dos a\u00f1os anteriores, la presentaci\u00f3n de piezas de las colecciones de los Museos [&hellip;]","og_url":"https:\/\/departamentos.unileon.es\/area-historia-del-arte\/del-aula-al-museo-2022\/","og_site_name":"\u00c1rea de Historia del Arte","article_modified_time":"2022-06-10T20:02:17+00:00","og_image":[{"width":2000,"height":1125,"url":"https:\/\/departamentos.unileon.es\/area-historia-del-arte\/files\/2022\/05\/Del-Aula-al-Museo-2022.jpg","type":"image\/jpeg"}],"twitter_card":"summary_large_image","twitter_misc":{"Tiempo de lectura":"2 minutos"},"schema":{"@context":"https:\/\/schema.org","@graph":[{"@type":"WebPage","@id":"https:\/\/departamentos.unileon.es\/area-historia-del-arte\/del-aula-al-museo-2022\/","url":"https:\/\/departamentos.unileon.es\/area-historia-del-arte\/del-aula-al-museo-2022\/","name":"Del Aula al Museo (2022) - \u00c1rea de Historia del Arte","isPartOf":{"@id":"https:\/\/departamentos.unileon.es\/area-historia-del-arte\/#website"},"primaryImageOfPage":{"@id":"https:\/\/departamentos.unileon.es\/area-historia-del-arte\/del-aula-al-museo-2022\/#primaryimage"},"image":{"@id":"https:\/\/departamentos.unileon.es\/area-historia-del-arte\/del-aula-al-museo-2022\/#primaryimage"},"thumbnailUrl":"http:\/\/departamentos.unileon.es\/area-historia-del-arte\/files\/2022\/05\/Del-Aula-al-Museo-2022.jpg","datePublished":"2022-05-13T18:05:39+00:00","dateModified":"2022-06-10T20:02:17+00:00","inLanguage":"es","potentialAction":[{"@type":"ReadAction","target":["https:\/\/departamentos.unileon.es\/area-historia-del-arte\/del-aula-al-museo-2022\/"]}]},{"@type":"ImageObject","inLanguage":"es","@id":"https:\/\/departamentos.unileon.es\/area-historia-del-arte\/del-aula-al-museo-2022\/#primaryimage","url":"https:\/\/departamentos.unileon.es\/area-historia-del-arte\/files\/2022\/05\/Del-Aula-al-Museo-2022.jpg","contentUrl":"https:\/\/departamentos.unileon.es\/area-historia-del-arte\/files\/2022\/05\/Del-Aula-al-Museo-2022.jpg","width":2000,"height":1125},{"@type":"WebSite","@id":"https:\/\/departamentos.unileon.es\/area-historia-del-arte\/#website","url":"https:\/\/departamentos.unileon.es\/area-historia-del-arte\/","name":"\u00c1rea de Historia del Arte","description":"p\u00e1gina de \u00c1rea de la Universidad de Le\u00f3n","potentialAction":[{"@type":"SearchAction","target":{"@type":"EntryPoint","urlTemplate":"https:\/\/departamentos.unileon.es\/area-historia-del-arte\/?s={search_term_string}"},"query-input":{"@type":"PropertyValueSpecification","valueRequired":true,"valueName":"search_term_string"}}],"inLanguage":"es"}]}},"_links":{"self":[{"href":"https:\/\/departamentos.unileon.es\/area-historia-del-arte\/wp-json\/wp\/v2\/pages\/1627","targetHints":{"allow":["GET"]}}],"collection":[{"href":"https:\/\/departamentos.unileon.es\/area-historia-del-arte\/wp-json\/wp\/v2\/pages"}],"about":[{"href":"https:\/\/departamentos.unileon.es\/area-historia-del-arte\/wp-json\/wp\/v2\/types\/page"}],"author":[{"embeddable":true,"href":"https:\/\/departamentos.unileon.es\/area-historia-del-arte\/wp-json\/wp\/v2\/users\/151"}],"replies":[{"embeddable":true,"href":"https:\/\/departamentos.unileon.es\/area-historia-del-arte\/wp-json\/wp\/v2\/comments?post=1627"}],"version-history":[{"count":23,"href":"https:\/\/departamentos.unileon.es\/area-historia-del-arte\/wp-json\/wp\/v2\/pages\/1627\/revisions"}],"predecessor-version":[{"id":1675,"href":"https:\/\/departamentos.unileon.es\/area-historia-del-arte\/wp-json\/wp\/v2\/pages\/1627\/revisions\/1675"}],"wp:attachment":[{"href":"https:\/\/departamentos.unileon.es\/area-historia-del-arte\/wp-json\/wp\/v2\/media?parent=1627"}],"curies":[{"name":"wp","href":"https:\/\/api.w.org\/{rel}","templated":true}]}}