{"id":1616,"date":"2022-04-22T10:49:50","date_gmt":"2022-04-22T10:49:50","guid":{"rendered":"https:\/\/departamentos.unileon.es\/area-historia-del-arte\/?page_id=1616"},"modified":"2022-04-22T11:30:28","modified_gmt":"2022-04-22T11:30:28","slug":"tutorizacion-de-trabajos-en-el-marco-del-programa-ralbar","status":"publish","type":"page","link":"https:\/\/departamentos.unileon.es\/area-historia-del-arte\/tutorizacion-de-trabajos-en-el-marco-del-programa-ralbar\/","title":{"rendered":"Tutorizaci\u00f3n de trabajos en el marco del programa RALBAR"},"content":{"rendered":"\n<p>Con el fin de desarrollar competencias de car\u00e1cter profesionalizante entre el alumnado del Grado en Historia del Arte, los miembros del Grupo de Innovaci\u00f3n Docente Id-Arte tutorizan trabajos adscritos al programa RALBAR. Este programa, realizado en el seno de la Universidad de Le\u00f3n&nbsp; con la colaboraci\u00f3n de la Fundaci\u00f3n Banco Sabadell, consiste en la realizaci\u00f3n de pr\u00e1cticas extracurriculares estivales en municipios del \u00e1mbito rural de la provincia de Le\u00f3n para ejecutar proyectos de dinamizaci\u00f3n territorial y que contribuyan a activar estos espacios social, econ\u00f3mica o culturalmente en colaboraci\u00f3n con empresas, entidades o instituciones locales.<\/p>\n<p><strong>PROYECTOS REALIZADOS<\/strong><\/p>\n<p class=\"entry-title\"><a href=\"https:\/\/ralbar.unileon.es\/project\/sonidos-e-imagenes-de-la-tradicion\/\" target=\"_blank\" rel=\"noopener\"><strong><span style=\"color: #0000ff;\">Sonidos e im\u00e1genes de la tradici\u00f3n: archivo sonoro y visual del Ramo en las comarcas leonesas<\/span><\/strong><\/a><\/p>\n<p class=\"entry-title\">autor: Jos\u00e9 Luis de las Heras Alija (tutor acad\u00e9mico: Jos\u00e9 Alberto Mor\u00e1is Mor\u00e1n)<\/p>\n<p>Localidades: Quintana del Marco, Alija del Infantado, Santa Elena de Jamuz, Castrocalb\u00f3n y San Esteban de Nogales<\/p>\n<p>Objetivos: &nbsp;<\/p>\n<ol>\n<li>Creaci\u00f3n de un archivo etnogr\u00e1fico<\/li>\n<li>&nbsp;Potenciar, conservar y recuperar la tradici\u00f3n del ramo.<\/li>\n<li>Dinamizar el territorio cultural y socialmente<\/li>\n<li>Dar visibilidad a la tradici\u00f3n<\/li>\n<\/ol>\n<ul style=\"list-style-type: square;\">\n<li><a href=\"https:\/\/ramosenleon.wixsite.com\/ramos\" target=\"_blank\" rel=\"noopener\"><span style=\"color: #ff9900;\">contenidos elaborados<\/span><\/a><\/li>\n<li>noticias en prensa:&nbsp; &nbsp; &nbsp; <a href=\"https:\/\/www.diariodevalderrueda.es\/texto-diario\/mostrar\/2977797\/concedidas-becas-ralbar-12-proyectos-dinamizar-medio-rural-leon\" target=\"_blank\" rel=\"noopener\">Diario de Valderrueda<\/a>&nbsp; &nbsp; &nbsp; &nbsp; &nbsp;<a href=\"http:\/\/labaneza.net\/art\/4430\/jose-luis-de-las-heras-era-necesario-recuperar-sonidos-e-imagenes-para-poner-en-valor-la-tradicion-del-ramo-en-las-comarcas-leonesas\" target=\"_blank\" rel=\"noopener\">LaBa\u00f1eza.net<\/a><\/li>\n<\/ul>\n<p>&nbsp;<\/p>\n<p class=\"entry-title\"><strong><span style=\"color: #0000ff;\">\u201cEl arte olvidado\u201d. El arte sacro de Oma\u00f1a<\/span><\/strong><\/p>\n<p class=\"entry-title\">autor: Dario \u00c1lvarez Bouzas (tutor acad\u00e9mico: Jos\u00e9 Alberto Mor\u00e1is Mor\u00e1n)<\/p>\n<p class=\"entry-title\">Localidades: Riello de Oma\u00f1a, Murias e Paredes, Iglesias de Curue\u00f1a, Marz\u00e1n, Valbueno, Montrondo y Villaband\u00edn. Iglesias de Villayuste y Castro de la Lomba<\/p>\n<p class=\"entry-title\">Objetivos: &nbsp;<\/p>\n<ol>\n<li>Fomentar el crecimiento de las visitas tur\u00edsticas a la comarca, con la repercusi\u00f3n que ello conlleva para la econom\u00eda local.<\/li>\n<li>Llamar la atenci\u00f3n sobre la situaci\u00f3n precaria de la \u00abEspa\u00f1a Vaciada\u00bb&nbsp; a trav\u00e9s del ejemplo de Oma\u00f1a.<\/li>\n<\/ol>\n<p>contenidos elaborados: Paneles exposici\u00f3n de Arte Sacro: el arte popular, el arte y arquitectura de Oma\u00f1a, el ramo, el retablo, evoluci\u00f3n del retablo, la fiesta, la religiosidad popular, las pinturas murales \/ Paneles de las iglesias con oferta de visita: Curue\u00f1a, Marz\u00e1n, Montrondo, Valbueno, Villaband\u00edn<\/p>\n<ul style=\"list-style-type: square;\">\n<li class=\"entry-title\"><span style=\"font-size: revert; color: initial; font-family: -apple-system, BlinkMacSystemFont, 'Segoe UI', Roboto, Oxygen-Sans, Ubuntu, Cantarell, 'Helvetica Neue', sans-serif;\">noticias en prensa:&nbsp; &nbsp; <a href=\"https:\/\/www.diariodeleon.es\/articulo\/provincia\/arte-olvidado-que-vuelve-salir-luz\/202109210334562147731.html\" target=\"_blank\" rel=\"noopener\">Diario de Le\u00f3n<\/a>.&nbsp; &nbsp; &nbsp;<\/span><a style=\"font-size: revert; font-family: -apple-system, BlinkMacSystemFont, 'Segoe UI', Roboto, Oxygen-Sans, Ubuntu, Cantarell, 'Helvetica Neue', sans-serif;\" href=\"https:\/\/www.diariodevalderrueda.es\/texto-diario\/mostrar\/2977797\/concedidas-becas-ralbar-12-proyectos-dinamizar-medio-rural-leon\" target=\"_blank\" rel=\"noopener\">Diario de Valderrueda<\/a><span style=\"font-size: revert; color: initial; font-family: -apple-system, BlinkMacSystemFont, 'Segoe UI', Roboto, Oxygen-Sans, Ubuntu, Cantarell, 'Helvetica Neue', sans-serif;\">&nbsp; &nbsp; &nbsp; &nbsp;<a href=\"https:\/\/www.lanuevacronica.com\/exposicion-arte-sacro-omana-dario-alvarez-universidad-leon\" target=\"_blank\" rel=\"noopener\"> La N<\/a><\/span><a href=\"_wp_link_placeholder\">ueva Cr\u00f3nica<\/a><\/li>\n<\/ul>\n<pre class=\"entry-title\">&nbsp;<\/pre>\n\n\n\n<p><strong>PROYECTOS EN ELABORACI\u00d3N<\/strong><\/p>\n","protected":false},"excerpt":{"rendered":"<p>Con el fin de desarrollar competencias de car\u00e1cter profesionalizante entre el alumnado del Grado en Historia del Arte, los miembros del Grupo de Innovaci\u00f3n Docente Id-Arte tutorizan trabajos adscritos al programa RALBAR. Este programa, realizado en el seno de la Universidad de Le\u00f3n&nbsp; con la colaboraci\u00f3n de la Fundaci\u00f3n Banco Sabadell, consiste en la realizaci\u00f3n [&hellip;]<\/p>\n","protected":false},"author":151,"featured_media":0,"parent":0,"menu_order":0,"comment_status":"closed","ping_status":"closed","template":"","meta":{"ngg_post_thumbnail":0,"footnotes":""},"class_list":["post-1616","page","type-page","status-publish","hentry"],"yoast_head":"<!-- This site is optimized with the Yoast SEO plugin v25.8 - https:\/\/yoast.com\/wordpress\/plugins\/seo\/ -->\n<title>Tutorizaci\u00f3n de trabajos en el marco del programa RALBAR - \u00c1rea de Historia del Arte<\/title>\n<meta name=\"robots\" content=\"index, follow, max-snippet:-1, max-image-preview:large, max-video-preview:-1\" \/>\n<link rel=\"canonical\" href=\"https:\/\/departamentos.unileon.es\/area-historia-del-arte\/tutorizacion-de-trabajos-en-el-marco-del-programa-ralbar\/\" \/>\n<meta property=\"og:locale\" content=\"es_ES\" \/>\n<meta property=\"og:type\" content=\"article\" \/>\n<meta property=\"og:title\" content=\"Tutorizaci\u00f3n de trabajos en el marco del programa RALBAR - \u00c1rea de Historia del Arte\" \/>\n<meta property=\"og:description\" content=\"Con el fin de desarrollar competencias de car\u00e1cter profesionalizante entre el alumnado del Grado en Historia del Arte, los miembros del Grupo de Innovaci\u00f3n Docente Id-Arte tutorizan trabajos adscritos al programa RALBAR. Este programa, realizado en el seno de la Universidad de Le\u00f3n&nbsp; con la colaboraci\u00f3n de la Fundaci\u00f3n Banco Sabadell, consiste en la realizaci\u00f3n [&hellip;]\" \/>\n<meta property=\"og:url\" content=\"https:\/\/departamentos.unileon.es\/area-historia-del-arte\/tutorizacion-de-trabajos-en-el-marco-del-programa-ralbar\/\" \/>\n<meta property=\"og:site_name\" content=\"\u00c1rea de Historia del Arte\" \/>\n<meta property=\"article:modified_time\" content=\"2022-04-22T11:30:28+00:00\" \/>\n<meta name=\"twitter:card\" content=\"summary_large_image\" \/>\n<meta name=\"twitter:label1\" content=\"Tiempo de lectura\" \/>\n\t<meta name=\"twitter:data1\" content=\"2 minutos\" \/>\n<script type=\"application\/ld+json\" class=\"yoast-schema-graph\">{\"@context\":\"https:\/\/schema.org\",\"@graph\":[{\"@type\":\"WebPage\",\"@id\":\"https:\/\/departamentos.unileon.es\/area-historia-del-arte\/tutorizacion-de-trabajos-en-el-marco-del-programa-ralbar\/\",\"url\":\"https:\/\/departamentos.unileon.es\/area-historia-del-arte\/tutorizacion-de-trabajos-en-el-marco-del-programa-ralbar\/\",\"name\":\"Tutorizaci\u00f3n de trabajos en el marco del programa RALBAR - \u00c1rea de Historia del Arte\",\"isPartOf\":{\"@id\":\"https:\/\/departamentos.unileon.es\/area-historia-del-arte\/#website\"},\"datePublished\":\"2022-04-22T10:49:50+00:00\",\"dateModified\":\"2022-04-22T11:30:28+00:00\",\"inLanguage\":\"es\",\"potentialAction\":[{\"@type\":\"ReadAction\",\"target\":[\"https:\/\/departamentos.unileon.es\/area-historia-del-arte\/tutorizacion-de-trabajos-en-el-marco-del-programa-ralbar\/\"]}]},{\"@type\":\"WebSite\",\"@id\":\"https:\/\/departamentos.unileon.es\/area-historia-del-arte\/#website\",\"url\":\"https:\/\/departamentos.unileon.es\/area-historia-del-arte\/\",\"name\":\"\u00c1rea de Historia del Arte\",\"description\":\"p\u00e1gina de \u00c1rea de la Universidad de Le\u00f3n\",\"potentialAction\":[{\"@type\":\"SearchAction\",\"target\":{\"@type\":\"EntryPoint\",\"urlTemplate\":\"https:\/\/departamentos.unileon.es\/area-historia-del-arte\/?s={search_term_string}\"},\"query-input\":{\"@type\":\"PropertyValueSpecification\",\"valueRequired\":true,\"valueName\":\"search_term_string\"}}],\"inLanguage\":\"es\"}]}<\/script>\n<!-- \/ Yoast SEO plugin. -->","yoast_head_json":{"title":"Tutorizaci\u00f3n de trabajos en el marco del programa RALBAR - \u00c1rea de Historia del Arte","robots":{"index":"index","follow":"follow","max-snippet":"max-snippet:-1","max-image-preview":"max-image-preview:large","max-video-preview":"max-video-preview:-1"},"canonical":"https:\/\/departamentos.unileon.es\/area-historia-del-arte\/tutorizacion-de-trabajos-en-el-marco-del-programa-ralbar\/","og_locale":"es_ES","og_type":"article","og_title":"Tutorizaci\u00f3n de trabajos en el marco del programa RALBAR - \u00c1rea de Historia del Arte","og_description":"Con el fin de desarrollar competencias de car\u00e1cter profesionalizante entre el alumnado del Grado en Historia del Arte, los miembros del Grupo de Innovaci\u00f3n Docente Id-Arte tutorizan trabajos adscritos al programa RALBAR. Este programa, realizado en el seno de la Universidad de Le\u00f3n&nbsp; con la colaboraci\u00f3n de la Fundaci\u00f3n Banco Sabadell, consiste en la realizaci\u00f3n [&hellip;]","og_url":"https:\/\/departamentos.unileon.es\/area-historia-del-arte\/tutorizacion-de-trabajos-en-el-marco-del-programa-ralbar\/","og_site_name":"\u00c1rea de Historia del Arte","article_modified_time":"2022-04-22T11:30:28+00:00","twitter_card":"summary_large_image","twitter_misc":{"Tiempo de lectura":"2 minutos"},"schema":{"@context":"https:\/\/schema.org","@graph":[{"@type":"WebPage","@id":"https:\/\/departamentos.unileon.es\/area-historia-del-arte\/tutorizacion-de-trabajos-en-el-marco-del-programa-ralbar\/","url":"https:\/\/departamentos.unileon.es\/area-historia-del-arte\/tutorizacion-de-trabajos-en-el-marco-del-programa-ralbar\/","name":"Tutorizaci\u00f3n de trabajos en el marco del programa RALBAR - \u00c1rea de Historia del Arte","isPartOf":{"@id":"https:\/\/departamentos.unileon.es\/area-historia-del-arte\/#website"},"datePublished":"2022-04-22T10:49:50+00:00","dateModified":"2022-04-22T11:30:28+00:00","inLanguage":"es","potentialAction":[{"@type":"ReadAction","target":["https:\/\/departamentos.unileon.es\/area-historia-del-arte\/tutorizacion-de-trabajos-en-el-marco-del-programa-ralbar\/"]}]},{"@type":"WebSite","@id":"https:\/\/departamentos.unileon.es\/area-historia-del-arte\/#website","url":"https:\/\/departamentos.unileon.es\/area-historia-del-arte\/","name":"\u00c1rea de Historia del Arte","description":"p\u00e1gina de \u00c1rea de la Universidad de Le\u00f3n","potentialAction":[{"@type":"SearchAction","target":{"@type":"EntryPoint","urlTemplate":"https:\/\/departamentos.unileon.es\/area-historia-del-arte\/?s={search_term_string}"},"query-input":{"@type":"PropertyValueSpecification","valueRequired":true,"valueName":"search_term_string"}}],"inLanguage":"es"}]}},"_links":{"self":[{"href":"https:\/\/departamentos.unileon.es\/area-historia-del-arte\/wp-json\/wp\/v2\/pages\/1616","targetHints":{"allow":["GET"]}}],"collection":[{"href":"https:\/\/departamentos.unileon.es\/area-historia-del-arte\/wp-json\/wp\/v2\/pages"}],"about":[{"href":"https:\/\/departamentos.unileon.es\/area-historia-del-arte\/wp-json\/wp\/v2\/types\/page"}],"author":[{"embeddable":true,"href":"https:\/\/departamentos.unileon.es\/area-historia-del-arte\/wp-json\/wp\/v2\/users\/151"}],"replies":[{"embeddable":true,"href":"https:\/\/departamentos.unileon.es\/area-historia-del-arte\/wp-json\/wp\/v2\/comments?post=1616"}],"version-history":[{"count":6,"href":"https:\/\/departamentos.unileon.es\/area-historia-del-arte\/wp-json\/wp\/v2\/pages\/1616\/revisions"}],"predecessor-version":[{"id":1622,"href":"https:\/\/departamentos.unileon.es\/area-historia-del-arte\/wp-json\/wp\/v2\/pages\/1616\/revisions\/1622"}],"wp:attachment":[{"href":"https:\/\/departamentos.unileon.es\/area-historia-del-arte\/wp-json\/wp\/v2\/media?parent=1616"}],"curies":[{"name":"wp","href":"https:\/\/api.w.org\/{rel}","templated":true}]}}