{"id":1519,"date":"2022-03-10T22:38:43","date_gmt":"2022-03-10T22:38:43","guid":{"rendered":"https:\/\/departamentos.unileon.es\/area-historia-del-arte\/?page_id=1519"},"modified":"2026-03-05T10:38:31","modified_gmt":"2026-03-05T10:38:31","slug":"vanessa-jimeno-guerra","status":"publish","type":"page","link":"https:\/\/departamentos.unileon.es\/area-historia-del-arte\/vanessa-jimeno-guerra\/","title":{"rendered":"Jimeno Guerra, Vanessa"},"content":{"rendered":"\n<figure class=\"wp-block-image size-full\"><img loading=\"lazy\" decoding=\"async\" width=\"165\" height=\"175\" src=\"https:\/\/departamentos.unileon.es\/area-historia-del-arte\/files\/2022\/04\/Sin-titulo-2.jpg\" alt=\"\" class=\"wp-image-1593\"\/><\/figure>\n\n\n\n<p><strong>Titulaci\u00f3n: <\/strong>Doctora en Historia del Arte<br><strong>Categor\u00eda profesional: <\/strong>Profesora Ayudante Doctora<br><strong>Tel\u00e9fono: <\/strong>987293764<br><strong>e-mail:<\/strong> vjimg@unileon.es<br><strong>Despacho: <\/strong>209 (Dpto. Patrimonio Art\u00edstico y Documental)<\/p>\n\n\n\n<p><strong>L\u00edneas de investigaci\u00f3n:<\/strong> Arquitectura excavada y aprovechamiento de cavidades naturales durante la Edad Media \/ graffiti y manifestaciones parietales en la Edad Media \/ Edad Media en la teor\u00eda art\u00edstica y arquitect\u00f3nica del siglo XIX.<\/p>\n\n\n\n<p><strong>Grupos e institutos de investigaci\u00f3n a los que pertenece<\/strong>: <\/p>\n\n\n\n<p>Instituto Universitario (LOU) de Humanismo y Tradici\u00f3n Cl\u00e1sica de la Universidad de Le\u00f3n<\/p>\n\n\n\n<p>Grupo de Investigaci\u00f3n Reconocido Humanistas (HUMTC: 443)<\/p>\n\n\n\n<p>Grupo de Innovaci\u00f3n Docente Patrimonio(s) Urbanos (UVA) y Grupo de Innovaci\u00f3n Docente Id-ARTE (Universidad de Le\u00f3n)<\/p>\n\n\n\n<p><\/p>\n\n\n<div class=\"wp-block-image\">\n<figure class=\"alignleft\"><a href=\"https:\/\/dialnet.unirioja.es\/servlet\/autor?codigo=2995702\" target=\"_blank\" rel=\"noreferrer noopener\"><img loading=\"lazy\" decoding=\"async\" width=\"80\" height=\"23\" src=\"http:\/\/departamentos.unileon.es\/area-historia-del-arte\/files\/2017\/01\/dialnet-1-e1485947316953.jpg\" alt=\"\" class=\"wp-image-385\"\/><\/a><\/figure><\/div>\n\n<div class=\"wp-block-image\">\n<figure class=\"alignleft\"><a href=\"https:\/\/orcid.org\/0000-0002-5179-4002\" target=\"_blank\" rel=\"noreferrer noopener\"><img loading=\"lazy\" decoding=\"async\" width=\"120\" height=\"41\" src=\"http:\/\/departamentos.unileon.es\/area-historia-del-arte\/files\/2018\/07\/orcid-e1531134521100.jpg\" alt=\"\" class=\"wp-image-624\"\/><\/a><\/figure><\/div>\n\n<div class=\"wp-block-image\">\n<figure class=\"alignleft\"><a href=\"https:\/\/unileon.academia.edu\/vanessajimenoguerra\" target=\"_blank\" rel=\"noreferrer noopener\"><img loading=\"lazy\" decoding=\"async\" width=\"110\" height=\"33\" src=\"http:\/\/departamentos.unileon.es\/area-historia-del-arte\/files\/2017\/01\/academialogo-1-e1485950684797.png\" alt=\"\" class=\"wp-image-429\"\/><\/a><\/figure><\/div>\n\n\n<p><\/p>\n\n\n\n\n\n<p><strong>Perfil docente: <\/strong>actualmente imparte docencia en los Grados de Historia del Arte, Turismo, Geograf\u00eda y Ordenaci\u00f3n del Territorio, Filolog\u00eda Moderna Ingl\u00e9s y Lengua espa\u00f1ola y su literatura: Proyectos Culturales, Arte y Cultura Visual, Patrimonio Natural y Cultural, y Patrimonio Cultural<\/p>\n\n\n\n\n\n<p><\/p>\n\n\n\n<p><\/p>\n\n\n\n<p><\/p>\n\n\n\n<p><\/p>\n\n\n\n<p><\/p>\n","protected":false},"excerpt":{"rendered":"<p>Titulaci\u00f3n: Doctora en Historia del ArteCategor\u00eda profesional: Profesora Ayudante DoctoraTel\u00e9fono: 987293764e-mail: vjimg@unileon.esDespacho: 209 (Dpto. Patrimonio Art\u00edstico y Documental) L\u00edneas de investigaci\u00f3n: Arquitectura excavada y aprovechamiento de cavidades naturales durante la Edad Media \/ graffiti y manifestaciones parietales en la Edad Media \/ Edad Media en la teor\u00eda art\u00edstica y arquitect\u00f3nica del siglo XIX. Grupos e [&hellip;]<\/p>\n","protected":false},"author":1,"featured_media":0,"parent":0,"menu_order":0,"comment_status":"closed","ping_status":"closed","template":"","meta":{"ngg_post_thumbnail":0,"footnotes":""},"class_list":["post-1519","page","type-page","status-publish","hentry"],"yoast_head":"<!-- This site is optimized with the Yoast SEO plugin v25.8 - https:\/\/yoast.com\/wordpress\/plugins\/seo\/ -->\n<title>Jimeno Guerra, Vanessa - \u00c1rea de Historia del Arte<\/title>\n<meta name=\"robots\" content=\"index, follow, max-snippet:-1, max-image-preview:large, max-video-preview:-1\" \/>\n<link rel=\"canonical\" href=\"https:\/\/departamentos.unileon.es\/area-historia-del-arte\/vanessa-jimeno-guerra\/\" \/>\n<meta property=\"og:locale\" content=\"es_ES\" \/>\n<meta property=\"og:type\" content=\"article\" \/>\n<meta property=\"og:title\" content=\"Jimeno Guerra, Vanessa - \u00c1rea de Historia del Arte\" \/>\n<meta property=\"og:description\" content=\"Titulaci\u00f3n: Doctora en Historia del ArteCategor\u00eda profesional: Profesora Ayudante DoctoraTel\u00e9fono: 987293764e-mail: vjimg@unileon.esDespacho: 209 (Dpto. Patrimonio Art\u00edstico y Documental) L\u00edneas de investigaci\u00f3n: Arquitectura excavada y aprovechamiento de cavidades naturales durante la Edad Media \/ graffiti y manifestaciones parietales en la Edad Media \/ Edad Media en la teor\u00eda art\u00edstica y arquitect\u00f3nica del siglo XIX. Grupos e [&hellip;]\" \/>\n<meta property=\"og:url\" content=\"https:\/\/departamentos.unileon.es\/area-historia-del-arte\/vanessa-jimeno-guerra\/\" \/>\n<meta property=\"og:site_name\" content=\"\u00c1rea de Historia del Arte\" \/>\n<meta property=\"article:modified_time\" content=\"2026-03-05T10:38:31+00:00\" \/>\n<meta property=\"og:image\" content=\"https:\/\/departamentos.unileon.es\/area-historia-del-arte\/files\/2022\/04\/Sin-titulo-2.jpg\" \/>\n\t<meta property=\"og:image:width\" content=\"165\" \/>\n\t<meta property=\"og:image:height\" content=\"175\" \/>\n\t<meta property=\"og:image:type\" content=\"image\/jpeg\" \/>\n<meta name=\"twitter:card\" content=\"summary_large_image\" \/>\n<meta name=\"twitter:label1\" content=\"Tiempo de lectura\" \/>\n\t<meta name=\"twitter:data1\" content=\"2 minutos\" \/>\n<script type=\"application\/ld+json\" class=\"yoast-schema-graph\">{\"@context\":\"https:\/\/schema.org\",\"@graph\":[{\"@type\":\"WebPage\",\"@id\":\"https:\/\/departamentos.unileon.es\/area-historia-del-arte\/vanessa-jimeno-guerra\/\",\"url\":\"https:\/\/departamentos.unileon.es\/area-historia-del-arte\/vanessa-jimeno-guerra\/\",\"name\":\"Jimeno Guerra, Vanessa - \u00c1rea de Historia del Arte\",\"isPartOf\":{\"@id\":\"https:\/\/departamentos.unileon.es\/area-historia-del-arte\/#website\"},\"primaryImageOfPage\":{\"@id\":\"https:\/\/departamentos.unileon.es\/area-historia-del-arte\/vanessa-jimeno-guerra\/#primaryimage\"},\"image\":{\"@id\":\"https:\/\/departamentos.unileon.es\/area-historia-del-arte\/vanessa-jimeno-guerra\/#primaryimage\"},\"thumbnailUrl\":\"https:\/\/departamentos.unileon.es\/area-historia-del-arte\/files\/2022\/04\/Sin-titulo-2.jpg\",\"datePublished\":\"2022-03-10T22:38:43+00:00\",\"dateModified\":\"2026-03-05T10:38:31+00:00\",\"inLanguage\":\"es\",\"potentialAction\":[{\"@type\":\"ReadAction\",\"target\":[\"https:\/\/departamentos.unileon.es\/area-historia-del-arte\/vanessa-jimeno-guerra\/\"]}]},{\"@type\":\"ImageObject\",\"inLanguage\":\"es\",\"@id\":\"https:\/\/departamentos.unileon.es\/area-historia-del-arte\/vanessa-jimeno-guerra\/#primaryimage\",\"url\":\"https:\/\/departamentos.unileon.es\/area-historia-del-arte\/files\/2022\/04\/Sin-titulo-2.jpg\",\"contentUrl\":\"https:\/\/departamentos.unileon.es\/area-historia-del-arte\/files\/2022\/04\/Sin-titulo-2.jpg\",\"width\":165,\"height\":175},{\"@type\":\"WebSite\",\"@id\":\"https:\/\/departamentos.unileon.es\/area-historia-del-arte\/#website\",\"url\":\"https:\/\/departamentos.unileon.es\/area-historia-del-arte\/\",\"name\":\"\u00c1rea de Historia del Arte\",\"description\":\"p\u00e1gina de \u00c1rea de la Universidad de Le\u00f3n\",\"potentialAction\":[{\"@type\":\"SearchAction\",\"target\":{\"@type\":\"EntryPoint\",\"urlTemplate\":\"https:\/\/departamentos.unileon.es\/area-historia-del-arte\/?s={search_term_string}\"},\"query-input\":{\"@type\":\"PropertyValueSpecification\",\"valueRequired\":true,\"valueName\":\"search_term_string\"}}],\"inLanguage\":\"es\"}]}<\/script>\n<!-- \/ Yoast SEO plugin. -->","yoast_head_json":{"title":"Jimeno Guerra, Vanessa - \u00c1rea de Historia del Arte","robots":{"index":"index","follow":"follow","max-snippet":"max-snippet:-1","max-image-preview":"max-image-preview:large","max-video-preview":"max-video-preview:-1"},"canonical":"https:\/\/departamentos.unileon.es\/area-historia-del-arte\/vanessa-jimeno-guerra\/","og_locale":"es_ES","og_type":"article","og_title":"Jimeno Guerra, Vanessa - \u00c1rea de Historia del Arte","og_description":"Titulaci\u00f3n: Doctora en Historia del ArteCategor\u00eda profesional: Profesora Ayudante DoctoraTel\u00e9fono: 987293764e-mail: vjimg@unileon.esDespacho: 209 (Dpto. Patrimonio Art\u00edstico y Documental) L\u00edneas de investigaci\u00f3n: Arquitectura excavada y aprovechamiento de cavidades naturales durante la Edad Media \/ graffiti y manifestaciones parietales en la Edad Media \/ Edad Media en la teor\u00eda art\u00edstica y arquitect\u00f3nica del siglo XIX. Grupos e [&hellip;]","og_url":"https:\/\/departamentos.unileon.es\/area-historia-del-arte\/vanessa-jimeno-guerra\/","og_site_name":"\u00c1rea de Historia del Arte","article_modified_time":"2026-03-05T10:38:31+00:00","og_image":[{"width":165,"height":175,"url":"https:\/\/departamentos.unileon.es\/area-historia-del-arte\/files\/2022\/04\/Sin-titulo-2.jpg","type":"image\/jpeg"}],"twitter_card":"summary_large_image","twitter_misc":{"Tiempo de lectura":"2 minutos"},"schema":{"@context":"https:\/\/schema.org","@graph":[{"@type":"WebPage","@id":"https:\/\/departamentos.unileon.es\/area-historia-del-arte\/vanessa-jimeno-guerra\/","url":"https:\/\/departamentos.unileon.es\/area-historia-del-arte\/vanessa-jimeno-guerra\/","name":"Jimeno Guerra, Vanessa - \u00c1rea de Historia del Arte","isPartOf":{"@id":"https:\/\/departamentos.unileon.es\/area-historia-del-arte\/#website"},"primaryImageOfPage":{"@id":"https:\/\/departamentos.unileon.es\/area-historia-del-arte\/vanessa-jimeno-guerra\/#primaryimage"},"image":{"@id":"https:\/\/departamentos.unileon.es\/area-historia-del-arte\/vanessa-jimeno-guerra\/#primaryimage"},"thumbnailUrl":"https:\/\/departamentos.unileon.es\/area-historia-del-arte\/files\/2022\/04\/Sin-titulo-2.jpg","datePublished":"2022-03-10T22:38:43+00:00","dateModified":"2026-03-05T10:38:31+00:00","inLanguage":"es","potentialAction":[{"@type":"ReadAction","target":["https:\/\/departamentos.unileon.es\/area-historia-del-arte\/vanessa-jimeno-guerra\/"]}]},{"@type":"ImageObject","inLanguage":"es","@id":"https:\/\/departamentos.unileon.es\/area-historia-del-arte\/vanessa-jimeno-guerra\/#primaryimage","url":"https:\/\/departamentos.unileon.es\/area-historia-del-arte\/files\/2022\/04\/Sin-titulo-2.jpg","contentUrl":"https:\/\/departamentos.unileon.es\/area-historia-del-arte\/files\/2022\/04\/Sin-titulo-2.jpg","width":165,"height":175},{"@type":"WebSite","@id":"https:\/\/departamentos.unileon.es\/area-historia-del-arte\/#website","url":"https:\/\/departamentos.unileon.es\/area-historia-del-arte\/","name":"\u00c1rea de Historia del Arte","description":"p\u00e1gina de \u00c1rea de la Universidad de Le\u00f3n","potentialAction":[{"@type":"SearchAction","target":{"@type":"EntryPoint","urlTemplate":"https:\/\/departamentos.unileon.es\/area-historia-del-arte\/?s={search_term_string}"},"query-input":{"@type":"PropertyValueSpecification","valueRequired":true,"valueName":"search_term_string"}}],"inLanguage":"es"}]}},"_links":{"self":[{"href":"https:\/\/departamentos.unileon.es\/area-historia-del-arte\/wp-json\/wp\/v2\/pages\/1519","targetHints":{"allow":["GET"]}}],"collection":[{"href":"https:\/\/departamentos.unileon.es\/area-historia-del-arte\/wp-json\/wp\/v2\/pages"}],"about":[{"href":"https:\/\/departamentos.unileon.es\/area-historia-del-arte\/wp-json\/wp\/v2\/types\/page"}],"author":[{"embeddable":true,"href":"https:\/\/departamentos.unileon.es\/area-historia-del-arte\/wp-json\/wp\/v2\/users\/1"}],"replies":[{"embeddable":true,"href":"https:\/\/departamentos.unileon.es\/area-historia-del-arte\/wp-json\/wp\/v2\/comments?post=1519"}],"version-history":[{"count":37,"href":"https:\/\/departamentos.unileon.es\/area-historia-del-arte\/wp-json\/wp\/v2\/pages\/1519\/revisions"}],"predecessor-version":[{"id":2118,"href":"https:\/\/departamentos.unileon.es\/area-historia-del-arte\/wp-json\/wp\/v2\/pages\/1519\/revisions\/2118"}],"wp:attachment":[{"href":"https:\/\/departamentos.unileon.es\/area-historia-del-arte\/wp-json\/wp\/v2\/media?parent=1519"}],"curies":[{"name":"wp","href":"https:\/\/api.w.org\/{rel}","templated":true}]}}