{"id":1503,"date":"2022-03-10T19:12:37","date_gmt":"2022-03-10T19:12:37","guid":{"rendered":"https:\/\/departamentos.unileon.es\/area-historia-del-arte\/?page_id=1503"},"modified":"2023-03-08T18:26:04","modified_gmt":"2023-03-08T18:26:04","slug":"cursos-de-la-escuela-de-formacion","status":"publish","type":"page","link":"https:\/\/departamentos.unileon.es\/area-historia-del-arte\/cursos-de-la-escuela-de-formacion\/","title":{"rendered":"Cursos de la Escuela de Formaci\u00f3n"},"content":{"rendered":"\n<p>El Grupo de Innovaci\u00f3n Id-Arte tambi\u00e9n contempla entre sus objetivos que sus miembros participen peri\u00f3dicamente en los Cursos de la Escuela de Formaci\u00f3n, tanto como asistentes como docentes.<\/p>\n<p>En 2022 varios miembros del Grupo dise\u00f1aron e impartieron dos ediciones del Curso de Formaci\u00f3n \u00abMejora visualmente la docencia sacando rendimiento al <em>PowerPoint<\/em>\u00ab.<\/p>\n<p><a href=\"https:\/\/departamentos.unileon.es\/area-historia-del-arte\/cursos-de-la-escuela-de-formacion\/power-point-3\/\" rel=\"attachment wp-att-1505\"><img loading=\"lazy\" decoding=\"async\" class=\"wp-image-1505 alignleft\" src=\"http:\/\/departamentos.unileon.es\/area-historia-del-arte\/files\/2022\/03\/power-point.jpg\" alt=\"\" width=\"457\" height=\"343\"><\/a><\/p>\n<ul>\n<li><a href=\"https:\/\/ariadna.unileon.es\/course\/view.php?id=1341\" target=\"_blank\" rel=\"noopener\">Mejora visualmente la docencia sacando rendimiento al <em>PowerPoint <\/em>(1\u00aa ed.) 03\/02\/2022<\/a><\/li>\n<li><a href=\"https:\/\/ariadna.unileon.es\/course\/view.php?id=1355\" target=\"_blank\" rel=\"noopener\">Mejora visualmente la docencia sacando rendimiento al <em>PowerPoint <\/em>(2\u00aa ed.) 25\/03\/2022<\/a><\/li>\n<li>Mejora visualmente la docencia sacando rendimiento al PowerPoint (3\u00aa ed.). 07\/07\/2022<\/li>\n<li>Iniciaci\u00f3n al uso de PowerPoint como recurso docente (1\u00aa ed.) 19\/12\/2022<\/li>\n<\/ul>\n<p>&nbsp;<\/p>\n\n\n\n<p><\/p>\n","protected":false},"excerpt":{"rendered":"<p>El Grupo de Innovaci\u00f3n Id-Arte tambi\u00e9n contempla entre sus objetivos que sus miembros participen peri\u00f3dicamente en los Cursos de la Escuela de Formaci\u00f3n, tanto como asistentes como docentes. En 2022 varios miembros del Grupo dise\u00f1aron e impartieron dos ediciones del Curso de Formaci\u00f3n \u00abMejora visualmente la docencia sacando rendimiento al PowerPoint\u00ab. Mejora visualmente la docencia [&hellip;]<\/p>\n","protected":false},"author":151,"featured_media":0,"parent":0,"menu_order":0,"comment_status":"closed","ping_status":"closed","template":"","meta":{"ngg_post_thumbnail":0,"footnotes":""},"class_list":["post-1503","page","type-page","status-publish","hentry"],"yoast_head":"<!-- This site is optimized with the Yoast SEO plugin v25.8 - https:\/\/yoast.com\/wordpress\/plugins\/seo\/ -->\n<title>Cursos de la Escuela de Formaci\u00f3n - \u00c1rea de Historia del Arte<\/title>\n<meta name=\"robots\" content=\"index, follow, max-snippet:-1, max-image-preview:large, max-video-preview:-1\" \/>\n<link rel=\"canonical\" href=\"https:\/\/departamentos.unileon.es\/area-historia-del-arte\/cursos-de-la-escuela-de-formacion\/\" \/>\n<meta property=\"og:locale\" content=\"es_ES\" \/>\n<meta property=\"og:type\" content=\"article\" \/>\n<meta property=\"og:title\" content=\"Cursos de la Escuela de Formaci\u00f3n - \u00c1rea de Historia del Arte\" \/>\n<meta property=\"og:description\" content=\"El Grupo de Innovaci\u00f3n Id-Arte tambi\u00e9n contempla entre sus objetivos que sus miembros participen peri\u00f3dicamente en los Cursos de la Escuela de Formaci\u00f3n, tanto como asistentes como docentes. En 2022 varios miembros del Grupo dise\u00f1aron e impartieron dos ediciones del Curso de Formaci\u00f3n \u00abMejora visualmente la docencia sacando rendimiento al PowerPoint\u00ab. Mejora visualmente la docencia [&hellip;]\" \/>\n<meta property=\"og:url\" content=\"https:\/\/departamentos.unileon.es\/area-historia-del-arte\/cursos-de-la-escuela-de-formacion\/\" \/>\n<meta property=\"og:site_name\" content=\"\u00c1rea de Historia del Arte\" \/>\n<meta property=\"article:modified_time\" content=\"2023-03-08T18:26:04+00:00\" \/>\n<meta property=\"og:image\" content=\"http:\/\/departamentos.unileon.es\/area-historia-del-arte\/files\/2022\/03\/power-point.jpg\" \/>\n<meta name=\"twitter:card\" content=\"summary_large_image\" \/>\n<meta name=\"twitter:label1\" content=\"Tiempo de lectura\" \/>\n\t<meta name=\"twitter:data1\" content=\"1 minuto\" \/>\n<script type=\"application\/ld+json\" class=\"yoast-schema-graph\">{\"@context\":\"https:\/\/schema.org\",\"@graph\":[{\"@type\":\"WebPage\",\"@id\":\"https:\/\/departamentos.unileon.es\/area-historia-del-arte\/cursos-de-la-escuela-de-formacion\/\",\"url\":\"https:\/\/departamentos.unileon.es\/area-historia-del-arte\/cursos-de-la-escuela-de-formacion\/\",\"name\":\"Cursos de la Escuela de Formaci\u00f3n - \u00c1rea de Historia del Arte\",\"isPartOf\":{\"@id\":\"https:\/\/departamentos.unileon.es\/area-historia-del-arte\/#website\"},\"primaryImageOfPage\":{\"@id\":\"https:\/\/departamentos.unileon.es\/area-historia-del-arte\/cursos-de-la-escuela-de-formacion\/#primaryimage\"},\"image\":{\"@id\":\"https:\/\/departamentos.unileon.es\/area-historia-del-arte\/cursos-de-la-escuela-de-formacion\/#primaryimage\"},\"thumbnailUrl\":\"http:\/\/departamentos.unileon.es\/area-historia-del-arte\/files\/2022\/03\/power-point.jpg\",\"datePublished\":\"2022-03-10T19:12:37+00:00\",\"dateModified\":\"2023-03-08T18:26:04+00:00\",\"inLanguage\":\"es\",\"potentialAction\":[{\"@type\":\"ReadAction\",\"target\":[\"https:\/\/departamentos.unileon.es\/area-historia-del-arte\/cursos-de-la-escuela-de-formacion\/\"]}]},{\"@type\":\"ImageObject\",\"inLanguage\":\"es\",\"@id\":\"https:\/\/departamentos.unileon.es\/area-historia-del-arte\/cursos-de-la-escuela-de-formacion\/#primaryimage\",\"url\":\"https:\/\/departamentos.unileon.es\/area-historia-del-arte\/files\/2022\/03\/power-point.jpg\",\"contentUrl\":\"https:\/\/departamentos.unileon.es\/area-historia-del-arte\/files\/2022\/03\/power-point.jpg\",\"width\":1500,\"height\":1125},{\"@type\":\"WebSite\",\"@id\":\"https:\/\/departamentos.unileon.es\/area-historia-del-arte\/#website\",\"url\":\"https:\/\/departamentos.unileon.es\/area-historia-del-arte\/\",\"name\":\"\u00c1rea de Historia del Arte\",\"description\":\"p\u00e1gina de \u00c1rea de la Universidad de Le\u00f3n\",\"potentialAction\":[{\"@type\":\"SearchAction\",\"target\":{\"@type\":\"EntryPoint\",\"urlTemplate\":\"https:\/\/departamentos.unileon.es\/area-historia-del-arte\/?s={search_term_string}\"},\"query-input\":{\"@type\":\"PropertyValueSpecification\",\"valueRequired\":true,\"valueName\":\"search_term_string\"}}],\"inLanguage\":\"es\"}]}<\/script>\n<!-- \/ Yoast SEO plugin. -->","yoast_head_json":{"title":"Cursos de la Escuela de Formaci\u00f3n - \u00c1rea de Historia del Arte","robots":{"index":"index","follow":"follow","max-snippet":"max-snippet:-1","max-image-preview":"max-image-preview:large","max-video-preview":"max-video-preview:-1"},"canonical":"https:\/\/departamentos.unileon.es\/area-historia-del-arte\/cursos-de-la-escuela-de-formacion\/","og_locale":"es_ES","og_type":"article","og_title":"Cursos de la Escuela de Formaci\u00f3n - \u00c1rea de Historia del Arte","og_description":"El Grupo de Innovaci\u00f3n Id-Arte tambi\u00e9n contempla entre sus objetivos que sus miembros participen peri\u00f3dicamente en los Cursos de la Escuela de Formaci\u00f3n, tanto como asistentes como docentes. En 2022 varios miembros del Grupo dise\u00f1aron e impartieron dos ediciones del Curso de Formaci\u00f3n \u00abMejora visualmente la docencia sacando rendimiento al PowerPoint\u00ab. Mejora visualmente la docencia [&hellip;]","og_url":"https:\/\/departamentos.unileon.es\/area-historia-del-arte\/cursos-de-la-escuela-de-formacion\/","og_site_name":"\u00c1rea de Historia del Arte","article_modified_time":"2023-03-08T18:26:04+00:00","og_image":[{"url":"http:\/\/departamentos.unileon.es\/area-historia-del-arte\/files\/2022\/03\/power-point.jpg","type":"","width":"","height":""}],"twitter_card":"summary_large_image","twitter_misc":{"Tiempo de lectura":"1 minuto"},"schema":{"@context":"https:\/\/schema.org","@graph":[{"@type":"WebPage","@id":"https:\/\/departamentos.unileon.es\/area-historia-del-arte\/cursos-de-la-escuela-de-formacion\/","url":"https:\/\/departamentos.unileon.es\/area-historia-del-arte\/cursos-de-la-escuela-de-formacion\/","name":"Cursos de la Escuela de Formaci\u00f3n - \u00c1rea de Historia del Arte","isPartOf":{"@id":"https:\/\/departamentos.unileon.es\/area-historia-del-arte\/#website"},"primaryImageOfPage":{"@id":"https:\/\/departamentos.unileon.es\/area-historia-del-arte\/cursos-de-la-escuela-de-formacion\/#primaryimage"},"image":{"@id":"https:\/\/departamentos.unileon.es\/area-historia-del-arte\/cursos-de-la-escuela-de-formacion\/#primaryimage"},"thumbnailUrl":"http:\/\/departamentos.unileon.es\/area-historia-del-arte\/files\/2022\/03\/power-point.jpg","datePublished":"2022-03-10T19:12:37+00:00","dateModified":"2023-03-08T18:26:04+00:00","inLanguage":"es","potentialAction":[{"@type":"ReadAction","target":["https:\/\/departamentos.unileon.es\/area-historia-del-arte\/cursos-de-la-escuela-de-formacion\/"]}]},{"@type":"ImageObject","inLanguage":"es","@id":"https:\/\/departamentos.unileon.es\/area-historia-del-arte\/cursos-de-la-escuela-de-formacion\/#primaryimage","url":"https:\/\/departamentos.unileon.es\/area-historia-del-arte\/files\/2022\/03\/power-point.jpg","contentUrl":"https:\/\/departamentos.unileon.es\/area-historia-del-arte\/files\/2022\/03\/power-point.jpg","width":1500,"height":1125},{"@type":"WebSite","@id":"https:\/\/departamentos.unileon.es\/area-historia-del-arte\/#website","url":"https:\/\/departamentos.unileon.es\/area-historia-del-arte\/","name":"\u00c1rea de Historia del Arte","description":"p\u00e1gina de \u00c1rea de la Universidad de Le\u00f3n","potentialAction":[{"@type":"SearchAction","target":{"@type":"EntryPoint","urlTemplate":"https:\/\/departamentos.unileon.es\/area-historia-del-arte\/?s={search_term_string}"},"query-input":{"@type":"PropertyValueSpecification","valueRequired":true,"valueName":"search_term_string"}}],"inLanguage":"es"}]}},"_links":{"self":[{"href":"https:\/\/departamentos.unileon.es\/area-historia-del-arte\/wp-json\/wp\/v2\/pages\/1503","targetHints":{"allow":["GET"]}}],"collection":[{"href":"https:\/\/departamentos.unileon.es\/area-historia-del-arte\/wp-json\/wp\/v2\/pages"}],"about":[{"href":"https:\/\/departamentos.unileon.es\/area-historia-del-arte\/wp-json\/wp\/v2\/types\/page"}],"author":[{"embeddable":true,"href":"https:\/\/departamentos.unileon.es\/area-historia-del-arte\/wp-json\/wp\/v2\/users\/151"}],"replies":[{"embeddable":true,"href":"https:\/\/departamentos.unileon.es\/area-historia-del-arte\/wp-json\/wp\/v2\/comments?post=1503"}],"version-history":[{"count":4,"href":"https:\/\/departamentos.unileon.es\/area-historia-del-arte\/wp-json\/wp\/v2\/pages\/1503\/revisions"}],"predecessor-version":[{"id":1805,"href":"https:\/\/departamentos.unileon.es\/area-historia-del-arte\/wp-json\/wp\/v2\/pages\/1503\/revisions\/1805"}],"wp:attachment":[{"href":"https:\/\/departamentos.unileon.es\/area-historia-del-arte\/wp-json\/wp\/v2\/media?parent=1503"}],"curies":[{"name":"wp","href":"https:\/\/api.w.org\/{rel}","templated":true}]}}