{"id":149,"date":"2017-01-23T09:36:00","date_gmt":"2017-01-23T09:36:00","guid":{"rendered":"http:\/\/departamentos.unileon.es\/area-historia-del-arte\/?page_id=149"},"modified":"2017-02-01T11:51:27","modified_gmt":"2017-02-01T11:51:27","slug":"valdes-fernandez-manuel","status":"publish","type":"page","link":"https:\/\/departamentos.unileon.es\/area-historia-del-arte\/valdes-fernandez-manuel\/","title":{"rendered":"Vald\u00e9s Fern\u00e1ndez, Manuel"},"content":{"rendered":"<table width=\"195\" style=\"height: 74px\">\r\n<tbody>\r\n<tr style=\"height: 172.5px\">\r\n<td style=\"width: 450px;height: 172.5px\"><span style=\"font-size: 10pt\"><strong><img loading=\"lazy\" decoding=\"async\" width=\"100\" height=\"129\" class=\"alignleft wp-image-322 size-full\" src=\"http:\/\/departamentos.unileon.es\/area-historia-del-arte\/files\/2017\/01\/Manolo-e1485429614706.jpg\"><\/strong><strong>Titulaci\u00f3n:<\/strong> Doctor en Historia del Arte por la Universidad Complutense<\/span>&nbsp;\r\n<span style=\"font-size: 10pt\"><strong>Categor\u00eda profesional:<\/strong> Catedr\u00e1tico de Historia del arte. En la actualidad Profesor em\u00e9rito de la Universidad de Le\u00f3n<\/span>\r\n<span style=\"font-size: 10pt\"><strong>Tel\u00e9fono: <\/strong>987291069<\/span>\r\n<span style=\"font-size: 10pt\"><strong>e-mail:<\/strong> <a href=\"mailto:mvalf@unileon.es\">mvalf@unileon.es<\/a><\/span>\r\n<span style=\"font-size: 10pt\"><strong>Despacho:<\/strong> 206 bis (Dpto. Patrimonio Art\u00edstico y Documental)<\/span><\/td>\r\n<\/tr>\r\n<\/tbody>\r\n<\/table>\r\n<span style=\"font-size: 12pt\"><strong>L\u00edneas de investigaci\u00f3n:<\/strong><\/span> Historia del arte medieval, arquitectura mud\u00e9jar en Castilla y Le\u00f3n e Historia del arte&nbsp; 1860-1960\r\n<p style=\"text-align: justify;padding-left: 30px\">Grupos e institutos&nbsp;de investigaci\u00f3n a los que pertenece:&nbsp;Instituto de Estudios Medievales \/&nbsp;Grupo de investigaci\u00f3n&nbsp;P.A.M. (Patrimonio Art\u00edstico Medieval)<\/p>\r\n<p style=\"text-align: justify;padding-left: 30px\"><strong><a href=\"https:\/\/dialnet.unirioja.es\/servlet\/autor?codigo=122547\" target=\"_blank\"><img loading=\"lazy\" decoding=\"async\" width=\"80\" height=\"23\" class=\"alignleft size-full wp-image-385\" alt=\"\" src=\"http:\/\/departamentos.unileon.es\/area-historia-del-arte\/files\/2017\/01\/dialnet-1-e1485947316953.jpg\"><\/a><\/strong><\/p>\r\n<p style=\"text-align: justify;padding-left: 30px\">&nbsp;<\/p>\r\n<p style=\"text-align: justify\"><span style=\"font-size: 12pt\"><strong>Perfil docente:<\/strong> Seminario de Historia del arte contempor\u00e1neo hasta 1945<\/span><\/p>","protected":false},"excerpt":{"rendered":"<p>Titulaci\u00f3n: Doctor en Historia del Arte por la Universidad Complutense&nbsp; Categor\u00eda profesional: Catedr\u00e1tico de Historia del arte. En la actualidad Profesor em\u00e9rito de la Universidad de Le\u00f3n Tel\u00e9fono: 987291069 e-mail: mvalf@unileon.es Despacho: 206 bis (Dpto. Patrimonio Art\u00edstico y Documental) L\u00edneas de investigaci\u00f3n: Historia del arte medieval, arquitectura mud\u00e9jar en Castilla y Le\u00f3n e Historia del [&hellip;]<\/p>\n","protected":false},"author":151,"featured_media":0,"parent":0,"menu_order":0,"comment_status":"closed","ping_status":"closed","template":"onecolumn-page.php","meta":{"ngg_post_thumbnail":0,"footnotes":""},"class_list":["post-149","page","type-page","status-publish","hentry"],"yoast_head":"<!-- This site is optimized with the Yoast SEO plugin v25.8 - https:\/\/yoast.com\/wordpress\/plugins\/seo\/ -->\n<title>Vald\u00e9s Fern\u00e1ndez, Manuel - \u00c1rea de Historia del Arte<\/title>\n<meta name=\"robots\" content=\"index, follow, max-snippet:-1, max-image-preview:large, max-video-preview:-1\" \/>\n<link rel=\"canonical\" href=\"https:\/\/departamentos.unileon.es\/area-historia-del-arte\/valdes-fernandez-manuel\/\" \/>\n<meta property=\"og:locale\" content=\"es_ES\" \/>\n<meta property=\"og:type\" content=\"article\" \/>\n<meta property=\"og:title\" content=\"Vald\u00e9s Fern\u00e1ndez, Manuel - \u00c1rea de Historia del Arte\" \/>\n<meta property=\"og:description\" content=\"Titulaci\u00f3n: Doctor en Historia del Arte por la Universidad Complutense&nbsp; Categor\u00eda profesional: Catedr\u00e1tico de Historia del arte. En la actualidad Profesor em\u00e9rito de la Universidad de Le\u00f3n Tel\u00e9fono: 987291069 e-mail: mvalf@unileon.es Despacho: 206 bis (Dpto. Patrimonio Art\u00edstico y Documental) L\u00edneas de investigaci\u00f3n: Historia del arte medieval, arquitectura mud\u00e9jar en Castilla y Le\u00f3n e Historia del [&hellip;]\" \/>\n<meta property=\"og:url\" content=\"https:\/\/departamentos.unileon.es\/area-historia-del-arte\/valdes-fernandez-manuel\/\" \/>\n<meta property=\"og:site_name\" content=\"\u00c1rea de Historia del Arte\" \/>\n<meta property=\"article:modified_time\" content=\"2017-02-01T11:51:27+00:00\" \/>\n<meta property=\"og:image\" content=\"https:\/\/departamentos.unileon.es\/area-historia-del-arte\/files\/2017\/01\/Manolo-e1485429614706.jpg\" \/>\n\t<meta property=\"og:image:width\" content=\"100\" \/>\n\t<meta property=\"og:image:height\" content=\"129\" \/>\n\t<meta property=\"og:image:type\" content=\"image\/jpeg\" \/>\n<meta name=\"twitter:card\" content=\"summary_large_image\" \/>\n<meta name=\"twitter:label1\" content=\"Tiempo de lectura\" \/>\n\t<meta name=\"twitter:data1\" content=\"1 minuto\" \/>\n<script type=\"application\/ld+json\" class=\"yoast-schema-graph\">{\"@context\":\"https:\/\/schema.org\",\"@graph\":[{\"@type\":\"WebPage\",\"@id\":\"https:\/\/departamentos.unileon.es\/area-historia-del-arte\/valdes-fernandez-manuel\/\",\"url\":\"https:\/\/departamentos.unileon.es\/area-historia-del-arte\/valdes-fernandez-manuel\/\",\"name\":\"Vald\u00e9s Fern\u00e1ndez, Manuel - \u00c1rea de Historia del Arte\",\"isPartOf\":{\"@id\":\"https:\/\/departamentos.unileon.es\/area-historia-del-arte\/#website\"},\"primaryImageOfPage\":{\"@id\":\"https:\/\/departamentos.unileon.es\/area-historia-del-arte\/valdes-fernandez-manuel\/#primaryimage\"},\"image\":{\"@id\":\"https:\/\/departamentos.unileon.es\/area-historia-del-arte\/valdes-fernandez-manuel\/#primaryimage\"},\"thumbnailUrl\":\"http:\/\/departamentos.unileon.es\/area-historia-del-arte\/files\/2017\/01\/Manolo-e1485429614706.jpg\",\"datePublished\":\"2017-01-23T09:36:00+00:00\",\"dateModified\":\"2017-02-01T11:51:27+00:00\",\"inLanguage\":\"es\",\"potentialAction\":[{\"@type\":\"ReadAction\",\"target\":[\"https:\/\/departamentos.unileon.es\/area-historia-del-arte\/valdes-fernandez-manuel\/\"]}]},{\"@type\":\"ImageObject\",\"inLanguage\":\"es\",\"@id\":\"https:\/\/departamentos.unileon.es\/area-historia-del-arte\/valdes-fernandez-manuel\/#primaryimage\",\"url\":\"https:\/\/departamentos.unileon.es\/area-historia-del-arte\/files\/2017\/01\/Manolo-e1485429614706.jpg\",\"contentUrl\":\"https:\/\/departamentos.unileon.es\/area-historia-del-arte\/files\/2017\/01\/Manolo-e1485429614706.jpg\",\"width\":100,\"height\":129},{\"@type\":\"WebSite\",\"@id\":\"https:\/\/departamentos.unileon.es\/area-historia-del-arte\/#website\",\"url\":\"https:\/\/departamentos.unileon.es\/area-historia-del-arte\/\",\"name\":\"\u00c1rea de Historia del Arte\",\"description\":\"p\u00e1gina de \u00c1rea de la Universidad de Le\u00f3n\",\"potentialAction\":[{\"@type\":\"SearchAction\",\"target\":{\"@type\":\"EntryPoint\",\"urlTemplate\":\"https:\/\/departamentos.unileon.es\/area-historia-del-arte\/?s={search_term_string}\"},\"query-input\":{\"@type\":\"PropertyValueSpecification\",\"valueRequired\":true,\"valueName\":\"search_term_string\"}}],\"inLanguage\":\"es\"}]}<\/script>\n<!-- \/ Yoast SEO plugin. -->","yoast_head_json":{"title":"Vald\u00e9s Fern\u00e1ndez, Manuel - \u00c1rea de Historia del Arte","robots":{"index":"index","follow":"follow","max-snippet":"max-snippet:-1","max-image-preview":"max-image-preview:large","max-video-preview":"max-video-preview:-1"},"canonical":"https:\/\/departamentos.unileon.es\/area-historia-del-arte\/valdes-fernandez-manuel\/","og_locale":"es_ES","og_type":"article","og_title":"Vald\u00e9s Fern\u00e1ndez, Manuel - \u00c1rea de Historia del Arte","og_description":"Titulaci\u00f3n: Doctor en Historia del Arte por la Universidad Complutense&nbsp; Categor\u00eda profesional: Catedr\u00e1tico de Historia del arte. En la actualidad Profesor em\u00e9rito de la Universidad de Le\u00f3n Tel\u00e9fono: 987291069 e-mail: mvalf@unileon.es Despacho: 206 bis (Dpto. Patrimonio Art\u00edstico y Documental) L\u00edneas de investigaci\u00f3n: Historia del arte medieval, arquitectura mud\u00e9jar en Castilla y Le\u00f3n e Historia del [&hellip;]","og_url":"https:\/\/departamentos.unileon.es\/area-historia-del-arte\/valdes-fernandez-manuel\/","og_site_name":"\u00c1rea de Historia del Arte","article_modified_time":"2017-02-01T11:51:27+00:00","og_image":[{"width":100,"height":129,"url":"https:\/\/departamentos.unileon.es\/area-historia-del-arte\/files\/2017\/01\/Manolo-e1485429614706.jpg","type":"image\/jpeg"}],"twitter_card":"summary_large_image","twitter_misc":{"Tiempo de lectura":"1 minuto"},"schema":{"@context":"https:\/\/schema.org","@graph":[{"@type":"WebPage","@id":"https:\/\/departamentos.unileon.es\/area-historia-del-arte\/valdes-fernandez-manuel\/","url":"https:\/\/departamentos.unileon.es\/area-historia-del-arte\/valdes-fernandez-manuel\/","name":"Vald\u00e9s Fern\u00e1ndez, Manuel - \u00c1rea de Historia del Arte","isPartOf":{"@id":"https:\/\/departamentos.unileon.es\/area-historia-del-arte\/#website"},"primaryImageOfPage":{"@id":"https:\/\/departamentos.unileon.es\/area-historia-del-arte\/valdes-fernandez-manuel\/#primaryimage"},"image":{"@id":"https:\/\/departamentos.unileon.es\/area-historia-del-arte\/valdes-fernandez-manuel\/#primaryimage"},"thumbnailUrl":"http:\/\/departamentos.unileon.es\/area-historia-del-arte\/files\/2017\/01\/Manolo-e1485429614706.jpg","datePublished":"2017-01-23T09:36:00+00:00","dateModified":"2017-02-01T11:51:27+00:00","inLanguage":"es","potentialAction":[{"@type":"ReadAction","target":["https:\/\/departamentos.unileon.es\/area-historia-del-arte\/valdes-fernandez-manuel\/"]}]},{"@type":"ImageObject","inLanguage":"es","@id":"https:\/\/departamentos.unileon.es\/area-historia-del-arte\/valdes-fernandez-manuel\/#primaryimage","url":"https:\/\/departamentos.unileon.es\/area-historia-del-arte\/files\/2017\/01\/Manolo-e1485429614706.jpg","contentUrl":"https:\/\/departamentos.unileon.es\/area-historia-del-arte\/files\/2017\/01\/Manolo-e1485429614706.jpg","width":100,"height":129},{"@type":"WebSite","@id":"https:\/\/departamentos.unileon.es\/area-historia-del-arte\/#website","url":"https:\/\/departamentos.unileon.es\/area-historia-del-arte\/","name":"\u00c1rea de Historia del Arte","description":"p\u00e1gina de \u00c1rea de la Universidad de Le\u00f3n","potentialAction":[{"@type":"SearchAction","target":{"@type":"EntryPoint","urlTemplate":"https:\/\/departamentos.unileon.es\/area-historia-del-arte\/?s={search_term_string}"},"query-input":{"@type":"PropertyValueSpecification","valueRequired":true,"valueName":"search_term_string"}}],"inLanguage":"es"}]}},"_links":{"self":[{"href":"https:\/\/departamentos.unileon.es\/area-historia-del-arte\/wp-json\/wp\/v2\/pages\/149","targetHints":{"allow":["GET"]}}],"collection":[{"href":"https:\/\/departamentos.unileon.es\/area-historia-del-arte\/wp-json\/wp\/v2\/pages"}],"about":[{"href":"https:\/\/departamentos.unileon.es\/area-historia-del-arte\/wp-json\/wp\/v2\/types\/page"}],"author":[{"embeddable":true,"href":"https:\/\/departamentos.unileon.es\/area-historia-del-arte\/wp-json\/wp\/v2\/users\/151"}],"replies":[{"embeddable":true,"href":"https:\/\/departamentos.unileon.es\/area-historia-del-arte\/wp-json\/wp\/v2\/comments?post=149"}],"version-history":[{"count":13,"href":"https:\/\/departamentos.unileon.es\/area-historia-del-arte\/wp-json\/wp\/v2\/pages\/149\/revisions"}],"predecessor-version":[{"id":420,"href":"https:\/\/departamentos.unileon.es\/area-historia-del-arte\/wp-json\/wp\/v2\/pages\/149\/revisions\/420"}],"wp:attachment":[{"href":"https:\/\/departamentos.unileon.es\/area-historia-del-arte\/wp-json\/wp\/v2\/media?parent=149"}],"curies":[{"name":"wp","href":"https:\/\/api.w.org\/{rel}","templated":true}]}}