{"id":143,"date":"2017-01-23T09:35:20","date_gmt":"2017-01-23T09:35:20","guid":{"rendered":"http:\/\/departamentos.unileon.es\/area-historia-del-arte\/?page_id=143"},"modified":"2025-09-25T11:28:57","modified_gmt":"2025-09-25T11:28:57","slug":"rabasco-garcia-victor","status":"publish","type":"page","link":"https:\/\/departamentos.unileon.es\/area-historia-del-arte\/rabasco-garcia-victor\/","title":{"rendered":"Rabasco Garc\u00eda, V\u00edctor"},"content":{"rendered":"<img loading=\"lazy\" decoding=\"async\" class=\"alignnone size-full wp-image-1769\" src=\"https:\/\/departamentos.unileon.es\/area-historia-del-arte\/files\/2023\/02\/Fotografia-2023-2.jpg\" alt=\"\" width=\"110\" height=\"145\" \/>\n\n<strong>Titulaci\u00f3n:<\/strong>\u00a0Doctor en Historia del Arte\n<strong>Categor\u00eda profesional:<\/strong> Profesor Permanente Laboral\n<strong>Tel\u00e9fono:<\/strong> 987293708\n<strong>e-mail:<\/strong> vrabg@unileon.es\n\n<strong>Despacho:<\/strong> 210 bis (Dpto. Patrimonio Art\u00edstico y Documental)\n\n<span style=\"font-size: 12pt;\"><strong>L\u00edneas de investigaci\u00f3n: <\/strong><\/span>Arte y arquitectura isl\u00e1micos. Historia social del poder en el siglo XI. Arquitectura \u00e1ulica andalus\u00ed. Cultura visual medieval. Contactos y transferencias culturales mediterr\u00e1neas. Arte e identidad en la Edad Media\n<p style=\"text-align: justify; padding-left: 30px;\">Grupos e institutos de investigaci\u00f3n a los que pertenece: Instituto de Estudios Medievales (Universidad de Le\u00f3n) \/ Grupo de Investigaci\u00f3n PAM. Patrimonio Art\u00edstico Medieval (ULE-435) \/ Grupo de Innovaci\u00f3n Docente Id-ARTE (GID ULE 058)<\/p>\n<p style=\"text-align: justify; padding-left: 30px;\"><a href=\"https:\/\/dialnet.unirioja.es\/servlet\/autor?codigo=3220313\" target=\"_blank\" rel=\"noopener noreferrer\"><img loading=\"lazy\" decoding=\"async\" class=\"alignleft wp-image-385 size-full\" src=\"http:\/\/departamentos.unileon.es\/area-historia-del-arte\/files\/2017\/01\/dialnet-1-e1485947316953.jpg\" alt=\"\" width=\"80\" height=\"23\" \/><\/a>\u00a0<a href=\"https:\/\/orcid.org\/0000-0002-0131-6942\" target=\"_blank\" rel=\"noopener noreferrer\"><img loading=\"lazy\" decoding=\"async\" class=\"alignleft wp-image-624 size-full\" src=\"http:\/\/departamentos.unileon.es\/area-historia-del-arte\/files\/2018\/07\/orcid-e1531134521100.jpg\" alt=\"\" width=\"120\" height=\"41\" \/><\/a><a href=\"https:\/\/unileon.academia.edu\/VictorRABASCOGARCIA\" target=\"_blank\" rel=\"noopener noreferrer\"><img loading=\"lazy\" decoding=\"async\" class=\"alignleft wp-image-429 size-full\" src=\"http:\/\/departamentos.unileon.es\/area-historia-del-arte\/files\/2017\/01\/academialogo-1-e1485950684797.png\" alt=\"\" width=\"110\" height=\"33\" \/><\/a><\/p>\n<p style=\"text-align: justify;\"><span style=\"font-size: 12pt;\"><strong>Perfil docente:<\/strong><\/span> Docente en diversas titulaciones de grado en la Universidad Complutense de Madrid, Universidad Nacional de Educaci\u00f3n a Distancia y Universidad Internacional Isabel I de Castilla. En la Universidad de Le\u00f3n ha impartido las asignaturas Historia del Arte Antiguo: Egipto y Pr\u00f3ximo Oriente, Arte Isl\u00e1mico y Artes Decorativas y Dise\u00f1o Industrial (en el marco del Grado en Historia del Arte) y Europa y el Arte Hispano: Confluencias Art\u00edsticas (en el M\u00e1ster en Cultura y Pensamiento Europeo), entre otras materias y titulaciones.<\/p>\n<p style=\"text-align: justify; padding-left: 30px;\"><\/p>","protected":false},"excerpt":{"rendered":"<p>Titulaci\u00f3n:\u00a0Doctor en Historia del Arte Categor\u00eda profesional: Profesor Permanente Laboral Tel\u00e9fono: 987293708 e-mail: vrabg@unileon.es Despacho: 210 bis (Dpto. Patrimonio Art\u00edstico y Documental) L\u00edneas de investigaci\u00f3n: Arte y arquitectura isl\u00e1micos. Historia social del poder en el siglo XI. Arquitectura \u00e1ulica andalus\u00ed. Cultura visual medieval. Contactos y transferencias culturales mediterr\u00e1neas. Arte e identidad en la Edad Media [&hellip;]<\/p>\n","protected":false},"author":151,"featured_media":0,"parent":0,"menu_order":0,"comment_status":"closed","ping_status":"closed","template":"","meta":{"ngg_post_thumbnail":0,"footnotes":""},"class_list":["post-143","page","type-page","status-publish","hentry"],"yoast_head":"<!-- This site is optimized with the Yoast SEO plugin v25.8 - https:\/\/yoast.com\/wordpress\/plugins\/seo\/ -->\n<title>Rabasco Garc\u00eda, V\u00edctor - \u00c1rea de Historia del Arte<\/title>\n<meta name=\"robots\" content=\"index, follow, max-snippet:-1, max-image-preview:large, max-video-preview:-1\" \/>\n<link rel=\"canonical\" href=\"https:\/\/departamentos.unileon.es\/area-historia-del-arte\/rabasco-garcia-victor\/\" \/>\n<meta property=\"og:locale\" content=\"es_ES\" \/>\n<meta property=\"og:type\" content=\"article\" \/>\n<meta property=\"og:title\" content=\"Rabasco Garc\u00eda, V\u00edctor - \u00c1rea de Historia del Arte\" \/>\n<meta property=\"og:description\" content=\"Titulaci\u00f3n:\u00a0Doctor en Historia del Arte Categor\u00eda profesional: Profesor Permanente Laboral Tel\u00e9fono: 987293708 e-mail: vrabg@unileon.es Despacho: 210 bis (Dpto. Patrimonio Art\u00edstico y Documental) L\u00edneas de investigaci\u00f3n: Arte y arquitectura isl\u00e1micos. Historia social del poder en el siglo XI. Arquitectura \u00e1ulica andalus\u00ed. Cultura visual medieval. Contactos y transferencias culturales mediterr\u00e1neas. Arte e identidad en la Edad Media [&hellip;]\" \/>\n<meta property=\"og:url\" content=\"https:\/\/departamentos.unileon.es\/area-historia-del-arte\/rabasco-garcia-victor\/\" \/>\n<meta property=\"og:site_name\" content=\"\u00c1rea de Historia del Arte\" \/>\n<meta property=\"article:modified_time\" content=\"2025-09-25T11:28:57+00:00\" \/>\n<meta property=\"og:image\" content=\"https:\/\/departamentos.unileon.es\/area-historia-del-arte\/files\/2023\/02\/Fotografia-2023-2.jpg\" \/>\n\t<meta property=\"og:image:width\" content=\"110\" \/>\n\t<meta property=\"og:image:height\" content=\"145\" \/>\n\t<meta property=\"og:image:type\" content=\"image\/jpeg\" \/>\n<meta name=\"twitter:card\" content=\"summary_large_image\" \/>\n<meta name=\"twitter:label1\" content=\"Tiempo de lectura\" \/>\n\t<meta name=\"twitter:data1\" content=\"2 minutos\" \/>\n<script type=\"application\/ld+json\" class=\"yoast-schema-graph\">{\"@context\":\"https:\/\/schema.org\",\"@graph\":[{\"@type\":\"WebPage\",\"@id\":\"https:\/\/departamentos.unileon.es\/area-historia-del-arte\/rabasco-garcia-victor\/\",\"url\":\"https:\/\/departamentos.unileon.es\/area-historia-del-arte\/rabasco-garcia-victor\/\",\"name\":\"Rabasco Garc\u00eda, V\u00edctor - \u00c1rea de Historia del Arte\",\"isPartOf\":{\"@id\":\"https:\/\/departamentos.unileon.es\/area-historia-del-arte\/#website\"},\"primaryImageOfPage\":{\"@id\":\"https:\/\/departamentos.unileon.es\/area-historia-del-arte\/rabasco-garcia-victor\/#primaryimage\"},\"image\":{\"@id\":\"https:\/\/departamentos.unileon.es\/area-historia-del-arte\/rabasco-garcia-victor\/#primaryimage\"},\"thumbnailUrl\":\"https:\/\/departamentos.unileon.es\/area-historia-del-arte\/files\/2023\/02\/Fotografia-2023-2.jpg\",\"datePublished\":\"2017-01-23T09:35:20+00:00\",\"dateModified\":\"2025-09-25T11:28:57+00:00\",\"inLanguage\":\"es\",\"potentialAction\":[{\"@type\":\"ReadAction\",\"target\":[\"https:\/\/departamentos.unileon.es\/area-historia-del-arte\/rabasco-garcia-victor\/\"]}]},{\"@type\":\"ImageObject\",\"inLanguage\":\"es\",\"@id\":\"https:\/\/departamentos.unileon.es\/area-historia-del-arte\/rabasco-garcia-victor\/#primaryimage\",\"url\":\"https:\/\/departamentos.unileon.es\/area-historia-del-arte\/files\/2023\/02\/Fotografia-2023-2.jpg\",\"contentUrl\":\"https:\/\/departamentos.unileon.es\/area-historia-del-arte\/files\/2023\/02\/Fotografia-2023-2.jpg\",\"width\":110,\"height\":145},{\"@type\":\"WebSite\",\"@id\":\"https:\/\/departamentos.unileon.es\/area-historia-del-arte\/#website\",\"url\":\"https:\/\/departamentos.unileon.es\/area-historia-del-arte\/\",\"name\":\"\u00c1rea de Historia del Arte\",\"description\":\"p\u00e1gina de \u00c1rea de la Universidad de Le\u00f3n\",\"potentialAction\":[{\"@type\":\"SearchAction\",\"target\":{\"@type\":\"EntryPoint\",\"urlTemplate\":\"https:\/\/departamentos.unileon.es\/area-historia-del-arte\/?s={search_term_string}\"},\"query-input\":{\"@type\":\"PropertyValueSpecification\",\"valueRequired\":true,\"valueName\":\"search_term_string\"}}],\"inLanguage\":\"es\"}]}<\/script>\n<!-- \/ Yoast SEO plugin. -->","yoast_head_json":{"title":"Rabasco Garc\u00eda, V\u00edctor - \u00c1rea de Historia del Arte","robots":{"index":"index","follow":"follow","max-snippet":"max-snippet:-1","max-image-preview":"max-image-preview:large","max-video-preview":"max-video-preview:-1"},"canonical":"https:\/\/departamentos.unileon.es\/area-historia-del-arte\/rabasco-garcia-victor\/","og_locale":"es_ES","og_type":"article","og_title":"Rabasco Garc\u00eda, V\u00edctor - \u00c1rea de Historia del Arte","og_description":"Titulaci\u00f3n:\u00a0Doctor en Historia del Arte Categor\u00eda profesional: Profesor Permanente Laboral Tel\u00e9fono: 987293708 e-mail: vrabg@unileon.es Despacho: 210 bis (Dpto. Patrimonio Art\u00edstico y Documental) L\u00edneas de investigaci\u00f3n: Arte y arquitectura isl\u00e1micos. Historia social del poder en el siglo XI. Arquitectura \u00e1ulica andalus\u00ed. Cultura visual medieval. Contactos y transferencias culturales mediterr\u00e1neas. Arte e identidad en la Edad Media [&hellip;]","og_url":"https:\/\/departamentos.unileon.es\/area-historia-del-arte\/rabasco-garcia-victor\/","og_site_name":"\u00c1rea de Historia del Arte","article_modified_time":"2025-09-25T11:28:57+00:00","og_image":[{"width":110,"height":145,"url":"https:\/\/departamentos.unileon.es\/area-historia-del-arte\/files\/2023\/02\/Fotografia-2023-2.jpg","type":"image\/jpeg"}],"twitter_card":"summary_large_image","twitter_misc":{"Tiempo de lectura":"2 minutos"},"schema":{"@context":"https:\/\/schema.org","@graph":[{"@type":"WebPage","@id":"https:\/\/departamentos.unileon.es\/area-historia-del-arte\/rabasco-garcia-victor\/","url":"https:\/\/departamentos.unileon.es\/area-historia-del-arte\/rabasco-garcia-victor\/","name":"Rabasco Garc\u00eda, V\u00edctor - \u00c1rea de Historia del Arte","isPartOf":{"@id":"https:\/\/departamentos.unileon.es\/area-historia-del-arte\/#website"},"primaryImageOfPage":{"@id":"https:\/\/departamentos.unileon.es\/area-historia-del-arte\/rabasco-garcia-victor\/#primaryimage"},"image":{"@id":"https:\/\/departamentos.unileon.es\/area-historia-del-arte\/rabasco-garcia-victor\/#primaryimage"},"thumbnailUrl":"https:\/\/departamentos.unileon.es\/area-historia-del-arte\/files\/2023\/02\/Fotografia-2023-2.jpg","datePublished":"2017-01-23T09:35:20+00:00","dateModified":"2025-09-25T11:28:57+00:00","inLanguage":"es","potentialAction":[{"@type":"ReadAction","target":["https:\/\/departamentos.unileon.es\/area-historia-del-arte\/rabasco-garcia-victor\/"]}]},{"@type":"ImageObject","inLanguage":"es","@id":"https:\/\/departamentos.unileon.es\/area-historia-del-arte\/rabasco-garcia-victor\/#primaryimage","url":"https:\/\/departamentos.unileon.es\/area-historia-del-arte\/files\/2023\/02\/Fotografia-2023-2.jpg","contentUrl":"https:\/\/departamentos.unileon.es\/area-historia-del-arte\/files\/2023\/02\/Fotografia-2023-2.jpg","width":110,"height":145},{"@type":"WebSite","@id":"https:\/\/departamentos.unileon.es\/area-historia-del-arte\/#website","url":"https:\/\/departamentos.unileon.es\/area-historia-del-arte\/","name":"\u00c1rea de Historia del Arte","description":"p\u00e1gina de \u00c1rea de la Universidad de Le\u00f3n","potentialAction":[{"@type":"SearchAction","target":{"@type":"EntryPoint","urlTemplate":"https:\/\/departamentos.unileon.es\/area-historia-del-arte\/?s={search_term_string}"},"query-input":{"@type":"PropertyValueSpecification","valueRequired":true,"valueName":"search_term_string"}}],"inLanguage":"es"}]}},"_links":{"self":[{"href":"https:\/\/departamentos.unileon.es\/area-historia-del-arte\/wp-json\/wp\/v2\/pages\/143","targetHints":{"allow":["GET"]}}],"collection":[{"href":"https:\/\/departamentos.unileon.es\/area-historia-del-arte\/wp-json\/wp\/v2\/pages"}],"about":[{"href":"https:\/\/departamentos.unileon.es\/area-historia-del-arte\/wp-json\/wp\/v2\/types\/page"}],"author":[{"embeddable":true,"href":"https:\/\/departamentos.unileon.es\/area-historia-del-arte\/wp-json\/wp\/v2\/users\/151"}],"replies":[{"embeddable":true,"href":"https:\/\/departamentos.unileon.es\/area-historia-del-arte\/wp-json\/wp\/v2\/comments?post=143"}],"version-history":[{"count":29,"href":"https:\/\/departamentos.unileon.es\/area-historia-del-arte\/wp-json\/wp\/v2\/pages\/143\/revisions"}],"predecessor-version":[{"id":2107,"href":"https:\/\/departamentos.unileon.es\/area-historia-del-arte\/wp-json\/wp\/v2\/pages\/143\/revisions\/2107"}],"wp:attachment":[{"href":"https:\/\/departamentos.unileon.es\/area-historia-del-arte\/wp-json\/wp\/v2\/media?parent=143"}],"curies":[{"name":"wp","href":"https:\/\/api.w.org\/{rel}","templated":true}]}}