{"id":141,"date":"2017-01-23T09:34:07","date_gmt":"2017-01-23T09:34:07","guid":{"rendered":"http:\/\/departamentos.unileon.es\/area-historia-del-arte\/?page_id=141"},"modified":"2021-02-26T09:04:30","modified_gmt":"2021-02-26T09:04:30","slug":"morais-moran-jose-alberto","status":"publish","type":"page","link":"https:\/\/departamentos.unileon.es\/area-historia-del-arte\/morais-moran-jose-alberto\/","title":{"rendered":"Mor\u00e1is Mor\u00e1n, Jos\u00e9 Alberto"},"content":{"rendered":"<table style=\"height: 74px;\" width=\"195\">\n<tbody>\n<tr style=\"height: 172.5px;\">\n<td style=\"width: 450px; height: 172.5px;\"><span style=\"font-size: 10pt;\"><img loading=\"lazy\" decoding=\"async\" class=\"alignleft size-full wp-image-330\" src=\"http:\/\/departamentos.unileon.es\/area-historia-del-arte\/files\/2017\/01\/P7180019-e1485767098183.jpg\" alt=\"\" width=\"100\" height=\"134\"><strong>Titulaci\u00f3n:<\/strong> Doctor <em>Europeus<\/em> en Historia del Arte<\/span>\n<span style=\"font-size: 10pt;\"><strong>Categor\u00eda profesional:<\/strong> Profesor Titular<\/span>\n<span style=\"font-size: 10pt;\"><strong>Tel\u00e9fono: <\/strong>987291042<\/span>\n<span style=\"font-size: 10pt;\"><strong>e-mail:<\/strong> <a href=\"mailto:jamorm@unileon.es\">jamorm@unileon.es<\/a> <\/span>\n<span style=\"font-size: 10pt;\"><strong>Despacho:<\/strong> 200 bis (Dpto. Patrimonio Art\u00edstico y Documental)<\/span><\/td>\n<\/tr>\n<\/tbody>\n<\/table>\n<p style=\"text-align: justify;\"><span style=\"font-size: 12pt;\"><strong>L\u00edneas de investigaci\u00f3n: <\/strong><\/span>Imagen en los siglos del rom\u00e1nico y sus fuentes de la Antig\u00fcedad cl\u00e1sica. Arte medieval en el siglo XIX: teor\u00eda del arte, restauraci\u00f3n y patrimonio expoliado. Arquitectura neomedieval e historicismos en Am\u00e9rica del Sur: Chile. Obras de ingeniera, caminos y puentes en la Extremadura medieval<\/p>\n<p style=\"text-align: justify; padding-left: 30px;\">Grupos e institutos de investigaci\u00f3n a los que pertenece: Grupo de Investigaci\u00f3n Artarq, Arte y Arquitectura desde la Antig\u00fcedad (Universidad de Extremadura) \/ Grupo de Investigaci\u00f3n Artfil, Arte y Filolog\u00eda (Gobierno de Extremadura) \/ Grupo de Investigaci\u00f3n Imagens, Textos e Representa\u00e7\u00f5es (Universidade Nova de Lisboa) \/Grupo de Estudios Circulaci\u00f3n de la Informaci\u00f3n, objetos y personas (Instituto de Historia, Pontificia Universidad Cat\u00f3lica de Valpara\u00edso, Chile) \/ Investigador colaborador del Instituto de Estudos Medievais de la Universidade Nova de Lisboa \/ Investigador en el Instituto de Historia de la Pontificia Universidad Cat\u00f3lica de Valpara\u00edso, Chile\/ Grupo de Innovaci\u00f3n Docente Id-Arte (Universidad de Le\u00f3n)<\/p>\n<p style=\"text-align: justify; padding-left: 30px;\"><strong><a href=\"https:\/\/dialnet.unirioja.es\/buscar\/documentos?querysDismax.DOCUMENTAL_TODO=morais+moran+jose+alberto\" target=\"_blank\" rel=\"noopener noreferrer\"><img loading=\"lazy\" decoding=\"async\" class=\"alignleft size-full wp-image-385\" src=\"http:\/\/departamentos.unileon.es\/area-historia-del-arte\/files\/2017\/01\/dialnet-1-e1485947316953.jpg\" alt=\"\" width=\"80\" height=\"23\"><\/a>&nbsp;<a href=\"https:\/\/orcid.org\/0000-0002-0069-5864\" target=\"_blank\" rel=\"noopener noreferrer\"><img loading=\"lazy\" decoding=\"async\" class=\"alignleft size-full wp-image-624\" src=\"http:\/\/departamentos.unileon.es\/area-historia-del-arte\/files\/2018\/07\/orcid-e1531134521100.jpg\" alt=\"\" width=\"120\" height=\"41\"><\/a><a href=\"https:\/\/pucv.academia.edu\/JOSEALBERTOMORAISMORAN\" target=\"_blank\" rel=\"noopener noreferrer\"><img loading=\"lazy\" decoding=\"async\" class=\"alignleft size-full wp-image-429\" src=\"http:\/\/departamentos.unileon.es\/area-historia-del-arte\/files\/2017\/01\/academialogo-1-e1485950684797.png\" alt=\"\" width=\"110\" height=\"33\"><\/a><\/strong><\/p>\n<p style=\"text-align: justify; padding-left: 30px;\">&nbsp;<\/p>\n<p style=\"text-align: justify;\"><span style=\"font-size: 12pt;\"><strong>Perfil docente: <\/strong><\/span>Historia del Arte Antiguo: Pr\u00f3ximo Oriente, Egipto, Grecia y Roma; Arte y Ciudad; Historia del Arte Medieval.<\/p>\n\n<div>&nbsp;<\/div>","protected":false},"excerpt":{"rendered":"<p>Titulaci\u00f3n: Doctor Europeus en Historia del Arte Categor\u00eda profesional: Profesor Titular Tel\u00e9fono: 987291042 e-mail: jamorm@unileon.es Despacho: 200 bis (Dpto. Patrimonio Art\u00edstico y Documental) L\u00edneas de investigaci\u00f3n: Imagen en los siglos del rom\u00e1nico y sus fuentes de la Antig\u00fcedad cl\u00e1sica. Arte medieval en el siglo XIX: teor\u00eda del arte, restauraci\u00f3n y patrimonio expoliado. Arquitectura neomedieval e [&hellip;]<\/p>\n","protected":false},"author":151,"featured_media":0,"parent":0,"menu_order":0,"comment_status":"closed","ping_status":"closed","template":"onecolumn-page.php","meta":{"ngg_post_thumbnail":0,"footnotes":""},"class_list":["post-141","page","type-page","status-publish","hentry"],"yoast_head":"<!-- This site is optimized with the Yoast SEO plugin v25.8 - https:\/\/yoast.com\/wordpress\/plugins\/seo\/ -->\n<title>Mor\u00e1is Mor\u00e1n, Jos\u00e9 Alberto - \u00c1rea de Historia del Arte<\/title>\n<meta name=\"robots\" content=\"index, follow, max-snippet:-1, max-image-preview:large, max-video-preview:-1\" \/>\n<link rel=\"canonical\" href=\"https:\/\/departamentos.unileon.es\/area-historia-del-arte\/morais-moran-jose-alberto\/\" \/>\n<meta property=\"og:locale\" content=\"es_ES\" \/>\n<meta property=\"og:type\" content=\"article\" \/>\n<meta property=\"og:title\" content=\"Mor\u00e1is Mor\u00e1n, Jos\u00e9 Alberto - \u00c1rea de Historia del Arte\" \/>\n<meta property=\"og:description\" content=\"Titulaci\u00f3n: Doctor Europeus en Historia del Arte Categor\u00eda profesional: Profesor Titular Tel\u00e9fono: 987291042 e-mail: jamorm@unileon.es Despacho: 200 bis (Dpto. Patrimonio Art\u00edstico y Documental) L\u00edneas de investigaci\u00f3n: Imagen en los siglos del rom\u00e1nico y sus fuentes de la Antig\u00fcedad cl\u00e1sica. Arte medieval en el siglo XIX: teor\u00eda del arte, restauraci\u00f3n y patrimonio expoliado. Arquitectura neomedieval e [&hellip;]\" \/>\n<meta property=\"og:url\" content=\"https:\/\/departamentos.unileon.es\/area-historia-del-arte\/morais-moran-jose-alberto\/\" \/>\n<meta property=\"og:site_name\" content=\"\u00c1rea de Historia del Arte\" \/>\n<meta property=\"article:modified_time\" content=\"2021-02-26T09:04:30+00:00\" \/>\n<meta property=\"og:image\" content=\"https:\/\/departamentos.unileon.es\/area-historia-del-arte\/files\/2017\/01\/P7180019-e1485767098183.jpg\" \/>\n\t<meta property=\"og:image:width\" content=\"100\" \/>\n\t<meta property=\"og:image:height\" content=\"134\" \/>\n\t<meta property=\"og:image:type\" content=\"image\/jpeg\" \/>\n<meta name=\"twitter:card\" content=\"summary_large_image\" \/>\n<meta name=\"twitter:label1\" content=\"Tiempo de lectura\" \/>\n\t<meta name=\"twitter:data1\" content=\"1 minuto\" \/>\n<script type=\"application\/ld+json\" class=\"yoast-schema-graph\">{\"@context\":\"https:\/\/schema.org\",\"@graph\":[{\"@type\":\"WebPage\",\"@id\":\"https:\/\/departamentos.unileon.es\/area-historia-del-arte\/morais-moran-jose-alberto\/\",\"url\":\"https:\/\/departamentos.unileon.es\/area-historia-del-arte\/morais-moran-jose-alberto\/\",\"name\":\"Mor\u00e1is Mor\u00e1n, Jos\u00e9 Alberto - \u00c1rea de Historia del Arte\",\"isPartOf\":{\"@id\":\"https:\/\/departamentos.unileon.es\/area-historia-del-arte\/#website\"},\"primaryImageOfPage\":{\"@id\":\"https:\/\/departamentos.unileon.es\/area-historia-del-arte\/morais-moran-jose-alberto\/#primaryimage\"},\"image\":{\"@id\":\"https:\/\/departamentos.unileon.es\/area-historia-del-arte\/morais-moran-jose-alberto\/#primaryimage\"},\"thumbnailUrl\":\"http:\/\/departamentos.unileon.es\/area-historia-del-arte\/files\/2017\/01\/P7180019-e1485767098183.jpg\",\"datePublished\":\"2017-01-23T09:34:07+00:00\",\"dateModified\":\"2021-02-26T09:04:30+00:00\",\"inLanguage\":\"es\",\"potentialAction\":[{\"@type\":\"ReadAction\",\"target\":[\"https:\/\/departamentos.unileon.es\/area-historia-del-arte\/morais-moran-jose-alberto\/\"]}]},{\"@type\":\"ImageObject\",\"inLanguage\":\"es\",\"@id\":\"https:\/\/departamentos.unileon.es\/area-historia-del-arte\/morais-moran-jose-alberto\/#primaryimage\",\"url\":\"https:\/\/departamentos.unileon.es\/area-historia-del-arte\/files\/2017\/01\/P7180019-e1485767098183.jpg\",\"contentUrl\":\"https:\/\/departamentos.unileon.es\/area-historia-del-arte\/files\/2017\/01\/P7180019-e1485767098183.jpg\",\"width\":100,\"height\":134},{\"@type\":\"WebSite\",\"@id\":\"https:\/\/departamentos.unileon.es\/area-historia-del-arte\/#website\",\"url\":\"https:\/\/departamentos.unileon.es\/area-historia-del-arte\/\",\"name\":\"\u00c1rea de Historia del Arte\",\"description\":\"p\u00e1gina de \u00c1rea de la Universidad de Le\u00f3n\",\"potentialAction\":[{\"@type\":\"SearchAction\",\"target\":{\"@type\":\"EntryPoint\",\"urlTemplate\":\"https:\/\/departamentos.unileon.es\/area-historia-del-arte\/?s={search_term_string}\"},\"query-input\":{\"@type\":\"PropertyValueSpecification\",\"valueRequired\":true,\"valueName\":\"search_term_string\"}}],\"inLanguage\":\"es\"}]}<\/script>\n<!-- \/ Yoast SEO plugin. -->","yoast_head_json":{"title":"Mor\u00e1is Mor\u00e1n, Jos\u00e9 Alberto - \u00c1rea de Historia del Arte","robots":{"index":"index","follow":"follow","max-snippet":"max-snippet:-1","max-image-preview":"max-image-preview:large","max-video-preview":"max-video-preview:-1"},"canonical":"https:\/\/departamentos.unileon.es\/area-historia-del-arte\/morais-moran-jose-alberto\/","og_locale":"es_ES","og_type":"article","og_title":"Mor\u00e1is Mor\u00e1n, Jos\u00e9 Alberto - \u00c1rea de Historia del Arte","og_description":"Titulaci\u00f3n: Doctor Europeus en Historia del Arte Categor\u00eda profesional: Profesor Titular Tel\u00e9fono: 987291042 e-mail: jamorm@unileon.es Despacho: 200 bis (Dpto. Patrimonio Art\u00edstico y Documental) L\u00edneas de investigaci\u00f3n: Imagen en los siglos del rom\u00e1nico y sus fuentes de la Antig\u00fcedad cl\u00e1sica. Arte medieval en el siglo XIX: teor\u00eda del arte, restauraci\u00f3n y patrimonio expoliado. Arquitectura neomedieval e [&hellip;]","og_url":"https:\/\/departamentos.unileon.es\/area-historia-del-arte\/morais-moran-jose-alberto\/","og_site_name":"\u00c1rea de Historia del Arte","article_modified_time":"2021-02-26T09:04:30+00:00","og_image":[{"width":100,"height":134,"url":"https:\/\/departamentos.unileon.es\/area-historia-del-arte\/files\/2017\/01\/P7180019-e1485767098183.jpg","type":"image\/jpeg"}],"twitter_card":"summary_large_image","twitter_misc":{"Tiempo de lectura":"1 minuto"},"schema":{"@context":"https:\/\/schema.org","@graph":[{"@type":"WebPage","@id":"https:\/\/departamentos.unileon.es\/area-historia-del-arte\/morais-moran-jose-alberto\/","url":"https:\/\/departamentos.unileon.es\/area-historia-del-arte\/morais-moran-jose-alberto\/","name":"Mor\u00e1is Mor\u00e1n, Jos\u00e9 Alberto - \u00c1rea de Historia del Arte","isPartOf":{"@id":"https:\/\/departamentos.unileon.es\/area-historia-del-arte\/#website"},"primaryImageOfPage":{"@id":"https:\/\/departamentos.unileon.es\/area-historia-del-arte\/morais-moran-jose-alberto\/#primaryimage"},"image":{"@id":"https:\/\/departamentos.unileon.es\/area-historia-del-arte\/morais-moran-jose-alberto\/#primaryimage"},"thumbnailUrl":"http:\/\/departamentos.unileon.es\/area-historia-del-arte\/files\/2017\/01\/P7180019-e1485767098183.jpg","datePublished":"2017-01-23T09:34:07+00:00","dateModified":"2021-02-26T09:04:30+00:00","inLanguage":"es","potentialAction":[{"@type":"ReadAction","target":["https:\/\/departamentos.unileon.es\/area-historia-del-arte\/morais-moran-jose-alberto\/"]}]},{"@type":"ImageObject","inLanguage":"es","@id":"https:\/\/departamentos.unileon.es\/area-historia-del-arte\/morais-moran-jose-alberto\/#primaryimage","url":"https:\/\/departamentos.unileon.es\/area-historia-del-arte\/files\/2017\/01\/P7180019-e1485767098183.jpg","contentUrl":"https:\/\/departamentos.unileon.es\/area-historia-del-arte\/files\/2017\/01\/P7180019-e1485767098183.jpg","width":100,"height":134},{"@type":"WebSite","@id":"https:\/\/departamentos.unileon.es\/area-historia-del-arte\/#website","url":"https:\/\/departamentos.unileon.es\/area-historia-del-arte\/","name":"\u00c1rea de Historia del Arte","description":"p\u00e1gina de \u00c1rea de la Universidad de Le\u00f3n","potentialAction":[{"@type":"SearchAction","target":{"@type":"EntryPoint","urlTemplate":"https:\/\/departamentos.unileon.es\/area-historia-del-arte\/?s={search_term_string}"},"query-input":{"@type":"PropertyValueSpecification","valueRequired":true,"valueName":"search_term_string"}}],"inLanguage":"es"}]}},"_links":{"self":[{"href":"https:\/\/departamentos.unileon.es\/area-historia-del-arte\/wp-json\/wp\/v2\/pages\/141","targetHints":{"allow":["GET"]}}],"collection":[{"href":"https:\/\/departamentos.unileon.es\/area-historia-del-arte\/wp-json\/wp\/v2\/pages"}],"about":[{"href":"https:\/\/departamentos.unileon.es\/area-historia-del-arte\/wp-json\/wp\/v2\/types\/page"}],"author":[{"embeddable":true,"href":"https:\/\/departamentos.unileon.es\/area-historia-del-arte\/wp-json\/wp\/v2\/users\/151"}],"replies":[{"embeddable":true,"href":"https:\/\/departamentos.unileon.es\/area-historia-del-arte\/wp-json\/wp\/v2\/comments?post=141"}],"version-history":[{"count":19,"href":"https:\/\/departamentos.unileon.es\/area-historia-del-arte\/wp-json\/wp\/v2\/pages\/141\/revisions"}],"predecessor-version":[{"id":1247,"href":"https:\/\/departamentos.unileon.es\/area-historia-del-arte\/wp-json\/wp\/v2\/pages\/141\/revisions\/1247"}],"wp:attachment":[{"href":"https:\/\/departamentos.unileon.es\/area-historia-del-arte\/wp-json\/wp\/v2\/media?parent=141"}],"curies":[{"name":"wp","href":"https:\/\/api.w.org\/{rel}","templated":true}]}}