{"id":1384,"date":"2021-10-10T10:14:54","date_gmt":"2021-10-10T10:14:54","guid":{"rendered":"https:\/\/departamentos.unileon.es\/area-historia-del-arte\/?page_id=1384"},"modified":"2021-11-25T11:14:04","modified_gmt":"2021-11-25T11:14:04","slug":"pieza-del-mes-de-museos-leoneses","status":"publish","type":"page","link":"https:\/\/departamentos.unileon.es\/area-historia-del-arte\/pieza-del-mes-de-museos-leoneses\/","title":{"rendered":"\u00abPieza del mes\u00bb de los museos leoneses"},"content":{"rendered":"\n<p>Esta actividad, iniciada durante el curso acad\u00e9mico 2020\/2021, recoge pr\u00e1cticas extracurriculares de alumnos del Grado en Historia del Arte conducentes a la realizaci\u00f3n del estudio de piezas de museos de la ciudad de Le\u00f3n y su presentaci\u00f3n p\u00fablica en la programaci\u00f3n de \u00abLa pieza del mes\u00bb. Su grabaci\u00f3n y difusi\u00f3n a trav\u00e9s de canales audiovisuales en abierto ha permitido tambi\u00e9n impulsar la transferencia de estas pr\u00e1cticas a la sociedad y la puesta en valor del Patrimonio art\u00edstico leon\u00e9s.&nbsp;<\/p>\n\n\n\n<p>       <\/p>\n\n\n\n<p><span style=\"color: #0000ff;\"><em><strong>Museo Casa Botines Gaud\u00ed (agosto 2021)<\/strong><\/em><\/span><\/p>\n<p><a href=\"https:\/\/www.youtube.com\/watch?v=6EXkJqLvrOA\" target=\"_blank\" rel=\"noopener\"><em><span style=\"color: #ff6600;\">&nbsp;San Vicente Ferrer y Dominico (Andrea Moura)<\/span><\/em><\/a><\/p>\n<p><span style=\"color: #0000ff;\"><em><strong>Museo Casa Botines Gaud\u00ed (septiembre 2021)<\/strong><\/em><\/span><\/p>\n<p><a href=\"https:\/\/www.youtube.com\/watch?v=FTdRG73IMDQ\" target=\"_blank\" rel=\"noopener\"><span style=\"color: #ff6600;\"><em>\u00ab\u00c1ngel\u00bb (1955) del Delhy Tejero Bedate (Irene del Canto M\u00ednguez)<\/em><\/span><\/a><\/p>\n\n\n\n<p><span style=\"color: #0000ff;\"><em><strong>Museo Casa Botines Gaud\u00ed (noviembre 2021)<\/strong><\/em><\/span><\/p>\n\n\n\n<p><span style=\"color: #ff6600;\"><a style=\"color: #ff6600;\" href=\"https:\/\/www.youtube.com\/watch?v=I9eO-r0lcR0\" target=\"_blank\" rel=\"noreferrer noopener\"><em>Ba\u00f1istas de Cecilio Pla (Mairena Gonz\u00e1lez Pascual)<\/em><\/a><\/span><\/p>\n\n\n\n<p><\/p>\n","protected":false},"excerpt":{"rendered":"<p>Esta actividad, iniciada durante el curso acad\u00e9mico 2020\/2021, recoge pr\u00e1cticas extracurriculares de alumnos del Grado en Historia del Arte conducentes a la realizaci\u00f3n del estudio de piezas de museos de la ciudad de Le\u00f3n y su presentaci\u00f3n p\u00fablica en la programaci\u00f3n de \u00abLa pieza del mes\u00bb. Su grabaci\u00f3n y difusi\u00f3n a trav\u00e9s de canales audiovisuales [&hellip;]<\/p>\n","protected":false},"author":151,"featured_media":0,"parent":0,"menu_order":0,"comment_status":"closed","ping_status":"closed","template":"","meta":{"ngg_post_thumbnail":0,"footnotes":""},"class_list":["post-1384","page","type-page","status-publish","hentry"],"yoast_head":"<!-- This site is optimized with the Yoast SEO plugin v25.8 - https:\/\/yoast.com\/wordpress\/plugins\/seo\/ -->\n<title>&quot;Pieza del mes&quot; de los museos leoneses - \u00c1rea de Historia del Arte<\/title>\n<meta name=\"robots\" content=\"index, follow, max-snippet:-1, max-image-preview:large, max-video-preview:-1\" \/>\n<link rel=\"canonical\" href=\"https:\/\/departamentos.unileon.es\/area-historia-del-arte\/pieza-del-mes-de-museos-leoneses\/\" \/>\n<meta property=\"og:locale\" content=\"es_ES\" \/>\n<meta property=\"og:type\" content=\"article\" \/>\n<meta property=\"og:title\" content=\"&quot;Pieza del mes&quot; de los museos leoneses - \u00c1rea de Historia del Arte\" \/>\n<meta property=\"og:description\" content=\"Esta actividad, iniciada durante el curso acad\u00e9mico 2020\/2021, recoge pr\u00e1cticas extracurriculares de alumnos del Grado en Historia del Arte conducentes a la realizaci\u00f3n del estudio de piezas de museos de la ciudad de Le\u00f3n y su presentaci\u00f3n p\u00fablica en la programaci\u00f3n de \u00abLa pieza del mes\u00bb. Su grabaci\u00f3n y difusi\u00f3n a trav\u00e9s de canales audiovisuales [&hellip;]\" \/>\n<meta property=\"og:url\" content=\"https:\/\/departamentos.unileon.es\/area-historia-del-arte\/pieza-del-mes-de-museos-leoneses\/\" \/>\n<meta property=\"og:site_name\" content=\"\u00c1rea de Historia del Arte\" \/>\n<meta property=\"article:modified_time\" content=\"2021-11-25T11:14:04+00:00\" \/>\n<meta name=\"twitter:card\" content=\"summary_large_image\" \/>\n<meta name=\"twitter:label1\" content=\"Tiempo de lectura\" \/>\n\t<meta name=\"twitter:data1\" content=\"1 minuto\" \/>\n<script type=\"application\/ld+json\" class=\"yoast-schema-graph\">{\"@context\":\"https:\/\/schema.org\",\"@graph\":[{\"@type\":\"WebPage\",\"@id\":\"https:\/\/departamentos.unileon.es\/area-historia-del-arte\/pieza-del-mes-de-museos-leoneses\/\",\"url\":\"https:\/\/departamentos.unileon.es\/area-historia-del-arte\/pieza-del-mes-de-museos-leoneses\/\",\"name\":\"\\\"Pieza del mes\\\" de los museos leoneses - \u00c1rea de Historia del Arte\",\"isPartOf\":{\"@id\":\"https:\/\/departamentos.unileon.es\/area-historia-del-arte\/#website\"},\"datePublished\":\"2021-10-10T10:14:54+00:00\",\"dateModified\":\"2021-11-25T11:14:04+00:00\",\"inLanguage\":\"es\",\"potentialAction\":[{\"@type\":\"ReadAction\",\"target\":[\"https:\/\/departamentos.unileon.es\/area-historia-del-arte\/pieza-del-mes-de-museos-leoneses\/\"]}]},{\"@type\":\"WebSite\",\"@id\":\"https:\/\/departamentos.unileon.es\/area-historia-del-arte\/#website\",\"url\":\"https:\/\/departamentos.unileon.es\/area-historia-del-arte\/\",\"name\":\"\u00c1rea de Historia del Arte\",\"description\":\"p\u00e1gina de \u00c1rea de la Universidad de Le\u00f3n\",\"potentialAction\":[{\"@type\":\"SearchAction\",\"target\":{\"@type\":\"EntryPoint\",\"urlTemplate\":\"https:\/\/departamentos.unileon.es\/area-historia-del-arte\/?s={search_term_string}\"},\"query-input\":{\"@type\":\"PropertyValueSpecification\",\"valueRequired\":true,\"valueName\":\"search_term_string\"}}],\"inLanguage\":\"es\"}]}<\/script>\n<!-- \/ Yoast SEO plugin. -->","yoast_head_json":{"title":"\"Pieza del mes\" de los museos leoneses - \u00c1rea de Historia del Arte","robots":{"index":"index","follow":"follow","max-snippet":"max-snippet:-1","max-image-preview":"max-image-preview:large","max-video-preview":"max-video-preview:-1"},"canonical":"https:\/\/departamentos.unileon.es\/area-historia-del-arte\/pieza-del-mes-de-museos-leoneses\/","og_locale":"es_ES","og_type":"article","og_title":"\"Pieza del mes\" de los museos leoneses - \u00c1rea de Historia del Arte","og_description":"Esta actividad, iniciada durante el curso acad\u00e9mico 2020\/2021, recoge pr\u00e1cticas extracurriculares de alumnos del Grado en Historia del Arte conducentes a la realizaci\u00f3n del estudio de piezas de museos de la ciudad de Le\u00f3n y su presentaci\u00f3n p\u00fablica en la programaci\u00f3n de \u00abLa pieza del mes\u00bb. Su grabaci\u00f3n y difusi\u00f3n a trav\u00e9s de canales audiovisuales [&hellip;]","og_url":"https:\/\/departamentos.unileon.es\/area-historia-del-arte\/pieza-del-mes-de-museos-leoneses\/","og_site_name":"\u00c1rea de Historia del Arte","article_modified_time":"2021-11-25T11:14:04+00:00","twitter_card":"summary_large_image","twitter_misc":{"Tiempo de lectura":"1 minuto"},"schema":{"@context":"https:\/\/schema.org","@graph":[{"@type":"WebPage","@id":"https:\/\/departamentos.unileon.es\/area-historia-del-arte\/pieza-del-mes-de-museos-leoneses\/","url":"https:\/\/departamentos.unileon.es\/area-historia-del-arte\/pieza-del-mes-de-museos-leoneses\/","name":"\"Pieza del mes\" de los museos leoneses - \u00c1rea de Historia del Arte","isPartOf":{"@id":"https:\/\/departamentos.unileon.es\/area-historia-del-arte\/#website"},"datePublished":"2021-10-10T10:14:54+00:00","dateModified":"2021-11-25T11:14:04+00:00","inLanguage":"es","potentialAction":[{"@type":"ReadAction","target":["https:\/\/departamentos.unileon.es\/area-historia-del-arte\/pieza-del-mes-de-museos-leoneses\/"]}]},{"@type":"WebSite","@id":"https:\/\/departamentos.unileon.es\/area-historia-del-arte\/#website","url":"https:\/\/departamentos.unileon.es\/area-historia-del-arte\/","name":"\u00c1rea de Historia del Arte","description":"p\u00e1gina de \u00c1rea de la Universidad de Le\u00f3n","potentialAction":[{"@type":"SearchAction","target":{"@type":"EntryPoint","urlTemplate":"https:\/\/departamentos.unileon.es\/area-historia-del-arte\/?s={search_term_string}"},"query-input":{"@type":"PropertyValueSpecification","valueRequired":true,"valueName":"search_term_string"}}],"inLanguage":"es"}]}},"_links":{"self":[{"href":"https:\/\/departamentos.unileon.es\/area-historia-del-arte\/wp-json\/wp\/v2\/pages\/1384","targetHints":{"allow":["GET"]}}],"collection":[{"href":"https:\/\/departamentos.unileon.es\/area-historia-del-arte\/wp-json\/wp\/v2\/pages"}],"about":[{"href":"https:\/\/departamentos.unileon.es\/area-historia-del-arte\/wp-json\/wp\/v2\/types\/page"}],"author":[{"embeddable":true,"href":"https:\/\/departamentos.unileon.es\/area-historia-del-arte\/wp-json\/wp\/v2\/users\/151"}],"replies":[{"embeddable":true,"href":"https:\/\/departamentos.unileon.es\/area-historia-del-arte\/wp-json\/wp\/v2\/comments?post=1384"}],"version-history":[{"count":8,"href":"https:\/\/departamentos.unileon.es\/area-historia-del-arte\/wp-json\/wp\/v2\/pages\/1384\/revisions"}],"predecessor-version":[{"id":1500,"href":"https:\/\/departamentos.unileon.es\/area-historia-del-arte\/wp-json\/wp\/v2\/pages\/1384\/revisions\/1500"}],"wp:attachment":[{"href":"https:\/\/departamentos.unileon.es\/area-historia-del-arte\/wp-json\/wp\/v2\/media?parent=1384"}],"curies":[{"name":"wp","href":"https:\/\/api.w.org\/{rel}","templated":true}]}}