{"id":135,"date":"2017-01-23T09:33:32","date_gmt":"2017-01-23T09:33:32","guid":{"rendered":"http:\/\/departamentos.unileon.es\/area-historia-del-arte\/?page_id=135"},"modified":"2024-06-08T10:49:36","modified_gmt":"2024-06-08T10:49:36","slug":"herraez-ortega-ma-victoria","status":"publish","type":"page","link":"https:\/\/departamentos.unileon.es\/area-historia-del-arte\/herraez-ortega-ma-victoria\/","title":{"rendered":"Herr\u00e1ez Ortega, M\u00aa Victoria"},"content":{"rendered":"\n<figure class=\"wp-block-image size-full\"><img loading=\"lazy\" decoding=\"async\" width=\"102\" height=\"110\" src=\"https:\/\/departamentos.unileon.es\/area-historia-del-arte\/files\/2017\/01\/mar\u00eda-e1485429134271.png\" alt=\"\" class=\"wp-image-314\"\/><\/figure>\n\n\n<p><strong>Titulaci\u00f3n:<\/strong> Doctora en Historia del Arte<br \/><strong>Categor\u00eda profesional:<\/strong>\u00a0Catedr\u00e1tica<br \/><strong>Tel\u00e9fono:<\/strong> 987291070<br \/><strong>e-mail:<\/strong>\u00a0mvhero@unileon.es<br \/><strong>Despacho:<\/strong> 205 bis (Dpto. Patrimonio Art\u00edstico y Documental)<\/p>\n<p><strong>L\u00edneas de investigaci\u00f3n:<\/strong> Patronazgo art\u00edstico en la Edad Media<\/p>\n<p><strong>Grupos e institutos\u00a0de investigaci\u00f3n a los que pertenece:\u00a0<\/strong><\/p>\n<p>Instituto de Estudios Medievales<\/p>\n<p>Grupo PAM (Patrimonio Art\u00edstico Medieval)<\/p>\n<p>Miembro de la Red de Excelencia Ars Medievalis<\/p>\n<p>Grupo de Innovaci\u00f3n Docente Id-ARTE (Universidad de Le\u00f3n)<\/p>\n<p style=\"text-align: justify; padding-left: 30px;\"><a href=\"https:\/\/dialnet.unirioja.es\/servlet\/autor?codigo=70963\" target=\"_blank\" rel=\"noopener noreferrer\"><img loading=\"lazy\" decoding=\"async\" class=\"alignleft size-full wp-image-385\" src=\"http:\/\/departamentos.unileon.es\/area-historia-del-arte\/files\/2017\/01\/dialnet-1-e1485947316953.jpg\" alt=\"\" width=\"80\" height=\"23\" \/><\/a><\/p>\n<p style=\"text-align: justify; padding-left: 30px;\"><a href=\"https:\/\/orcid.org\/0000-0002-0387-1878\" target=\"_blank\" rel=\"noopener noreferrer\"><img loading=\"lazy\" decoding=\"async\" class=\"alignleft size-full wp-image-624\" src=\"http:\/\/departamentos.unileon.es\/area-historia-del-arte\/files\/2018\/07\/orcid-e1531134521100.jpg\" alt=\"\" width=\"120\" height=\"41\" \/><\/a><\/p>\n<p><a href=\"https:\/\/unileon.academia.edu\/MAR%C3%8DAVICTORIAHERR%C3%81EZORTEGA\" target=\"_blank\" rel=\"noopener noreferrer\"><img loading=\"lazy\" decoding=\"async\" class=\"alignleft size-full wp-image-429\" src=\"http:\/\/departamentos.unileon.es\/area-historia-del-arte\/files\/2017\/01\/academialogo-1-e1485950684797.png\" alt=\"\" width=\"110\" height=\"33\" \/><\/a><\/p>\n<p>\u00a0<\/p>\n<p>\u00a0<\/p>\n<p style=\"text-align: justify;\"><strong>Perfil docente:<\/strong> Arte g\u00f3tico espa\u00f1ol. Arte isl\u00e1mico. Historia del arte contempor\u00e1neo hasta la Segunda Guerra Mundial. Arte europeo del Medievo: influencias, mecenazgo y patrocinio<\/p>","protected":false},"excerpt":{"rendered":"<p>Titulaci\u00f3n: Doctora en Historia del ArteCategor\u00eda profesional:\u00a0Catedr\u00e1ticaTel\u00e9fono: 987291070e-mail:\u00a0mvhero@unileon.esDespacho: 205 bis (Dpto. Patrimonio Art\u00edstico y Documental) L\u00edneas de investigaci\u00f3n: Patronazgo art\u00edstico en la Edad Media Grupos e institutos\u00a0de investigaci\u00f3n a los que pertenece:\u00a0 Instituto de Estudios Medievales Grupo PAM (Patrimonio Art\u00edstico Medieval) Miembro de la Red de Excelencia Ars Medievalis Grupo de Innovaci\u00f3n Docente Id-ARTE (Universidad [&hellip;]<\/p>\n","protected":false},"author":151,"featured_media":0,"parent":0,"menu_order":0,"comment_status":"closed","ping_status":"closed","template":"","meta":{"ngg_post_thumbnail":0,"footnotes":""},"class_list":["post-135","page","type-page","status-publish","hentry"],"yoast_head":"<!-- This site is optimized with the Yoast SEO plugin v25.8 - https:\/\/yoast.com\/wordpress\/plugins\/seo\/ -->\n<title>Herr\u00e1ez Ortega, M\u00aa Victoria - \u00c1rea de Historia del Arte<\/title>\n<meta name=\"robots\" content=\"index, follow, max-snippet:-1, max-image-preview:large, max-video-preview:-1\" \/>\n<link rel=\"canonical\" href=\"https:\/\/departamentos.unileon.es\/area-historia-del-arte\/herraez-ortega-ma-victoria\/\" \/>\n<meta property=\"og:locale\" content=\"es_ES\" \/>\n<meta property=\"og:type\" content=\"article\" \/>\n<meta property=\"og:title\" content=\"Herr\u00e1ez Ortega, M\u00aa Victoria - \u00c1rea de Historia del Arte\" \/>\n<meta property=\"og:description\" content=\"Titulaci\u00f3n: Doctora en Historia del ArteCategor\u00eda profesional:\u00a0Catedr\u00e1ticaTel\u00e9fono: 987291070e-mail:\u00a0mvhero@unileon.esDespacho: 205 bis (Dpto. Patrimonio Art\u00edstico y Documental) L\u00edneas de investigaci\u00f3n: Patronazgo art\u00edstico en la Edad Media Grupos e institutos\u00a0de investigaci\u00f3n a los que pertenece:\u00a0 Instituto de Estudios Medievales Grupo PAM (Patrimonio Art\u00edstico Medieval) Miembro de la Red de Excelencia Ars Medievalis Grupo de Innovaci\u00f3n Docente Id-ARTE (Universidad [&hellip;]\" \/>\n<meta property=\"og:url\" content=\"https:\/\/departamentos.unileon.es\/area-historia-del-arte\/herraez-ortega-ma-victoria\/\" \/>\n<meta property=\"og:site_name\" content=\"\u00c1rea de Historia del Arte\" \/>\n<meta property=\"article:modified_time\" content=\"2024-06-08T10:49:36+00:00\" \/>\n<meta property=\"og:image\" content=\"http:\/\/departamentos.unileon.es\/area-historia-del-arte\/files\/2017\/01\/dialnet-1-e1485947316953.jpg\" \/>\n<meta name=\"twitter:card\" content=\"summary_large_image\" \/>\n<meta name=\"twitter:label1\" content=\"Tiempo de lectura\" \/>\n\t<meta name=\"twitter:data1\" content=\"2 minutos\" \/>\n<script type=\"application\/ld+json\" class=\"yoast-schema-graph\">{\"@context\":\"https:\/\/schema.org\",\"@graph\":[{\"@type\":\"WebPage\",\"@id\":\"https:\/\/departamentos.unileon.es\/area-historia-del-arte\/herraez-ortega-ma-victoria\/\",\"url\":\"https:\/\/departamentos.unileon.es\/area-historia-del-arte\/herraez-ortega-ma-victoria\/\",\"name\":\"Herr\u00e1ez Ortega, M\u00aa Victoria - \u00c1rea de Historia del Arte\",\"isPartOf\":{\"@id\":\"https:\/\/departamentos.unileon.es\/area-historia-del-arte\/#website\"},\"primaryImageOfPage\":{\"@id\":\"https:\/\/departamentos.unileon.es\/area-historia-del-arte\/herraez-ortega-ma-victoria\/#primaryimage\"},\"image\":{\"@id\":\"https:\/\/departamentos.unileon.es\/area-historia-del-arte\/herraez-ortega-ma-victoria\/#primaryimage\"},\"thumbnailUrl\":\"http:\/\/departamentos.unileon.es\/area-historia-del-arte\/files\/2017\/01\/dialnet-1-e1485947316953.jpg\",\"datePublished\":\"2017-01-23T09:33:32+00:00\",\"dateModified\":\"2024-06-08T10:49:36+00:00\",\"inLanguage\":\"es\",\"potentialAction\":[{\"@type\":\"ReadAction\",\"target\":[\"https:\/\/departamentos.unileon.es\/area-historia-del-arte\/herraez-ortega-ma-victoria\/\"]}]},{\"@type\":\"ImageObject\",\"inLanguage\":\"es\",\"@id\":\"https:\/\/departamentos.unileon.es\/area-historia-del-arte\/herraez-ortega-ma-victoria\/#primaryimage\",\"url\":\"https:\/\/departamentos.unileon.es\/area-historia-del-arte\/files\/2017\/01\/dialnet-1-e1485947316953.jpg\",\"contentUrl\":\"https:\/\/departamentos.unileon.es\/area-historia-del-arte\/files\/2017\/01\/dialnet-1-e1485947316953.jpg\",\"width\":80,\"height\":23},{\"@type\":\"WebSite\",\"@id\":\"https:\/\/departamentos.unileon.es\/area-historia-del-arte\/#website\",\"url\":\"https:\/\/departamentos.unileon.es\/area-historia-del-arte\/\",\"name\":\"\u00c1rea de Historia del Arte\",\"description\":\"p\u00e1gina de \u00c1rea de la Universidad de Le\u00f3n\",\"potentialAction\":[{\"@type\":\"SearchAction\",\"target\":{\"@type\":\"EntryPoint\",\"urlTemplate\":\"https:\/\/departamentos.unileon.es\/area-historia-del-arte\/?s={search_term_string}\"},\"query-input\":{\"@type\":\"PropertyValueSpecification\",\"valueRequired\":true,\"valueName\":\"search_term_string\"}}],\"inLanguage\":\"es\"}]}<\/script>\n<!-- \/ Yoast SEO plugin. -->","yoast_head_json":{"title":"Herr\u00e1ez Ortega, M\u00aa Victoria - \u00c1rea de Historia del Arte","robots":{"index":"index","follow":"follow","max-snippet":"max-snippet:-1","max-image-preview":"max-image-preview:large","max-video-preview":"max-video-preview:-1"},"canonical":"https:\/\/departamentos.unileon.es\/area-historia-del-arte\/herraez-ortega-ma-victoria\/","og_locale":"es_ES","og_type":"article","og_title":"Herr\u00e1ez Ortega, M\u00aa Victoria - \u00c1rea de Historia del Arte","og_description":"Titulaci\u00f3n: Doctora en Historia del ArteCategor\u00eda profesional:\u00a0Catedr\u00e1ticaTel\u00e9fono: 987291070e-mail:\u00a0mvhero@unileon.esDespacho: 205 bis (Dpto. Patrimonio Art\u00edstico y Documental) L\u00edneas de investigaci\u00f3n: Patronazgo art\u00edstico en la Edad Media Grupos e institutos\u00a0de investigaci\u00f3n a los que pertenece:\u00a0 Instituto de Estudios Medievales Grupo PAM (Patrimonio Art\u00edstico Medieval) Miembro de la Red de Excelencia Ars Medievalis Grupo de Innovaci\u00f3n Docente Id-ARTE (Universidad [&hellip;]","og_url":"https:\/\/departamentos.unileon.es\/area-historia-del-arte\/herraez-ortega-ma-victoria\/","og_site_name":"\u00c1rea de Historia del Arte","article_modified_time":"2024-06-08T10:49:36+00:00","og_image":[{"url":"http:\/\/departamentos.unileon.es\/area-historia-del-arte\/files\/2017\/01\/dialnet-1-e1485947316953.jpg","type":"","width":"","height":""}],"twitter_card":"summary_large_image","twitter_misc":{"Tiempo de lectura":"2 minutos"},"schema":{"@context":"https:\/\/schema.org","@graph":[{"@type":"WebPage","@id":"https:\/\/departamentos.unileon.es\/area-historia-del-arte\/herraez-ortega-ma-victoria\/","url":"https:\/\/departamentos.unileon.es\/area-historia-del-arte\/herraez-ortega-ma-victoria\/","name":"Herr\u00e1ez Ortega, M\u00aa Victoria - \u00c1rea de Historia del Arte","isPartOf":{"@id":"https:\/\/departamentos.unileon.es\/area-historia-del-arte\/#website"},"primaryImageOfPage":{"@id":"https:\/\/departamentos.unileon.es\/area-historia-del-arte\/herraez-ortega-ma-victoria\/#primaryimage"},"image":{"@id":"https:\/\/departamentos.unileon.es\/area-historia-del-arte\/herraez-ortega-ma-victoria\/#primaryimage"},"thumbnailUrl":"http:\/\/departamentos.unileon.es\/area-historia-del-arte\/files\/2017\/01\/dialnet-1-e1485947316953.jpg","datePublished":"2017-01-23T09:33:32+00:00","dateModified":"2024-06-08T10:49:36+00:00","inLanguage":"es","potentialAction":[{"@type":"ReadAction","target":["https:\/\/departamentos.unileon.es\/area-historia-del-arte\/herraez-ortega-ma-victoria\/"]}]},{"@type":"ImageObject","inLanguage":"es","@id":"https:\/\/departamentos.unileon.es\/area-historia-del-arte\/herraez-ortega-ma-victoria\/#primaryimage","url":"https:\/\/departamentos.unileon.es\/area-historia-del-arte\/files\/2017\/01\/dialnet-1-e1485947316953.jpg","contentUrl":"https:\/\/departamentos.unileon.es\/area-historia-del-arte\/files\/2017\/01\/dialnet-1-e1485947316953.jpg","width":80,"height":23},{"@type":"WebSite","@id":"https:\/\/departamentos.unileon.es\/area-historia-del-arte\/#website","url":"https:\/\/departamentos.unileon.es\/area-historia-del-arte\/","name":"\u00c1rea de Historia del Arte","description":"p\u00e1gina de \u00c1rea de la Universidad de Le\u00f3n","potentialAction":[{"@type":"SearchAction","target":{"@type":"EntryPoint","urlTemplate":"https:\/\/departamentos.unileon.es\/area-historia-del-arte\/?s={search_term_string}"},"query-input":{"@type":"PropertyValueSpecification","valueRequired":true,"valueName":"search_term_string"}}],"inLanguage":"es"}]}},"_links":{"self":[{"href":"https:\/\/departamentos.unileon.es\/area-historia-del-arte\/wp-json\/wp\/v2\/pages\/135","targetHints":{"allow":["GET"]}}],"collection":[{"href":"https:\/\/departamentos.unileon.es\/area-historia-del-arte\/wp-json\/wp\/v2\/pages"}],"about":[{"href":"https:\/\/departamentos.unileon.es\/area-historia-del-arte\/wp-json\/wp\/v2\/types\/page"}],"author":[{"embeddable":true,"href":"https:\/\/departamentos.unileon.es\/area-historia-del-arte\/wp-json\/wp\/v2\/users\/151"}],"replies":[{"embeddable":true,"href":"https:\/\/departamentos.unileon.es\/area-historia-del-arte\/wp-json\/wp\/v2\/comments?post=135"}],"version-history":[{"count":13,"href":"https:\/\/departamentos.unileon.es\/area-historia-del-arte\/wp-json\/wp\/v2\/pages\/135\/revisions"}],"predecessor-version":[{"id":2050,"href":"https:\/\/departamentos.unileon.es\/area-historia-del-arte\/wp-json\/wp\/v2\/pages\/135\/revisions\/2050"}],"wp:attachment":[{"href":"https:\/\/departamentos.unileon.es\/area-historia-del-arte\/wp-json\/wp\/v2\/media?parent=135"}],"curies":[{"name":"wp","href":"https:\/\/api.w.org\/{rel}","templated":true}]}}