{"id":133,"date":"2017-01-23T09:33:20","date_gmt":"2017-01-23T09:33:20","guid":{"rendered":"http:\/\/departamentos.unileon.es\/area-historia-del-arte\/?page_id=133"},"modified":"2026-03-17T10:28:23","modified_gmt":"2026-03-17T10:28:23","slug":"garcia-nistal-joaquin","status":"publish","type":"page","link":"https:\/\/departamentos.unileon.es\/area-historia-del-arte\/garcia-nistal-joaquin\/","title":{"rendered":"Garc\u00eda Nistal, Joaqu\u00edn"},"content":{"rendered":"\n<figure class=\"wp-block-image size-full\"><img loading=\"lazy\" decoding=\"async\" width=\"101\" height=\"153\" src=\"https:\/\/departamentos.unileon.es\/area-historia-del-arte\/files\/2017\/01\/Untitled-1-1-e1485979284626.jpg\" alt=\"\" class=\"wp-image-454\"\/><\/figure>\n\n\n<p><strong>Titulaci\u00f3n:<\/strong> Doctor en Historia del Arte<br><strong>Categor\u00eda profesional:<\/strong> Profesor Titular<br><strong>Tel\u00e9fono:<\/strong> 987291068<br><strong>e-mail:<\/strong> jgarn@unileon.es <br><strong>Despacho:<\/strong> 213 bis (Dpto. Patrimonio Art\u00edstico y Documental)<\/p>\n<p style=\"text-align: justify;\"><strong>L\u00edneas de investigaci\u00f3n:<\/strong> Arte mud\u00e9jar en la teor\u00eda del arte del siglo XIX.&nbsp;&nbsp;Carpinter\u00eda de lo blanco en la Edad Media y Moderna. Imaginario isl\u00e1mico de la Edad Moderna.<\/p>\n<p><strong>Grupos e institutos de investigaci\u00f3n a los que pertenece:<\/strong><\/p>\n<p>Instituto Universitario (LOU) de Humanismo y Tradici\u00f3n Cl\u00e1sica (ULE)<\/p>\n<p>Instituto Universitario de Urban\u00edstica (UVa)<\/p>\n<p>Grupo de Investigaci\u00f3n Reconocido HUMTC 443<\/p>\n<p>Grupo de Innovaci\u00f3n Docente \u00abInnovaci\u00f3n y Transversalidad en Estudios sobre Patrimonio Arquitect\u00f3nico\u00bb<\/p>\n<p>Grupo de Innovaci\u00f3n Docente Id-ARTE (Universidad de Le\u00f3n)<\/p>\n<p style=\"text-align: justify; padding-left: 30px;\"><strong><a href=\"https:\/\/dialnet.unirioja.es\/servlet\/autor?codigo=498477\" target=\"_blank\" rel=\"noopener noreferrer\"><img loading=\"lazy\" decoding=\"async\" class=\"alignleft size-full wp-image-385\" src=\"http:\/\/departamentos.unileon.es\/area-historia-del-arte\/files\/2017\/01\/dialnet-1-e1485947316953.jpg\" alt=\"\" width=\"80\" height=\"23\"><\/a><\/strong><\/p>\n<p style=\"text-align: justify; padding-left: 30px;\">&nbsp;<a href=\"https:\/\/orcid.org\/0000-0001-7177-7886\" target=\"_blank\" rel=\"noopener noreferrer\"><img loading=\"lazy\" decoding=\"async\" class=\"alignleft size-full wp-image-624\" src=\"http:\/\/departamentos.unileon.es\/area-historia-del-arte\/files\/2018\/07\/orcid-e1531134521100.jpg\" alt=\"\" width=\"120\" height=\"41\"><\/a><span class=\"Apple-style-span\"><strong><a href=\"https:\/\/unileon.academia.edu\/JoaquinNistal\" target=\"_blank\" rel=\"noopener noreferrer\"><img loading=\"lazy\" decoding=\"async\" class=\"alignleft size-full wp-image-429\" src=\"http:\/\/departamentos.unileon.es\/area-historia-del-arte\/files\/2017\/01\/academialogo-1-e1485950684797.png\" alt=\"\" width=\"110\" height=\"33\"><\/a><\/strong><\/span><\/p>\n<p style=\"text-align: justify;\"><strong>Perfil docente:<\/strong> Fuentes e Ideas Est\u00e9ticas del Arte Moderno, Arte y Arquitectura desde 1945, Arte del Renacimiento Espa\u00f1ol e Iconograf\u00eda Religiosa. En M\u00e1ster: La Antig\u00fcedad Cl\u00e1sica y el simbolismo en el arte Occidental<\/p>\n<div><span class=\"Apple-style-span\" style=\"line-height: 24px; font-size: 16px;\">&nbsp;<\/span><\/div>","protected":false},"excerpt":{"rendered":"<p>Titulaci\u00f3n: Doctor en Historia del ArteCategor\u00eda profesional: Profesor TitularTel\u00e9fono: 987291068e-mail: jgarn@unileon.es Despacho: 213 bis (Dpto. Patrimonio Art\u00edstico y Documental) L\u00edneas de investigaci\u00f3n: Arte mud\u00e9jar en la teor\u00eda del arte del siglo XIX.&nbsp;&nbsp;Carpinter\u00eda de lo blanco en la Edad Media y Moderna. Imaginario isl\u00e1mico de la Edad Moderna. Grupos e institutos de investigaci\u00f3n a los que [&hellip;]<\/p>\n","protected":false},"author":151,"featured_media":0,"parent":0,"menu_order":0,"comment_status":"closed","ping_status":"closed","template":"","meta":{"ngg_post_thumbnail":0,"footnotes":""},"class_list":["post-133","page","type-page","status-publish","hentry"],"yoast_head":"<!-- This site is optimized with the Yoast SEO plugin v25.8 - https:\/\/yoast.com\/wordpress\/plugins\/seo\/ -->\n<title>Garc\u00eda Nistal, Joaqu\u00edn - \u00c1rea de Historia del Arte<\/title>\n<meta name=\"robots\" content=\"index, follow, max-snippet:-1, max-image-preview:large, max-video-preview:-1\" \/>\n<link rel=\"canonical\" href=\"https:\/\/departamentos.unileon.es\/area-historia-del-arte\/garcia-nistal-joaquin\/\" \/>\n<meta property=\"og:locale\" content=\"es_ES\" \/>\n<meta property=\"og:type\" content=\"article\" \/>\n<meta property=\"og:title\" content=\"Garc\u00eda Nistal, Joaqu\u00edn - \u00c1rea de Historia del Arte\" \/>\n<meta property=\"og:description\" content=\"Titulaci\u00f3n: Doctor en Historia del ArteCategor\u00eda profesional: Profesor TitularTel\u00e9fono: 987291068e-mail: jgarn@unileon.es Despacho: 213 bis (Dpto. Patrimonio Art\u00edstico y Documental) L\u00edneas de investigaci\u00f3n: Arte mud\u00e9jar en la teor\u00eda del arte del siglo XIX.&nbsp;&nbsp;Carpinter\u00eda de lo blanco en la Edad Media y Moderna. Imaginario isl\u00e1mico de la Edad Moderna. Grupos e institutos de investigaci\u00f3n a los que [&hellip;]\" \/>\n<meta property=\"og:url\" content=\"https:\/\/departamentos.unileon.es\/area-historia-del-arte\/garcia-nistal-joaquin\/\" \/>\n<meta property=\"og:site_name\" content=\"\u00c1rea de Historia del Arte\" \/>\n<meta property=\"article:modified_time\" content=\"2026-03-17T10:28:23+00:00\" \/>\n<meta property=\"og:image\" content=\"https:\/\/departamentos.unileon.es\/area-historia-del-arte\/files\/2017\/01\/Untitled-1-1-e1485979284626.jpg\" \/>\n\t<meta property=\"og:image:width\" content=\"101\" \/>\n\t<meta property=\"og:image:height\" content=\"153\" \/>\n\t<meta property=\"og:image:type\" content=\"image\/jpeg\" \/>\n<meta name=\"twitter:card\" content=\"summary_large_image\" \/>\n<meta name=\"twitter:label1\" content=\"Tiempo de lectura\" \/>\n\t<meta name=\"twitter:data1\" content=\"2 minutos\" \/>\n<script type=\"application\/ld+json\" class=\"yoast-schema-graph\">{\"@context\":\"https:\/\/schema.org\",\"@graph\":[{\"@type\":\"WebPage\",\"@id\":\"https:\/\/departamentos.unileon.es\/area-historia-del-arte\/garcia-nistal-joaquin\/\",\"url\":\"https:\/\/departamentos.unileon.es\/area-historia-del-arte\/garcia-nistal-joaquin\/\",\"name\":\"Garc\u00eda Nistal, Joaqu\u00edn - \u00c1rea de Historia del Arte\",\"isPartOf\":{\"@id\":\"https:\/\/departamentos.unileon.es\/area-historia-del-arte\/#website\"},\"primaryImageOfPage\":{\"@id\":\"https:\/\/departamentos.unileon.es\/area-historia-del-arte\/garcia-nistal-joaquin\/#primaryimage\"},\"image\":{\"@id\":\"https:\/\/departamentos.unileon.es\/area-historia-del-arte\/garcia-nistal-joaquin\/#primaryimage\"},\"thumbnailUrl\":\"https:\/\/departamentos.unileon.es\/area-historia-del-arte\/files\/2017\/01\/Untitled-1-1-e1485979284626.jpg\",\"datePublished\":\"2017-01-23T09:33:20+00:00\",\"dateModified\":\"2026-03-17T10:28:23+00:00\",\"inLanguage\":\"es\",\"potentialAction\":[{\"@type\":\"ReadAction\",\"target\":[\"https:\/\/departamentos.unileon.es\/area-historia-del-arte\/garcia-nistal-joaquin\/\"]}]},{\"@type\":\"ImageObject\",\"inLanguage\":\"es\",\"@id\":\"https:\/\/departamentos.unileon.es\/area-historia-del-arte\/garcia-nistal-joaquin\/#primaryimage\",\"url\":\"https:\/\/departamentos.unileon.es\/area-historia-del-arte\/files\/2017\/01\/Untitled-1-1-e1485979284626.jpg\",\"contentUrl\":\"https:\/\/departamentos.unileon.es\/area-historia-del-arte\/files\/2017\/01\/Untitled-1-1-e1485979284626.jpg\",\"width\":101,\"height\":153},{\"@type\":\"WebSite\",\"@id\":\"https:\/\/departamentos.unileon.es\/area-historia-del-arte\/#website\",\"url\":\"https:\/\/departamentos.unileon.es\/area-historia-del-arte\/\",\"name\":\"\u00c1rea de Historia del Arte\",\"description\":\"p\u00e1gina de \u00c1rea de la Universidad de Le\u00f3n\",\"potentialAction\":[{\"@type\":\"SearchAction\",\"target\":{\"@type\":\"EntryPoint\",\"urlTemplate\":\"https:\/\/departamentos.unileon.es\/area-historia-del-arte\/?s={search_term_string}\"},\"query-input\":{\"@type\":\"PropertyValueSpecification\",\"valueRequired\":true,\"valueName\":\"search_term_string\"}}],\"inLanguage\":\"es\"}]}<\/script>\n<!-- \/ Yoast SEO plugin. -->","yoast_head_json":{"title":"Garc\u00eda Nistal, Joaqu\u00edn - \u00c1rea de Historia del Arte","robots":{"index":"index","follow":"follow","max-snippet":"max-snippet:-1","max-image-preview":"max-image-preview:large","max-video-preview":"max-video-preview:-1"},"canonical":"https:\/\/departamentos.unileon.es\/area-historia-del-arte\/garcia-nistal-joaquin\/","og_locale":"es_ES","og_type":"article","og_title":"Garc\u00eda Nistal, Joaqu\u00edn - \u00c1rea de Historia del Arte","og_description":"Titulaci\u00f3n: Doctor en Historia del ArteCategor\u00eda profesional: Profesor TitularTel\u00e9fono: 987291068e-mail: jgarn@unileon.es Despacho: 213 bis (Dpto. Patrimonio Art\u00edstico y Documental) L\u00edneas de investigaci\u00f3n: Arte mud\u00e9jar en la teor\u00eda del arte del siglo XIX.&nbsp;&nbsp;Carpinter\u00eda de lo blanco en la Edad Media y Moderna. Imaginario isl\u00e1mico de la Edad Moderna. Grupos e institutos de investigaci\u00f3n a los que [&hellip;]","og_url":"https:\/\/departamentos.unileon.es\/area-historia-del-arte\/garcia-nistal-joaquin\/","og_site_name":"\u00c1rea de Historia del Arte","article_modified_time":"2026-03-17T10:28:23+00:00","og_image":[{"width":101,"height":153,"url":"https:\/\/departamentos.unileon.es\/area-historia-del-arte\/files\/2017\/01\/Untitled-1-1-e1485979284626.jpg","type":"image\/jpeg"}],"twitter_card":"summary_large_image","twitter_misc":{"Tiempo de lectura":"2 minutos"},"schema":{"@context":"https:\/\/schema.org","@graph":[{"@type":"WebPage","@id":"https:\/\/departamentos.unileon.es\/area-historia-del-arte\/garcia-nistal-joaquin\/","url":"https:\/\/departamentos.unileon.es\/area-historia-del-arte\/garcia-nistal-joaquin\/","name":"Garc\u00eda Nistal, Joaqu\u00edn - \u00c1rea de Historia del Arte","isPartOf":{"@id":"https:\/\/departamentos.unileon.es\/area-historia-del-arte\/#website"},"primaryImageOfPage":{"@id":"https:\/\/departamentos.unileon.es\/area-historia-del-arte\/garcia-nistal-joaquin\/#primaryimage"},"image":{"@id":"https:\/\/departamentos.unileon.es\/area-historia-del-arte\/garcia-nistal-joaquin\/#primaryimage"},"thumbnailUrl":"https:\/\/departamentos.unileon.es\/area-historia-del-arte\/files\/2017\/01\/Untitled-1-1-e1485979284626.jpg","datePublished":"2017-01-23T09:33:20+00:00","dateModified":"2026-03-17T10:28:23+00:00","inLanguage":"es","potentialAction":[{"@type":"ReadAction","target":["https:\/\/departamentos.unileon.es\/area-historia-del-arte\/garcia-nistal-joaquin\/"]}]},{"@type":"ImageObject","inLanguage":"es","@id":"https:\/\/departamentos.unileon.es\/area-historia-del-arte\/garcia-nistal-joaquin\/#primaryimage","url":"https:\/\/departamentos.unileon.es\/area-historia-del-arte\/files\/2017\/01\/Untitled-1-1-e1485979284626.jpg","contentUrl":"https:\/\/departamentos.unileon.es\/area-historia-del-arte\/files\/2017\/01\/Untitled-1-1-e1485979284626.jpg","width":101,"height":153},{"@type":"WebSite","@id":"https:\/\/departamentos.unileon.es\/area-historia-del-arte\/#website","url":"https:\/\/departamentos.unileon.es\/area-historia-del-arte\/","name":"\u00c1rea de Historia del Arte","description":"p\u00e1gina de \u00c1rea de la Universidad de Le\u00f3n","potentialAction":[{"@type":"SearchAction","target":{"@type":"EntryPoint","urlTemplate":"https:\/\/departamentos.unileon.es\/area-historia-del-arte\/?s={search_term_string}"},"query-input":{"@type":"PropertyValueSpecification","valueRequired":true,"valueName":"search_term_string"}}],"inLanguage":"es"}]}},"_links":{"self":[{"href":"https:\/\/departamentos.unileon.es\/area-historia-del-arte\/wp-json\/wp\/v2\/pages\/133","targetHints":{"allow":["GET"]}}],"collection":[{"href":"https:\/\/departamentos.unileon.es\/area-historia-del-arte\/wp-json\/wp\/v2\/pages"}],"about":[{"href":"https:\/\/departamentos.unileon.es\/area-historia-del-arte\/wp-json\/wp\/v2\/types\/page"}],"author":[{"embeddable":true,"href":"https:\/\/departamentos.unileon.es\/area-historia-del-arte\/wp-json\/wp\/v2\/users\/151"}],"replies":[{"embeddable":true,"href":"https:\/\/departamentos.unileon.es\/area-historia-del-arte\/wp-json\/wp\/v2\/comments?post=133"}],"version-history":[{"count":26,"href":"https:\/\/departamentos.unileon.es\/area-historia-del-arte\/wp-json\/wp\/v2\/pages\/133\/revisions"}],"predecessor-version":[{"id":2129,"href":"https:\/\/departamentos.unileon.es\/area-historia-del-arte\/wp-json\/wp\/v2\/pages\/133\/revisions\/2129"}],"wp:attachment":[{"href":"https:\/\/departamentos.unileon.es\/area-historia-del-arte\/wp-json\/wp\/v2\/media?parent=133"}],"curies":[{"name":"wp","href":"https:\/\/api.w.org\/{rel}","templated":true}]}}