{"id":1324,"date":"2021-05-04T07:50:55","date_gmt":"2021-05-04T07:50:55","guid":{"rendered":"https:\/\/departamentos.unileon.es\/area-historia-del-arte\/?page_id=1324"},"modified":"2021-11-25T10:56:16","modified_gmt":"2021-11-25T10:56:16","slug":"del-aula-al-museo-2021","status":"publish","type":"page","link":"https:\/\/departamentos.unileon.es\/area-historia-del-arte\/del-aula-al-museo-2021\/","title":{"rendered":"Del Aula al Museo (2021)"},"content":{"rendered":"\n<p>En el marco del<em> Plan de Colaboraci\u00f3n entre la Universidad de Le\u00f3n y los Museos leoneses<\/em>, en el a\u00f1o 2021 y a pesar de las dificultades  derivadas de la COVID-19, se llev\u00f3 a cabo una nueva actividad <strong>Del Aula al Museo<\/strong><em> <\/em>aplicada a las asignaturas<em> de Arte Barroco espa\u00f1ol<\/em> y <em>Metodolog\u00edas y cr\u00edtica de arte.<\/em><\/p>\n\n\n\n<p>Para adecuar la actividad a las caracter\u00edsticas de ambas asignaturas, se plante\u00f3 tanto el formato aplicado con anterioridad y consistente en trabajos de inicio a la investigaci\u00f3n de una pieza art\u00edstica (cuyos contenidos se resumieron en una ficha de sala para el museo), como por el de la elaboraci\u00f3n de una cr\u00edtica de arte. En ambos casos, y con motivo de la celebraci\u00f3n del \u00abD\u00eda Internacional de los Museos\u00bb, los trabajos seleccionados fueron expuestos por los alumnos y grabados en v\u00eddeo para la divulgaci\u00f3n de sus contenidos en la web del Museo de Le\u00f3n y del Museo de Arte Contempor\u00e1neo de Castilla y Le\u00f3n (MUSAC), en la <a href=\"https:\/\/videos.unileon.es\/series\/60a1740b8f4208f3068b457e\" target=\"_blank\" rel=\"noopener\"><span style=\"color: #0000ff;\">ULEtv.<\/span><\/a> y en la web del \u00c1rea de Historia del Arte.<\/p>\n\n\n\n<p>Igualmente, dentro del marco de estas actividades, la profesora Mar\u00eda del Mar Fl\u00f3rez Crespo fue entrevistada por el Museo Casa Botines para abordar el tema \u00abEl museo como espacio social e inclusivo: perspectivas desde la educaci\u00f3n universitaria\u00bb (v\u00eddeo al final de la p\u00e1gina).<\/p>\n\n\n\n<pre class=\"wp-block-preformatted\"><strong><span style=\"color:#0693e3\" class=\"tadv-color\">Programa<\/span><\/strong>\n<img loading=\"lazy\" decoding=\"async\" width=\"600\" height=\"338\" class=\"wp-image-1334\" style=\"width: 600px;\" src=\"http:\/\/departamentos.unileon.es\/area-historia-del-arte\/files\/2021\/05\/Museos.jpg\" alt=\"\"><\/pre>\n\n\n\n<p><strong>Museo de Le\u00f3n <\/strong><\/p>\n\n\n\n<ul class=\"wp-block-list\"><li>Alberto Alonso Garc\u00eda y Alba del Blanco M\u00e9ndez, <em><a href=\"http:\/\/departamentos.unileon.es\/area-historia-del-arte\/files\/2021\/05\/Bula-San-Marcos-1.pdf\" target=\"_blank\" rel=\"noreferrer noopener\">Entrega de la Bula fundacional de la Orden de Santiago por el Papa Alejandro III en 1175<\/a><\/em> (\u00d3leo sobre lienzo. 1702)<\/li><\/ul>\n\n\n\n<p><strong>MUSAC<\/strong><\/p>\n\n\n\n<ul class=\"wp-block-list\"><li>Sara Sanz Domingo, <em><a href=\"http:\/\/departamentos.unileon.es\/area-historia-del-arte\/files\/2021\/05\/DEL-AULA-AL-MUSEO-Cartel-azul-1.jpg\" target=\"_blank\" rel=\"noreferrer noopener\">Arquitecturas prematuras, Isidoro Valc\u00e1rcel Medina<\/a><\/em><\/li><\/ul>\n\n\n\n<figure class=\"wp-block-image size-large is-resized\"><img loading=\"lazy\" decoding=\"async\" src=\"http:\/\/departamentos.unileon.es\/area-historia-del-arte\/files\/2021\/05\/DEL-AULA-AL-MUSEO-Cartel-azul-1.jpg\" alt=\"\" class=\"wp-image-1366\" width=\"750\" height=\"563\"\/><\/figure>\n\n\n\n<p><strong>entrevista a la Dra. Fl\u00f3rez Crespo<\/strong><\/p>\n<p>Igualmente, en el marco del D\u00eda Internacional de los Museos, la Dra. M\u00aa del Mar Fl\u00f3rez Crespo fue entrevistada el 17 de mayo de 2021 dentro del programa de charlas organizado por el Museo Casa Botines Gaud\u00ed, con el t\u00edtulo \u00abEl museo como espacio social e inclusivo: perspectivas desde la educaci\u00f3n universitaria\u00bb.<\/p>\n<p>para acceder al v\u00eddeo de la entrevista pinche <a href=\"https:\/\/www.youtube.com\/watch?v=n-7Fmm5cuDc\" target=\"_blank\" rel=\"noopener\">aqu\u00ed<\/a>.<\/p>\n\n\n\n<p><\/p>\n","protected":false},"excerpt":{"rendered":"<p>En el marco del Plan de Colaboraci\u00f3n entre la Universidad de Le\u00f3n y los Museos leoneses, en el a\u00f1o 2021 y a pesar de las dificultades derivadas de la COVID-19, se llev\u00f3 a cabo una nueva actividad Del Aula al Museo aplicada a las asignaturas de Arte Barroco espa\u00f1ol y Metodolog\u00edas y cr\u00edtica de arte. [&hellip;]<\/p>\n","protected":false},"author":151,"featured_media":0,"parent":0,"menu_order":0,"comment_status":"closed","ping_status":"closed","template":"onecolumn-page.php","meta":{"ngg_post_thumbnail":0,"footnotes":""},"class_list":["post-1324","page","type-page","status-publish","hentry"],"yoast_head":"<!-- This site is optimized with the Yoast SEO plugin v25.8 - https:\/\/yoast.com\/wordpress\/plugins\/seo\/ -->\n<title>Del Aula al Museo (2021) - \u00c1rea de Historia del Arte<\/title>\n<meta name=\"robots\" content=\"index, follow, max-snippet:-1, max-image-preview:large, max-video-preview:-1\" \/>\n<link rel=\"canonical\" href=\"https:\/\/departamentos.unileon.es\/area-historia-del-arte\/del-aula-al-museo-2021\/\" \/>\n<meta property=\"og:locale\" content=\"es_ES\" \/>\n<meta property=\"og:type\" content=\"article\" \/>\n<meta property=\"og:title\" content=\"Del Aula al Museo (2021) - \u00c1rea de Historia del Arte\" \/>\n<meta property=\"og:description\" content=\"En el marco del Plan de Colaboraci\u00f3n entre la Universidad de Le\u00f3n y los Museos leoneses, en el a\u00f1o 2021 y a pesar de las dificultades derivadas de la COVID-19, se llev\u00f3 a cabo una nueva actividad Del Aula al Museo aplicada a las asignaturas de Arte Barroco espa\u00f1ol y Metodolog\u00edas y cr\u00edtica de arte. [&hellip;]\" \/>\n<meta property=\"og:url\" content=\"https:\/\/departamentos.unileon.es\/area-historia-del-arte\/del-aula-al-museo-2021\/\" \/>\n<meta property=\"og:site_name\" content=\"\u00c1rea de Historia del Arte\" \/>\n<meta property=\"article:modified_time\" content=\"2021-11-25T10:56:16+00:00\" \/>\n<meta property=\"og:image\" content=\"https:\/\/departamentos.unileon.es\/area-historia-del-arte\/files\/2021\/05\/Museos.jpg\" \/>\n\t<meta property=\"og:image:width\" content=\"1084\" \/>\n\t<meta property=\"og:image:height\" content=\"610\" \/>\n\t<meta property=\"og:image:type\" content=\"image\/jpeg\" \/>\n<meta name=\"twitter:card\" content=\"summary_large_image\" \/>\n<meta name=\"twitter:label1\" content=\"Tiempo de lectura\" \/>\n\t<meta name=\"twitter:data1\" content=\"2 minutos\" \/>\n<script type=\"application\/ld+json\" class=\"yoast-schema-graph\">{\"@context\":\"https:\/\/schema.org\",\"@graph\":[{\"@type\":\"WebPage\",\"@id\":\"https:\/\/departamentos.unileon.es\/area-historia-del-arte\/del-aula-al-museo-2021\/\",\"url\":\"https:\/\/departamentos.unileon.es\/area-historia-del-arte\/del-aula-al-museo-2021\/\",\"name\":\"Del Aula al Museo (2021) - \u00c1rea de Historia del Arte\",\"isPartOf\":{\"@id\":\"https:\/\/departamentos.unileon.es\/area-historia-del-arte\/#website\"},\"primaryImageOfPage\":{\"@id\":\"https:\/\/departamentos.unileon.es\/area-historia-del-arte\/del-aula-al-museo-2021\/#primaryimage\"},\"image\":{\"@id\":\"https:\/\/departamentos.unileon.es\/area-historia-del-arte\/del-aula-al-museo-2021\/#primaryimage\"},\"thumbnailUrl\":\"http:\/\/departamentos.unileon.es\/area-historia-del-arte\/files\/2021\/05\/Museos.jpg\",\"datePublished\":\"2021-05-04T07:50:55+00:00\",\"dateModified\":\"2021-11-25T10:56:16+00:00\",\"inLanguage\":\"es\",\"potentialAction\":[{\"@type\":\"ReadAction\",\"target\":[\"https:\/\/departamentos.unileon.es\/area-historia-del-arte\/del-aula-al-museo-2021\/\"]}]},{\"@type\":\"ImageObject\",\"inLanguage\":\"es\",\"@id\":\"https:\/\/departamentos.unileon.es\/area-historia-del-arte\/del-aula-al-museo-2021\/#primaryimage\",\"url\":\"https:\/\/departamentos.unileon.es\/area-historia-del-arte\/files\/2021\/05\/Museos.jpg\",\"contentUrl\":\"https:\/\/departamentos.unileon.es\/area-historia-del-arte\/files\/2021\/05\/Museos.jpg\",\"width\":1084,\"height\":610},{\"@type\":\"WebSite\",\"@id\":\"https:\/\/departamentos.unileon.es\/area-historia-del-arte\/#website\",\"url\":\"https:\/\/departamentos.unileon.es\/area-historia-del-arte\/\",\"name\":\"\u00c1rea de Historia del Arte\",\"description\":\"p\u00e1gina de \u00c1rea de la Universidad de Le\u00f3n\",\"potentialAction\":[{\"@type\":\"SearchAction\",\"target\":{\"@type\":\"EntryPoint\",\"urlTemplate\":\"https:\/\/departamentos.unileon.es\/area-historia-del-arte\/?s={search_term_string}\"},\"query-input\":{\"@type\":\"PropertyValueSpecification\",\"valueRequired\":true,\"valueName\":\"search_term_string\"}}],\"inLanguage\":\"es\"}]}<\/script>\n<!-- \/ Yoast SEO plugin. -->","yoast_head_json":{"title":"Del Aula al Museo (2021) - \u00c1rea de Historia del Arte","robots":{"index":"index","follow":"follow","max-snippet":"max-snippet:-1","max-image-preview":"max-image-preview:large","max-video-preview":"max-video-preview:-1"},"canonical":"https:\/\/departamentos.unileon.es\/area-historia-del-arte\/del-aula-al-museo-2021\/","og_locale":"es_ES","og_type":"article","og_title":"Del Aula al Museo (2021) - \u00c1rea de Historia del Arte","og_description":"En el marco del Plan de Colaboraci\u00f3n entre la Universidad de Le\u00f3n y los Museos leoneses, en el a\u00f1o 2021 y a pesar de las dificultades derivadas de la COVID-19, se llev\u00f3 a cabo una nueva actividad Del Aula al Museo aplicada a las asignaturas de Arte Barroco espa\u00f1ol y Metodolog\u00edas y cr\u00edtica de arte. [&hellip;]","og_url":"https:\/\/departamentos.unileon.es\/area-historia-del-arte\/del-aula-al-museo-2021\/","og_site_name":"\u00c1rea de Historia del Arte","article_modified_time":"2021-11-25T10:56:16+00:00","og_image":[{"width":1084,"height":610,"url":"https:\/\/departamentos.unileon.es\/area-historia-del-arte\/files\/2021\/05\/Museos.jpg","type":"image\/jpeg"}],"twitter_card":"summary_large_image","twitter_misc":{"Tiempo de lectura":"2 minutos"},"schema":{"@context":"https:\/\/schema.org","@graph":[{"@type":"WebPage","@id":"https:\/\/departamentos.unileon.es\/area-historia-del-arte\/del-aula-al-museo-2021\/","url":"https:\/\/departamentos.unileon.es\/area-historia-del-arte\/del-aula-al-museo-2021\/","name":"Del Aula al Museo (2021) - \u00c1rea de Historia del Arte","isPartOf":{"@id":"https:\/\/departamentos.unileon.es\/area-historia-del-arte\/#website"},"primaryImageOfPage":{"@id":"https:\/\/departamentos.unileon.es\/area-historia-del-arte\/del-aula-al-museo-2021\/#primaryimage"},"image":{"@id":"https:\/\/departamentos.unileon.es\/area-historia-del-arte\/del-aula-al-museo-2021\/#primaryimage"},"thumbnailUrl":"http:\/\/departamentos.unileon.es\/area-historia-del-arte\/files\/2021\/05\/Museos.jpg","datePublished":"2021-05-04T07:50:55+00:00","dateModified":"2021-11-25T10:56:16+00:00","inLanguage":"es","potentialAction":[{"@type":"ReadAction","target":["https:\/\/departamentos.unileon.es\/area-historia-del-arte\/del-aula-al-museo-2021\/"]}]},{"@type":"ImageObject","inLanguage":"es","@id":"https:\/\/departamentos.unileon.es\/area-historia-del-arte\/del-aula-al-museo-2021\/#primaryimage","url":"https:\/\/departamentos.unileon.es\/area-historia-del-arte\/files\/2021\/05\/Museos.jpg","contentUrl":"https:\/\/departamentos.unileon.es\/area-historia-del-arte\/files\/2021\/05\/Museos.jpg","width":1084,"height":610},{"@type":"WebSite","@id":"https:\/\/departamentos.unileon.es\/area-historia-del-arte\/#website","url":"https:\/\/departamentos.unileon.es\/area-historia-del-arte\/","name":"\u00c1rea de Historia del Arte","description":"p\u00e1gina de \u00c1rea de la Universidad de Le\u00f3n","potentialAction":[{"@type":"SearchAction","target":{"@type":"EntryPoint","urlTemplate":"https:\/\/departamentos.unileon.es\/area-historia-del-arte\/?s={search_term_string}"},"query-input":{"@type":"PropertyValueSpecification","valueRequired":true,"valueName":"search_term_string"}}],"inLanguage":"es"}]}},"_links":{"self":[{"href":"https:\/\/departamentos.unileon.es\/area-historia-del-arte\/wp-json\/wp\/v2\/pages\/1324","targetHints":{"allow":["GET"]}}],"collection":[{"href":"https:\/\/departamentos.unileon.es\/area-historia-del-arte\/wp-json\/wp\/v2\/pages"}],"about":[{"href":"https:\/\/departamentos.unileon.es\/area-historia-del-arte\/wp-json\/wp\/v2\/types\/page"}],"author":[{"embeddable":true,"href":"https:\/\/departamentos.unileon.es\/area-historia-del-arte\/wp-json\/wp\/v2\/users\/151"}],"replies":[{"embeddable":true,"href":"https:\/\/departamentos.unileon.es\/area-historia-del-arte\/wp-json\/wp\/v2\/comments?post=1324"}],"version-history":[{"count":20,"href":"https:\/\/departamentos.unileon.es\/area-historia-del-arte\/wp-json\/wp\/v2\/pages\/1324\/revisions"}],"predecessor-version":[{"id":1494,"href":"https:\/\/departamentos.unileon.es\/area-historia-del-arte\/wp-json\/wp\/v2\/pages\/1324\/revisions\/1494"}],"wp:attachment":[{"href":"https:\/\/departamentos.unileon.es\/area-historia-del-arte\/wp-json\/wp\/v2\/media?parent=1324"}],"curies":[{"name":"wp","href":"https:\/\/api.w.org\/{rel}","templated":true}]}}