{"id":131,"date":"2017-01-23T09:33:06","date_gmt":"2017-01-23T09:33:06","guid":{"rendered":"http:\/\/departamentos.unileon.es\/area-historia-del-arte\/?page_id=131"},"modified":"2024-06-08T10:41:08","modified_gmt":"2024-06-08T10:41:08","slug":"garcia-alvarez-cesar","status":"publish","type":"page","link":"https:\/\/departamentos.unileon.es\/area-historia-del-arte\/garcia-alvarez-cesar\/","title":{"rendered":"Garc\u00eda \u00c1lvarez, C\u00e9sar"},"content":{"rendered":"\n<figure class=\"wp-block-image size-full\"><img loading=\"lazy\" decoding=\"async\" width=\"100\" height=\"113\" src=\"https:\/\/departamentos.unileon.es\/area-historia-del-arte\/files\/2017\/01\/c\u00e9sar-e1485427157623.jpg\" alt=\"\" class=\"wp-image-290\"\/><\/figure>\n\n\n\n<p><strong>Titulaci\u00f3n:\u00a0<\/strong>Doctor en Historia del Arte<br><strong>Categor\u00eda profesional:<\/strong> Profesor\u00a0Titular<br><strong>Tel\u00e9fono:<\/strong> 987295263<br><strong>e-mail: <\/strong>cgara@unileon.es<br><strong>Despacho:<\/strong> 212 bis (Dpto. Patrimonio Art\u00edstico y Documental)<\/p>\n\n\n\n<p><strong>L\u00edneas de investigaci\u00f3n: <\/strong>Su investigaci\u00f3n est\u00e1 centrada en varios campos, entre los que destacan la simbolog\u00eda de todas las etapas hist\u00f3rico-art\u00edsticas, la teor\u00eda del arte, el arte del Renacimiento, Gaud\u00ed, y la obra de Ignacio G\u00f3mez de Lia\u00f1o<\/p>\n\n\n\n<p><strong>Grupos e institutos de investigaci\u00f3n a los que pertenece: <\/strong><\/p>\n\n\n\n<p>Instituto Universitario (LOU) de Humanismo y Tradici\u00f3n Cl\u00e1sica. <\/p>\n\n\n\n<p>Grupo de investigaci\u00f3n <em>Humanistas<\/em><\/p>\n\n\n<div class=\"wp-block-image\">\n<figure class=\"alignleft\"><a href=\"https:\/\/dialnet.unirioja.es\/servlet\/autor?codigo=3066835\" target=\"_blank\" rel=\"noopener\"><img loading=\"lazy\" decoding=\"async\" width=\"80\" height=\"23\" src=\"http:\/\/departamentos.unileon.es\/area-historia-del-arte\/files\/2017\/01\/dialnet-1-e1485947316953.jpg\" alt=\"\" class=\"wp-image-385\"\/><\/a><\/figure><\/div>\n\n\n<p><strong><\/strong><\/p>\n\n\n<div class=\"wp-block-image\">\n<figure class=\"alignleft\"><a href=\"http:\/\/orcid.org\/0000-0003-1852-8105\" target=\"_blank\" rel=\"noopener\"><img loading=\"lazy\" decoding=\"async\" width=\"120\" height=\"41\" src=\"http:\/\/departamentos.unileon.es\/area-historia-del-arte\/files\/2018\/07\/orcid-e1531134521100.jpg\" alt=\"\" class=\"wp-image-624\"\/><\/a><\/figure><\/div>\n\n\n<p><\/p>\n\n\n\n<p><strong>Perfil docente: <\/strong>Historia del Arte Moderno, Historia del Cine, Historia del Patrimonio Musical Occidental, Fuentes e Ideas Est\u00e9ticas del Arte Contempor\u00e1neo y Metodolog\u00edas y Cr\u00edtica de Arte. En M\u00e1ster: El arte de la antig\u00fcedad cl\u00e1sica y el simbolismo en el arte occidental<\/p>\n","protected":false},"excerpt":{"rendered":"<p>Titulaci\u00f3n:\u00a0Doctor en Historia del ArteCategor\u00eda profesional: Profesor\u00a0TitularTel\u00e9fono: 987295263e-mail: cgara@unileon.esDespacho: 212 bis (Dpto. Patrimonio Art\u00edstico y Documental) L\u00edneas de investigaci\u00f3n: Su investigaci\u00f3n est\u00e1 centrada en varios campos, entre los que destacan la simbolog\u00eda de todas las etapas hist\u00f3rico-art\u00edsticas, la teor\u00eda del arte, el arte del Renacimiento, Gaud\u00ed, y la obra de Ignacio G\u00f3mez de Lia\u00f1o Grupos [&hellip;]<\/p>\n","protected":false},"author":151,"featured_media":0,"parent":0,"menu_order":0,"comment_status":"closed","ping_status":"closed","template":"","meta":{"ngg_post_thumbnail":0,"footnotes":""},"class_list":["post-131","page","type-page","status-publish","hentry"],"yoast_head":"<!-- This site is optimized with the Yoast SEO plugin v25.8 - https:\/\/yoast.com\/wordpress\/plugins\/seo\/ -->\n<title>Garc\u00eda \u00c1lvarez, C\u00e9sar - \u00c1rea de Historia del Arte<\/title>\n<meta name=\"robots\" content=\"index, follow, max-snippet:-1, max-image-preview:large, max-video-preview:-1\" \/>\n<link rel=\"canonical\" href=\"https:\/\/departamentos.unileon.es\/area-historia-del-arte\/garcia-alvarez-cesar\/\" \/>\n<meta property=\"og:locale\" content=\"es_ES\" \/>\n<meta property=\"og:type\" content=\"article\" \/>\n<meta property=\"og:title\" content=\"Garc\u00eda \u00c1lvarez, C\u00e9sar - \u00c1rea de Historia del Arte\" \/>\n<meta property=\"og:description\" content=\"Titulaci\u00f3n:\u00a0Doctor en Historia del ArteCategor\u00eda profesional: Profesor\u00a0TitularTel\u00e9fono: 987295263e-mail: cgara@unileon.esDespacho: 212 bis (Dpto. Patrimonio Art\u00edstico y Documental) L\u00edneas de investigaci\u00f3n: Su investigaci\u00f3n est\u00e1 centrada en varios campos, entre los que destacan la simbolog\u00eda de todas las etapas hist\u00f3rico-art\u00edsticas, la teor\u00eda del arte, el arte del Renacimiento, Gaud\u00ed, y la obra de Ignacio G\u00f3mez de Lia\u00f1o Grupos [&hellip;]\" \/>\n<meta property=\"og:url\" content=\"https:\/\/departamentos.unileon.es\/area-historia-del-arte\/garcia-alvarez-cesar\/\" \/>\n<meta property=\"og:site_name\" content=\"\u00c1rea de Historia del Arte\" \/>\n<meta property=\"article:modified_time\" content=\"2024-06-08T10:41:08+00:00\" \/>\n<meta property=\"og:image\" content=\"http:\/\/departamentos.unileon.es\/area-historia-del-arte\/files\/2017\/01\/dialnet-1-e1485947316953.jpg\" \/>\n<meta name=\"twitter:card\" content=\"summary_large_image\" \/>\n<meta name=\"twitter:label1\" content=\"Tiempo de lectura\" \/>\n\t<meta name=\"twitter:data1\" content=\"2 minutos\" \/>\n<script type=\"application\/ld+json\" class=\"yoast-schema-graph\">{\"@context\":\"https:\/\/schema.org\",\"@graph\":[{\"@type\":\"WebPage\",\"@id\":\"https:\/\/departamentos.unileon.es\/area-historia-del-arte\/garcia-alvarez-cesar\/\",\"url\":\"https:\/\/departamentos.unileon.es\/area-historia-del-arte\/garcia-alvarez-cesar\/\",\"name\":\"Garc\u00eda \u00c1lvarez, C\u00e9sar - \u00c1rea de Historia del Arte\",\"isPartOf\":{\"@id\":\"https:\/\/departamentos.unileon.es\/area-historia-del-arte\/#website\"},\"primaryImageOfPage\":{\"@id\":\"https:\/\/departamentos.unileon.es\/area-historia-del-arte\/garcia-alvarez-cesar\/#primaryimage\"},\"image\":{\"@id\":\"https:\/\/departamentos.unileon.es\/area-historia-del-arte\/garcia-alvarez-cesar\/#primaryimage\"},\"thumbnailUrl\":\"http:\/\/departamentos.unileon.es\/area-historia-del-arte\/files\/2017\/01\/dialnet-1-e1485947316953.jpg\",\"datePublished\":\"2017-01-23T09:33:06+00:00\",\"dateModified\":\"2024-06-08T10:41:08+00:00\",\"inLanguage\":\"es\",\"potentialAction\":[{\"@type\":\"ReadAction\",\"target\":[\"https:\/\/departamentos.unileon.es\/area-historia-del-arte\/garcia-alvarez-cesar\/\"]}]},{\"@type\":\"ImageObject\",\"inLanguage\":\"es\",\"@id\":\"https:\/\/departamentos.unileon.es\/area-historia-del-arte\/garcia-alvarez-cesar\/#primaryimage\",\"url\":\"https:\/\/departamentos.unileon.es\/area-historia-del-arte\/files\/2017\/01\/dialnet-1-e1485947316953.jpg\",\"contentUrl\":\"https:\/\/departamentos.unileon.es\/area-historia-del-arte\/files\/2017\/01\/dialnet-1-e1485947316953.jpg\",\"width\":80,\"height\":23},{\"@type\":\"WebSite\",\"@id\":\"https:\/\/departamentos.unileon.es\/area-historia-del-arte\/#website\",\"url\":\"https:\/\/departamentos.unileon.es\/area-historia-del-arte\/\",\"name\":\"\u00c1rea de Historia del Arte\",\"description\":\"p\u00e1gina de \u00c1rea de la Universidad de Le\u00f3n\",\"potentialAction\":[{\"@type\":\"SearchAction\",\"target\":{\"@type\":\"EntryPoint\",\"urlTemplate\":\"https:\/\/departamentos.unileon.es\/area-historia-del-arte\/?s={search_term_string}\"},\"query-input\":{\"@type\":\"PropertyValueSpecification\",\"valueRequired\":true,\"valueName\":\"search_term_string\"}}],\"inLanguage\":\"es\"}]}<\/script>\n<!-- \/ Yoast SEO plugin. -->","yoast_head_json":{"title":"Garc\u00eda \u00c1lvarez, C\u00e9sar - \u00c1rea de Historia del Arte","robots":{"index":"index","follow":"follow","max-snippet":"max-snippet:-1","max-image-preview":"max-image-preview:large","max-video-preview":"max-video-preview:-1"},"canonical":"https:\/\/departamentos.unileon.es\/area-historia-del-arte\/garcia-alvarez-cesar\/","og_locale":"es_ES","og_type":"article","og_title":"Garc\u00eda \u00c1lvarez, C\u00e9sar - \u00c1rea de Historia del Arte","og_description":"Titulaci\u00f3n:\u00a0Doctor en Historia del ArteCategor\u00eda profesional: Profesor\u00a0TitularTel\u00e9fono: 987295263e-mail: cgara@unileon.esDespacho: 212 bis (Dpto. Patrimonio Art\u00edstico y Documental) L\u00edneas de investigaci\u00f3n: Su investigaci\u00f3n est\u00e1 centrada en varios campos, entre los que destacan la simbolog\u00eda de todas las etapas hist\u00f3rico-art\u00edsticas, la teor\u00eda del arte, el arte del Renacimiento, Gaud\u00ed, y la obra de Ignacio G\u00f3mez de Lia\u00f1o Grupos [&hellip;]","og_url":"https:\/\/departamentos.unileon.es\/area-historia-del-arte\/garcia-alvarez-cesar\/","og_site_name":"\u00c1rea de Historia del Arte","article_modified_time":"2024-06-08T10:41:08+00:00","og_image":[{"url":"http:\/\/departamentos.unileon.es\/area-historia-del-arte\/files\/2017\/01\/dialnet-1-e1485947316953.jpg","type":"","width":"","height":""}],"twitter_card":"summary_large_image","twitter_misc":{"Tiempo de lectura":"2 minutos"},"schema":{"@context":"https:\/\/schema.org","@graph":[{"@type":"WebPage","@id":"https:\/\/departamentos.unileon.es\/area-historia-del-arte\/garcia-alvarez-cesar\/","url":"https:\/\/departamentos.unileon.es\/area-historia-del-arte\/garcia-alvarez-cesar\/","name":"Garc\u00eda \u00c1lvarez, C\u00e9sar - \u00c1rea de Historia del Arte","isPartOf":{"@id":"https:\/\/departamentos.unileon.es\/area-historia-del-arte\/#website"},"primaryImageOfPage":{"@id":"https:\/\/departamentos.unileon.es\/area-historia-del-arte\/garcia-alvarez-cesar\/#primaryimage"},"image":{"@id":"https:\/\/departamentos.unileon.es\/area-historia-del-arte\/garcia-alvarez-cesar\/#primaryimage"},"thumbnailUrl":"http:\/\/departamentos.unileon.es\/area-historia-del-arte\/files\/2017\/01\/dialnet-1-e1485947316953.jpg","datePublished":"2017-01-23T09:33:06+00:00","dateModified":"2024-06-08T10:41:08+00:00","inLanguage":"es","potentialAction":[{"@type":"ReadAction","target":["https:\/\/departamentos.unileon.es\/area-historia-del-arte\/garcia-alvarez-cesar\/"]}]},{"@type":"ImageObject","inLanguage":"es","@id":"https:\/\/departamentos.unileon.es\/area-historia-del-arte\/garcia-alvarez-cesar\/#primaryimage","url":"https:\/\/departamentos.unileon.es\/area-historia-del-arte\/files\/2017\/01\/dialnet-1-e1485947316953.jpg","contentUrl":"https:\/\/departamentos.unileon.es\/area-historia-del-arte\/files\/2017\/01\/dialnet-1-e1485947316953.jpg","width":80,"height":23},{"@type":"WebSite","@id":"https:\/\/departamentos.unileon.es\/area-historia-del-arte\/#website","url":"https:\/\/departamentos.unileon.es\/area-historia-del-arte\/","name":"\u00c1rea de Historia del Arte","description":"p\u00e1gina de \u00c1rea de la Universidad de Le\u00f3n","potentialAction":[{"@type":"SearchAction","target":{"@type":"EntryPoint","urlTemplate":"https:\/\/departamentos.unileon.es\/area-historia-del-arte\/?s={search_term_string}"},"query-input":{"@type":"PropertyValueSpecification","valueRequired":true,"valueName":"search_term_string"}}],"inLanguage":"es"}]}},"_links":{"self":[{"href":"https:\/\/departamentos.unileon.es\/area-historia-del-arte\/wp-json\/wp\/v2\/pages\/131","targetHints":{"allow":["GET"]}}],"collection":[{"href":"https:\/\/departamentos.unileon.es\/area-historia-del-arte\/wp-json\/wp\/v2\/pages"}],"about":[{"href":"https:\/\/departamentos.unileon.es\/area-historia-del-arte\/wp-json\/wp\/v2\/types\/page"}],"author":[{"embeddable":true,"href":"https:\/\/departamentos.unileon.es\/area-historia-del-arte\/wp-json\/wp\/v2\/users\/151"}],"replies":[{"embeddable":true,"href":"https:\/\/departamentos.unileon.es\/area-historia-del-arte\/wp-json\/wp\/v2\/comments?post=131"}],"version-history":[{"count":12,"href":"https:\/\/departamentos.unileon.es\/area-historia-del-arte\/wp-json\/wp\/v2\/pages\/131\/revisions"}],"predecessor-version":[{"id":2046,"href":"https:\/\/departamentos.unileon.es\/area-historia-del-arte\/wp-json\/wp\/v2\/pages\/131\/revisions\/2046"}],"wp:attachment":[{"href":"https:\/\/departamentos.unileon.es\/area-historia-del-arte\/wp-json\/wp\/v2\/media?parent=131"}],"curies":[{"name":"wp","href":"https:\/\/api.w.org\/{rel}","templated":true}]}}