{"id":129,"date":"2017-01-23T09:32:53","date_gmt":"2017-01-23T09:32:53","guid":{"rendered":"http:\/\/departamentos.unileon.es\/area-historia-del-arte\/?page_id=129"},"modified":"2024-06-08T10:35:41","modified_gmt":"2024-06-08T10:35:41","slug":"florez-crespo-ma-del-mar","status":"publish","type":"page","link":"https:\/\/departamentos.unileon.es\/area-historia-del-arte\/florez-crespo-ma-del-mar\/","title":{"rendered":"Fl\u00f3rez Crespo, M\u00aa del Mar"},"content":{"rendered":"\n<figure class=\"wp-block-image size-full\"><img loading=\"lazy\" decoding=\"async\" width=\"100\" height=\"100\" src=\"https:\/\/departamentos.unileon.es\/area-historia-del-arte\/files\/2017\/01\/Mar-e1485423376614.jpg\" alt=\"\" class=\"wp-image-254\"\/><\/figure>\n\n\n<p><strong>Titulaci\u00f3n:<\/strong> Doctora en Historia del Arte<br \/><strong>Categor\u00eda profesional:<\/strong> Profesora Contratada Dra.<br \/><strong>Tel\u00e9fono:<\/strong> 987291067<br \/><strong>e-mail:<\/strong> mmfloc@unileon.es<br \/><strong>Despacho:<\/strong> 215 bis (Dpto. Patrimonio Art\u00edstico y Documental)<\/p>\n<p style=\"text-align: justify;\"><strong>L\u00edneas de investigaci\u00f3n:<\/strong> Tutela del patrimonio mueble e inmueble, museolog\u00eda, innovaci\u00f3n educativa y docente<\/p>\n<p style=\"text-align: justify; padding-left: 30px;\"><strong><a href=\"https:\/\/dialnet.unirioja.es\/servlet\/autor?codigo=1803080\" target=\"_blank\" rel=\"noopener\"><img loading=\"lazy\" decoding=\"async\" class=\"alignleft size-full wp-image-385\" src=\"http:\/\/departamentos.unileon.es\/area-historia-del-arte\/files\/2017\/01\/dialnet-1-e1485947316953.jpg\" alt=\"\" width=\"80\" height=\"23\" \/><\/a><\/strong><\/p>\n<p style=\"text-align: justify; padding-left: 30px;\"><a href=\"https:\/\/orcid.org\/0000-0001-9491-1427\" target=\"_blank\" rel=\"noopener\"><img loading=\"lazy\" decoding=\"async\" class=\"alignleft size-full wp-image-624\" src=\"http:\/\/departamentos.unileon.es\/area-historia-del-arte\/files\/2018\/07\/orcid-e1531134521100.jpg\" alt=\"\" width=\"120\" height=\"41\" \/><\/a><\/p>\n<p>\u00a0<\/p>\n<p>\u00a0<\/p>\n<p style=\"text-align: justify;\"><strong>Perfil docente:<\/strong> Conservaci\u00f3n de bienes culturales. Museolog\u00eda. Historia de las artes esc\u00e9nicas. Patrimonio cultural y turismo. Imparte asignaturas de contenidos similares en diferentes m\u00e1steres<\/p>","protected":false},"excerpt":{"rendered":"<p>Titulaci\u00f3n: Doctora en Historia del ArteCategor\u00eda profesional: Profesora Contratada Dra.Tel\u00e9fono: 987291067e-mail: mmfloc@unileon.esDespacho: 215 bis (Dpto. Patrimonio Art\u00edstico y Documental) L\u00edneas de investigaci\u00f3n: Tutela del patrimonio mueble e inmueble, museolog\u00eda, innovaci\u00f3n educativa y docente \u00a0 \u00a0 Perfil docente: Conservaci\u00f3n de bienes culturales. Museolog\u00eda. Historia de las artes esc\u00e9nicas. Patrimonio cultural y turismo. Imparte asignaturas de contenidos [&hellip;]<\/p>\n","protected":false},"author":151,"featured_media":0,"parent":0,"menu_order":0,"comment_status":"closed","ping_status":"closed","template":"","meta":{"ngg_post_thumbnail":0,"footnotes":""},"class_list":["post-129","page","type-page","status-publish","hentry"],"yoast_head":"<!-- This site is optimized with the Yoast SEO plugin v25.8 - https:\/\/yoast.com\/wordpress\/plugins\/seo\/ -->\n<title>Fl\u00f3rez Crespo, M\u00aa del Mar - \u00c1rea de Historia del Arte<\/title>\n<meta name=\"robots\" content=\"index, follow, max-snippet:-1, max-image-preview:large, max-video-preview:-1\" \/>\n<link rel=\"canonical\" href=\"https:\/\/departamentos.unileon.es\/area-historia-del-arte\/florez-crespo-ma-del-mar\/\" \/>\n<meta property=\"og:locale\" content=\"es_ES\" \/>\n<meta property=\"og:type\" content=\"article\" \/>\n<meta property=\"og:title\" content=\"Fl\u00f3rez Crespo, M\u00aa del Mar - \u00c1rea de Historia del Arte\" \/>\n<meta property=\"og:description\" content=\"Titulaci\u00f3n: Doctora en Historia del ArteCategor\u00eda profesional: Profesora Contratada Dra.Tel\u00e9fono: 987291067e-mail: mmfloc@unileon.esDespacho: 215 bis (Dpto. Patrimonio Art\u00edstico y Documental) L\u00edneas de investigaci\u00f3n: Tutela del patrimonio mueble e inmueble, museolog\u00eda, innovaci\u00f3n educativa y docente \u00a0 \u00a0 Perfil docente: Conservaci\u00f3n de bienes culturales. Museolog\u00eda. Historia de las artes esc\u00e9nicas. Patrimonio cultural y turismo. Imparte asignaturas de contenidos [&hellip;]\" \/>\n<meta property=\"og:url\" content=\"https:\/\/departamentos.unileon.es\/area-historia-del-arte\/florez-crespo-ma-del-mar\/\" \/>\n<meta property=\"og:site_name\" content=\"\u00c1rea de Historia del Arte\" \/>\n<meta property=\"article:modified_time\" content=\"2024-06-08T10:35:41+00:00\" \/>\n<meta property=\"og:image\" content=\"https:\/\/departamentos.unileon.es\/area-historia-del-arte\/files\/2017\/01\/Mar-e1485423376614.jpg\" \/>\n<meta name=\"twitter:card\" content=\"summary_large_image\" \/>\n<meta name=\"twitter:label1\" content=\"Tiempo de lectura\" \/>\n\t<meta name=\"twitter:data1\" content=\"1 minuto\" \/>\n<script type=\"application\/ld+json\" class=\"yoast-schema-graph\">{\"@context\":\"https:\/\/schema.org\",\"@graph\":[{\"@type\":\"WebPage\",\"@id\":\"https:\/\/departamentos.unileon.es\/area-historia-del-arte\/florez-crespo-ma-del-mar\/\",\"url\":\"https:\/\/departamentos.unileon.es\/area-historia-del-arte\/florez-crespo-ma-del-mar\/\",\"name\":\"Fl\u00f3rez Crespo, M\u00aa del Mar - \u00c1rea de Historia del Arte\",\"isPartOf\":{\"@id\":\"https:\/\/departamentos.unileon.es\/area-historia-del-arte\/#website\"},\"primaryImageOfPage\":{\"@id\":\"https:\/\/departamentos.unileon.es\/area-historia-del-arte\/florez-crespo-ma-del-mar\/#primaryimage\"},\"image\":{\"@id\":\"https:\/\/departamentos.unileon.es\/area-historia-del-arte\/florez-crespo-ma-del-mar\/#primaryimage\"},\"thumbnailUrl\":\"https:\/\/departamentos.unileon.es\/area-historia-del-arte\/files\/2017\/01\/Mar-e1485423376614.jpg\",\"datePublished\":\"2017-01-23T09:32:53+00:00\",\"dateModified\":\"2024-06-08T10:35:41+00:00\",\"inLanguage\":\"es\",\"potentialAction\":[{\"@type\":\"ReadAction\",\"target\":[\"https:\/\/departamentos.unileon.es\/area-historia-del-arte\/florez-crespo-ma-del-mar\/\"]}]},{\"@type\":\"ImageObject\",\"inLanguage\":\"es\",\"@id\":\"https:\/\/departamentos.unileon.es\/area-historia-del-arte\/florez-crespo-ma-del-mar\/#primaryimage\",\"url\":\"https:\/\/departamentos.unileon.es\/area-historia-del-arte\/files\/2017\/01\/Mar-e1485423376614.jpg\",\"contentUrl\":\"https:\/\/departamentos.unileon.es\/area-historia-del-arte\/files\/2017\/01\/Mar-e1485423376614.jpg\",\"width\":100,\"height\":100},{\"@type\":\"WebSite\",\"@id\":\"https:\/\/departamentos.unileon.es\/area-historia-del-arte\/#website\",\"url\":\"https:\/\/departamentos.unileon.es\/area-historia-del-arte\/\",\"name\":\"\u00c1rea de Historia del Arte\",\"description\":\"p\u00e1gina de \u00c1rea de la Universidad de Le\u00f3n\",\"potentialAction\":[{\"@type\":\"SearchAction\",\"target\":{\"@type\":\"EntryPoint\",\"urlTemplate\":\"https:\/\/departamentos.unileon.es\/area-historia-del-arte\/?s={search_term_string}\"},\"query-input\":{\"@type\":\"PropertyValueSpecification\",\"valueRequired\":true,\"valueName\":\"search_term_string\"}}],\"inLanguage\":\"es\"}]}<\/script>\n<!-- \/ Yoast SEO plugin. -->","yoast_head_json":{"title":"Fl\u00f3rez Crespo, M\u00aa del Mar - \u00c1rea de Historia del Arte","robots":{"index":"index","follow":"follow","max-snippet":"max-snippet:-1","max-image-preview":"max-image-preview:large","max-video-preview":"max-video-preview:-1"},"canonical":"https:\/\/departamentos.unileon.es\/area-historia-del-arte\/florez-crespo-ma-del-mar\/","og_locale":"es_ES","og_type":"article","og_title":"Fl\u00f3rez Crespo, M\u00aa del Mar - \u00c1rea de Historia del Arte","og_description":"Titulaci\u00f3n: Doctora en Historia del ArteCategor\u00eda profesional: Profesora Contratada Dra.Tel\u00e9fono: 987291067e-mail: mmfloc@unileon.esDespacho: 215 bis (Dpto. Patrimonio Art\u00edstico y Documental) L\u00edneas de investigaci\u00f3n: Tutela del patrimonio mueble e inmueble, museolog\u00eda, innovaci\u00f3n educativa y docente \u00a0 \u00a0 Perfil docente: Conservaci\u00f3n de bienes culturales. Museolog\u00eda. Historia de las artes esc\u00e9nicas. Patrimonio cultural y turismo. Imparte asignaturas de contenidos [&hellip;]","og_url":"https:\/\/departamentos.unileon.es\/area-historia-del-arte\/florez-crespo-ma-del-mar\/","og_site_name":"\u00c1rea de Historia del Arte","article_modified_time":"2024-06-08T10:35:41+00:00","og_image":[{"url":"https:\/\/departamentos.unileon.es\/area-historia-del-arte\/files\/2017\/01\/Mar-e1485423376614.jpg","type":"","width":"","height":""}],"twitter_card":"summary_large_image","twitter_misc":{"Tiempo de lectura":"1 minuto"},"schema":{"@context":"https:\/\/schema.org","@graph":[{"@type":"WebPage","@id":"https:\/\/departamentos.unileon.es\/area-historia-del-arte\/florez-crespo-ma-del-mar\/","url":"https:\/\/departamentos.unileon.es\/area-historia-del-arte\/florez-crespo-ma-del-mar\/","name":"Fl\u00f3rez Crespo, M\u00aa del Mar - \u00c1rea de Historia del Arte","isPartOf":{"@id":"https:\/\/departamentos.unileon.es\/area-historia-del-arte\/#website"},"primaryImageOfPage":{"@id":"https:\/\/departamentos.unileon.es\/area-historia-del-arte\/florez-crespo-ma-del-mar\/#primaryimage"},"image":{"@id":"https:\/\/departamentos.unileon.es\/area-historia-del-arte\/florez-crespo-ma-del-mar\/#primaryimage"},"thumbnailUrl":"https:\/\/departamentos.unileon.es\/area-historia-del-arte\/files\/2017\/01\/Mar-e1485423376614.jpg","datePublished":"2017-01-23T09:32:53+00:00","dateModified":"2024-06-08T10:35:41+00:00","inLanguage":"es","potentialAction":[{"@type":"ReadAction","target":["https:\/\/departamentos.unileon.es\/area-historia-del-arte\/florez-crespo-ma-del-mar\/"]}]},{"@type":"ImageObject","inLanguage":"es","@id":"https:\/\/departamentos.unileon.es\/area-historia-del-arte\/florez-crespo-ma-del-mar\/#primaryimage","url":"https:\/\/departamentos.unileon.es\/area-historia-del-arte\/files\/2017\/01\/Mar-e1485423376614.jpg","contentUrl":"https:\/\/departamentos.unileon.es\/area-historia-del-arte\/files\/2017\/01\/Mar-e1485423376614.jpg","width":100,"height":100},{"@type":"WebSite","@id":"https:\/\/departamentos.unileon.es\/area-historia-del-arte\/#website","url":"https:\/\/departamentos.unileon.es\/area-historia-del-arte\/","name":"\u00c1rea de Historia del Arte","description":"p\u00e1gina de \u00c1rea de la Universidad de Le\u00f3n","potentialAction":[{"@type":"SearchAction","target":{"@type":"EntryPoint","urlTemplate":"https:\/\/departamentos.unileon.es\/area-historia-del-arte\/?s={search_term_string}"},"query-input":{"@type":"PropertyValueSpecification","valueRequired":true,"valueName":"search_term_string"}}],"inLanguage":"es"}]}},"_links":{"self":[{"href":"https:\/\/departamentos.unileon.es\/area-historia-del-arte\/wp-json\/wp\/v2\/pages\/129","targetHints":{"allow":["GET"]}}],"collection":[{"href":"https:\/\/departamentos.unileon.es\/area-historia-del-arte\/wp-json\/wp\/v2\/pages"}],"about":[{"href":"https:\/\/departamentos.unileon.es\/area-historia-del-arte\/wp-json\/wp\/v2\/types\/page"}],"author":[{"embeddable":true,"href":"https:\/\/departamentos.unileon.es\/area-historia-del-arte\/wp-json\/wp\/v2\/users\/151"}],"replies":[{"embeddable":true,"href":"https:\/\/departamentos.unileon.es\/area-historia-del-arte\/wp-json\/wp\/v2\/comments?post=129"}],"version-history":[{"count":13,"href":"https:\/\/departamentos.unileon.es\/area-historia-del-arte\/wp-json\/wp\/v2\/pages\/129\/revisions"}],"predecessor-version":[{"id":2044,"href":"https:\/\/departamentos.unileon.es\/area-historia-del-arte\/wp-json\/wp\/v2\/pages\/129\/revisions\/2044"}],"wp:attachment":[{"href":"https:\/\/departamentos.unileon.es\/area-historia-del-arte\/wp-json\/wp\/v2\/media?parent=129"}],"curies":[{"name":"wp","href":"https:\/\/api.w.org\/{rel}","templated":true}]}}