{"id":127,"date":"2017-01-23T09:32:40","date_gmt":"2017-01-23T09:32:40","guid":{"rendered":"http:\/\/departamentos.unileon.es\/area-historia-del-arte\/?page_id=127"},"modified":"2026-03-24T12:30:58","modified_gmt":"2026-03-24T12:30:58","slug":"cosmen-alonso-ma-concepcion","status":"publish","type":"page","link":"https:\/\/departamentos.unileon.es\/area-historia-del-arte\/cosmen-alonso-ma-concepcion\/","title":{"rendered":"Cosmen Alonso, M\u00aa Concepci\u00f3n"},"content":{"rendered":"<span style=\"font-size: 10pt;\"><span style=\"font-size: 12pt;\"><strong><img loading=\"lazy\" decoding=\"async\" class=\"alignleft wp-image-247\" src=\"http:\/\/departamentos.unileon.es\/area-historia-del-arte\/files\/2017\/01\/concha.png\" alt=\"\" width=\"100\" height=\"125\" \/><\/strong><\/span><\/span>\n\n<strong>T<\/strong><strong>itulaci\u00f3n:<\/strong> Licenciada en Historia del Arte e Historia de Am\u00e9rica\u00a0\/ Doctora en Filosof\u00eda y Letras (Secci\u00f3n: Geograf\u00eda e Historia. Divisi\u00f3n: Arte).\n<strong>Categor\u00eda profesional:<\/strong> Colaboradora Honor\u00edfica\n<strong>Tel\u00e9fono:<\/strong> 987291065\n<strong>e-mail:<\/strong>\u00a0mccosa@unileon.es\n<strong>Despacho:<\/strong> 208 bis (Dpto. Patrimonio Art\u00edstico y Documental)\n\n<strong>L\u00edneas de investigaci\u00f3n:\u00a0<\/strong>Historia del Arte Medieval Espa\u00f1ol. Periodos: Prerrom\u00e1nico, Rom\u00e1nico y\u00a0 G\u00f3tico\n\n<strong>Grupos e institutos\u00a0de investigaci\u00f3n a los que pertenece:\u00a0<\/strong>\n\nInstituto de Estudios Medievales\n\nGrupo de Investigaci\u00f3n PAM (Patrimonio Art\u00edstico Medieval)\n<p style=\"text-align: justify; padding-left: 30px;\"><strong><a href=\"https:\/\/dialnet.unirioja.es\/servlet\/autor?codigo=122602\" target=\"_blank\" rel=\"noopener\"><img loading=\"lazy\" decoding=\"async\" class=\"alignleft size-full wp-image-385\" src=\"http:\/\/departamentos.unileon.es\/area-historia-del-arte\/files\/2017\/01\/dialnet-1-e1485947316953.jpg\" alt=\"\" width=\"80\" height=\"23\" \/><\/a><\/strong><\/p>\n<p style=\"text-align: justify; padding-left: 30px;\"><a href=\"https:\/\/orcid.org\/0000-0003-3333-5782\" target=\"_blank\" rel=\"noopener\"><img loading=\"lazy\" decoding=\"async\" class=\"alignleft size-full wp-image-624\" src=\"http:\/\/departamentos.unileon.es\/area-historia-del-arte\/files\/2018\/07\/orcid-e1531134521100.jpg\" alt=\"\" width=\"120\" height=\"41\" \/><\/a><\/p>\n<a href=\"https:\/\/unileon.academia.edu\/MAR%C3%8DACONCEPCI%C3%93NCOSMENALONSO\" target=\"_blank\" rel=\"noopener\"><img loading=\"lazy\" decoding=\"async\" class=\"alignleft size-full wp-image-429\" src=\"http:\/\/departamentos.unileon.es\/area-historia-del-arte\/files\/2017\/01\/academialogo-1-e1485950684797.png\" alt=\"\" width=\"110\" height=\"33\" \/><\/a>\n<p style=\"text-align: justify;\"><strong>Perfil docente:<\/strong> Historia del Arte Medieval. Arte Prerrom\u00e1nico y Rom\u00e1nico Espa\u00f1ol. Fuentes para el Arte Antiguo y Medieval<\/p>","protected":false},"excerpt":{"rendered":"<p>Titulaci\u00f3n: Licenciada en Historia del Arte e Historia de Am\u00e9rica\u00a0\/ Doctora en Filosof\u00eda y Letras (Secci\u00f3n: Geograf\u00eda e Historia. Divisi\u00f3n: Arte). Categor\u00eda profesional: Colaboradora Honor\u00edfica Tel\u00e9fono: 987291065 e-mail:\u00a0mccosa@unileon.es Despacho: 208 bis (Dpto. Patrimonio Art\u00edstico y Documental) L\u00edneas de investigaci\u00f3n:\u00a0Historia del Arte Medieval Espa\u00f1ol. Periodos: Prerrom\u00e1nico, Rom\u00e1nico y\u00a0 G\u00f3tico Grupos e institutos\u00a0de investigaci\u00f3n a los que [&hellip;]<\/p>\n","protected":false},"author":151,"featured_media":0,"parent":0,"menu_order":0,"comment_status":"closed","ping_status":"closed","template":"","meta":{"ngg_post_thumbnail":0,"footnotes":""},"class_list":["post-127","page","type-page","status-publish","hentry"],"yoast_head":"<!-- This site is optimized with the Yoast SEO plugin v25.8 - https:\/\/yoast.com\/wordpress\/plugins\/seo\/ -->\n<title>Cosmen Alonso, M\u00aa Concepci\u00f3n - \u00c1rea de Historia del Arte<\/title>\n<meta name=\"robots\" content=\"index, follow, max-snippet:-1, max-image-preview:large, max-video-preview:-1\" \/>\n<link rel=\"canonical\" href=\"https:\/\/departamentos.unileon.es\/area-historia-del-arte\/cosmen-alonso-ma-concepcion\/\" \/>\n<meta property=\"og:locale\" content=\"es_ES\" \/>\n<meta property=\"og:type\" content=\"article\" \/>\n<meta property=\"og:title\" content=\"Cosmen Alonso, M\u00aa Concepci\u00f3n - \u00c1rea de Historia del Arte\" \/>\n<meta property=\"og:description\" content=\"Titulaci\u00f3n: Licenciada en Historia del Arte e Historia de Am\u00e9rica\u00a0\/ Doctora en Filosof\u00eda y Letras (Secci\u00f3n: Geograf\u00eda e Historia. Divisi\u00f3n: Arte). Categor\u00eda profesional: Colaboradora Honor\u00edfica Tel\u00e9fono: 987291065 e-mail:\u00a0mccosa@unileon.es Despacho: 208 bis (Dpto. Patrimonio Art\u00edstico y Documental) L\u00edneas de investigaci\u00f3n:\u00a0Historia del Arte Medieval Espa\u00f1ol. Periodos: Prerrom\u00e1nico, Rom\u00e1nico y\u00a0 G\u00f3tico Grupos e institutos\u00a0de investigaci\u00f3n a los que [&hellip;]\" \/>\n<meta property=\"og:url\" content=\"https:\/\/departamentos.unileon.es\/area-historia-del-arte\/cosmen-alonso-ma-concepcion\/\" \/>\n<meta property=\"og:site_name\" content=\"\u00c1rea de Historia del Arte\" \/>\n<meta property=\"article:modified_time\" content=\"2026-03-24T12:30:58+00:00\" \/>\n<meta property=\"og:image\" content=\"https:\/\/departamentos.unileon.es\/area-historia-del-arte\/files\/2017\/01\/concha-e1486121354814.png\" \/>\n\t<meta property=\"og:image:width\" content=\"100\" \/>\n\t<meta property=\"og:image:height\" content=\"125\" \/>\n\t<meta property=\"og:image:type\" content=\"image\/png\" \/>\n<meta name=\"twitter:card\" content=\"summary_large_image\" \/>\n<meta name=\"twitter:label1\" content=\"Tiempo de lectura\" \/>\n\t<meta name=\"twitter:data1\" content=\"2 minutos\" \/>\n<script type=\"application\/ld+json\" class=\"yoast-schema-graph\">{\"@context\":\"https:\/\/schema.org\",\"@graph\":[{\"@type\":\"WebPage\",\"@id\":\"https:\/\/departamentos.unileon.es\/area-historia-del-arte\/cosmen-alonso-ma-concepcion\/\",\"url\":\"https:\/\/departamentos.unileon.es\/area-historia-del-arte\/cosmen-alonso-ma-concepcion\/\",\"name\":\"Cosmen Alonso, M\u00aa Concepci\u00f3n - \u00c1rea de Historia del Arte\",\"isPartOf\":{\"@id\":\"https:\/\/departamentos.unileon.es\/area-historia-del-arte\/#website\"},\"primaryImageOfPage\":{\"@id\":\"https:\/\/departamentos.unileon.es\/area-historia-del-arte\/cosmen-alonso-ma-concepcion\/#primaryimage\"},\"image\":{\"@id\":\"https:\/\/departamentos.unileon.es\/area-historia-del-arte\/cosmen-alonso-ma-concepcion\/#primaryimage\"},\"thumbnailUrl\":\"http:\/\/departamentos.unileon.es\/area-historia-del-arte\/files\/2017\/01\/concha.png\",\"datePublished\":\"2017-01-23T09:32:40+00:00\",\"dateModified\":\"2026-03-24T12:30:58+00:00\",\"inLanguage\":\"es\",\"potentialAction\":[{\"@type\":\"ReadAction\",\"target\":[\"https:\/\/departamentos.unileon.es\/area-historia-del-arte\/cosmen-alonso-ma-concepcion\/\"]}]},{\"@type\":\"ImageObject\",\"inLanguage\":\"es\",\"@id\":\"https:\/\/departamentos.unileon.es\/area-historia-del-arte\/cosmen-alonso-ma-concepcion\/#primaryimage\",\"url\":\"https:\/\/departamentos.unileon.es\/area-historia-del-arte\/files\/2017\/01\/concha-e1486121354814.png\",\"contentUrl\":\"https:\/\/departamentos.unileon.es\/area-historia-del-arte\/files\/2017\/01\/concha-e1486121354814.png\",\"width\":100,\"height\":125},{\"@type\":\"WebSite\",\"@id\":\"https:\/\/departamentos.unileon.es\/area-historia-del-arte\/#website\",\"url\":\"https:\/\/departamentos.unileon.es\/area-historia-del-arte\/\",\"name\":\"\u00c1rea de Historia del Arte\",\"description\":\"p\u00e1gina de \u00c1rea de la Universidad de Le\u00f3n\",\"potentialAction\":[{\"@type\":\"SearchAction\",\"target\":{\"@type\":\"EntryPoint\",\"urlTemplate\":\"https:\/\/departamentos.unileon.es\/area-historia-del-arte\/?s={search_term_string}\"},\"query-input\":{\"@type\":\"PropertyValueSpecification\",\"valueRequired\":true,\"valueName\":\"search_term_string\"}}],\"inLanguage\":\"es\"}]}<\/script>\n<!-- \/ Yoast SEO plugin. -->","yoast_head_json":{"title":"Cosmen Alonso, M\u00aa Concepci\u00f3n - \u00c1rea de Historia del Arte","robots":{"index":"index","follow":"follow","max-snippet":"max-snippet:-1","max-image-preview":"max-image-preview:large","max-video-preview":"max-video-preview:-1"},"canonical":"https:\/\/departamentos.unileon.es\/area-historia-del-arte\/cosmen-alonso-ma-concepcion\/","og_locale":"es_ES","og_type":"article","og_title":"Cosmen Alonso, M\u00aa Concepci\u00f3n - \u00c1rea de Historia del Arte","og_description":"Titulaci\u00f3n: Licenciada en Historia del Arte e Historia de Am\u00e9rica\u00a0\/ Doctora en Filosof\u00eda y Letras (Secci\u00f3n: Geograf\u00eda e Historia. Divisi\u00f3n: Arte). Categor\u00eda profesional: Colaboradora Honor\u00edfica Tel\u00e9fono: 987291065 e-mail:\u00a0mccosa@unileon.es Despacho: 208 bis (Dpto. Patrimonio Art\u00edstico y Documental) L\u00edneas de investigaci\u00f3n:\u00a0Historia del Arte Medieval Espa\u00f1ol. Periodos: Prerrom\u00e1nico, Rom\u00e1nico y\u00a0 G\u00f3tico Grupos e institutos\u00a0de investigaci\u00f3n a los que [&hellip;]","og_url":"https:\/\/departamentos.unileon.es\/area-historia-del-arte\/cosmen-alonso-ma-concepcion\/","og_site_name":"\u00c1rea de Historia del Arte","article_modified_time":"2026-03-24T12:30:58+00:00","og_image":[{"width":100,"height":125,"url":"https:\/\/departamentos.unileon.es\/area-historia-del-arte\/files\/2017\/01\/concha-e1486121354814.png","type":"image\/png"}],"twitter_card":"summary_large_image","twitter_misc":{"Tiempo de lectura":"2 minutos"},"schema":{"@context":"https:\/\/schema.org","@graph":[{"@type":"WebPage","@id":"https:\/\/departamentos.unileon.es\/area-historia-del-arte\/cosmen-alonso-ma-concepcion\/","url":"https:\/\/departamentos.unileon.es\/area-historia-del-arte\/cosmen-alonso-ma-concepcion\/","name":"Cosmen Alonso, M\u00aa Concepci\u00f3n - \u00c1rea de Historia del Arte","isPartOf":{"@id":"https:\/\/departamentos.unileon.es\/area-historia-del-arte\/#website"},"primaryImageOfPage":{"@id":"https:\/\/departamentos.unileon.es\/area-historia-del-arte\/cosmen-alonso-ma-concepcion\/#primaryimage"},"image":{"@id":"https:\/\/departamentos.unileon.es\/area-historia-del-arte\/cosmen-alonso-ma-concepcion\/#primaryimage"},"thumbnailUrl":"http:\/\/departamentos.unileon.es\/area-historia-del-arte\/files\/2017\/01\/concha.png","datePublished":"2017-01-23T09:32:40+00:00","dateModified":"2026-03-24T12:30:58+00:00","inLanguage":"es","potentialAction":[{"@type":"ReadAction","target":["https:\/\/departamentos.unileon.es\/area-historia-del-arte\/cosmen-alonso-ma-concepcion\/"]}]},{"@type":"ImageObject","inLanguage":"es","@id":"https:\/\/departamentos.unileon.es\/area-historia-del-arte\/cosmen-alonso-ma-concepcion\/#primaryimage","url":"https:\/\/departamentos.unileon.es\/area-historia-del-arte\/files\/2017\/01\/concha-e1486121354814.png","contentUrl":"https:\/\/departamentos.unileon.es\/area-historia-del-arte\/files\/2017\/01\/concha-e1486121354814.png","width":100,"height":125},{"@type":"WebSite","@id":"https:\/\/departamentos.unileon.es\/area-historia-del-arte\/#website","url":"https:\/\/departamentos.unileon.es\/area-historia-del-arte\/","name":"\u00c1rea de Historia del Arte","description":"p\u00e1gina de \u00c1rea de la Universidad de Le\u00f3n","potentialAction":[{"@type":"SearchAction","target":{"@type":"EntryPoint","urlTemplate":"https:\/\/departamentos.unileon.es\/area-historia-del-arte\/?s={search_term_string}"},"query-input":{"@type":"PropertyValueSpecification","valueRequired":true,"valueName":"search_term_string"}}],"inLanguage":"es"}]}},"_links":{"self":[{"href":"https:\/\/departamentos.unileon.es\/area-historia-del-arte\/wp-json\/wp\/v2\/pages\/127","targetHints":{"allow":["GET"]}}],"collection":[{"href":"https:\/\/departamentos.unileon.es\/area-historia-del-arte\/wp-json\/wp\/v2\/pages"}],"about":[{"href":"https:\/\/departamentos.unileon.es\/area-historia-del-arte\/wp-json\/wp\/v2\/types\/page"}],"author":[{"embeddable":true,"href":"https:\/\/departamentos.unileon.es\/area-historia-del-arte\/wp-json\/wp\/v2\/users\/151"}],"replies":[{"embeddable":true,"href":"https:\/\/departamentos.unileon.es\/area-historia-del-arte\/wp-json\/wp\/v2\/comments?post=127"}],"version-history":[{"count":13,"href":"https:\/\/departamentos.unileon.es\/area-historia-del-arte\/wp-json\/wp\/v2\/pages\/127\/revisions"}],"predecessor-version":[{"id":2136,"href":"https:\/\/departamentos.unileon.es\/area-historia-del-arte\/wp-json\/wp\/v2\/pages\/127\/revisions\/2136"}],"wp:attachment":[{"href":"https:\/\/departamentos.unileon.es\/area-historia-del-arte\/wp-json\/wp\/v2\/media?parent=127"}],"curies":[{"name":"wp","href":"https:\/\/api.w.org\/{rel}","templated":true}]}}