{"id":125,"date":"2017-01-23T09:32:23","date_gmt":"2017-01-23T09:32:23","guid":{"rendered":"http:\/\/departamentos.unileon.es\/area-historia-del-arte\/?page_id=125"},"modified":"2024-06-07T08:43:12","modified_gmt":"2024-06-07T08:43:12","slug":"castrillo-soto-roberto","status":"publish","type":"page","link":"https:\/\/departamentos.unileon.es\/area-historia-del-arte\/castrillo-soto-roberto\/","title":{"rendered":"Castrillo Soto, Roberto"},"content":{"rendered":"<span style=\"font-size: 10pt;\"><strong><img loading=\"lazy\" decoding=\"async\" class=\"alignleft size-full wp-image-235\" src=\"http:\/\/departamentos.unileon.es\/area-historia-del-arte\/files\/2017\/01\/roberto-1-e1485423449268.jpg\" alt=\"\" width=\"100\" height=\"156\" \/><\/strong><\/span>\n\nTitulaci\u00f3n: Licenciado en Historia del Arte\nCategor\u00eda profesional: Profesor Colaborador\nTel\u00e9fono: 987293438\ne-mail:\u00a0rcass@unileon.es\nDespacho: 209 bis (Dpto. Patrimonio Art\u00edstico y Documental)\n\n<strong>L\u00edneas de investigaci\u00f3n<\/strong>:\u00a0las principales l\u00edneas de investigaci\u00f3n se centran en el Arte Contempor\u00e1neo Espa\u00f1ol desde el siglo XIX a la actualidad, en especial en Castilla y Le\u00f3n, la Historia de la Fotograf\u00eda en Le\u00f3n as\u00ed como la Est\u00e9tica Cinematogr\u00e1fica. Ejerce habitualmente como cr\u00edtico de arte y comisario de exposiciones de arte actual\n\n<strong>Grupos e institutos de investigaci\u00f3n a los que pertenece<\/strong>\n\nGrupo de Investigaci\u00f3n HUMTC (Humanismo y Tradici\u00f3n Cl\u00e1sica)\n\nGrupo de Innovaci\u00f3n Docente Id-ARTE (Universidad de Le\u00f3n)\n<p style=\"text-align: justify; padding-left: 30px;\"><a href=\"https:\/\/dialnet.unirioja.es\/servlet\/autor?codigo=2337136\" target=\"_blank\" rel=\"noopener noreferrer\"><strong><img loading=\"lazy\" decoding=\"async\" class=\"alignleft size-full wp-image-385\" src=\"http:\/\/departamentos.unileon.es\/area-historia-del-arte\/files\/2017\/01\/dialnet-1-e1485947316953.jpg\" alt=\"\" width=\"80\" height=\"23\" \/><\/strong><\/a>\u00a0 <a href=\"http:\/\/catalogo.bne.es\/uhtbin\/cgisirsi\/0\/x\/0\/05?searchdata1=^A1616448\" target=\"_blank\" rel=\"noopener noreferrer\"><img loading=\"lazy\" decoding=\"async\" class=\"alignleft size-full wp-image-391\" src=\"http:\/\/departamentos.unileon.es\/area-historia-del-arte\/files\/2017\/01\/bne_2-1-e1485947925307.jpg\" alt=\"\" width=\"40\" height=\"36\" \/><\/a><\/p>\n<p style=\"text-align: justify; padding-left: 30px;\"><\/p>\n<p style=\"text-align: justify;\"><span style=\"font-size: 12pt;\"><strong>Perfil docente:<\/strong> e<\/span>n el Grado de Historia del Arte imparte docencia en las asignaturas de Arte Espa\u00f1ol Contempor\u00e1neo, Iconograf\u00eda Profana y Fuentes e Ideas Est\u00e9ticas del Arte Contempor\u00e1neo. En el Grado en Geograf\u00eda y Ordenaci\u00f3n del Territorio imparte la asignatura de Patrimonio Cultural y Natural<\/p>","protected":false},"excerpt":{"rendered":"<p>Titulaci\u00f3n: Licenciado en Historia del Arte Categor\u00eda profesional: Profesor Colaborador Tel\u00e9fono: 987293438 e-mail:\u00a0rcass@unileon.es Despacho: 209 bis (Dpto. Patrimonio Art\u00edstico y Documental) L\u00edneas de investigaci\u00f3n:\u00a0las principales l\u00edneas de investigaci\u00f3n se centran en el Arte Contempor\u00e1neo Espa\u00f1ol desde el siglo XIX a la actualidad, en especial en Castilla y Le\u00f3n, la Historia de la Fotograf\u00eda en Le\u00f3n [&hellip;]<\/p>\n","protected":false},"author":151,"featured_media":0,"parent":0,"menu_order":0,"comment_status":"closed","ping_status":"closed","template":"","meta":{"ngg_post_thumbnail":0,"footnotes":""},"class_list":["post-125","page","type-page","status-publish","hentry"],"yoast_head":"<!-- This site is optimized with the Yoast SEO plugin v25.8 - https:\/\/yoast.com\/wordpress\/plugins\/seo\/ -->\n<title>Castrillo Soto, Roberto - \u00c1rea de Historia del Arte<\/title>\n<meta name=\"robots\" content=\"index, follow, max-snippet:-1, max-image-preview:large, max-video-preview:-1\" \/>\n<link rel=\"canonical\" href=\"https:\/\/departamentos.unileon.es\/area-historia-del-arte\/castrillo-soto-roberto\/\" \/>\n<meta property=\"og:locale\" content=\"es_ES\" \/>\n<meta property=\"og:type\" content=\"article\" \/>\n<meta property=\"og:title\" content=\"Castrillo Soto, Roberto - \u00c1rea de Historia del Arte\" \/>\n<meta property=\"og:description\" content=\"Titulaci\u00f3n: Licenciado en Historia del Arte Categor\u00eda profesional: Profesor Colaborador Tel\u00e9fono: 987293438 e-mail:\u00a0rcass@unileon.es Despacho: 209 bis (Dpto. Patrimonio Art\u00edstico y Documental) L\u00edneas de investigaci\u00f3n:\u00a0las principales l\u00edneas de investigaci\u00f3n se centran en el Arte Contempor\u00e1neo Espa\u00f1ol desde el siglo XIX a la actualidad, en especial en Castilla y Le\u00f3n, la Historia de la Fotograf\u00eda en Le\u00f3n [&hellip;]\" \/>\n<meta property=\"og:url\" content=\"https:\/\/departamentos.unileon.es\/area-historia-del-arte\/castrillo-soto-roberto\/\" \/>\n<meta property=\"og:site_name\" content=\"\u00c1rea de Historia del Arte\" \/>\n<meta property=\"article:modified_time\" content=\"2024-06-07T08:43:12+00:00\" \/>\n<meta property=\"og:image\" content=\"http:\/\/departamentos.unileon.es\/area-historia-del-arte\/files\/2017\/01\/roberto-1-e1485423449268.jpg\" \/>\n<meta name=\"twitter:card\" content=\"summary_large_image\" \/>\n<meta name=\"twitter:label1\" content=\"Tiempo de lectura\" \/>\n\t<meta name=\"twitter:data1\" content=\"2 minutos\" \/>\n<script type=\"application\/ld+json\" class=\"yoast-schema-graph\">{\"@context\":\"https:\/\/schema.org\",\"@graph\":[{\"@type\":\"WebPage\",\"@id\":\"https:\/\/departamentos.unileon.es\/area-historia-del-arte\/castrillo-soto-roberto\/\",\"url\":\"https:\/\/departamentos.unileon.es\/area-historia-del-arte\/castrillo-soto-roberto\/\",\"name\":\"Castrillo Soto, Roberto - \u00c1rea de Historia del Arte\",\"isPartOf\":{\"@id\":\"https:\/\/departamentos.unileon.es\/area-historia-del-arte\/#website\"},\"primaryImageOfPage\":{\"@id\":\"https:\/\/departamentos.unileon.es\/area-historia-del-arte\/castrillo-soto-roberto\/#primaryimage\"},\"image\":{\"@id\":\"https:\/\/departamentos.unileon.es\/area-historia-del-arte\/castrillo-soto-roberto\/#primaryimage\"},\"thumbnailUrl\":\"http:\/\/departamentos.unileon.es\/area-historia-del-arte\/files\/2017\/01\/roberto-1-e1485423449268.jpg\",\"datePublished\":\"2017-01-23T09:32:23+00:00\",\"dateModified\":\"2024-06-07T08:43:12+00:00\",\"inLanguage\":\"es\",\"potentialAction\":[{\"@type\":\"ReadAction\",\"target\":[\"https:\/\/departamentos.unileon.es\/area-historia-del-arte\/castrillo-soto-roberto\/\"]}]},{\"@type\":\"ImageObject\",\"inLanguage\":\"es\",\"@id\":\"https:\/\/departamentos.unileon.es\/area-historia-del-arte\/castrillo-soto-roberto\/#primaryimage\",\"url\":\"https:\/\/departamentos.unileon.es\/area-historia-del-arte\/files\/2017\/01\/roberto-1-e1485423449268.jpg\",\"contentUrl\":\"https:\/\/departamentos.unileon.es\/area-historia-del-arte\/files\/2017\/01\/roberto-1-e1485423449268.jpg\",\"width\":100,\"height\":156},{\"@type\":\"WebSite\",\"@id\":\"https:\/\/departamentos.unileon.es\/area-historia-del-arte\/#website\",\"url\":\"https:\/\/departamentos.unileon.es\/area-historia-del-arte\/\",\"name\":\"\u00c1rea de Historia del Arte\",\"description\":\"p\u00e1gina de \u00c1rea de la Universidad de Le\u00f3n\",\"potentialAction\":[{\"@type\":\"SearchAction\",\"target\":{\"@type\":\"EntryPoint\",\"urlTemplate\":\"https:\/\/departamentos.unileon.es\/area-historia-del-arte\/?s={search_term_string}\"},\"query-input\":{\"@type\":\"PropertyValueSpecification\",\"valueRequired\":true,\"valueName\":\"search_term_string\"}}],\"inLanguage\":\"es\"}]}<\/script>\n<!-- \/ Yoast SEO plugin. -->","yoast_head_json":{"title":"Castrillo Soto, Roberto - \u00c1rea de Historia del Arte","robots":{"index":"index","follow":"follow","max-snippet":"max-snippet:-1","max-image-preview":"max-image-preview:large","max-video-preview":"max-video-preview:-1"},"canonical":"https:\/\/departamentos.unileon.es\/area-historia-del-arte\/castrillo-soto-roberto\/","og_locale":"es_ES","og_type":"article","og_title":"Castrillo Soto, Roberto - \u00c1rea de Historia del Arte","og_description":"Titulaci\u00f3n: Licenciado en Historia del Arte Categor\u00eda profesional: Profesor Colaborador Tel\u00e9fono: 987293438 e-mail:\u00a0rcass@unileon.es Despacho: 209 bis (Dpto. Patrimonio Art\u00edstico y Documental) L\u00edneas de investigaci\u00f3n:\u00a0las principales l\u00edneas de investigaci\u00f3n se centran en el Arte Contempor\u00e1neo Espa\u00f1ol desde el siglo XIX a la actualidad, en especial en Castilla y Le\u00f3n, la Historia de la Fotograf\u00eda en Le\u00f3n [&hellip;]","og_url":"https:\/\/departamentos.unileon.es\/area-historia-del-arte\/castrillo-soto-roberto\/","og_site_name":"\u00c1rea de Historia del Arte","article_modified_time":"2024-06-07T08:43:12+00:00","og_image":[{"url":"http:\/\/departamentos.unileon.es\/area-historia-del-arte\/files\/2017\/01\/roberto-1-e1485423449268.jpg","type":"","width":"","height":""}],"twitter_card":"summary_large_image","twitter_misc":{"Tiempo de lectura":"2 minutos"},"schema":{"@context":"https:\/\/schema.org","@graph":[{"@type":"WebPage","@id":"https:\/\/departamentos.unileon.es\/area-historia-del-arte\/castrillo-soto-roberto\/","url":"https:\/\/departamentos.unileon.es\/area-historia-del-arte\/castrillo-soto-roberto\/","name":"Castrillo Soto, Roberto - \u00c1rea de Historia del Arte","isPartOf":{"@id":"https:\/\/departamentos.unileon.es\/area-historia-del-arte\/#website"},"primaryImageOfPage":{"@id":"https:\/\/departamentos.unileon.es\/area-historia-del-arte\/castrillo-soto-roberto\/#primaryimage"},"image":{"@id":"https:\/\/departamentos.unileon.es\/area-historia-del-arte\/castrillo-soto-roberto\/#primaryimage"},"thumbnailUrl":"http:\/\/departamentos.unileon.es\/area-historia-del-arte\/files\/2017\/01\/roberto-1-e1485423449268.jpg","datePublished":"2017-01-23T09:32:23+00:00","dateModified":"2024-06-07T08:43:12+00:00","inLanguage":"es","potentialAction":[{"@type":"ReadAction","target":["https:\/\/departamentos.unileon.es\/area-historia-del-arte\/castrillo-soto-roberto\/"]}]},{"@type":"ImageObject","inLanguage":"es","@id":"https:\/\/departamentos.unileon.es\/area-historia-del-arte\/castrillo-soto-roberto\/#primaryimage","url":"https:\/\/departamentos.unileon.es\/area-historia-del-arte\/files\/2017\/01\/roberto-1-e1485423449268.jpg","contentUrl":"https:\/\/departamentos.unileon.es\/area-historia-del-arte\/files\/2017\/01\/roberto-1-e1485423449268.jpg","width":100,"height":156},{"@type":"WebSite","@id":"https:\/\/departamentos.unileon.es\/area-historia-del-arte\/#website","url":"https:\/\/departamentos.unileon.es\/area-historia-del-arte\/","name":"\u00c1rea de Historia del Arte","description":"p\u00e1gina de \u00c1rea de la Universidad de Le\u00f3n","potentialAction":[{"@type":"SearchAction","target":{"@type":"EntryPoint","urlTemplate":"https:\/\/departamentos.unileon.es\/area-historia-del-arte\/?s={search_term_string}"},"query-input":{"@type":"PropertyValueSpecification","valueRequired":true,"valueName":"search_term_string"}}],"inLanguage":"es"}]}},"_links":{"self":[{"href":"https:\/\/departamentos.unileon.es\/area-historia-del-arte\/wp-json\/wp\/v2\/pages\/125","targetHints":{"allow":["GET"]}}],"collection":[{"href":"https:\/\/departamentos.unileon.es\/area-historia-del-arte\/wp-json\/wp\/v2\/pages"}],"about":[{"href":"https:\/\/departamentos.unileon.es\/area-historia-del-arte\/wp-json\/wp\/v2\/types\/page"}],"author":[{"embeddable":true,"href":"https:\/\/departamentos.unileon.es\/area-historia-del-arte\/wp-json\/wp\/v2\/users\/151"}],"replies":[{"embeddable":true,"href":"https:\/\/departamentos.unileon.es\/area-historia-del-arte\/wp-json\/wp\/v2\/comments?post=125"}],"version-history":[{"count":26,"href":"https:\/\/departamentos.unileon.es\/area-historia-del-arte\/wp-json\/wp\/v2\/pages\/125\/revisions"}],"predecessor-version":[{"id":2035,"href":"https:\/\/departamentos.unileon.es\/area-historia-del-arte\/wp-json\/wp\/v2\/pages\/125\/revisions\/2035"}],"wp:attachment":[{"href":"https:\/\/departamentos.unileon.es\/area-historia-del-arte\/wp-json\/wp\/v2\/media?parent=125"}],"curies":[{"name":"wp","href":"https:\/\/api.w.org\/{rel}","templated":true}]}}