{"id":1211,"date":"2021-02-25T10:52:20","date_gmt":"2021-02-25T10:52:20","guid":{"rendered":"http:\/\/departamentos.unileon.es\/area-historia-del-arte\/?page_id=1211"},"modified":"2021-11-25T10:45:16","modified_gmt":"2021-11-25T10:45:16","slug":"seminario-de-innovacion-docente-para-la-profesionalizacion-del-historiador-del-arte-grupo-id-arte","status":"publish","type":"page","link":"https:\/\/departamentos.unileon.es\/area-historia-del-arte\/seminario-de-innovacion-docente-para-la-profesionalizacion-del-historiador-del-arte-grupo-id-arte\/","title":{"rendered":"Seminario de Innovaci\u00f3n Docente para la profesionalizaci\u00f3n del Historiador del Arte (Grupo Id-Arte)"},"content":{"rendered":"\n<div class=\"wp-block-image\"><figure class=\"aligncenter\"><a href=\"http:\/\/departamentos.unileon.es\/area-historia-del-arte\/sin-titulo-1-2\/\"><img loading=\"lazy\" decoding=\"async\" width=\"644\" height=\"160\" src=\"http:\/\/departamentos.unileon.es\/area-historia-del-arte\/files\/2021\/02\/Sin-titulo-1-1.jpg\" alt=\"\" class=\"wp-image-1223\"\/><\/a><\/figure><\/div>\n\n\n\n<p class=\"has-text-align-left\"><span style=\"color: #ff6600;\"><strong>DESCUBRE EL FUTURO PROFESIONAL DE LA INVESTIGACI\u00d3N:<\/strong><\/span><br><span style=\"color: #ff6600;\"><strong>Seminario de Innovaci\u00f3n Docente para la profesionalizaci\u00f3n del Historiador del Arte<\/strong><\/span><\/p>\n\n\n\n<p><span style=\"color: #0000ff;\"><a href=\"http:\/\/departamentos.unileon.es\/area-historia-del-arte\/files\/2021\/02\/Seminario-Inicio-a-la-Investigacio\u0301n.jpg\" target=\"_blank\" rel=\"noopener\"><span style=\"color: #3366ff;\">cartel del seminario <\/span><\/a>&nbsp; &nbsp; &nbsp; &nbsp; &nbsp;<span style=\"color: #3366ff;\"><a style=\"color: #3366ff;\" href=\"https:\/\/www.ileon.com\/universidad\/116222\/la-universidad-de-leon-organiza-un-seminario-sobre-la-profesionalizacion-de-la-historia-del-arte\" target=\"_blank\" rel=\"noopener\">nota de prensa ileon<\/a><\/span>&nbsp; &nbsp; &nbsp; &nbsp; &nbsp; <span style=\"color: #3366ff;\">&nbsp;<a style=\"color: #3366ff;\" href=\"https:\/\/www.leonoticias.com\/universidad\/grupo-innovacion-docente-ule-20210224135229-nt.html\" target=\"_blank\" rel=\"noopener\">leonoticias<\/a>&nbsp;<\/span>&nbsp; &nbsp; &nbsp; &nbsp; &nbsp; <span style=\"color: #3366ff;\"><a style=\"color: #3366ff;\" href=\"https:\/\/www.unileon.es\/noticias\/el-grupo-de-innovacion-docente-id-arte-organiza-un-seminario-sobre-investigacion\" target=\"_blank\" rel=\"noopener\">noticias Ule<\/a><\/span><\/span><\/p>\n\n\n\n<p class=\"has-text-align-left\" style=\"text-align: justify;\"><strong>Viernes 26 de febrero<\/strong><br><strong>10:00.<\/strong> <span style=\"color: #000000;\"><a style=\"color: #000000;\" href=\"http:\/\/departamentos.unileon.es\/area-historia-del-arte\/files\/2021\/03\/El-desarrollo-de-la-carrera-investigadora.pdf\" target=\"_blank\" rel=\"noopener\">El desarrollo de la carrera investigadora (Mar\u00eda Dolores Teijeira)<\/a><\/span><br><strong>10:15. <\/strong><span style=\"color: #000000;\"><a style=\"color: #000000;\" href=\"http:\/\/departamentos.unileon.es\/area-historia-del-arte\/files\/2021\/03\/Becas-reducido.pdf\" target=\"_blank\" rel=\"noopener\">Becas, premios y ayudas a la investigaci\u00f3n (Jos\u00e9 Alberto Mor\u00e1is)<\/a><\/span><br><strong>10:30. <\/strong><span style=\"color: #000000;\"><a style=\"color: #000000;\" href=\"http:\/\/departamentos.unileon.es\/area-historia-del-arte\/files\/2021\/03\/IRega-Seminario-Investigacio\u0301n-Id-Arte-2021-02-1.pdf\" target=\"_blank\" rel=\"noopener\">Elaboraci\u00f3n de memorias, informes, CV y otros tr\u00e1mites relativos a la labor investigadora (Iv\u00e1n Rega)<\/a><\/span><br><strong>10:45.<\/strong> <span style=\"color: #000000;\"><a style=\"color: #000000;\" href=\"http:\/\/departamentos.unileon.es\/area-historia-del-arte\/files\/2021\/03\/Seminario.-Estructura-de-un-trabajo-de-investigacion.pdf\" target=\"_blank\" rel=\"noopener\">Estructura b\u00e1sica de un trabajo de investigaci\u00f3n (Roberto Castrillo)<\/a><\/span><\/p>\n\n\n\n<p><\/p>\n\n\n\n<p style=\"text-align: left;\"><strong>Viernes 5 de marzo<\/strong><br><strong>10:00.<\/strong><span style=\"color: #000000;\"><a style=\"color: #000000;\" href=\"http:\/\/departamentos.unileon.es\/area-historia-del-arte\/files\/2021\/04\/Los-generos-cientificos.-Una-aproximacion.pptx_.pdf\" target=\"_blank\" rel=\"noopener\"> Los g\u00e9neros cient\u00edficos: la tesis doctoral, la monograf\u00eda cient\u00edfica, el art\u00edculo cient\u00edfico, el estado de la cuesti\u00f3n, la recensi\u00f3n, el texto divulgativo (Emilio Morais)<\/a><\/span><br><strong>10:15.<\/strong> <span style=\"color: #000000;\"><a style=\"color: #000000;\" href=\"http:\/\/departamentos.unileon.es\/area-historia-del-arte\/files\/2021\/03\/Seminario-Id-Arte.pdf\" target=\"_blank\" rel=\"noopener\">B\u00fasqueda y gesti\u00f3n de la informaci\u00f3n (Joaqu\u00edn Garc\u00eda)<\/a><\/span><br><strong>10:30.<\/strong> <span style=\"color: #000000;\"><a style=\"color: #000000;\" href=\"http:\/\/departamentos.unileon.es\/area-historia-del-arte\/files\/2021\/03\/00_sistemas-Mar-Florez.pdf\" target=\"_blank\" rel=\"noopener\">Sistemas de citaci\u00f3n bibliogr\u00e1fica (Mar Fl\u00f3rez)<\/a><\/span><br><strong>10:45.<\/strong><span style=\"color: #000000;\"><a style=\"color: #000000;\" href=\"http:\/\/departamentos.unileon.es\/area-historia-del-arte\/files\/2021\/03\/Co\u0301mo-hacer-una-presentacio\u0301n_narracio\u0301n-y-visualidad_2.2.pdf\" target=\"_blank\" rel=\"noopener\"> C\u00f3mo presentar un trabajo de investigaci\u00f3n: relato y comunicaci\u00f3n visual (Luis Rivero)<\/a><\/span><\/p>\n\n\n\n<p><a href=\"http:\/\/departamentos.unileon.es\/area-historia-del-arte\/files\/2021\/11\/Valoracion-del-Seminario1.pdf\" target=\"_blank\" rel=\"noopener\"><span style=\"color: #ff6600;\"><strong>valoraci\u00f3n del seminario (test a participantes)<\/strong><\/span><\/a><\/p>\n\n\n\n<p><a href=\"http:\/\/departamentos.unileon.es\/area-historia-del-arte\/img-20210302-wa0001\/\"><img loading=\"lazy\" decoding=\"async\" class=\"aligncenter  wp-image-1265\" src=\"http:\/\/departamentos.unileon.es\/area-historia-del-arte\/files\/2021\/03\/IMG-20210302-WA0001.jpg\" alt=\"\" width=\"459\" height=\"344\"><\/a><\/p>\n<p><span style=\"color: #ff6600;\">imagen: asistentes presenciales a una de las sesiones del Seminario&nbsp;<span style=\"color: #000000;\">(Id-<span style=\"color: #ff0000;\">Arte<span style=\"color: #000000;\">)<\/span><\/span><\/span><\/span><\/p>\n<p><a href=\"http:\/\/departamentos.unileon.es\/area-historia-del-arte\/captura-de-pantalla-2021-03-05-a-las-10-57-44\/\"><img loading=\"lazy\" decoding=\"async\" class=\"aligncenter size-full wp-image-1287\" src=\"http:\/\/departamentos.unileon.es\/area-historia-del-arte\/files\/2021\/03\/Captura-de-pantalla-2021-03-05-a-las-10.57.44.png\" alt=\"\" width=\"1440\" height=\"822\"><\/a><\/p>\n<p><span style=\"color: #ff6600;\">imagen: presentaci\u00f3n de una de las sesiones del Seminario y asistentes online <span style=\"color: #000000;\">(Id-<span style=\"color: #ff0000;\">Arte)<\/span><\/span><\/span><\/p>\n<p><a href=\"http:\/\/departamentos.unileon.es\/area-historia-del-arte\/captura-de-pantalla-2021-03-05-a-las-11-14-30\/\"><img loading=\"lazy\" decoding=\"async\" class=\"aligncenter size-full wp-image-1288\" src=\"http:\/\/departamentos.unileon.es\/area-historia-del-arte\/files\/2021\/03\/Captura-de-pantalla-2021-03-05-a-las-11.14.30.png\" alt=\"\" width=\"1440\" height=\"719\"><\/a><\/p>\n<p><span style=\"color: #ff6600;\">imagen: asistentes de la sesi\u00f3n (presencial y online) <span style=\"color: #000000;\">(Id-<span style=\"color: #ff0000;\">Arte)<\/span><\/span><\/span><\/p>\n\n\n\n<p><\/p>\n\n\n\n<p><\/p>\n","protected":false},"excerpt":{"rendered":"<p>DESCUBRE EL FUTURO PROFESIONAL DE LA INVESTIGACI\u00d3N:Seminario de Innovaci\u00f3n Docente para la profesionalizaci\u00f3n del Historiador del Arte cartel del seminario &nbsp; &nbsp; &nbsp; &nbsp; &nbsp;nota de prensa ileon&nbsp; &nbsp; &nbsp; &nbsp; &nbsp; &nbsp;leonoticias&nbsp;&nbsp; &nbsp; &nbsp; &nbsp; &nbsp; noticias Ule Viernes 26 de febrero10:00. El desarrollo de la carrera investigadora (Mar\u00eda Dolores Teijeira)10:15. Becas, premios y [&hellip;]<\/p>\n","protected":false},"author":151,"featured_media":0,"parent":0,"menu_order":0,"comment_status":"closed","ping_status":"closed","template":"onecolumn-page.php","meta":{"ngg_post_thumbnail":0,"footnotes":""},"class_list":["post-1211","page","type-page","status-publish","hentry"],"yoast_head":"<!-- This site is optimized with the Yoast SEO plugin v25.8 - https:\/\/yoast.com\/wordpress\/plugins\/seo\/ -->\n<title>Seminario de Innovaci\u00f3n Docente para la profesionalizaci\u00f3n del Historiador del Arte (Grupo Id-Arte) - \u00c1rea de Historia del Arte<\/title>\n<meta name=\"robots\" content=\"index, follow, max-snippet:-1, max-image-preview:large, max-video-preview:-1\" \/>\n<link rel=\"canonical\" href=\"https:\/\/departamentos.unileon.es\/area-historia-del-arte\/seminario-de-innovacion-docente-para-la-profesionalizacion-del-historiador-del-arte-grupo-id-arte\/\" \/>\n<meta property=\"og:locale\" content=\"es_ES\" \/>\n<meta property=\"og:type\" content=\"article\" \/>\n<meta property=\"og:title\" content=\"Seminario de Innovaci\u00f3n Docente para la profesionalizaci\u00f3n del Historiador del Arte (Grupo Id-Arte) - \u00c1rea de Historia del Arte\" \/>\n<meta property=\"og:description\" content=\"DESCUBRE EL FUTURO PROFESIONAL DE LA INVESTIGACI\u00d3N:Seminario de Innovaci\u00f3n Docente para la profesionalizaci\u00f3n del Historiador del Arte cartel del seminario &nbsp; &nbsp; &nbsp; &nbsp; &nbsp;nota de prensa ileon&nbsp; &nbsp; &nbsp; &nbsp; &nbsp; &nbsp;leonoticias&nbsp;&nbsp; &nbsp; &nbsp; &nbsp; &nbsp; noticias Ule Viernes 26 de febrero10:00. El desarrollo de la carrera investigadora (Mar\u00eda Dolores Teijeira)10:15. Becas, premios y [&hellip;]\" \/>\n<meta property=\"og:url\" content=\"https:\/\/departamentos.unileon.es\/area-historia-del-arte\/seminario-de-innovacion-docente-para-la-profesionalizacion-del-historiador-del-arte-grupo-id-arte\/\" \/>\n<meta property=\"og:site_name\" content=\"\u00c1rea de Historia del Arte\" \/>\n<meta property=\"article:modified_time\" content=\"2021-11-25T10:45:16+00:00\" \/>\n<meta property=\"og:image\" content=\"https:\/\/departamentos.unileon.es\/area-historia-del-arte\/files\/2021\/02\/Sin-titulo-1-1.jpg\" \/>\n\t<meta property=\"og:image:width\" content=\"644\" \/>\n\t<meta property=\"og:image:height\" content=\"160\" \/>\n\t<meta property=\"og:image:type\" content=\"image\/jpeg\" \/>\n<meta name=\"twitter:card\" content=\"summary_large_image\" \/>\n<meta name=\"twitter:label1\" content=\"Tiempo de lectura\" \/>\n\t<meta name=\"twitter:data1\" content=\"1 minuto\" \/>\n<script type=\"application\/ld+json\" class=\"yoast-schema-graph\">{\"@context\":\"https:\/\/schema.org\",\"@graph\":[{\"@type\":\"WebPage\",\"@id\":\"https:\/\/departamentos.unileon.es\/area-historia-del-arte\/seminario-de-innovacion-docente-para-la-profesionalizacion-del-historiador-del-arte-grupo-id-arte\/\",\"url\":\"https:\/\/departamentos.unileon.es\/area-historia-del-arte\/seminario-de-innovacion-docente-para-la-profesionalizacion-del-historiador-del-arte-grupo-id-arte\/\",\"name\":\"Seminario de Innovaci\u00f3n Docente para la profesionalizaci\u00f3n del Historiador del Arte (Grupo Id-Arte) - \u00c1rea de Historia del Arte\",\"isPartOf\":{\"@id\":\"https:\/\/departamentos.unileon.es\/area-historia-del-arte\/#website\"},\"primaryImageOfPage\":{\"@id\":\"https:\/\/departamentos.unileon.es\/area-historia-del-arte\/seminario-de-innovacion-docente-para-la-profesionalizacion-del-historiador-del-arte-grupo-id-arte\/#primaryimage\"},\"image\":{\"@id\":\"https:\/\/departamentos.unileon.es\/area-historia-del-arte\/seminario-de-innovacion-docente-para-la-profesionalizacion-del-historiador-del-arte-grupo-id-arte\/#primaryimage\"},\"thumbnailUrl\":\"http:\/\/departamentos.unileon.es\/area-historia-del-arte\/files\/2021\/02\/Sin-titulo-1-1.jpg\",\"datePublished\":\"2021-02-25T10:52:20+00:00\",\"dateModified\":\"2021-11-25T10:45:16+00:00\",\"inLanguage\":\"es\",\"potentialAction\":[{\"@type\":\"ReadAction\",\"target\":[\"https:\/\/departamentos.unileon.es\/area-historia-del-arte\/seminario-de-innovacion-docente-para-la-profesionalizacion-del-historiador-del-arte-grupo-id-arte\/\"]}]},{\"@type\":\"ImageObject\",\"inLanguage\":\"es\",\"@id\":\"https:\/\/departamentos.unileon.es\/area-historia-del-arte\/seminario-de-innovacion-docente-para-la-profesionalizacion-del-historiador-del-arte-grupo-id-arte\/#primaryimage\",\"url\":\"https:\/\/departamentos.unileon.es\/area-historia-del-arte\/files\/2021\/02\/Sin-titulo-1-1.jpg\",\"contentUrl\":\"https:\/\/departamentos.unileon.es\/area-historia-del-arte\/files\/2021\/02\/Sin-titulo-1-1.jpg\",\"width\":644,\"height\":160},{\"@type\":\"WebSite\",\"@id\":\"https:\/\/departamentos.unileon.es\/area-historia-del-arte\/#website\",\"url\":\"https:\/\/departamentos.unileon.es\/area-historia-del-arte\/\",\"name\":\"\u00c1rea de Historia del Arte\",\"description\":\"p\u00e1gina de \u00c1rea de la Universidad de Le\u00f3n\",\"potentialAction\":[{\"@type\":\"SearchAction\",\"target\":{\"@type\":\"EntryPoint\",\"urlTemplate\":\"https:\/\/departamentos.unileon.es\/area-historia-del-arte\/?s={search_term_string}\"},\"query-input\":{\"@type\":\"PropertyValueSpecification\",\"valueRequired\":true,\"valueName\":\"search_term_string\"}}],\"inLanguage\":\"es\"}]}<\/script>\n<!-- \/ Yoast SEO plugin. -->","yoast_head_json":{"title":"Seminario de Innovaci\u00f3n Docente para la profesionalizaci\u00f3n del Historiador del Arte (Grupo Id-Arte) - \u00c1rea de Historia del Arte","robots":{"index":"index","follow":"follow","max-snippet":"max-snippet:-1","max-image-preview":"max-image-preview:large","max-video-preview":"max-video-preview:-1"},"canonical":"https:\/\/departamentos.unileon.es\/area-historia-del-arte\/seminario-de-innovacion-docente-para-la-profesionalizacion-del-historiador-del-arte-grupo-id-arte\/","og_locale":"es_ES","og_type":"article","og_title":"Seminario de Innovaci\u00f3n Docente para la profesionalizaci\u00f3n del Historiador del Arte (Grupo Id-Arte) - \u00c1rea de Historia del Arte","og_description":"DESCUBRE EL FUTURO PROFESIONAL DE LA INVESTIGACI\u00d3N:Seminario de Innovaci\u00f3n Docente para la profesionalizaci\u00f3n del Historiador del Arte cartel del seminario &nbsp; &nbsp; &nbsp; &nbsp; &nbsp;nota de prensa ileon&nbsp; &nbsp; &nbsp; &nbsp; &nbsp; &nbsp;leonoticias&nbsp;&nbsp; &nbsp; &nbsp; &nbsp; &nbsp; noticias Ule Viernes 26 de febrero10:00. El desarrollo de la carrera investigadora (Mar\u00eda Dolores Teijeira)10:15. Becas, premios y [&hellip;]","og_url":"https:\/\/departamentos.unileon.es\/area-historia-del-arte\/seminario-de-innovacion-docente-para-la-profesionalizacion-del-historiador-del-arte-grupo-id-arte\/","og_site_name":"\u00c1rea de Historia del Arte","article_modified_time":"2021-11-25T10:45:16+00:00","og_image":[{"width":644,"height":160,"url":"https:\/\/departamentos.unileon.es\/area-historia-del-arte\/files\/2021\/02\/Sin-titulo-1-1.jpg","type":"image\/jpeg"}],"twitter_card":"summary_large_image","twitter_misc":{"Tiempo de lectura":"1 minuto"},"schema":{"@context":"https:\/\/schema.org","@graph":[{"@type":"WebPage","@id":"https:\/\/departamentos.unileon.es\/area-historia-del-arte\/seminario-de-innovacion-docente-para-la-profesionalizacion-del-historiador-del-arte-grupo-id-arte\/","url":"https:\/\/departamentos.unileon.es\/area-historia-del-arte\/seminario-de-innovacion-docente-para-la-profesionalizacion-del-historiador-del-arte-grupo-id-arte\/","name":"Seminario de Innovaci\u00f3n Docente para la profesionalizaci\u00f3n del Historiador del Arte (Grupo Id-Arte) - \u00c1rea de Historia del Arte","isPartOf":{"@id":"https:\/\/departamentos.unileon.es\/area-historia-del-arte\/#website"},"primaryImageOfPage":{"@id":"https:\/\/departamentos.unileon.es\/area-historia-del-arte\/seminario-de-innovacion-docente-para-la-profesionalizacion-del-historiador-del-arte-grupo-id-arte\/#primaryimage"},"image":{"@id":"https:\/\/departamentos.unileon.es\/area-historia-del-arte\/seminario-de-innovacion-docente-para-la-profesionalizacion-del-historiador-del-arte-grupo-id-arte\/#primaryimage"},"thumbnailUrl":"http:\/\/departamentos.unileon.es\/area-historia-del-arte\/files\/2021\/02\/Sin-titulo-1-1.jpg","datePublished":"2021-02-25T10:52:20+00:00","dateModified":"2021-11-25T10:45:16+00:00","inLanguage":"es","potentialAction":[{"@type":"ReadAction","target":["https:\/\/departamentos.unileon.es\/area-historia-del-arte\/seminario-de-innovacion-docente-para-la-profesionalizacion-del-historiador-del-arte-grupo-id-arte\/"]}]},{"@type":"ImageObject","inLanguage":"es","@id":"https:\/\/departamentos.unileon.es\/area-historia-del-arte\/seminario-de-innovacion-docente-para-la-profesionalizacion-del-historiador-del-arte-grupo-id-arte\/#primaryimage","url":"https:\/\/departamentos.unileon.es\/area-historia-del-arte\/files\/2021\/02\/Sin-titulo-1-1.jpg","contentUrl":"https:\/\/departamentos.unileon.es\/area-historia-del-arte\/files\/2021\/02\/Sin-titulo-1-1.jpg","width":644,"height":160},{"@type":"WebSite","@id":"https:\/\/departamentos.unileon.es\/area-historia-del-arte\/#website","url":"https:\/\/departamentos.unileon.es\/area-historia-del-arte\/","name":"\u00c1rea de Historia del Arte","description":"p\u00e1gina de \u00c1rea de la Universidad de Le\u00f3n","potentialAction":[{"@type":"SearchAction","target":{"@type":"EntryPoint","urlTemplate":"https:\/\/departamentos.unileon.es\/area-historia-del-arte\/?s={search_term_string}"},"query-input":{"@type":"PropertyValueSpecification","valueRequired":true,"valueName":"search_term_string"}}],"inLanguage":"es"}]}},"_links":{"self":[{"href":"https:\/\/departamentos.unileon.es\/area-historia-del-arte\/wp-json\/wp\/v2\/pages\/1211","targetHints":{"allow":["GET"]}}],"collection":[{"href":"https:\/\/departamentos.unileon.es\/area-historia-del-arte\/wp-json\/wp\/v2\/pages"}],"about":[{"href":"https:\/\/departamentos.unileon.es\/area-historia-del-arte\/wp-json\/wp\/v2\/types\/page"}],"author":[{"embeddable":true,"href":"https:\/\/departamentos.unileon.es\/area-historia-del-arte\/wp-json\/wp\/v2\/users\/151"}],"replies":[{"embeddable":true,"href":"https:\/\/departamentos.unileon.es\/area-historia-del-arte\/wp-json\/wp\/v2\/comments?post=1211"}],"version-history":[{"count":44,"href":"https:\/\/departamentos.unileon.es\/area-historia-del-arte\/wp-json\/wp\/v2\/pages\/1211\/revisions"}],"predecessor-version":[{"id":1484,"href":"https:\/\/departamentos.unileon.es\/area-historia-del-arte\/wp-json\/wp\/v2\/pages\/1211\/revisions\/1484"}],"wp:attachment":[{"href":"https:\/\/departamentos.unileon.es\/area-historia-del-arte\/wp-json\/wp\/v2\/media?parent=1211"}],"curies":[{"name":"wp","href":"https:\/\/api.w.org\/{rel}","templated":true}]}}