{"id":1158,"date":"2021-02-04T09:37:36","date_gmt":"2021-02-04T09:37:36","guid":{"rendered":"http:\/\/departamentos.unileon.es\/area-historia-del-arte\/?page_id=1158"},"modified":"2025-03-27T11:57:32","modified_gmt":"2025-03-27T11:57:32","slug":"rivero-moreno-luis-d","status":"publish","type":"page","link":"https:\/\/departamentos.unileon.es\/area-historia-del-arte\/rivero-moreno-luis-d\/","title":{"rendered":"Rivero Moreno, Luis D."},"content":{"rendered":"\n<figure class=\"wp-block-table\">\n<table>\n<tbody>\n<tr>\n<td><strong><img loading=\"lazy\" decoding=\"async\" class=\"size-full wp-image-1180 alignleft\" src=\"http:\/\/departamentos.unileon.es\/area-historia-del-arte\/files\/2021\/02\/Luis-D.-2.jpg\" alt=\"\" width=\"142\" height=\"153\" \/><br \/><\/strong><\/td>\n<\/tr>\n<\/tbody>\n<\/table>\n<\/figure>\n\n\n\n<p><strong>Titulaci\u00f3n:<\/strong> Doctor en Historia del Arte<br><strong>Categor\u00eda profesional:<\/strong> Profesor Contratado Doctor<br><strong>Tel\u00e9fono: <\/strong>987293764<br><strong>e-mail:<\/strong>\u00a0<a href=\"mailto:lrivem@unileon.es\">lrivem@unileon.es<\/a><br><strong>Despacho:<\/strong> 209 bis (Dpto. Patrimonio Art\u00edstico y Documental)<\/p>\n\n\n\n<p><strong>L\u00edneas de investigaci\u00f3n:<\/strong>&nbsp;Arte Contempor\u00e1neo; Arte y nuevas tecnolog\u00edas; Arte digital; Museos;Patrimonio cultural y desarrollo urbano; Ideas Est\u00e9ticas y Filosof\u00eda del Arte Contempor\u00e1neo<\/p>\n\n\n\n<p><strong>Grupos e institutos de investigaci\u00f3n a los que pertenece: <\/strong>Instituto Universitario (LOU) de Humanismo y Tradici\u00f3n Cl\u00e1sica de la Universidad de Le\u00f3n\/ Estudios literarios y comparados de lo ins\u00f3lito y perspectivas de g\u00e9nero (ULE)\/ Tradici\u00f3n y Modernidad en la Cultura Art\u00edstica Contempor\u00e1nea (UGR)\/ Grupo de Innovaci\u00f3n Docente Id-ARTE (ULE)<\/p>\n\n\n\n<p><\/p>\n\n\n<div class=\"wp-block-image\">\n<figure class=\"alignleft\"><a href=\"https:\/\/dialnet.unirioja.es\/servlet\/autor?codigo=2910799\" target=\"_blank\" rel=\"https:\/\/dialnet.unirioja.es\/servlet\/autor?codigo=2910799 noopener\"><img loading=\"lazy\" decoding=\"async\" width=\"80\" height=\"23\" src=\"http:\/\/departamentos.unileon.es\/area-historia-del-arte\/files\/2017\/01\/dialnet-1-e1485947316953.jpg\" alt=\"\" class=\"wp-image-385\"\/><\/a><\/figure><\/div>\n\n<div class=\"wp-block-image\">\n<figure class=\"alignleft\"><a href=\"https:\/\/orcid.org\/0000-0002-0494-379X\" target=\"_blank\" rel=\"noreferrer noopener\"><img loading=\"lazy\" decoding=\"async\" width=\"120\" height=\"41\" src=\"http:\/\/departamentos.unileon.es\/area-historia-del-arte\/files\/2018\/07\/orcid-e1531134521100.jpg\" alt=\"\" class=\"wp-image-624\"\/><\/a><\/figure><\/div>\n\n<div class=\"wp-block-image\">\n<figure class=\"alignleft\"><a href=\"https:\/\/unileon.academia.edu\/LuisDRiveroMoreno\" target=\"_blank\" rel=\"noreferrer noopener\"><img loading=\"lazy\" decoding=\"async\" width=\"110\" height=\"33\" src=\"http:\/\/departamentos.unileon.es\/area-historia-del-arte\/files\/2017\/01\/academialogo-1-e1485950684797.png\" alt=\"\" class=\"wp-image-429\"\/><\/a><\/figure><\/div>\n\n\n<p><\/p>\n\n\n\n<p><\/p>\n\n\n\n<p><strong>Perfil docente:<\/strong> Fuentes e Ideas Est\u00e9ticas del Arte contempor\u00e1neo; Arte contempor\u00e1neo hasta la II Guerra Mundial; Patrimonio Arquitect\u00f3nico y Monumental; Nuevas Tendencias del Turismo cultural; Dise\u00f1o Industrial<\/p>\n","protected":false},"excerpt":{"rendered":"<p>Titulaci\u00f3n: Doctor en Historia del ArteCategor\u00eda profesional: Profesor Contratado DoctorTel\u00e9fono: 987293764e-mail:\u00a0lrivem@unileon.esDespacho: 209 bis (Dpto. Patrimonio Art\u00edstico y Documental) L\u00edneas de investigaci\u00f3n:&nbsp;Arte Contempor\u00e1neo; Arte y nuevas tecnolog\u00edas; Arte digital; Museos;Patrimonio cultural y desarrollo urbano; Ideas Est\u00e9ticas y Filosof\u00eda del Arte Contempor\u00e1neo Grupos e institutos de investigaci\u00f3n a los que pertenece: Instituto Universitario (LOU) de Humanismo y [&hellip;]<\/p>\n","protected":false},"author":151,"featured_media":0,"parent":0,"menu_order":0,"comment_status":"closed","ping_status":"closed","template":"","meta":{"ngg_post_thumbnail":0,"footnotes":""},"class_list":["post-1158","page","type-page","status-publish","hentry"],"yoast_head":"<!-- This site is optimized with the Yoast SEO plugin v25.8 - https:\/\/yoast.com\/wordpress\/plugins\/seo\/ -->\n<title>Rivero Moreno, Luis D. - \u00c1rea de Historia del Arte<\/title>\n<meta name=\"robots\" content=\"index, follow, max-snippet:-1, max-image-preview:large, max-video-preview:-1\" \/>\n<link rel=\"canonical\" href=\"https:\/\/departamentos.unileon.es\/area-historia-del-arte\/rivero-moreno-luis-d\/\" \/>\n<meta property=\"og:locale\" content=\"es_ES\" \/>\n<meta property=\"og:type\" content=\"article\" \/>\n<meta property=\"og:title\" content=\"Rivero Moreno, Luis D. - \u00c1rea de Historia del Arte\" \/>\n<meta property=\"og:description\" content=\"Titulaci\u00f3n: Doctor en Historia del ArteCategor\u00eda profesional: Profesor Contratado DoctorTel\u00e9fono: 987293764e-mail:\u00a0lrivem@unileon.esDespacho: 209 bis (Dpto. Patrimonio Art\u00edstico y Documental) L\u00edneas de investigaci\u00f3n:&nbsp;Arte Contempor\u00e1neo; Arte y nuevas tecnolog\u00edas; Arte digital; Museos;Patrimonio cultural y desarrollo urbano; Ideas Est\u00e9ticas y Filosof\u00eda del Arte Contempor\u00e1neo Grupos e institutos de investigaci\u00f3n a los que pertenece: Instituto Universitario (LOU) de Humanismo y [&hellip;]\" \/>\n<meta property=\"og:url\" content=\"https:\/\/departamentos.unileon.es\/area-historia-del-arte\/rivero-moreno-luis-d\/\" \/>\n<meta property=\"og:site_name\" content=\"\u00c1rea de Historia del Arte\" \/>\n<meta property=\"article:modified_time\" content=\"2025-03-27T11:57:32+00:00\" \/>\n<meta property=\"og:image\" content=\"http:\/\/departamentos.unileon.es\/area-historia-del-arte\/files\/2021\/02\/Luis-D.-2.jpg\" \/>\n<meta name=\"twitter:card\" content=\"summary_large_image\" \/>\n<meta name=\"twitter:label1\" content=\"Tiempo de lectura\" \/>\n\t<meta name=\"twitter:data1\" content=\"2 minutos\" \/>\n<script type=\"application\/ld+json\" class=\"yoast-schema-graph\">{\"@context\":\"https:\/\/schema.org\",\"@graph\":[{\"@type\":\"WebPage\",\"@id\":\"https:\/\/departamentos.unileon.es\/area-historia-del-arte\/rivero-moreno-luis-d\/\",\"url\":\"https:\/\/departamentos.unileon.es\/area-historia-del-arte\/rivero-moreno-luis-d\/\",\"name\":\"Rivero Moreno, Luis D. - \u00c1rea de Historia del Arte\",\"isPartOf\":{\"@id\":\"https:\/\/departamentos.unileon.es\/area-historia-del-arte\/#website\"},\"primaryImageOfPage\":{\"@id\":\"https:\/\/departamentos.unileon.es\/area-historia-del-arte\/rivero-moreno-luis-d\/#primaryimage\"},\"image\":{\"@id\":\"https:\/\/departamentos.unileon.es\/area-historia-del-arte\/rivero-moreno-luis-d\/#primaryimage\"},\"thumbnailUrl\":\"http:\/\/departamentos.unileon.es\/area-historia-del-arte\/files\/2021\/02\/Luis-D.-2.jpg\",\"datePublished\":\"2021-02-04T09:37:36+00:00\",\"dateModified\":\"2025-03-27T11:57:32+00:00\",\"inLanguage\":\"es\",\"potentialAction\":[{\"@type\":\"ReadAction\",\"target\":[\"https:\/\/departamentos.unileon.es\/area-historia-del-arte\/rivero-moreno-luis-d\/\"]}]},{\"@type\":\"ImageObject\",\"inLanguage\":\"es\",\"@id\":\"https:\/\/departamentos.unileon.es\/area-historia-del-arte\/rivero-moreno-luis-d\/#primaryimage\",\"url\":\"https:\/\/departamentos.unileon.es\/area-historia-del-arte\/files\/2021\/02\/Luis-D.-2.jpg\",\"contentUrl\":\"https:\/\/departamentos.unileon.es\/area-historia-del-arte\/files\/2021\/02\/Luis-D.-2.jpg\",\"width\":142,\"height\":153},{\"@type\":\"WebSite\",\"@id\":\"https:\/\/departamentos.unileon.es\/area-historia-del-arte\/#website\",\"url\":\"https:\/\/departamentos.unileon.es\/area-historia-del-arte\/\",\"name\":\"\u00c1rea de Historia del Arte\",\"description\":\"p\u00e1gina de \u00c1rea de la Universidad de Le\u00f3n\",\"potentialAction\":[{\"@type\":\"SearchAction\",\"target\":{\"@type\":\"EntryPoint\",\"urlTemplate\":\"https:\/\/departamentos.unileon.es\/area-historia-del-arte\/?s={search_term_string}\"},\"query-input\":{\"@type\":\"PropertyValueSpecification\",\"valueRequired\":true,\"valueName\":\"search_term_string\"}}],\"inLanguage\":\"es\"}]}<\/script>\n<!-- \/ Yoast SEO plugin. -->","yoast_head_json":{"title":"Rivero Moreno, Luis D. - \u00c1rea de Historia del Arte","robots":{"index":"index","follow":"follow","max-snippet":"max-snippet:-1","max-image-preview":"max-image-preview:large","max-video-preview":"max-video-preview:-1"},"canonical":"https:\/\/departamentos.unileon.es\/area-historia-del-arte\/rivero-moreno-luis-d\/","og_locale":"es_ES","og_type":"article","og_title":"Rivero Moreno, Luis D. - \u00c1rea de Historia del Arte","og_description":"Titulaci\u00f3n: Doctor en Historia del ArteCategor\u00eda profesional: Profesor Contratado DoctorTel\u00e9fono: 987293764e-mail:\u00a0lrivem@unileon.esDespacho: 209 bis (Dpto. Patrimonio Art\u00edstico y Documental) L\u00edneas de investigaci\u00f3n:&nbsp;Arte Contempor\u00e1neo; Arte y nuevas tecnolog\u00edas; Arte digital; Museos;Patrimonio cultural y desarrollo urbano; Ideas Est\u00e9ticas y Filosof\u00eda del Arte Contempor\u00e1neo Grupos e institutos de investigaci\u00f3n a los que pertenece: Instituto Universitario (LOU) de Humanismo y [&hellip;]","og_url":"https:\/\/departamentos.unileon.es\/area-historia-del-arte\/rivero-moreno-luis-d\/","og_site_name":"\u00c1rea de Historia del Arte","article_modified_time":"2025-03-27T11:57:32+00:00","og_image":[{"url":"http:\/\/departamentos.unileon.es\/area-historia-del-arte\/files\/2021\/02\/Luis-D.-2.jpg","type":"","width":"","height":""}],"twitter_card":"summary_large_image","twitter_misc":{"Tiempo de lectura":"2 minutos"},"schema":{"@context":"https:\/\/schema.org","@graph":[{"@type":"WebPage","@id":"https:\/\/departamentos.unileon.es\/area-historia-del-arte\/rivero-moreno-luis-d\/","url":"https:\/\/departamentos.unileon.es\/area-historia-del-arte\/rivero-moreno-luis-d\/","name":"Rivero Moreno, Luis D. - \u00c1rea de Historia del Arte","isPartOf":{"@id":"https:\/\/departamentos.unileon.es\/area-historia-del-arte\/#website"},"primaryImageOfPage":{"@id":"https:\/\/departamentos.unileon.es\/area-historia-del-arte\/rivero-moreno-luis-d\/#primaryimage"},"image":{"@id":"https:\/\/departamentos.unileon.es\/area-historia-del-arte\/rivero-moreno-luis-d\/#primaryimage"},"thumbnailUrl":"http:\/\/departamentos.unileon.es\/area-historia-del-arte\/files\/2021\/02\/Luis-D.-2.jpg","datePublished":"2021-02-04T09:37:36+00:00","dateModified":"2025-03-27T11:57:32+00:00","inLanguage":"es","potentialAction":[{"@type":"ReadAction","target":["https:\/\/departamentos.unileon.es\/area-historia-del-arte\/rivero-moreno-luis-d\/"]}]},{"@type":"ImageObject","inLanguage":"es","@id":"https:\/\/departamentos.unileon.es\/area-historia-del-arte\/rivero-moreno-luis-d\/#primaryimage","url":"https:\/\/departamentos.unileon.es\/area-historia-del-arte\/files\/2021\/02\/Luis-D.-2.jpg","contentUrl":"https:\/\/departamentos.unileon.es\/area-historia-del-arte\/files\/2021\/02\/Luis-D.-2.jpg","width":142,"height":153},{"@type":"WebSite","@id":"https:\/\/departamentos.unileon.es\/area-historia-del-arte\/#website","url":"https:\/\/departamentos.unileon.es\/area-historia-del-arte\/","name":"\u00c1rea de Historia del Arte","description":"p\u00e1gina de \u00c1rea de la Universidad de Le\u00f3n","potentialAction":[{"@type":"SearchAction","target":{"@type":"EntryPoint","urlTemplate":"https:\/\/departamentos.unileon.es\/area-historia-del-arte\/?s={search_term_string}"},"query-input":{"@type":"PropertyValueSpecification","valueRequired":true,"valueName":"search_term_string"}}],"inLanguage":"es"}]}},"_links":{"self":[{"href":"https:\/\/departamentos.unileon.es\/area-historia-del-arte\/wp-json\/wp\/v2\/pages\/1158","targetHints":{"allow":["GET"]}}],"collection":[{"href":"https:\/\/departamentos.unileon.es\/area-historia-del-arte\/wp-json\/wp\/v2\/pages"}],"about":[{"href":"https:\/\/departamentos.unileon.es\/area-historia-del-arte\/wp-json\/wp\/v2\/types\/page"}],"author":[{"embeddable":true,"href":"https:\/\/departamentos.unileon.es\/area-historia-del-arte\/wp-json\/wp\/v2\/users\/151"}],"replies":[{"embeddable":true,"href":"https:\/\/departamentos.unileon.es\/area-historia-del-arte\/wp-json\/wp\/v2\/comments?post=1158"}],"version-history":[{"count":39,"href":"https:\/\/departamentos.unileon.es\/area-historia-del-arte\/wp-json\/wp\/v2\/pages\/1158\/revisions"}],"predecessor-version":[{"id":2099,"href":"https:\/\/departamentos.unileon.es\/area-historia-del-arte\/wp-json\/wp\/v2\/pages\/1158\/revisions\/2099"}],"wp:attachment":[{"href":"https:\/\/departamentos.unileon.es\/area-historia-del-arte\/wp-json\/wp\/v2\/media?parent=1158"}],"curies":[{"name":"wp","href":"https:\/\/api.w.org\/{rel}","templated":true}]}}