{"id":1026,"date":"2020-11-12T12:23:35","date_gmt":"2020-11-12T12:23:35","guid":{"rendered":"http:\/\/departamentos.unileon.es\/area-historia-del-arte\/?page_id=1026"},"modified":"2023-03-08T17:43:33","modified_gmt":"2023-03-08T17:43:33","slug":"cursos-seminarios-talleres-y-otras-actividades-grupo-id-arte","status":"publish","type":"page","link":"https:\/\/departamentos.unileon.es\/area-historia-del-arte\/cursos-seminarios-talleres-y-otras-actividades-grupo-id-arte\/","title":{"rendered":"Cursos, seminarios, talleres y otras actividades (Grupo Id-Arte)"},"content":{"rendered":"\n<p><a href=\"http:\/\/departamentos.unileon.es\/area-historia-del-arte\/files\/2020\/11\/Taller_de_Innovacion_Docente_La_perviven.pdf\" target=\"_blank\" rel=\"noopener noreferrer\"><span style=\"color: #3366ff;\">La pervivencia del arte de la Antig\u00fcedad como recurso docente: De la<\/span><\/a><br><span style=\"color: #3366ff;\">Victoria de Samotracia a Ives Klein (2018)<\/span><\/p>\n\n\n\n<p><a rel=\"noopener noreferrer\" href=\"http:\/\/departamentos.unileon.es\/area-historia-del-arte\/files\/2020\/11\/Officium_Medievalium_una_base_metodologi.pdf\" target=\"_blank\"><span style=\"color: #3366ff;\"><em>Officium Medievalium<\/em>: una base metodol\u00f3gica para la aplicaci\u00f3n del<\/span><\/a><br><span style=\"color: #3366ff;\">Ciclo de Kolb y la inteligencia colectiva (2018)<\/span><\/p>\n\n\n\n<p><a href=\"http:\/\/departamentos.unileon.es\/area-historia-del-arte\/files\/2020\/11\/Poster-GID.pdf\" target=\"_blank\" rel=\"noopener noreferrer\"><span style=\"color: #3366ff;\">P\u00f3ster \u00abHistoriadores del Arte para el siglo XXI. Metodolog\u00edas docentes activas para nuevos profesionales\u00bb. (17th. International Conference Technological Ecosystems for Enhancing Multiculturality. TEEM. 2019)<\/span><\/a><\/p>\n\n\n\n<p><a href=\"http:\/\/departamentos.unileon.es\/area-historia-del-arte\/files\/2020\/11\/Nuevas_metodologias_docentes_de_la_Histo.pdf\" target=\"_blank\" rel=\"noopener noreferrer\"><span style=\"color: #3366ff;\">Nuevas metodolog\u00edas docentes de la Historia del Arte: <em>flipped class<\/em><\/span><\/a><br><a href=\"_wp_link_placeholder\"><span style=\"color: #3366ff;\">y trabajo colaborativo ante las im\u00e1genes barrocas (2019)<\/span><\/a><\/p>\n\n\n\n<p><a href=\"https:\/\/www.youtube.com\/watch?v=nDDbMeNl5N4&amp;feature=emb_title\" target=\"_blank\" rel=\"noopener noreferrer\"><span style=\"color: #3366ff;\">Haciendo visible lo no visible. Introducci\u00f3n a los estudios f\u00edsico-\u00f3pticos&nbsp; y la fotograf\u00eda digital aplicada a la investigaci\u00f3n de la obra de arte (v\u00eddeo) (2020)<\/span><\/a><\/p>\n\n\n\n<p><a href=\"http:\/\/departamentos.unileon.es\/area-historia-del-arte\/files\/2020\/11\/Herramientas-digitales-para-la-organizacio\u0301n-y-gestio\u0301n-de-actividades-acade\u0301micas.pdf\" target=\"_blank\" rel=\"noopener noreferrer\"><span style=\"color: #3366ff;\">Herramientas digitales para la organizaci\u00f3n y gesti\u00f3n de actividades acad\u00e9micas (2020)<\/span><\/a><\/p>\n\n\n\n<p><span style=\"color: #3366ff;\"><a href=\"http:\/\/departamentos.unileon.es\/area-historia-del-arte\/files\/2020\/11\/Garcia_Nistal-Rega_Castro_CEHA-2020_GID-Id-Arte.pdf\" target=\"_blank\" rel=\"noopener noreferrer\">P\u00f3ster \u00abHistoriadores del arte para el siglo XXI\u00bb (Congreso Nacional de Historia del Arte. Salamanca, 2021<\/a><\/span><span style=\"color: #3366ff;\"><a href=\"http:\/\/departamentos.unileon.es\/area-historia-del-arte\/files\/2020\/11\/Garcia_Nistal-Rega_Castro_CEHA-2020_GID-Id-Arte.pdf\" target=\"_blank\" rel=\"noopener noreferrer\">)<\/a>&nbsp;<\/span><\/p>\n<p><a href=\"https:\/\/departamentos.unileon.es\/area-historia-del-arte\/seminario-de-innovacion-docente-para-la-profesionalizacion-del-historiador-del-arte-grupo-id-arte\/\" target=\"_blank\" rel=\"noopener\"><span style=\"color: #3366ff;\">Seminario \u00abDescubre el futuro profesional de la investigaci\u00f3n: Seminario de Innovaci\u00f3n docente para la profesionalizaci\u00f3n del Historiador del Arte<\/span>\u00ab<\/a><\/p>\n\n\n<p><a href=\"https:\/\/musac.es\/#programacion\/programa\/jornadas-sobre-trafico-de-arte\" target=\"_blank\" rel=\"noopener\">Jornadas sobre Tr\u00e1fico de Arte (en colaboraci\u00f3n con el MUSAC)<\/a><\/p>\n<ul style=\"list-style-type: square;\">\n<li><span style=\"color: #000000;\">&nbsp;<a style=\"color: #000000;\" href=\"https:\/\/www.diariodeleon.es\/articulo\/cultura\/musac-inicia-jornadas-presenciales-trafico-arte\/202104060132052101443.html\" target=\"_blank\" rel=\"noopener\">noticias Diario de Le\u00f3n&nbsp;<\/a><\/span>&nbsp; &nbsp; &nbsp; &nbsp; &nbsp; &nbsp; &nbsp;<span style=\"color: #000000;\"><a style=\"color: #000000;\" href=\"https:\/\/www.ileon.com\/cultura\/117241\/el-musac-de-leon-organiza-unas-jornadas-dedicadas-a-la-galeria-leonesa-trafico-de-arte\" target=\"_blank\" rel=\"noopener\">noticias iLeon<\/a><\/span><\/li>\n<\/ul>\n\n\n<p><span style=\"color: #3366ff;\"><a style=\"color: #3366ff;\" href=\"http:\/\/departamentos.unileon.es\/area-historia-del-arte\/files\/2021\/05\/Del-TFG-a-la-investigacion-y-salvaguardia.pdf\" target=\"_blank\" rel=\"noreferrer noopener\">Seminario \u00abDel TFG a la investigaci\u00f3n y salvaguardia: La Historia del Arte medieval al servicio de la conservaci\u00f3n de un patrimonio en peligro\u00bb<\/a> (2021).<\/span><\/p>\n\n\n\n<ul class=\"wp-block-list\">\n<li>       <span style=\"color:#000000\" class=\"tadv-color\">            <\/span><a rel=\"noreferrer noopener\" href=\"https:\/\/www.unileon.es\/noticias\/la-ule-acogera-el-viernes-un-seminario-sobre-conservacion-del-patrimonio-medieval-en\" target=\"_blank\"><span style=\"color:#000000\" class=\"tadv-color\">noticias ULE<\/span><\/a>             <a rel=\"noreferrer noopener\" href=\"https:\/\/noticiascyl.elespanol.com\/t\/2871900\/leon-sociedad-leon-universidad-leon-acoge-seminario-sobre-conservacion-patrimonio-peligro\" target=\"_blank\"><span style=\"color:#000000\" class=\"tadv-color\">Diario digital Castilla y Le\u00f3n<\/span><\/a>          <span style=\"color:#000000\" class=\"tadv-color\"> <\/span><a rel=\"noreferrer noopener\" href=\"https:\/\/www.leonoticias.com\/culturas\/exposiciones\/acoge-seminario-sobre-20210506141518-nt.html\" target=\"_blank\"><span style=\"color:#000000\" class=\"tadv-color\">Leonoticias<\/span><\/a>   <\/li>\n<\/ul>\n\n\n\n<ul class=\"wp-block-list\">\n<li>                                                  <a rel=\"noreferrer noopener\" href=\"https:\/\/www.diariodeleon.es\/articulo\/cultura\/monasterio-leon-solo-quedan-ruinas\/202105070133412110969.html\" target=\"_blank\"><span style=\"color:#000000\" class=\"tadv-color\">Diario de Le\u00f3n<\/span><\/a>         <a rel=\"noreferrer noopener\" href=\"https:\/\/copeastorga.es\/la-ule-acoge-un-seminario-sobre-la-conservacion-del-patrimonio-que-centra-la-atencion-en-el-monasterio-de-san-juan-de-montealegre\/\" target=\"_blank\"><span style=\"color:#000000\" class=\"tadv-color\">Cadena Cope Astorga<\/span><\/a>        <a rel=\"noreferrer noopener\" href=\"https:\/\/cadenaser.com\/emisora\/2021\/05\/07\/radio_leon\/1620389205_364633.html\" target=\"_blank\"><span style=\"color:#000000\" class=\"tadv-color\">Cadena Ser<\/span><\/a><\/li>\n<\/ul>\n\n\n\n<p><a href=\"http:\/\/departamentos.unileon.es\/area-historia-del-arte\/files\/2021\/10\/jornadas-gid-14-octubre.pdf\" target=\"_blank\" rel=\"noopener\"><span style=\"color: #3366ff;\">Jornadas: Historiadores del Arte en acci\u00f3n: de la pr\u00e1ctica en instituciones culturales y muse\u00edsticas a la profesionalizaci\u00f3n (14 de octubre de 2021)<\/span><\/a><\/p>\n<p><a href=\"http:\/\/departamentos.unileon.es\/area-historia-del-arte\/files\/2022\/04\/1.2.-Cartel.pdf\" target=\"_blank\" rel=\"noopener\">Seminario de T\u00e9cnicas de Restauraci\u00f3n de Bienes Muebles (25 y 27 de octubre de 2021)<\/a><\/p>\n<p><a href=\"https:\/\/departamentos.unileon.es\/area-historia-del-arte\/seminario-de-innovacion-docente\/\" target=\"_blank\" rel=\"noopener\"><span style=\"color: #3366ff;\">Seminario de Innovaci\u00f3n Docente \u00abC\u00f3mo hacer un buen trabajo acad\u00e9mico. Herramientas b\u00e1sicas para el historiador del arte\u00bb (19 de noviembre de 2021)<\/span><\/a><\/p>\n<p><a href=\"http:\/\/departamentos.unileon.es\/area-historia-del-arte\/files\/2022\/03\/los-martes-del-arte.jpg\" target=\"_blank\" rel=\"noopener\"><span style=\"color: #3366ff;\">Los martes del Arte (grupo Id-<span style=\"background-color: #ffffff;\">Arte<\/span>). <em>Historia y futuro del Patrimonio art\u00edstico de Le\u00f3n<\/em>. 15, 22 y 29 de marzo de 2022 (19:00 h.) Instituto Leon\u00e9s de Cultura. Sala Regi\u00f3n. C\/ santa Nonia 3. Le\u00f3n<\/span><\/a><\/p>\n<ul style=\"list-style-type: square;\">\n<li><span style=\"color: #000000;\">noticias <a style=\"color: #000000;\" href=\"https:\/\/www.diariodeleon.es\/articulo\/cultura\/vuelven-martes-arte-organizados-secot-ilc-universidad\/202203110334342200262.html\" target=\"_blank\" rel=\"noopener\">Diario de Le\u00f3n<\/a><\/span><\/li>\n<\/ul>\n\n\n\n<p><a href=\"http:\/\/departamentos.unileon.es\/area-historia-del-arte\/files\/2022\/04\/Poster-Ci\u0301rculo.jpg\" target=\"_blank\" rel=\"noreferrer noopener\">Taller de Innovaci\u00f3n Docente \u00abArte en la Tierra. Exponer el v\u00ednculo\u00bb (impartido por Luc\u00eda Fincias). Monte san Isidro Le\u00f3n (30 de marzo de 2022)<\/a>. <span style=\"color: #ff6600;\"> <a style=\"color: #ff6600;\" href=\"http:\/\/departamentos.unileon.es\/area-historia-del-arte\/files\/2022\/04\/PROPUESTA-ULE.pdf\" target=\"_blank\" rel=\"noreferrer noopener\">Propuesta<\/a><\/span><\/p>\n\n\n\n<ul style=\"list-style-type: square;\">\n<li><span style=\"color: #000000;\"><a style=\"color: #000000;\" href=\"https:\/\/www.unileon.es\/noticias\/el-grupo-de-innovacion-idarte-impartio-ayer-un-taller-de-land-art-en-el-monte-san-isidro\" target=\"_blank\" rel=\"noreferrer noopener\">noticias Universidad de Le\u00f3n<\/a><\/span><\/li>\n<\/ul>\n\n\n\n<p><a href=\"http:\/\/departamentos.unileon.es\/area-historia-del-arte\/files\/2022\/04\/2.6.-Cartel.pdf\" target=\"_blank\" rel=\"noopener\"><span style=\"color: #3366ff;\">Seminario de Innovaci\u00f3n Docente \u00abPerfiles profesionales del Arte actual. Comisariado de exposiciones y&nbsp; registro de obras de arte\u00bb 18, 25 de marzo y 1 de Abril (Aula Magna. Facultad Filosof\u00eda y Letras \/ MUSAC)<\/span><\/a><\/p>\n\n\n\n<p><a href=\"http:\/\/departamentos.unileon.es\/area-historia-del-arte\/files\/2022\/04\/Charla-Taller_SusanaCa\u0301maraLeret_ULE.pdf\" target=\"_blank\" rel=\"noopener\"><span style=\"color: #3366ff;\">Seminario-taller \u00abMetabolismos: Arte, ciencia y el cultivo de otras sens-habilidades\u00bb (impartido por Susana C\u00e1mara Leret. 5 abril de 2022).<\/span><\/a><\/p>\n\n\n\n<ul style=\"list-style-type: square;\">\n<li><a href=\"http:\/\/departamentos.unileon.es\/area-historia-del-arte\/files\/2022\/04\/Cartel-Metabolismos.pdf\" target=\"_blank\" rel=\"noopener\"><span style=\"color: #ff9900;\">cartel del Seminario&nbsp;<\/span><\/a> &nbsp; &nbsp; &nbsp; &nbsp;<\/li>\n<li>&nbsp;im\u00e1genes del seminario (<a href=\"http:\/\/departamentos.unileon.es\/area-historia-del-arte\/files\/2022\/04\/IMG_2994.jpg\" target=\"_blank\" rel=\"noopener\">img. 1<\/a>). (<a href=\"http:\/\/departamentos.unileon.es\/area-historia-del-arte\/files\/2022\/04\/IMG_3011.jpg\" target=\"_blank\" rel=\"noopener\">img. 2<\/a>)<\/li>\n<\/ul>\n\n\n\n<p><a href=\"https:\/\/departamentos.unileon.es\/area-historia-del-arte\/seminario-de-innovacion-docente-como-hacer-un-buen-trabajo-academico-herramientas-basicas-para-el-historiador-del-arte-2\/\" target=\"_blank\" rel=\"noopener\"><span style=\"color: #3366ff;\">Seminario de Innovaci\u00f3n Docente \u00abc\u00f3mo hacer un buen trabajo acad\u00e9mico. Herramientas b\u00e1sicas para el Historiador del Arte\u00bb 14 de octubre de 2022 (Aula 20. Facultad Filosof\u00eda y Letras. Universidad de Le\u00f3n)<\/span><\/a><\/p>\n<ul>\n<li><span style=\"color: #ff9900;\">cartel del Seminario&nbsp;<\/span> &nbsp;<\/li>\n<\/ul>\n\n\n\n<p><a href=\"http:\/\/departamentos.unileon.es\/area-historia-del-arte\/files\/2022\/10\/Programa-con-URLs.pdf\" target=\"_blank\" rel=\"noopener\">Seminario \u00abModelos de Gesti\u00f3n y Difusi\u00f3n Cultural\u00bb: Perfiles profesionales para la conservaci\u00f3n y puesta en valor del patrimonio. 3 y 18 de noviembre y 1-2 de diciembre de 2022 (Aula 14. Facultad de Filosof\u00eda y Letras. ULE)<\/a><\/p>\n\n\n\n<p><a href=\"https:\/\/departamentos.unileon.es\/area-historia-del-arte\/1726-2\/\" target=\"_blank\" rel=\"noopener\">Seminario de Innovaci\u00f3n Docente \u00abc\u00f3mo hacer un buen trabajo acad\u00e9mico. Herramientas b\u00e1sicas para el Historiador del Arte II\u00bb 4 de noviembre de 2022 (Aula 20. Facultad Filosof\u00eda y Letras. Universidad de Le\u00f3n)<\/a><\/p>\n\n\n\n<p><a href=\"https:\/\/departamentos.unileon.es\/area-historia-del-arte\/seminario-interuniversitario-de-innovacion-docente-para-la-profesionalizacion-del-historiador-del-arte\/\" target=\"_blank\" rel=\"noopener\">\u00abSeminario Interuniversitario de Innovaci\u00f3n Docente para la profesionalizaci\u00f3n del Historiador del Arte. Descubre el futuro profesional de la investigaci\u00f3n\u00bb 17 de marzo de 2023 (Sal\u00f3n de Grados de la Facultad de Filosof\u00eda y Letras. Universidad de Le\u00f3n)<\/a><\/p>\n","protected":false},"excerpt":{"rendered":"<p>La pervivencia del arte de la Antig\u00fcedad como recurso docente: De laVictoria de Samotracia a Ives Klein (2018) Officium Medievalium: una base metodol\u00f3gica para la aplicaci\u00f3n delCiclo de Kolb y la inteligencia colectiva (2018) P\u00f3ster \u00abHistoriadores del Arte para el siglo XXI. Metodolog\u00edas docentes activas para nuevos profesionales\u00bb. (17th. International Conference Technological Ecosystems for Enhancing [&hellip;]<\/p>\n","protected":false},"author":151,"featured_media":0,"parent":0,"menu_order":0,"comment_status":"closed","ping_status":"closed","template":"","meta":{"ngg_post_thumbnail":0,"footnotes":""},"class_list":["post-1026","page","type-page","status-publish","hentry"],"yoast_head":"<!-- This site is optimized with the Yoast SEO plugin v25.8 - https:\/\/yoast.com\/wordpress\/plugins\/seo\/ -->\n<title>Cursos, seminarios, talleres y otras actividades (Grupo Id-Arte) - \u00c1rea de Historia del Arte<\/title>\n<meta name=\"robots\" content=\"index, follow, max-snippet:-1, max-image-preview:large, max-video-preview:-1\" \/>\n<link rel=\"canonical\" href=\"https:\/\/departamentos.unileon.es\/area-historia-del-arte\/cursos-seminarios-talleres-y-otras-actividades-grupo-id-arte\/\" \/>\n<meta property=\"og:locale\" content=\"es_ES\" \/>\n<meta property=\"og:type\" content=\"article\" \/>\n<meta property=\"og:title\" content=\"Cursos, seminarios, talleres y otras actividades (Grupo Id-Arte) - \u00c1rea de Historia del Arte\" \/>\n<meta property=\"og:description\" content=\"La pervivencia del arte de la Antig\u00fcedad como recurso docente: De laVictoria de Samotracia a Ives Klein (2018) Officium Medievalium: una base metodol\u00f3gica para la aplicaci\u00f3n delCiclo de Kolb y la inteligencia colectiva (2018) P\u00f3ster \u00abHistoriadores del Arte para el siglo XXI. Metodolog\u00edas docentes activas para nuevos profesionales\u00bb. (17th. International Conference Technological Ecosystems for Enhancing [&hellip;]\" \/>\n<meta property=\"og:url\" content=\"https:\/\/departamentos.unileon.es\/area-historia-del-arte\/cursos-seminarios-talleres-y-otras-actividades-grupo-id-arte\/\" \/>\n<meta property=\"og:site_name\" content=\"\u00c1rea de Historia del Arte\" \/>\n<meta property=\"article:modified_time\" content=\"2023-03-08T17:43:33+00:00\" \/>\n<meta name=\"twitter:card\" content=\"summary_large_image\" \/>\n<meta name=\"twitter:label1\" content=\"Tiempo de lectura\" \/>\n\t<meta name=\"twitter:data1\" content=\"3 minutos\" \/>\n<script type=\"application\/ld+json\" class=\"yoast-schema-graph\">{\"@context\":\"https:\/\/schema.org\",\"@graph\":[{\"@type\":\"WebPage\",\"@id\":\"https:\/\/departamentos.unileon.es\/area-historia-del-arte\/cursos-seminarios-talleres-y-otras-actividades-grupo-id-arte\/\",\"url\":\"https:\/\/departamentos.unileon.es\/area-historia-del-arte\/cursos-seminarios-talleres-y-otras-actividades-grupo-id-arte\/\",\"name\":\"Cursos, seminarios, talleres y otras actividades (Grupo Id-Arte) - \u00c1rea de Historia del Arte\",\"isPartOf\":{\"@id\":\"https:\/\/departamentos.unileon.es\/area-historia-del-arte\/#website\"},\"datePublished\":\"2020-11-12T12:23:35+00:00\",\"dateModified\":\"2023-03-08T17:43:33+00:00\",\"inLanguage\":\"es\",\"potentialAction\":[{\"@type\":\"ReadAction\",\"target\":[\"https:\/\/departamentos.unileon.es\/area-historia-del-arte\/cursos-seminarios-talleres-y-otras-actividades-grupo-id-arte\/\"]}]},{\"@type\":\"WebSite\",\"@id\":\"https:\/\/departamentos.unileon.es\/area-historia-del-arte\/#website\",\"url\":\"https:\/\/departamentos.unileon.es\/area-historia-del-arte\/\",\"name\":\"\u00c1rea de Historia del Arte\",\"description\":\"p\u00e1gina de \u00c1rea de la Universidad de Le\u00f3n\",\"potentialAction\":[{\"@type\":\"SearchAction\",\"target\":{\"@type\":\"EntryPoint\",\"urlTemplate\":\"https:\/\/departamentos.unileon.es\/area-historia-del-arte\/?s={search_term_string}\"},\"query-input\":{\"@type\":\"PropertyValueSpecification\",\"valueRequired\":true,\"valueName\":\"search_term_string\"}}],\"inLanguage\":\"es\"}]}<\/script>\n<!-- \/ Yoast SEO plugin. -->","yoast_head_json":{"title":"Cursos, seminarios, talleres y otras actividades (Grupo Id-Arte) - \u00c1rea de Historia del Arte","robots":{"index":"index","follow":"follow","max-snippet":"max-snippet:-1","max-image-preview":"max-image-preview:large","max-video-preview":"max-video-preview:-1"},"canonical":"https:\/\/departamentos.unileon.es\/area-historia-del-arte\/cursos-seminarios-talleres-y-otras-actividades-grupo-id-arte\/","og_locale":"es_ES","og_type":"article","og_title":"Cursos, seminarios, talleres y otras actividades (Grupo Id-Arte) - \u00c1rea de Historia del Arte","og_description":"La pervivencia del arte de la Antig\u00fcedad como recurso docente: De laVictoria de Samotracia a Ives Klein (2018) Officium Medievalium: una base metodol\u00f3gica para la aplicaci\u00f3n delCiclo de Kolb y la inteligencia colectiva (2018) P\u00f3ster \u00abHistoriadores del Arte para el siglo XXI. Metodolog\u00edas docentes activas para nuevos profesionales\u00bb. (17th. International Conference Technological Ecosystems for Enhancing [&hellip;]","og_url":"https:\/\/departamentos.unileon.es\/area-historia-del-arte\/cursos-seminarios-talleres-y-otras-actividades-grupo-id-arte\/","og_site_name":"\u00c1rea de Historia del Arte","article_modified_time":"2023-03-08T17:43:33+00:00","twitter_card":"summary_large_image","twitter_misc":{"Tiempo de lectura":"3 minutos"},"schema":{"@context":"https:\/\/schema.org","@graph":[{"@type":"WebPage","@id":"https:\/\/departamentos.unileon.es\/area-historia-del-arte\/cursos-seminarios-talleres-y-otras-actividades-grupo-id-arte\/","url":"https:\/\/departamentos.unileon.es\/area-historia-del-arte\/cursos-seminarios-talleres-y-otras-actividades-grupo-id-arte\/","name":"Cursos, seminarios, talleres y otras actividades (Grupo Id-Arte) - \u00c1rea de Historia del Arte","isPartOf":{"@id":"https:\/\/departamentos.unileon.es\/area-historia-del-arte\/#website"},"datePublished":"2020-11-12T12:23:35+00:00","dateModified":"2023-03-08T17:43:33+00:00","inLanguage":"es","potentialAction":[{"@type":"ReadAction","target":["https:\/\/departamentos.unileon.es\/area-historia-del-arte\/cursos-seminarios-talleres-y-otras-actividades-grupo-id-arte\/"]}]},{"@type":"WebSite","@id":"https:\/\/departamentos.unileon.es\/area-historia-del-arte\/#website","url":"https:\/\/departamentos.unileon.es\/area-historia-del-arte\/","name":"\u00c1rea de Historia del Arte","description":"p\u00e1gina de \u00c1rea de la Universidad de Le\u00f3n","potentialAction":[{"@type":"SearchAction","target":{"@type":"EntryPoint","urlTemplate":"https:\/\/departamentos.unileon.es\/area-historia-del-arte\/?s={search_term_string}"},"query-input":{"@type":"PropertyValueSpecification","valueRequired":true,"valueName":"search_term_string"}}],"inLanguage":"es"}]}},"_links":{"self":[{"href":"https:\/\/departamentos.unileon.es\/area-historia-del-arte\/wp-json\/wp\/v2\/pages\/1026","targetHints":{"allow":["GET"]}}],"collection":[{"href":"https:\/\/departamentos.unileon.es\/area-historia-del-arte\/wp-json\/wp\/v2\/pages"}],"about":[{"href":"https:\/\/departamentos.unileon.es\/area-historia-del-arte\/wp-json\/wp\/v2\/types\/page"}],"author":[{"embeddable":true,"href":"https:\/\/departamentos.unileon.es\/area-historia-del-arte\/wp-json\/wp\/v2\/users\/151"}],"replies":[{"embeddable":true,"href":"https:\/\/departamentos.unileon.es\/area-historia-del-arte\/wp-json\/wp\/v2\/comments?post=1026"}],"version-history":[{"count":79,"href":"https:\/\/departamentos.unileon.es\/area-historia-del-arte\/wp-json\/wp\/v2\/pages\/1026\/revisions"}],"predecessor-version":[{"id":1788,"href":"https:\/\/departamentos.unileon.es\/area-historia-del-arte\/wp-json\/wp\/v2\/pages\/1026\/revisions\/1788"}],"wp:attachment":[{"href":"https:\/\/departamentos.unileon.es\/area-historia-del-arte\/wp-json\/wp\/v2\/media?parent=1026"}],"curies":[{"name":"wp","href":"https:\/\/api.w.org\/{rel}","templated":true}]}}