{"id":231,"date":"2019-03-19T17:22:55","date_gmt":"2019-03-19T17:22:55","guid":{"rendered":"http:\/\/departamentos.unileon.es\/area-de-biologia-celular\/?page_id=231"},"modified":"2020-02-18T09:03:57","modified_gmt":"2020-02-18T09:03:57","slug":"profesorado-del-area-de-biologia-celular","status":"publish","type":"page","link":"https:\/\/departamentos.unileon.es\/area-de-biologia-celular\/profesorado-del-area-de-biologia-celular\/","title":{"rendered":"Profesorado del \u00c1rea de Biolog\u00eda Celular"},"content":{"rendered":"\n<p>Dr. A. Fern\u00e1ndez<br>Dra. M.P. Herraez<br>Dr. Paulino de Paz<br>Dr. Alvarez Nogal<br>Dra. Carmen Mar\u00edn<br>Dra. Vanesa Robles<br>Dr. Felipe Mart\u00ednez<br>Dra. Beatriz Mart\u00edn<\/p>\n<p>&nbsp;<\/p>\n<p>Marta Lomb\u00f3<br>Irene Fern\u00e1ndez Ugidos<br>Enrique Font Belmonte<br>Paloma Gonz\u00e1lez Rodr\u00edguez<br>Marta Mart\u00edn<br>Laura Maeso Alonso<\/p>\n","protected":false},"excerpt":{"rendered":"<p>Dr. A. Fern\u00e1ndezDra. M.P. HerraezDr. Paulino de PazDr. Alvarez NogalDra. Carmen Mar\u00ednDra. Vanesa RoblesDr. Felipe Mart\u00ednezDra. Beatriz Mart\u00edn &nbsp; Marta Lomb\u00f3Irene Fern\u00e1ndez UgidosEnrique Font BelmontePaloma Gonz\u00e1lez Rodr\u00edguezMarta Mart\u00ednLaura Maeso Alonso<\/p>\n","protected":false},"author":161,"featured_media":0,"parent":0,"menu_order":0,"comment_status":"closed","ping_status":"closed","template":"","meta":{"ngg_post_thumbnail":0,"footnotes":""},"class_list":["post-231","page","type-page","status-publish","hentry"],"yoast_head":"<!-- This site is optimized with the Yoast SEO plugin v25.8 - https:\/\/yoast.com\/wordpress\/plugins\/seo\/ -->\n<title>Profesorado del \u00c1rea de Biolog\u00eda Celular - \u00c1rea de Biolog\u00eda Celular<\/title>\n<meta name=\"robots\" content=\"index, follow, max-snippet:-1, max-image-preview:large, max-video-preview:-1\" \/>\n<link rel=\"canonical\" href=\"https:\/\/departamentos.unileon.es\/area-de-biologia-celular\/profesorado-del-area-de-biologia-celular\/\" \/>\n<meta property=\"og:locale\" content=\"es_ES\" \/>\n<meta property=\"og:type\" content=\"article\" \/>\n<meta property=\"og:title\" content=\"Profesorado del \u00c1rea de Biolog\u00eda Celular - \u00c1rea de Biolog\u00eda Celular\" \/>\n<meta property=\"og:description\" content=\"Dr. A. Fern\u00e1ndezDra. M.P. HerraezDr. Paulino de PazDr. Alvarez NogalDra. Carmen Mar\u00ednDra. Vanesa RoblesDr. Felipe Mart\u00ednezDra. Beatriz Mart\u00edn &nbsp; Marta Lomb\u00f3Irene Fern\u00e1ndez UgidosEnrique Font BelmontePaloma Gonz\u00e1lez Rodr\u00edguezMarta Mart\u00ednLaura Maeso Alonso\" \/>\n<meta property=\"og:url\" content=\"https:\/\/departamentos.unileon.es\/area-de-biologia-celular\/profesorado-del-area-de-biologia-celular\/\" \/>\n<meta property=\"og:site_name\" content=\"\u00c1rea de Biolog\u00eda Celular\" \/>\n<meta property=\"article:modified_time\" content=\"2020-02-18T09:03:57+00:00\" \/>\n<meta name=\"twitter:card\" content=\"summary_large_image\" \/>\n<script type=\"application\/ld+json\" class=\"yoast-schema-graph\">{\"@context\":\"https:\/\/schema.org\",\"@graph\":[{\"@type\":\"WebPage\",\"@id\":\"https:\/\/departamentos.unileon.es\/area-de-biologia-celular\/profesorado-del-area-de-biologia-celular\/\",\"url\":\"https:\/\/departamentos.unileon.es\/area-de-biologia-celular\/profesorado-del-area-de-biologia-celular\/\",\"name\":\"Profesorado del \u00c1rea de Biolog\u00eda Celular - \u00c1rea de Biolog\u00eda Celular\",\"isPartOf\":{\"@id\":\"https:\/\/departamentos.unileon.es\/area-de-biologia-celular\/#website\"},\"datePublished\":\"2019-03-19T17:22:55+00:00\",\"dateModified\":\"2020-02-18T09:03:57+00:00\",\"inLanguage\":\"es\",\"potentialAction\":[{\"@type\":\"ReadAction\",\"target\":[\"https:\/\/departamentos.unileon.es\/area-de-biologia-celular\/profesorado-del-area-de-biologia-celular\/\"]}]},{\"@type\":\"WebSite\",\"@id\":\"https:\/\/departamentos.unileon.es\/area-de-biologia-celular\/#website\",\"url\":\"https:\/\/departamentos.unileon.es\/area-de-biologia-celular\/\",\"name\":\"\u00c1rea de Biolog\u00eda Celular\",\"description\":\"\u00c1rea de Biolog\u00eda Celular de la ULE\",\"potentialAction\":[{\"@type\":\"SearchAction\",\"target\":{\"@type\":\"EntryPoint\",\"urlTemplate\":\"https:\/\/departamentos.unileon.es\/area-de-biologia-celular\/?s={search_term_string}\"},\"query-input\":{\"@type\":\"PropertyValueSpecification\",\"valueRequired\":true,\"valueName\":\"search_term_string\"}}],\"inLanguage\":\"es\"}]}<\/script>\n<!-- \/ Yoast SEO plugin. -->","yoast_head_json":{"title":"Profesorado del \u00c1rea de Biolog\u00eda Celular - \u00c1rea de Biolog\u00eda Celular","robots":{"index":"index","follow":"follow","max-snippet":"max-snippet:-1","max-image-preview":"max-image-preview:large","max-video-preview":"max-video-preview:-1"},"canonical":"https:\/\/departamentos.unileon.es\/area-de-biologia-celular\/profesorado-del-area-de-biologia-celular\/","og_locale":"es_ES","og_type":"article","og_title":"Profesorado del \u00c1rea de Biolog\u00eda Celular - \u00c1rea de Biolog\u00eda Celular","og_description":"Dr. A. Fern\u00e1ndezDra. M.P. HerraezDr. Paulino de PazDr. Alvarez NogalDra. Carmen Mar\u00ednDra. Vanesa RoblesDr. Felipe Mart\u00ednezDra. Beatriz Mart\u00edn &nbsp; Marta Lomb\u00f3Irene Fern\u00e1ndez UgidosEnrique Font BelmontePaloma Gonz\u00e1lez Rodr\u00edguezMarta Mart\u00ednLaura Maeso Alonso","og_url":"https:\/\/departamentos.unileon.es\/area-de-biologia-celular\/profesorado-del-area-de-biologia-celular\/","og_site_name":"\u00c1rea de Biolog\u00eda Celular","article_modified_time":"2020-02-18T09:03:57+00:00","twitter_card":"summary_large_image","schema":{"@context":"https:\/\/schema.org","@graph":[{"@type":"WebPage","@id":"https:\/\/departamentos.unileon.es\/area-de-biologia-celular\/profesorado-del-area-de-biologia-celular\/","url":"https:\/\/departamentos.unileon.es\/area-de-biologia-celular\/profesorado-del-area-de-biologia-celular\/","name":"Profesorado del \u00c1rea de Biolog\u00eda Celular - \u00c1rea de Biolog\u00eda Celular","isPartOf":{"@id":"https:\/\/departamentos.unileon.es\/area-de-biologia-celular\/#website"},"datePublished":"2019-03-19T17:22:55+00:00","dateModified":"2020-02-18T09:03:57+00:00","inLanguage":"es","potentialAction":[{"@type":"ReadAction","target":["https:\/\/departamentos.unileon.es\/area-de-biologia-celular\/profesorado-del-area-de-biologia-celular\/"]}]},{"@type":"WebSite","@id":"https:\/\/departamentos.unileon.es\/area-de-biologia-celular\/#website","url":"https:\/\/departamentos.unileon.es\/area-de-biologia-celular\/","name":"\u00c1rea de Biolog\u00eda Celular","description":"\u00c1rea de Biolog\u00eda Celular de la ULE","potentialAction":[{"@type":"SearchAction","target":{"@type":"EntryPoint","urlTemplate":"https:\/\/departamentos.unileon.es\/area-de-biologia-celular\/?s={search_term_string}"},"query-input":{"@type":"PropertyValueSpecification","valueRequired":true,"valueName":"search_term_string"}}],"inLanguage":"es"}]}},"_links":{"self":[{"href":"https:\/\/departamentos.unileon.es\/area-de-biologia-celular\/wp-json\/wp\/v2\/pages\/231","targetHints":{"allow":["GET"]}}],"collection":[{"href":"https:\/\/departamentos.unileon.es\/area-de-biologia-celular\/wp-json\/wp\/v2\/pages"}],"about":[{"href":"https:\/\/departamentos.unileon.es\/area-de-biologia-celular\/wp-json\/wp\/v2\/types\/page"}],"author":[{"embeddable":true,"href":"https:\/\/departamentos.unileon.es\/area-de-biologia-celular\/wp-json\/wp\/v2\/users\/161"}],"replies":[{"embeddable":true,"href":"https:\/\/departamentos.unileon.es\/area-de-biologia-celular\/wp-json\/wp\/v2\/comments?post=231"}],"version-history":[{"count":2,"href":"https:\/\/departamentos.unileon.es\/area-de-biologia-celular\/wp-json\/wp\/v2\/pages\/231\/revisions"}],"predecessor-version":[{"id":272,"href":"https:\/\/departamentos.unileon.es\/area-de-biologia-celular\/wp-json\/wp\/v2\/pages\/231\/revisions\/272"}],"wp:attachment":[{"href":"https:\/\/departamentos.unileon.es\/area-de-biologia-celular\/wp-json\/wp\/v2\/media?parent=231"}],"curies":[{"name":"wp","href":"https:\/\/api.w.org\/{rel}","templated":true}]}}