{"id":2,"date":"2018-12-21T12:15:47","date_gmt":"2018-12-21T12:15:47","guid":{"rendered":"http:\/\/departamentos.unileon.es\/area-de-biologia-celular\/?page_id=2"},"modified":"2019-03-19T16:40:31","modified_gmt":"2019-03-19T16:40:31","slug":"pagina-ejemplo","status":"publish","type":"page","link":"https:\/\/departamentos.unileon.es\/area-de-biologia-celular\/","title":{"rendered":"\u00c1rea de Biolog\u00eda Celular de la Universidad de Le\u00f3n"},"content":{"rendered":"<div class=\"entry-content\">\n\nEl \u00c1rea de Biolog\u00eda Celular re\u00fane a docentes e investigadores de Citolog\u00eda, Histolog\u00eda y Organograf\u00eda Microsc\u00f3pica. Forma parte del <a href=\"http:\/\/departamentos.unileon.es\/biologia-molecular\/\">Departamento de Biolog\u00eda Molecular<\/a> , que re\u00fane tambi\u00e9n a las \u00e1reas de <a href=\"http:\/\/microbio.unileon.es\">Microbiolog\u00eda<\/a>, Bioqu\u00edmica y <a href=\"http:\/\/uleagn.unileon.es\/\">Gen\u00e9tica<\/a>.\n\nLos docentes del \u00c1rea imparten docencia en la <a href=\"https:\/\/centros.unileon.es\/biologia\/\">Facultad de Ciencias Biol\u00f3gicas y Ambientales<\/a>, en los grados en <a href=\"https:\/\/centros.unileon.es\/biologia\/grado-en-biologia\/\">Biolog\u00eda<\/a>, <a href=\"https:\/\/centros.unileon.es\/biologia\/grado-en-biotecnologia\/\">Biotecnolog\u00eda<\/a>, <a href=\"https:\/\/centros.unileon.es\/biologia\/grado-en-biotecnologia\/\">Ciencias Ambientales<\/a> y en el Grado Doble <a href=\"https:\/\/centros.unileon.es\/biologia\/doble-titulo-de-grado-en-ingenieria-forestal-y-del-medio-natural-y-grado-en-ciencias-ambientales\/\">Ambiental-Forestal<\/a> y en el <a href=\"http:\/\/grupos.unileon.es\/masterbiologia\/\">M\u00e1ster Universitario en Biolog\u00eda Fundamental y Biomedicina<\/a>.&nbsp;\n\n<\/div>\n&nbsp;","protected":false},"excerpt":{"rendered":"<p>El \u00c1rea de Biolog\u00eda Celular re\u00fane a docentes e investigadores de Citolog\u00eda, Histolog\u00eda y Organograf\u00eda Microsc\u00f3pica. Forma parte del Departamento de Biolog\u00eda Molecular , que re\u00fane tambi\u00e9n a las \u00e1reas de Microbiolog\u00eda, Bioqu\u00edmica y Gen\u00e9tica. Los docentes del \u00c1rea imparten docencia en la Facultad de Ciencias Biol\u00f3gicas y Ambientales, en los grados en Biolog\u00eda, Biotecnolog\u00eda, [&hellip;]<\/p>\n","protected":false},"author":1,"featured_media":0,"parent":0,"menu_order":0,"comment_status":"closed","ping_status":"open","template":"","meta":{"ngg_post_thumbnail":0,"footnotes":""},"class_list":["post-2","page","type-page","status-publish","hentry"],"yoast_head":"<!-- This site is optimized with the Yoast SEO plugin v25.8 - https:\/\/yoast.com\/wordpress\/plugins\/seo\/ -->\n<title>\u00c1rea de Biolog\u00eda Celular de la Universidad de Le\u00f3n - \u00c1rea de Biolog\u00eda Celular<\/title>\n<meta name=\"robots\" content=\"index, follow, max-snippet:-1, max-image-preview:large, max-video-preview:-1\" \/>\n<link rel=\"canonical\" href=\"https:\/\/departamentos.unileon.es\/area-de-biologia-celular\/\" \/>\n<meta property=\"og:locale\" content=\"es_ES\" \/>\n<meta property=\"og:type\" content=\"article\" \/>\n<meta property=\"og:title\" content=\"\u00c1rea de Biolog\u00eda Celular de la Universidad de Le\u00f3n - \u00c1rea de Biolog\u00eda Celular\" \/>\n<meta property=\"og:description\" content=\"El \u00c1rea de Biolog\u00eda Celular re\u00fane a docentes e investigadores de Citolog\u00eda, Histolog\u00eda y Organograf\u00eda Microsc\u00f3pica. Forma parte del Departamento de Biolog\u00eda Molecular , que re\u00fane tambi\u00e9n a las \u00e1reas de Microbiolog\u00eda, Bioqu\u00edmica y Gen\u00e9tica. Los docentes del \u00c1rea imparten docencia en la Facultad de Ciencias Biol\u00f3gicas y Ambientales, en los grados en Biolog\u00eda, Biotecnolog\u00eda, [&hellip;]\" \/>\n<meta property=\"og:url\" content=\"https:\/\/departamentos.unileon.es\/area-de-biologia-celular\/\" \/>\n<meta property=\"og:site_name\" content=\"\u00c1rea de Biolog\u00eda Celular\" \/>\n<meta property=\"article:modified_time\" content=\"2019-03-19T16:40:31+00:00\" \/>\n<meta name=\"twitter:card\" content=\"summary_large_image\" \/>\n<script type=\"application\/ld+json\" class=\"yoast-schema-graph\">{\"@context\":\"https:\/\/schema.org\",\"@graph\":[{\"@type\":\"WebPage\",\"@id\":\"https:\/\/departamentos.unileon.es\/area-de-biologia-celular\/\",\"url\":\"https:\/\/departamentos.unileon.es\/area-de-biologia-celular\/\",\"name\":\"\u00c1rea de Biolog\u00eda Celular de la Universidad de Le\u00f3n - \u00c1rea de Biolog\u00eda Celular\",\"isPartOf\":{\"@id\":\"https:\/\/departamentos.unileon.es\/area-de-biologia-celular\/#website\"},\"datePublished\":\"2018-12-21T12:15:47+00:00\",\"dateModified\":\"2019-03-19T16:40:31+00:00\",\"inLanguage\":\"es\",\"potentialAction\":[{\"@type\":\"ReadAction\",\"target\":[\"https:\/\/departamentos.unileon.es\/area-de-biologia-celular\/\"]}]},{\"@type\":\"WebSite\",\"@id\":\"https:\/\/departamentos.unileon.es\/area-de-biologia-celular\/#website\",\"url\":\"https:\/\/departamentos.unileon.es\/area-de-biologia-celular\/\",\"name\":\"\u00c1rea de Biolog\u00eda Celular\",\"description\":\"\u00c1rea de Biolog\u00eda Celular de la ULE\",\"potentialAction\":[{\"@type\":\"SearchAction\",\"target\":{\"@type\":\"EntryPoint\",\"urlTemplate\":\"https:\/\/departamentos.unileon.es\/area-de-biologia-celular\/?s={search_term_string}\"},\"query-input\":{\"@type\":\"PropertyValueSpecification\",\"valueRequired\":true,\"valueName\":\"search_term_string\"}}],\"inLanguage\":\"es\"}]}<\/script>\n<!-- \/ Yoast SEO plugin. -->","yoast_head_json":{"title":"\u00c1rea de Biolog\u00eda Celular de la Universidad de Le\u00f3n - \u00c1rea de Biolog\u00eda Celular","robots":{"index":"index","follow":"follow","max-snippet":"max-snippet:-1","max-image-preview":"max-image-preview:large","max-video-preview":"max-video-preview:-1"},"canonical":"https:\/\/departamentos.unileon.es\/area-de-biologia-celular\/","og_locale":"es_ES","og_type":"article","og_title":"\u00c1rea de Biolog\u00eda Celular de la Universidad de Le\u00f3n - \u00c1rea de Biolog\u00eda Celular","og_description":"El \u00c1rea de Biolog\u00eda Celular re\u00fane a docentes e investigadores de Citolog\u00eda, Histolog\u00eda y Organograf\u00eda Microsc\u00f3pica. Forma parte del Departamento de Biolog\u00eda Molecular , que re\u00fane tambi\u00e9n a las \u00e1reas de Microbiolog\u00eda, Bioqu\u00edmica y Gen\u00e9tica. Los docentes del \u00c1rea imparten docencia en la Facultad de Ciencias Biol\u00f3gicas y Ambientales, en los grados en Biolog\u00eda, Biotecnolog\u00eda, [&hellip;]","og_url":"https:\/\/departamentos.unileon.es\/area-de-biologia-celular\/","og_site_name":"\u00c1rea de Biolog\u00eda Celular","article_modified_time":"2019-03-19T16:40:31+00:00","twitter_card":"summary_large_image","schema":{"@context":"https:\/\/schema.org","@graph":[{"@type":"WebPage","@id":"https:\/\/departamentos.unileon.es\/area-de-biologia-celular\/","url":"https:\/\/departamentos.unileon.es\/area-de-biologia-celular\/","name":"\u00c1rea de Biolog\u00eda Celular de la Universidad de Le\u00f3n - \u00c1rea de Biolog\u00eda Celular","isPartOf":{"@id":"https:\/\/departamentos.unileon.es\/area-de-biologia-celular\/#website"},"datePublished":"2018-12-21T12:15:47+00:00","dateModified":"2019-03-19T16:40:31+00:00","inLanguage":"es","potentialAction":[{"@type":"ReadAction","target":["https:\/\/departamentos.unileon.es\/area-de-biologia-celular\/"]}]},{"@type":"WebSite","@id":"https:\/\/departamentos.unileon.es\/area-de-biologia-celular\/#website","url":"https:\/\/departamentos.unileon.es\/area-de-biologia-celular\/","name":"\u00c1rea de Biolog\u00eda Celular","description":"\u00c1rea de Biolog\u00eda Celular de la ULE","potentialAction":[{"@type":"SearchAction","target":{"@type":"EntryPoint","urlTemplate":"https:\/\/departamentos.unileon.es\/area-de-biologia-celular\/?s={search_term_string}"},"query-input":{"@type":"PropertyValueSpecification","valueRequired":true,"valueName":"search_term_string"}}],"inLanguage":"es"}]}},"_links":{"self":[{"href":"https:\/\/departamentos.unileon.es\/area-de-biologia-celular\/wp-json\/wp\/v2\/pages\/2","targetHints":{"allow":["GET"]}}],"collection":[{"href":"https:\/\/departamentos.unileon.es\/area-de-biologia-celular\/wp-json\/wp\/v2\/pages"}],"about":[{"href":"https:\/\/departamentos.unileon.es\/area-de-biologia-celular\/wp-json\/wp\/v2\/types\/page"}],"author":[{"embeddable":true,"href":"https:\/\/departamentos.unileon.es\/area-de-biologia-celular\/wp-json\/wp\/v2\/users\/1"}],"replies":[{"embeddable":true,"href":"https:\/\/departamentos.unileon.es\/area-de-biologia-celular\/wp-json\/wp\/v2\/comments?post=2"}],"version-history":[{"count":7,"href":"https:\/\/departamentos.unileon.es\/area-de-biologia-celular\/wp-json\/wp\/v2\/pages\/2\/revisions"}],"predecessor-version":[{"id":264,"href":"https:\/\/departamentos.unileon.es\/area-de-biologia-celular\/wp-json\/wp\/v2\/pages\/2\/revisions\/264"}],"wp:attachment":[{"href":"https:\/\/departamentos.unileon.es\/area-de-biologia-celular\/wp-json\/wp\/v2\/media?parent=2"}],"curies":[{"name":"wp","href":"https:\/\/api.w.org\/{rel}","templated":true}]}}