{"id":148,"date":"2019-03-19T10:09:30","date_gmt":"2019-03-19T10:09:30","guid":{"rendered":"http:\/\/departamentos.unileon.es\/area-de-biologia-celular\/?page_id=148"},"modified":"2019-05-02T09:18:41","modified_gmt":"2019-05-02T09:18:41","slug":"docencia-del-area-de-biologia-celular","status":"publish","type":"page","link":"https:\/\/departamentos.unileon.es\/area-de-biologia-celular\/docencia-del-area-de-biologia-celular\/","title":{"rendered":"Docencia del \u00c1rea de Biolog\u00eda Celular"},"content":{"rendered":"\n<h2>Docencia en Grado<\/h2>\n<h3><a href=\"https:\/\/www.unileon.es\/estudiantes\/estudiantes-grado\/oferta-de-estudios\/grado-en-biologia\">Grado en Biolog\u00eda<\/a><\/h3>\n<ul>\n<li><a href=\"https:\/\/www.unileon.es\/estudiantes\/estudiantes-grado\/oferta-de-estudios\/planes?id=0206001&amp;curso=2018\">Biolog\u00eda I<\/a><\/li>\n<li><a href=\"https:\/\/www.unileon.es\/estudiantes\/estudiantes-grado\/oferta-de-estudios\/planes?id=0206008&amp;curso=2018\">Citolog\u00eda e Histolog\u00eda Animal y Vegetal<\/a><\/li>\n<li><a href=\"https:\/\/www.unileon.es\/estudiantes\/estudiantes-grado\/oferta-de-estudios\/planes?id=0206020&amp;curso=2018\">Organograf\u00eda Microsc\u00f3pica Animal y Vegetal<\/a><\/li>\n<li><a href=\"https:\/\/www.unileon.es\/estudiantes\/estudiantes-grado\/oferta-de-estudios\/planes?id=0206027&amp;curso=2018\">T\u00e9cnicas de Estudio de Mol\u00e9culas Biol\u00f3gicas<\/a><\/li>\n<li><a href=\"https:\/\/www.unileon.es\/estudiantes\/estudiantes-grado\/oferta-de-estudios\/planes?id=0206046&amp;curso=2019\">Biolog\u00eda Celular<\/a><\/li>\n<li><a href=\"https:\/\/www.unileon.es\/estudiantes\/estudiantes-grado\/oferta-de-estudios\/planes?id=0206043&amp;curso=2019\">Deontolog\u00eda y Ejercicio Profesional del Bi\u00f3logo<\/a><\/li>\n<\/ul>\n<h3><a href=\"https:\/\/www.unileon.es\/estudiantes\/estudiantes-grado\/oferta-de-estudios\/grado-en-biotecnologia\">Grado en Biotecnolog\u00eda<\/a><\/h3>\n<ul>\n<li><a href=\"https:\/\/www.unileon.es\/estudiantes\/estudiantes-grado\/oferta-de-estudios\/planes?id=0208004&amp;curso=2018\">T\u00e9cnicas Instrumentales I<\/a><\/li>\n<li><a href=\"https:\/\/www.unileon.es\/estudiantes\/estudiantes-grado\/oferta-de-estudios\/planes?id=0208006&amp;curso=2018\">Citolog\u00eda e Histolog\u00eda<\/a><\/li>\n<li><a href=\"https:\/\/www.unileon.es\/estudiantes\/estudiantes-grado\/oferta-de-estudios\/planes?id=0208010&amp;curso=2018\">Biolog\u00eda Celular<\/a><\/li>\n<li><a href=\"https:\/\/www.unileon.es\/estudiantes\/estudiantes-grado\/oferta-de-estudios\/planes?id=0208028&amp;curso=2018\">Cultivos Celulares<\/a><\/li>\n<li><a href=\"https:\/\/www.unileon.es\/estudiantes\/estudiantes-grado\/oferta-de-estudios\/planes?id=0208037&amp;curso=2018\">Biotecnolog\u00eda de la Reproducci\u00f3n<\/a><\/li>\n<\/ul>\n<h3><a href=\"https:\/\/www.unileon.es\/estudiantes\/estudiantes-grado\/oferta-de-estudios\/grado-en-ciencias-ambientales\">Grado en Ciencias Ambientales<\/a><\/h3>\n<ul>\n<li><a href=\"https:\/\/www.unileon.es\/estudiantes\/estudiantes-grado\/oferta-de-estudios\/planes?id=0207001&amp;curso=2018\">Biolog\u00eda Fundamental<\/a><\/li>\n<\/ul>\n<h2>Docencia en M\u00e1ster<\/h2>\n<h3><a href=\"https:\/\/www.unileon.es\/estudiantes\/estudiantes-master\/oferta-titulaciones\/mu-metodologia-investigacion-biologia-biomedicina\">M\u00e1ster Universitario en Biolog\u00eda Fundamental y Biomedicina<\/a>&nbsp;(<a href=\"http:\/\/grupos.unileon.es\/masterbiologia\/\">web propia<\/a>)<\/h3>\n<ul>\n<li><a href=\"https:\/\/www.unileon.es\/estudiantes\/estudiantes-master\/oferta-titulaciones\/mu-metodologia-investigacion-biologia-biomedicina\/plan-estudios?id=1736006&amp;curso=2018\">M\u00e9todos de Estudio de Prote\u00ednas<\/a><\/li>\n<li><a href=\"https:\/\/www.unileon.es\/estudiantes\/estudiantes-master\/oferta-titulaciones\/mu-metodologia-investigacion-biologia-biomedicina\/plan-estudios?id=1736011&amp;curso=2018\">Ensayos de \u00d3rgano Aislado<\/a><\/li>\n<li><a href=\"https:\/\/www.unileon.es\/estudiantes\/estudiantes-master\/oferta-titulaciones\/mu-metodologia-investigacion-biologia-biomedicina\/plan-estudios?id=1736010&amp;curso=2018\">Aplicaciones Biotecnol\u00f3gicas de Cultivos Celulares<\/a><\/li>\n<li><a href=\"https:\/\/www.unileon.es\/estudiantes\/estudiantes-master\/oferta-titulaciones\/mu-metodologia-investigacion-biologia-biomedicina\/plan-estudios?id=1736015&amp;curso=2018\">Bancos de Germoplasma<\/a><\/li>\n<li><a href=\"https:\/\/www.unileon.es\/estudiantes\/estudiantes-master\/oferta-titulaciones\/mu-metodologia-investigacion-biologia-biomedicina\/plan-estudios?id=1736016&amp;curso=2018\">Bioimagen<\/a><\/li>\n<\/ul>\n<h2>Docencia en Doctorado<\/h2>\n<h3><a href=\"https:\/\/www.unileon.es\/estudiantes\/estudiantes-doctorado\/rd992011\/programas\/biologia-molecular-y-biotecnologia\">Biolog\u00eda molecular y biotecnolog\u00eda<\/a><\/h3>\n<h2>Docencia en otras universidades<\/h2>\n<p><a href=\"http:\/\/www.uniovi.es\/-\/master-universitario-en-biologia-y-tecnologia-de-la-reproduccion\">M\u00e1ster Universitario en Biolog\u00eda y Tecnolog\u00eda de la Reproducci\u00f3n<\/a> (Universidad de Oviedo)<\/p>\n<p><a href=\"http:\/\/www.mimn-3.posgrado.uclm.es\/\">M\u00e1ster en infertilidad masculina<\/a> (T\u00edtulo Propio de la UCLM)<\/p>\n<p>&nbsp;<\/p>\n<p>&nbsp;<\/p>\n","protected":false},"excerpt":{"rendered":"<p>Docencia en Grado Grado en Biolog\u00eda Biolog\u00eda I Citolog\u00eda e Histolog\u00eda Animal y Vegetal Organograf\u00eda Microsc\u00f3pica Animal y Vegetal T\u00e9cnicas de Estudio de Mol\u00e9culas Biol\u00f3gicas Biolog\u00eda Celular Deontolog\u00eda y Ejercicio Profesional del Bi\u00f3logo Grado en Biotecnolog\u00eda T\u00e9cnicas Instrumentales I Citolog\u00eda e Histolog\u00eda Biolog\u00eda Celular Cultivos Celulares Biotecnolog\u00eda de la Reproducci\u00f3n Grado en Ciencias Ambientales Biolog\u00eda [&hellip;]<\/p>\n","protected":false},"author":161,"featured_media":0,"parent":0,"menu_order":0,"comment_status":"closed","ping_status":"closed","template":"","meta":{"ngg_post_thumbnail":0,"footnotes":""},"class_list":["post-148","page","type-page","status-publish","hentry"],"yoast_head":"<!-- This site is optimized with the Yoast SEO plugin v25.8 - https:\/\/yoast.com\/wordpress\/plugins\/seo\/ -->\n<title>Docencia del \u00c1rea de Biolog\u00eda Celular - \u00c1rea de Biolog\u00eda Celular<\/title>\n<meta name=\"robots\" content=\"index, follow, max-snippet:-1, max-image-preview:large, max-video-preview:-1\" \/>\n<link rel=\"canonical\" href=\"https:\/\/departamentos.unileon.es\/area-de-biologia-celular\/docencia-del-area-de-biologia-celular\/\" \/>\n<meta property=\"og:locale\" content=\"es_ES\" \/>\n<meta property=\"og:type\" content=\"article\" \/>\n<meta property=\"og:title\" content=\"Docencia del \u00c1rea de Biolog\u00eda Celular - \u00c1rea de Biolog\u00eda Celular\" \/>\n<meta property=\"og:description\" content=\"Docencia en Grado Grado en Biolog\u00eda Biolog\u00eda I Citolog\u00eda e Histolog\u00eda Animal y Vegetal Organograf\u00eda Microsc\u00f3pica Animal y Vegetal T\u00e9cnicas de Estudio de Mol\u00e9culas Biol\u00f3gicas Biolog\u00eda Celular Deontolog\u00eda y Ejercicio Profesional del Bi\u00f3logo Grado en Biotecnolog\u00eda T\u00e9cnicas Instrumentales I Citolog\u00eda e Histolog\u00eda Biolog\u00eda Celular Cultivos Celulares Biotecnolog\u00eda de la Reproducci\u00f3n Grado en Ciencias Ambientales Biolog\u00eda [&hellip;]\" \/>\n<meta property=\"og:url\" content=\"https:\/\/departamentos.unileon.es\/area-de-biologia-celular\/docencia-del-area-de-biologia-celular\/\" \/>\n<meta property=\"og:site_name\" content=\"\u00c1rea de Biolog\u00eda Celular\" \/>\n<meta property=\"article:modified_time\" content=\"2019-05-02T09:18:41+00:00\" \/>\n<meta name=\"twitter:card\" content=\"summary_large_image\" \/>\n<meta name=\"twitter:label1\" content=\"Tiempo de lectura\" \/>\n\t<meta name=\"twitter:data1\" content=\"1 minuto\" \/>\n<script type=\"application\/ld+json\" class=\"yoast-schema-graph\">{\"@context\":\"https:\/\/schema.org\",\"@graph\":[{\"@type\":\"WebPage\",\"@id\":\"https:\/\/departamentos.unileon.es\/area-de-biologia-celular\/docencia-del-area-de-biologia-celular\/\",\"url\":\"https:\/\/departamentos.unileon.es\/area-de-biologia-celular\/docencia-del-area-de-biologia-celular\/\",\"name\":\"Docencia del \u00c1rea de Biolog\u00eda Celular - \u00c1rea de Biolog\u00eda Celular\",\"isPartOf\":{\"@id\":\"https:\/\/departamentos.unileon.es\/area-de-biologia-celular\/#website\"},\"datePublished\":\"2019-03-19T10:09:30+00:00\",\"dateModified\":\"2019-05-02T09:18:41+00:00\",\"inLanguage\":\"es\",\"potentialAction\":[{\"@type\":\"ReadAction\",\"target\":[\"https:\/\/departamentos.unileon.es\/area-de-biologia-celular\/docencia-del-area-de-biologia-celular\/\"]}]},{\"@type\":\"WebSite\",\"@id\":\"https:\/\/departamentos.unileon.es\/area-de-biologia-celular\/#website\",\"url\":\"https:\/\/departamentos.unileon.es\/area-de-biologia-celular\/\",\"name\":\"\u00c1rea de Biolog\u00eda Celular\",\"description\":\"\u00c1rea de Biolog\u00eda Celular de la ULE\",\"potentialAction\":[{\"@type\":\"SearchAction\",\"target\":{\"@type\":\"EntryPoint\",\"urlTemplate\":\"https:\/\/departamentos.unileon.es\/area-de-biologia-celular\/?s={search_term_string}\"},\"query-input\":{\"@type\":\"PropertyValueSpecification\",\"valueRequired\":true,\"valueName\":\"search_term_string\"}}],\"inLanguage\":\"es\"}]}<\/script>\n<!-- \/ Yoast SEO plugin. -->","yoast_head_json":{"title":"Docencia del \u00c1rea de Biolog\u00eda Celular - \u00c1rea de Biolog\u00eda Celular","robots":{"index":"index","follow":"follow","max-snippet":"max-snippet:-1","max-image-preview":"max-image-preview:large","max-video-preview":"max-video-preview:-1"},"canonical":"https:\/\/departamentos.unileon.es\/area-de-biologia-celular\/docencia-del-area-de-biologia-celular\/","og_locale":"es_ES","og_type":"article","og_title":"Docencia del \u00c1rea de Biolog\u00eda Celular - \u00c1rea de Biolog\u00eda Celular","og_description":"Docencia en Grado Grado en Biolog\u00eda Biolog\u00eda I Citolog\u00eda e Histolog\u00eda Animal y Vegetal Organograf\u00eda Microsc\u00f3pica Animal y Vegetal T\u00e9cnicas de Estudio de Mol\u00e9culas Biol\u00f3gicas Biolog\u00eda Celular Deontolog\u00eda y Ejercicio Profesional del Bi\u00f3logo Grado en Biotecnolog\u00eda T\u00e9cnicas Instrumentales I Citolog\u00eda e Histolog\u00eda Biolog\u00eda Celular Cultivos Celulares Biotecnolog\u00eda de la Reproducci\u00f3n Grado en Ciencias Ambientales Biolog\u00eda [&hellip;]","og_url":"https:\/\/departamentos.unileon.es\/area-de-biologia-celular\/docencia-del-area-de-biologia-celular\/","og_site_name":"\u00c1rea de Biolog\u00eda Celular","article_modified_time":"2019-05-02T09:18:41+00:00","twitter_card":"summary_large_image","twitter_misc":{"Tiempo de lectura":"1 minuto"},"schema":{"@context":"https:\/\/schema.org","@graph":[{"@type":"WebPage","@id":"https:\/\/departamentos.unileon.es\/area-de-biologia-celular\/docencia-del-area-de-biologia-celular\/","url":"https:\/\/departamentos.unileon.es\/area-de-biologia-celular\/docencia-del-area-de-biologia-celular\/","name":"Docencia del \u00c1rea de Biolog\u00eda Celular - \u00c1rea de Biolog\u00eda Celular","isPartOf":{"@id":"https:\/\/departamentos.unileon.es\/area-de-biologia-celular\/#website"},"datePublished":"2019-03-19T10:09:30+00:00","dateModified":"2019-05-02T09:18:41+00:00","inLanguage":"es","potentialAction":[{"@type":"ReadAction","target":["https:\/\/departamentos.unileon.es\/area-de-biologia-celular\/docencia-del-area-de-biologia-celular\/"]}]},{"@type":"WebSite","@id":"https:\/\/departamentos.unileon.es\/area-de-biologia-celular\/#website","url":"https:\/\/departamentos.unileon.es\/area-de-biologia-celular\/","name":"\u00c1rea de Biolog\u00eda Celular","description":"\u00c1rea de Biolog\u00eda Celular de la ULE","potentialAction":[{"@type":"SearchAction","target":{"@type":"EntryPoint","urlTemplate":"https:\/\/departamentos.unileon.es\/area-de-biologia-celular\/?s={search_term_string}"},"query-input":{"@type":"PropertyValueSpecification","valueRequired":true,"valueName":"search_term_string"}}],"inLanguage":"es"}]}},"_links":{"self":[{"href":"https:\/\/departamentos.unileon.es\/area-de-biologia-celular\/wp-json\/wp\/v2\/pages\/148","targetHints":{"allow":["GET"]}}],"collection":[{"href":"https:\/\/departamentos.unileon.es\/area-de-biologia-celular\/wp-json\/wp\/v2\/pages"}],"about":[{"href":"https:\/\/departamentos.unileon.es\/area-de-biologia-celular\/wp-json\/wp\/v2\/types\/page"}],"author":[{"embeddable":true,"href":"https:\/\/departamentos.unileon.es\/area-de-biologia-celular\/wp-json\/wp\/v2\/users\/161"}],"replies":[{"embeddable":true,"href":"https:\/\/departamentos.unileon.es\/area-de-biologia-celular\/wp-json\/wp\/v2\/comments?post=148"}],"version-history":[{"count":10,"href":"https:\/\/departamentos.unileon.es\/area-de-biologia-celular\/wp-json\/wp\/v2\/pages\/148\/revisions"}],"predecessor-version":[{"id":265,"href":"https:\/\/departamentos.unileon.es\/area-de-biologia-celular\/wp-json\/wp\/v2\/pages\/148\/revisions\/265"}],"wp:attachment":[{"href":"https:\/\/departamentos.unileon.es\/area-de-biologia-celular\/wp-json\/wp\/v2\/media?parent=148"}],"curies":[{"name":"wp","href":"https:\/\/api.w.org\/{rel}","templated":true}]}}